{"id":11710,"date":"2019-07-02T19:05:51","date_gmt":"2019-07-02T19:05:51","guid":{"rendered":"http:\/\/slo.best4home.eu\/?post_type=product&#038;p=11710"},"modified":"2020-06-09T11:51:21","modified_gmt":"2020-06-09T11:51:21","slug":"sportni-pas-vivo-sport","status":"publish","type":"product","link":"https:\/\/netclickshop.eu\/slo\/izdelek\/sportni-pas-vivo-sport\/","title":{"rendered":"\u0160portni pas Vivo Sport"},"content":{"rendered":"<h3 style=\"text-align: center\">ZA VSE LJUBITELJE NARAVE IN \u0160PORTNE NAVDU\u0160ENCE<\/h3>\n<p style=\"text-align: center\">\u0160portni pas Vivo Sport je novost na evropskem tr\u017ei\u0161\u010du. Namenjen je vsem aktivnim ljudem, ki so radi v gibanju in ne \u017eelijo, da jih razni predmeti pri tem ovirajo.<\/p>\n<p><img class=\"aligncenter wp-image-11712\" src=\"https:\/\/slo.netclickshop.eu\/wp-content\/uploads\/2019\/07\/running_4.jpg\" alt=\"\" width=\"500\" height=\"500\" srcset=\"https:\/\/netclickshop.eu\/slo\/wp-content\/uploads\/2019\/07\/running_4.jpg 800w, https:\/\/netclickshop.eu\/slo\/wp-content\/uploads\/2019\/07\/running_4-300x300.jpg 300w, https:\/\/netclickshop.eu\/slo\/wp-content\/uploads\/2019\/07\/running_4-100x100.jpg 100w, https:\/\/netclickshop.eu\/slo\/wp-content\/uploads\/2019\/07\/running_4-600x600.jpg 600w, https:\/\/netclickshop.eu\/slo\/wp-content\/uploads\/2019\/07\/running_4-150x150.jpg 150w, https:\/\/netclickshop.eu\/slo\/wp-content\/uploads\/2019\/07\/running_4-768x768.jpg 768w\" sizes=\"(max-width: 500px) 100vw, 500px\" \/><\/p>\n<h3 style=\"text-align: center\">TRPE\u017dEN IN VODOODPOREN MATERIAL<\/h3>\n<p style=\"text-align: center\">\u0160portni pas Vivo Sport je narejen iz kakovostnega neoprena, ki je vodoodporen in \u0161\u010diti va\u0161e predmete pred de\u017ejem in mo\u010dnim soncem.<\/p>\n<p><img class=\"aligncenter wp-image-11713\" src=\"https:\/\/slo.netclickshop.eu\/wp-content\/uploads\/2019\/07\/running_5.jpg\" alt=\"\" width=\"500\" height=\"500\" srcset=\"https:\/\/netclickshop.eu\/slo\/wp-content\/uploads\/2019\/07\/running_5.jpg 1000w, https:\/\/netclickshop.eu\/slo\/wp-content\/uploads\/2019\/07\/running_5-300x300.jpg 300w, https:\/\/netclickshop.eu\/slo\/wp-content\/uploads\/2019\/07\/running_5-100x100.jpg 100w, https:\/\/netclickshop.eu\/slo\/wp-content\/uploads\/2019\/07\/running_5-600x600.jpg 600w, https:\/\/netclickshop.eu\/slo\/wp-content\/uploads\/2019\/07\/running_5-150x150.jpg 150w, https:\/\/netclickshop.eu\/slo\/wp-content\/uploads\/2019\/07\/running_5-768x768.jpg 768w\" sizes=\"(max-width: 500px) 100vw, 500px\" \/><\/p>\n<h3 style=\"text-align: center\">IZJEMNO UDOBJE IN PROSTORNOST<\/h3>\n<p style=\"text-align: center\">\u0160portni pas Vivo je zaradi kakovostnih materialov in odli\u010dne izdelave izjemno udoben in prostoren. V njega boste z lahkoto shranili plastenko z vodo, mobilni telefon, kartico, denar in klju\u010de. Vse to zahvaljujo\u010d kakovostnemu in zelo pro\u017enemu neoprenu.<\/p>\n<p><img class=\"aligncenter wp-image-11715\" src=\"https:\/\/slo.netclickshop.eu\/wp-content\/uploads\/2019\/07\/running_6.jpg\" alt=\"\" width=\"500\" height=\"500\" srcset=\"https:\/\/netclickshop.eu\/slo\/wp-content\/uploads\/2019\/07\/running_6.jpg 1000w, https:\/\/netclickshop.eu\/slo\/wp-content\/uploads\/2019\/07\/running_6-300x300.jpg 300w, https:\/\/netclickshop.eu\/slo\/wp-content\/uploads\/2019\/07\/running_6-100x100.jpg 100w, https:\/\/netclickshop.eu\/slo\/wp-content\/uploads\/2019\/07\/running_6-600x600.jpg 600w, https:\/\/netclickshop.eu\/slo\/wp-content\/uploads\/2019\/07\/running_6-150x150.jpg 150w, https:\/\/netclickshop.eu\/slo\/wp-content\/uploads\/2019\/07\/running_6-768x768.jpg 768w\" sizes=\"(max-width: 500px) 100vw, 500px\" \/><\/p>\n<h3 style=\"text-align: center\">VIDEO:<\/h3>\n<div style=\"width: 640px;\" class=\"wp-video\"><!--[if lt IE 9]><script>document.createElement('video');<\/script><![endif]-->\n<video class=\"wp-video-shortcode\" id=\"video-11710-1\" width=\"640\" height=\"360\" preload=\"metadata\" controls=\"controls\"><source type=\"video\/mp4\" src=\"http:\/\/slo.best4home.eu\/wp-content\/uploads\/2019\/07\/y2mate.com-running_pocket_b99DjpgDjzo_360p.mp4?_=1\" \/><a href=\"http:\/\/slo.best4home.eu\/wp-content\/uploads\/2019\/07\/y2mate.com-running_pocket_b99DjpgDjzo_360p.mp4\">http:\/\/slo.best4home.eu\/wp-content\/uploads\/2019\/07\/y2mate.com-running_pocket_b99DjpgDjzo_360p.mp4<\/a><\/video><\/div>\n","protected":false},"excerpt":{"rendered":"<p>ZA VSE LJUBITELJE NARAVE IN \u0160PORTNE NAVDU\u0160ENCE \u0160portni pas Vivo Sport je novost na evropskem tr\u017ei\u0161\u010du. Namenjen je vsem aktivnim ljudem, ki so radi v gibanju in ne \u017eelijo, da jih razni predmeti pri tem ovirajo. TRPE\u017dEN IN VODOODPOREN MATERIAL \u0160portni pas Vivo Sport je narejen iz kakovostnega neoprena, ki je vodoodporen in \u0161\u010diti va\u0161e &hellip;<\/p>\n<p class=\"read-more\"> <a class=\"\" href=\"https:\/\/netclickshop.eu\/slo\/izdelek\/sportni-pas-vivo-sport\/\"> <span class=\"screen-reader-text\">\u0160portni pas Vivo Sport<\/span> Read More &raquo;<\/a><\/p>\n","protected":false},"featured_media":11713,"template":"","meta":[],"_links":{"self":[{"href":"https:\/\/netclickshop.eu\/slo\/wp-json\/wp\/v2\/product\/11710"}],"collection":[{"href":"https:\/\/netclickshop.eu\/slo\/wp-json\/wp\/v2\/product"}],"about":[{"href":"https:\/\/netclickshop.eu\/slo\/wp-json\/wp\/v2\/types\/product"}],"version-history":[{"count":0,"href":"https:\/\/netclickshop.eu\/slo\/wp-json\/wp\/v2\/product\/11710\/revisions"}],"wp:featuredmedia":[{"embeddable":true,"href":"https:\/\/netclickshop.eu\/slo\/wp-json\/wp\/v2\/media\/11713"}],"wp:attachment":[{"href":"https:\/\/netclickshop.eu\/slo\/wp-json\/wp\/v2\/media?parent=11710"}],"curies":[{"name":"wp","href":"https:\/\/api.w.org\/{rel}","templated":true}]}}