{"id":12000,"date":"2019-07-10T11:47:59","date_gmt":"2019-07-10T11:47:59","guid":{"rendered":"http:\/\/slo.best4home.eu\/?post_type=product&#038;p=12000"},"modified":"2021-01-07T08:44:30","modified_gmt":"2021-01-07T08:44:30","slug":"zobna-scetka-za-psa-pet-smile","status":"publish","type":"product","link":"https:\/\/netclickshop.eu\/slo\/izdelek\/zobna-scetka-za-psa-pet-smile\/","title":{"rendered":"Zobna \u0161\u010detka za psa Pet Smile"},"content":{"rendered":"<h3 style=\"text-align: center;\">ZAKAJ VA\u0160 KU\u017dA POTREBUJE PET SMILE ZOBNO \u0160\u010cETKO?<\/h3>\n<p style=\"text-align: center;\">90% psov ka\u017ee znake paradontoze \u017ee pri 3 letih!<\/p>\n<p style=\"text-align: center;\">Ve\u010dina psov ima razli\u010dne te\u017eave v ustni votlini zaradi neustrezne higiene!<\/p>\n<p style=\"text-align: center;\">Nezdravljene te\u017eave lahko privedejo do ledvi\u010dnih, sr\u010dnih in plju\u010dnih bolezni!<\/p>\n<p style=\"text-align: center;\">In najbolj kriti\u010dno: Velika ve\u010dina psov ne mara umivanja zob.<\/p>\n<p><img class=\"aligncenter wp-image-12001\" src=\"https:\/\/slo.netclickshop.eu\/wp-content\/uploads\/2019\/07\/pet-smile-posledice-500x400.jpg\" alt=\"\" width=\"500\" height=\"190\" \/><\/p>\n<h3 style=\"text-align: center;\">PREVENTIVNO KREPI ZOBE VA\u0160EGA KOSMATINCA<\/h3>\n<p style=\"text-align: center;\">Zaradi \u0161\u010detkanja zob z na\u0161o \u0161\u010detko Pet Smile bodo zobje va\u0161ega \u0161tirino\u017enega prijatelja vedno \u010disti in zdravi.<\/p>\n<p><img class=\"aligncenter wp-image-6740\" src=\"https:\/\/slo.netclickshop.eu\/wp-content\/uploads\/2019\/07\/\u0161\u010detka_pes_gif1.gif\" alt=\"\" width=\"500\" height=\"282\" \/><\/p>\n<h3 style=\"text-align: center;\"><strong>VA\u0160 PES SI BO ZOBE \u0160\u010cETKAL SAM<br \/>\n<\/strong><\/h3>\n<p style=\"text-align: center;\"><strong>Prihranite va\u0161 \u010das<\/strong> \u2013 va\u0161 pes bo zobe \u0161\u010detkal sam, z \u017eve\u010denjem in grizljanjem \u0161\u010detke. Povsem nemote\u010de in nebole\u010de za va\u0161ega ljubljen\u010dka.<\/p>\n<p><img class=\"aligncenter wp-image-12002\" src=\"https:\/\/slo.netclickshop.eu\/wp-content\/uploads\/2019\/07\/pet_smile_9-768x768-slo.jpg\" alt=\"\" width=\"500\" height=\"500\" \/><\/p>\n<h3 style=\"text-align: center;\"><strong>IZBOLJ\u0160AJTE USTNO HIGIENO VA\u0160EGA PSA<br \/>\n<\/strong><\/h3>\n<p style=\"text-align: center;\">S pomo\u010djo \u0161\u010detkanja zob boste uni\u010dili bakterije in prepre\u010dili slab zadah v gob\u010dku va\u0161ega psa.<\/p>\n<p><img class=\"aligncenter wp-image-12003\" src=\"https:\/\/slo.netclickshop.eu\/wp-content\/uploads\/2019\/07\/pet_smile_8-768x768-slo.jpg\" alt=\"\" width=\"500\" height=\"500\" \/><\/p>\n<h3 style=\"text-align: center;\"><strong>PREPROSTA UPORABA<\/strong><\/h3>\n<p style=\"text-align: center;\">Ustrezno pasto enostavno stisnete v sredino \u0161\u010detke. Va\u0161 pes bo nato med igro in grizljanjem brez te\u017eav \u0161\u010detkal tudi svoje zobe.<\/p>\n<p><img class=\"aligncenter wp-image-12004\" src=\"https:\/\/slo.netclickshop.eu\/wp-content\/uploads\/2019\/07\/pet_smile_7-768x768-slo.jpg\" alt=\"\" width=\"500\" height=\"500\" \/><\/p>\n<h3 style=\"text-align: center;\"><strong>INOVATIVNA IZDELAVA<\/strong><\/h3>\n<p style=\"text-align: center;\">Zaradi inovativne in zdravju prijazne gume, iz katere je narejena pasja \u0161\u010detka Pet Smile, je zagotovljeno, da se bo va\u0161 pes zamodil z igranjem, hkrati pa bo negoval svoje zobe s \u0161\u010detko Pet Smile. \u0160\u010detka je primerna za vse pasme psov. Od velikosti in mo\u010di va\u0161ega psa pa je odvisna njena obstojnost.<\/p>\n<p>&nbsp;<\/p>\n<h4 style=\"text-align: center;\">\ud83d\udc9a 100% VARNI NAKUP \ud83d\udc9a<\/h4>\n<h4 style=\"text-align: center;\">HVALA ZA VA\u0160A MNENJA \ud83d\ude0d<\/h4>\n<p><img class=\"alignnone size-medium wp-image-14008 aligncenter\" src=\"https:\/\/slo.netclickshop.eu\/wp-content\/uploads\/2019\/07\/FB-SLO1-472x287.jpg\" alt=\"\" width=\"472\" height=\"287\" \/><br \/>\n<img class=\"alignnone size-medium wp-image-14008 aligncenter\" src=\"https:\/\/slo.netclickshop.eu\/wp-content\/uploads\/2019\/07\/FB-SLO2-472x287.jpg\" alt=\"\" width=\"472\" height=\"287\" \/><br \/>\n<img class=\"alignnone size-medium wp-image-14008 aligncenter\" src=\"https:\/\/slo.netclickshop.eu\/wp-content\/uploads\/2019\/07\/FB-SLO3-472x287.jpg\" alt=\"\" width=\"472\" height=\"287\" \/><\/p>\n","protected":false},"excerpt":{"rendered":"<p>ZAKAJ VA\u0160 KU\u017dA POTREBUJE PET SMILE ZOBNO \u0160\u010cETKO? 90% psov ka\u017ee znake paradontoze \u017ee pri 3 letih! Ve\u010dina psov ima razli\u010dne te\u017eave v ustni votlini zaradi neustrezne higiene! Nezdravljene te\u017eave lahko privedejo do ledvi\u010dnih, sr\u010dnih in plju\u010dnih bolezni! In najbolj kriti\u010dno: Velika ve\u010dina psov ne mara umivanja zob. PREVENTIVNO KREPI ZOBE VA\u0160EGA KOSMATINCA Zaradi \u0161\u010detkanja &hellip;<\/p>\n<p class=\"read-more\"> <a class=\"\" href=\"https:\/\/netclickshop.eu\/slo\/izdelek\/zobna-scetka-za-psa-pet-smile\/\"> <span class=\"screen-reader-text\">Zobna \u0161\u010detka za psa Pet Smile<\/span> Read More &raquo;<\/a><\/p>\n","protected":false},"featured_media":12005,"template":"","meta":[],"_links":{"self":[{"href":"https:\/\/netclickshop.eu\/slo\/wp-json\/wp\/v2\/product\/12000"}],"collection":[{"href":"https:\/\/netclickshop.eu\/slo\/wp-json\/wp\/v2\/product"}],"about":[{"href":"https:\/\/netclickshop.eu\/slo\/wp-json\/wp\/v2\/types\/product"}],"version-history":[{"count":0,"href":"https:\/\/netclickshop.eu\/slo\/wp-json\/wp\/v2\/product\/12000\/revisions"}],"wp:featuredmedia":[{"embeddable":true,"href":"https:\/\/netclickshop.eu\/slo\/wp-json\/wp\/v2\/media\/12005"}],"wp:attachment":[{"href":"https:\/\/netclickshop.eu\/slo\/wp-json\/wp\/v2\/media?parent=12000"}],"curies":[{"name":"wp","href":"https:\/\/api.w.org\/{rel}","templated":true}]}}