{"id":13264,"date":"2019-09-03T20:35:15","date_gmt":"2019-09-03T20:35:15","guid":{"rendered":"http:\/\/slo.best4home.eu\/?post_type=product&#038;p=13264"},"modified":"2021-09-06T10:20:15","modified_gmt":"2021-09-06T10:20:15","slug":"odstranjevalec-dlak-vivo","status":"publish","type":"product","link":"https:\/\/netclickshop.eu\/slo\/izdelek\/odstranjevalec-dlak-vivo\/","title":{"rendered":"Odstranjevalec dlak 1+1 GRATIS"},"content":{"rendered":"<h4 style=\"text-align: center;\">V PAKETU PREJMETE 2 ODSTRANJEVALCA DLAK!<\/h4>\n<h4 style=\"text-align: center;\">REVOLUCIONARNA RE\u0160ITEV ZA VSE LASTNIKE MA\u010cK IN PSOV<\/h4>\n<p><img class=\"aligncenter wp-image-15128\" src=\"https:\/\/slo.netclickshop.eu\/wp-content\/uploads\/2019\/09\/gif-pet.gif\" alt=\"\" width=\"400\" height=\"400\" \/><br \/>\n<img class=\"aligncenter wp-image-15128\" src=\"https:\/\/slo.netclickshop.eu\/wp-content\/uploads\/2019\/09\/mnenja-SLO-Zg-500x167.jpg\" alt=\"\" width=\"500\" height=\"167\" \/><\/p>\n<p style=\"text-align: center;\">\u2714 S preprostimi potegi enostavno odstranimo odpadlo dlako<br \/>\n\u2714 Odstranjevalec vstavimo v samo\u010distilno stojalo, kjer se o\u010disti s pomo\u010djo vgrajene krta\u010de<br \/>\n\u2714 Odpadla dlaka ostane v stojalu do praznjenja<br \/>\n\u2714 Po kon\u010danem \u010di\u0161\u010denju stojalo odpremo in vr\u017eemo shranjeno dlako v smeti<br \/>\n\u2714 Brez umazanije, uporabe vode ali elektrike<\/p>\n<p>&nbsp;<\/p>\n<h3 class=\"naslov\" style=\"text-align: center;\">SKRIVNOST SE SKRIVA V MAJHNIH \u0160\u010cETINAH<\/h3>\n<p class=\"opis\" style=\"text-align: center;\">Povr\u0161ina odstranjevalca dlak je prekrita s tiso\u010derimi mikro \u0161\u010detinami, ki kot prsti primejo vso odpadlo dlako in jo zadr\u017eijo na svoji povr\u0161ini vse do \u010di\u0161\u010denja v stojalu.<\/p>\n<p style=\"text-align: center;\"><img class=\"alignnone size-medium wp-image-13267 aligncenter\" src=\"https:\/\/slo.netclickshop.eu\/wp-content\/uploads\/2019\/09\/dlake_3b-500x500.jpg\" alt=\"\" width=\"500\" height=\"500\" \/><\/p>\n<h3 class=\"naslov\" style=\"text-align: center;\">ENOSTAVNA IN HITRA UPORABA<\/h3>\n<p class=\"opis\" style=\"text-align: center;\">Vsi lastniki psov in ma\u010dk se <strong>dnevno spopadamo z odpadlo dlako<\/strong> v vseh koti\u010dkih stanovanja, na obla\u010dilih in v avtomobilih. Ker je <strong>odpadlo dlako te\u017eko odstraniti<\/strong> z mehkih in oblazinjenih povr\u0161in, \u010di\u0161\u010denje pogosto spremlja slaba volja \u2013 z <strong>nakupom odstranjevalca dlak Vivo<\/strong> <strong>bo to postalo preteklost<\/strong>.<\/p>\n<p style=\"text-align: center;\"><img class=\"alignnone size-full wp-image-13269 aligncenter\" src=\"https:\/\/slo.netclickshop.eu\/wp-content\/uploads\/2019\/09\/gif2.gif\" alt=\"\" width=\"320\" height=\"400\" \/><\/p>\n<h3 style=\"text-align: center;\">DO \u010cISTIH OBLA\u010cIL, KAV\u010cA ALI AVTOMOBILA V SAMO 3 POTEZAH<\/h3>\n<p style=\"text-align: center;\">Odstranjevalec dlak Vivo ima \u010distilne mikro \u0161\u010detine na obeh straneh, kar <strong>skraj\u0161a \u010das \u010di\u0161\u010denja za polovico<\/strong> \u2013 ko z dlako zapolnimo obe strani, ju hkrati o\u010distimo v stojalu.<\/p>\n<p style=\"text-align: center;\"><img class=\"alignnone size-medium wp-image-13270 aligncenter\" src=\"https:\/\/slo.netclickshop.eu\/wp-content\/uploads\/2019\/09\/dlake_9a-500x419.jpg\" alt=\"\" width=\"500\" height=\"419\" \/><\/p>\n<p style=\"text-align: center;\">Na\u0161 odstranjevalec dlak deluje vrhunsko, morate pa biti pozorni na smer \u010di\u0161\u010denja. Krta\u010dka pobira dlake, ko jo potegnete v nasprotno stran \u0161\u010detin.<\/p>\n<p style=\"text-align: center;\"><img class=\"alignnone size-medium wp-image-13270 aligncenter\" src=\"https:\/\/slo.netclickshop.eu\/wp-content\/uploads\/2019\/09\/dlake_6a-500x500-slo.jpg\" alt=\"\" width=\"500\" height=\"419\" \/><\/p>\n<h3 class=\"naslov\" style=\"text-align: center;\">U\u010cINKOVITO DELOVANJE<\/h3>\n<p class=\"opis\" style=\"text-align: center;\">Odstranjevalec dlak Vivo toplo priporo\u010damo prav vsakemu gospodinjstvu, saj ga zaradi preproste zasnove<strong> lahko uporabljajo prav vsi \u010dlani dru\u017eine<\/strong>, samo\u010distilno stojalo pa ga vedno znova pripravi na najbolj u\u010dinkovito in hitro \u010di\u0161\u010denje do sedaj \u2013 brez umazanije, vode ali polnjenja.<\/p>\n<p style=\"text-align: center;\"><img class=\"alignnone size-medium wp-image-13270 aligncenter\" src=\"https:\/\/slo.netclickshop.eu\/wp-content\/uploads\/2019\/09\/dlake_10-slo-500x5201.jpg\" alt=\"\" width=\"500\" height=\"544\" \/><\/p>\n<h3 style=\"text-align: center;\">LASTNOSTI:<\/h3>\n<p style=\"text-align: center;\">\u2714 Velikost \u010distilne povr\u0161ine: 17 x 5 cm na obeh straneh<br \/>\n\u2714 Velikost z dr\u017ealom: 30 cm<br \/>\n\u2714 Vi\u0161ina stojala: 21 cm<br \/>\n\u2714 Material: plastika<br \/>\n\u2714 + DARILO potovalni odstranjevalec dlak \ud83d\ude42<\/p>\n<p style=\"text-align: center;\"><img class=\"alignnone size-medium wp-image-13270 aligncenter\" src=\"https:\/\/slo.netclickshop.eu\/wp-content\/uploads\/2019\/09\/gift-slo.jpg\" alt=\"\" width=\"500\" height=\"233\" \/><\/p>\n<p>&nbsp;<\/p>\n<h4 style=\"text-align: center;\">\ud83d\udc9b HVALA ZA ZAUPANJE<\/h4>\n<p><img class=\"aligncenter wp-image-16682 size-medium\" src=\"https:\/\/slo.netclickshop.eu\/wp-content\/uploads\/2019\/09\/dlaka-best-slo.jpg\" alt=\"\" width=\"504\" height=\"371\" \/><\/p>\n<h4 style=\"text-align: center;\">\ud83d\udc9a 100% VARNI NAKUP \ud83d\udc9a<\/h4>\n<h4 style=\"text-align: center;\">RADI PREBIRAMO VA\u0160E KOMENTARJE \ud83d\ude0d<\/h4>\n<p style=\"text-align: center;\"><img class=\"alignnone size-full wp-image-13269 aligncenter\" src=\"https:\/\/slo.netclickshop.eu\/wp-content\/uploads\/2019\/09\/fb-mnenja-dlake-Sp-500-779.jpg\" alt=\"\" width=\"500\" height=\"779\" \/><\/p>\n<p>&nbsp;<\/p>\n<h3 style=\"text-align: center;\">ZELO SMO VESELI VA\u0160IH MNENJ \ud83e\udd70<\/h3>\n<p style=\"text-align: center;\"><img class=\"alignnone size-full wp-image-13269 aligncenter\" src=\"https:\/\/slo.netclickshop.eu\/wp-content\/uploads\/2019\/09\/mnenja1a-SLO-500x1680.jpg\" alt=\"\" width=\"500\" height=\"1680\" \/><\/p>\n<div style=\"width: 400px; height: 400px; margin-right: auto; margin-left: auto;\"><\/div>\n","protected":false},"excerpt":{"rendered":"<p>V PAKETU PREJMETE 2 ODSTRANJEVALCA DLAK! REVOLUCIONARNA RE\u0160ITEV ZA VSE LASTNIKE MA\u010cK IN PSOV \u2714 S preprostimi potegi enostavno odstranimo odpadlo dlako \u2714 Odstranjevalec vstavimo v samo\u010distilno stojalo, kjer se o\u010disti s pomo\u010djo vgrajene krta\u010de \u2714 Odpadla dlaka ostane v stojalu do praznjenja \u2714 Po kon\u010danem \u010di\u0161\u010denju stojalo odpremo in vr\u017eemo shranjeno dlako v smeti &hellip;<\/p>\n<p class=\"read-more\"> <a class=\"\" href=\"https:\/\/netclickshop.eu\/slo\/izdelek\/odstranjevalec-dlak-vivo\/\"> <span class=\"screen-reader-text\">Odstranjevalec dlak 1+1 GRATIS<\/span> Read More &raquo;<\/a><\/p>\n","protected":false},"featured_media":17243,"template":"","meta":[],"_links":{"self":[{"href":"https:\/\/netclickshop.eu\/slo\/wp-json\/wp\/v2\/product\/13264"}],"collection":[{"href":"https:\/\/netclickshop.eu\/slo\/wp-json\/wp\/v2\/product"}],"about":[{"href":"https:\/\/netclickshop.eu\/slo\/wp-json\/wp\/v2\/types\/product"}],"version-history":[{"count":2,"href":"https:\/\/netclickshop.eu\/slo\/wp-json\/wp\/v2\/product\/13264\/revisions"}],"predecessor-version":[{"id":36416,"href":"https:\/\/netclickshop.eu\/slo\/wp-json\/wp\/v2\/product\/13264\/revisions\/36416"}],"wp:featuredmedia":[{"embeddable":true,"href":"https:\/\/netclickshop.eu\/slo\/wp-json\/wp\/v2\/media\/17243"}],"wp:attachment":[{"href":"https:\/\/netclickshop.eu\/slo\/wp-json\/wp\/v2\/media?parent=13264"}],"curies":[{"name":"wp","href":"https:\/\/api.w.org\/{rel}","templated":true}]}}