{"id":13481,"date":"2019-09-11T12:05:39","date_gmt":"2019-09-11T12:05:39","guid":{"rendered":"http:\/\/slo.best4home.eu\/?post_type=product&#038;p=13481"},"modified":"2020-08-24T14:15:00","modified_gmt":"2020-08-24T14:15:00","slug":"cistilec-za-usesa-vivo","status":"publish","type":"product","link":"https:\/\/netclickshop.eu\/slo\/izdelek\/cistilec-za-usesa-vivo\/","title":{"rendered":"\u010cistilec za u\u0161esa Vivo"},"content":{"rendered":"<h4 style=\"text-align: center;\">HITRO IN VARNO DO \u010cISTIH U\u0160ES<\/h4>\n<p style=\"text-align: center;\">Pripomo\u010dek za \u010di\u0161\u010denje u\u0161esnega masla Vivo je zansovan tako, da omogo\u010da varno ter dovolj dolgo razdaljo v u\u0161esu, ter na hiter in varen na\u010din izvle\u010de u\u0161esno maslo. Brez te\u017eav in popolnoma nebole\u010de.<\/p>\n<p><img class=\"alignnone size-medium wp-image-13483 aligncenter\" src=\"https:\/\/slo.netclickshop.eu\/wp-content\/uploads\/2019\/09\/uho_6-500x498.jpg\" alt=\"\" width=\"500\" height=\"498\" srcset=\"https:\/\/netclickshop.eu\/slo\/wp-content\/uploads\/2019\/09\/uho_6-500x498.jpg 500w, https:\/\/netclickshop.eu\/slo\/wp-content\/uploads\/2019\/09\/uho_6-300x300.jpg 300w, https:\/\/netclickshop.eu\/slo\/wp-content\/uploads\/2019\/09\/uho_6-100x100.jpg 100w, https:\/\/netclickshop.eu\/slo\/wp-content\/uploads\/2019\/09\/uho_6-150x150.jpg 150w, https:\/\/netclickshop.eu\/slo\/wp-content\/uploads\/2019\/09\/uho_6-416x414.jpg 416w, https:\/\/netclickshop.eu\/slo\/wp-content\/uploads\/2019\/09\/uho_6.jpg 540w\" sizes=\"(max-width: 500px) 100vw, 500px\" \/><br \/>\n<img class=\"alignnone size-medium wp-image-13483 aligncenter\" src=\"https:\/\/slo.netclickshop.eu\/wp-content\/uploads\/2019\/09\/mnenje-504x72.png\" alt=\"\" width=\"504\" height=\"72\" \/><br \/>\n<\/br><\/p>\n<h4 style=\"text-align: center;\">POZOR, BOMBA\u017dNE PAL\u010cKE SO \u0160KODLJIVE<\/h4>\n<p style=\"text-align: center;\">Navadne bomba\u017ene pal\u010dke niso priporo\u010dljive za \u010di\u0161\u010denje u\u0161esnega masla, saj z vhodom v uho u\u0161esno maslo potisnete \u0161e dlje in tako lahko pride do zama\u0161enja u\u0161esa ali po\u0161kodbe.<\/p>\n<p><img class=\"alignnone size-medium wp-image-13484 aligncenter\" src=\"https:\/\/slo.netclickshop.eu\/wp-content\/uploads\/2019\/09\/uho_2-500x390-1.png\" alt=\"\" width=\"500\" height=\"390\" \/><br \/>\n<img class=\"aligncenter wp-image-15128\" src=\"https:\/\/slo.netclickshop.eu\/wp-content\/uploads\/2019\/09\/cistilec-novo-gif.gif\" alt=\"\" width=\"280\" height=\"226\" \/><br \/>\n<\/br><\/p>\n<h4 style=\"text-align: center;\">INOVATIVNI \u010cISTILEC<\/h4>\n<p style=\"text-align: center;\">Spiralni \u010distilec u\u0161esnega masla je na koncu narejen iz varnega silikona tako da je mehak ter ne more po\u0161kodovati u\u0161esa. \u010ci\u0161\u010denje va\u0161ih u\u0161es in u\u0161es va\u0161ih otrok bo postalo varno in zabavno.<\/p>\n<p><img class=\"alignnone size-medium wp-image-13485 aligncenter\" src=\"https:\/\/slo.netclickshop.eu\/wp-content\/uploads\/2019\/09\/uho_3-500x391-1.png\" alt=\"\" width=\"500\" height=\"391\" \/><br \/>\n<\/br><\/p>\n<h4 style=\"text-align: center;\">UNIVERZALNA VELIKOST<\/h4>\n<p style=\"text-align: center;\">\u010cistilec za u\u0161esa Vivo je univerzalne velikosti in ga lahko uporabljajo tako odrasli kot otroci.<\/p>\n<p><img class=\"size-medium wp-image-13487 aligncenter\" src=\"https:\/\/slo.netclickshop.eu\/wp-content\/uploads\/2019\/09\/uho_1-1-500x500-1.jpg\" alt=\"\" width=\"500\" height=\"500\" \/><br \/>\n<\/br><\/p>\n<h4 style=\"text-align: center;\">ODLI\u010cNE LASTNOSTI:<\/h4>\n<p><img class=\"size-medium wp-image-13487 aligncenter\" src=\"https:\/\/slo.netclickshop.eu\/wp-content\/uploads\/2019\/09\/cistilec-dobre-lastnosti-500x360.jpg\" alt=\"\" width=\"500\" height=\"360\" \/><br \/>\n<\/br><\/p>\n<h4 style=\"text-align: center;\">MNENJA NA\u0160IH KUPCEV:<\/h4>\n<p><img class=\"size-medium wp-image-13487 aligncenter\" src=\"https:\/\/slo.netclickshop.eu\/wp-content\/uploads\/2019\/09\/mnenja-cistilec-500x400.jpg\" alt=\"\" width=\"500\" height=\"400\" \/><\/p>\n","protected":false},"excerpt":{"rendered":"<p>HITRO IN VARNO DO \u010cISTIH U\u0160ES Pripomo\u010dek za \u010di\u0161\u010denje u\u0161esnega masla Vivo je zansovan tako, da omogo\u010da varno ter dovolj dolgo razdaljo v u\u0161esu, ter na hiter in varen na\u010din izvle\u010de u\u0161esno maslo. Brez te\u017eav in popolnoma nebole\u010de. POZOR, BOMBA\u017dNE PAL\u010cKE SO \u0160KODLJIVE Navadne bomba\u017ene pal\u010dke niso priporo\u010dljive za \u010di\u0161\u010denje u\u0161esnega masla, saj z vhodom &hellip;<\/p>\n<p class=\"read-more\"> <a class=\"\" href=\"https:\/\/netclickshop.eu\/slo\/izdelek\/cistilec-za-usesa-vivo\/\"> <span class=\"screen-reader-text\">\u010cistilec za u\u0161esa Vivo<\/span> Read More &raquo;<\/a><\/p>\n","protected":false},"featured_media":14027,"template":"","meta":[],"_links":{"self":[{"href":"https:\/\/netclickshop.eu\/slo\/wp-json\/wp\/v2\/product\/13481"}],"collection":[{"href":"https:\/\/netclickshop.eu\/slo\/wp-json\/wp\/v2\/product"}],"about":[{"href":"https:\/\/netclickshop.eu\/slo\/wp-json\/wp\/v2\/types\/product"}],"version-history":[{"count":0,"href":"https:\/\/netclickshop.eu\/slo\/wp-json\/wp\/v2\/product\/13481\/revisions"}],"wp:featuredmedia":[{"embeddable":true,"href":"https:\/\/netclickshop.eu\/slo\/wp-json\/wp\/v2\/media\/14027"}],"wp:attachment":[{"href":"https:\/\/netclickshop.eu\/slo\/wp-json\/wp\/v2\/media?parent=13481"}],"curies":[{"name":"wp","href":"https:\/\/api.w.org\/{rel}","templated":true}]}}