{"id":13618,"date":"2019-09-16T08:17:58","date_gmt":"2019-09-16T08:17:58","guid":{"rendered":"http:\/\/slo.best4home.eu\/?post_type=product&#038;p=13618"},"modified":"2020-06-09T11:47:12","modified_gmt":"2020-06-09T11:47:12","slug":"5-delni-set-za-pleskanje-vivo-paint","status":"publish","type":"product","link":"https:\/\/netclickshop.eu\/slo\/izdelek\/5-delni-set-za-pleskanje-vivo-paint\/","title":{"rendered":"5-delni set za pleskanje Vivo Paint"},"content":{"rendered":"<h4 style=\"text-align: center;\">PREPLESKAJTE STANOVANJE SAMI<\/h4>\n<p style=\"text-align: center;\">Obi\u010dajno pleskanje stanovanja pri pleskarju vas bo stalo od 300\u20ac naprej. Zakaj ne bi prepleskali va\u0161ega stanovanja ali sobe kar sami?<\/p>\n<p><img class=\"alignnone size-medium wp-image-13619 aligncenter\" src=\"https:\/\/slo.netclickshop.eu\/wp-content\/uploads\/2019\/09\/barvanje-500x500.jpg\" alt=\"\" width=\"500\" height=\"500\" srcset=\"https:\/\/netclickshop.eu\/slo\/wp-content\/uploads\/2019\/09\/barvanje-500x500.jpg 500w, https:\/\/netclickshop.eu\/slo\/wp-content\/uploads\/2019\/09\/barvanje-300x300.jpg 300w, https:\/\/netclickshop.eu\/slo\/wp-content\/uploads\/2019\/09\/barvanje-100x100.jpg 100w, https:\/\/netclickshop.eu\/slo\/wp-content\/uploads\/2019\/09\/barvanje-600x600.jpg 600w, https:\/\/netclickshop.eu\/slo\/wp-content\/uploads\/2019\/09\/barvanje-150x150.jpg 150w, https:\/\/netclickshop.eu\/slo\/wp-content\/uploads\/2019\/09\/barvanje-768x768.jpg 768w, https:\/\/netclickshop.eu\/slo\/wp-content\/uploads\/2019\/09\/barvanje-1024x1024.jpg 1024w, https:\/\/netclickshop.eu\/slo\/wp-content\/uploads\/2019\/09\/barvanje.jpg 1500w\" sizes=\"(max-width: 500px) 100vw, 500px\" \/><\/p>\n<h4 style=\"text-align: center;\">5-DELNI SET ZA PLESKANJE VIVO PAINT<\/h4>\n<p style=\"text-align: center;\">Prepleskajte steno, sobo ali celo stanovanje v rekordnem \u010dasu brez kapljanja in \u0161kropljenja barve. To vam omogo\u010da na\u0161 5-delni set za pleskanje Vivo Paint.<\/p>\n<p><img class=\"alignnone size-medium wp-image-13620 aligncenter\" src=\"https:\/\/slo.netclickshop.eu\/wp-content\/uploads\/2019\/09\/barvanje_3-500x500.jpg\" alt=\"\" width=\"500\" height=\"500\" srcset=\"https:\/\/netclickshop.eu\/slo\/wp-content\/uploads\/2019\/09\/barvanje_3-500x500.jpg 500w, https:\/\/netclickshop.eu\/slo\/wp-content\/uploads\/2019\/09\/barvanje_3-300x300.jpg 300w, https:\/\/netclickshop.eu\/slo\/wp-content\/uploads\/2019\/09\/barvanje_3-100x100.jpg 100w, https:\/\/netclickshop.eu\/slo\/wp-content\/uploads\/2019\/09\/barvanje_3-600x600.jpg 600w, https:\/\/netclickshop.eu\/slo\/wp-content\/uploads\/2019\/09\/barvanje_3-150x150.jpg 150w, https:\/\/netclickshop.eu\/slo\/wp-content\/uploads\/2019\/09\/barvanje_3-768x768.jpg 768w, https:\/\/netclickshop.eu\/slo\/wp-content\/uploads\/2019\/09\/barvanje_3-1024x1024.jpg 1024w, https:\/\/netclickshop.eu\/slo\/wp-content\/uploads\/2019\/09\/barvanje_3.jpg 1500w\" sizes=\"(max-width: 500px) 100vw, 500px\" \/><\/p>\n<h4 style=\"text-align: center;\">ENOSTAVNA UPORABA<\/h4>\n<p style=\"text-align: center;\">Ni\u010d ve\u010d zamudnega prekrivanja tal in pohi\u0161tva ter lepljenja pleskarskega traku. Samo nato\u010dite barvo v valj\u010dek in za\u010dnite pleskati. Brez kapljanja ali pr\u0161enja barve.<\/p>\n<p><img class=\"alignnone size-medium wp-image-13621 aligncenter\" src=\"https:\/\/slo.netclickshop.eu\/wp-content\/uploads\/2019\/09\/barvanje_4-500x500.jpg\" alt=\"\" width=\"500\" height=\"500\" srcset=\"https:\/\/netclickshop.eu\/slo\/wp-content\/uploads\/2019\/09\/barvanje_4-500x500.jpg 500w, https:\/\/netclickshop.eu\/slo\/wp-content\/uploads\/2019\/09\/barvanje_4-300x300.jpg 300w, https:\/\/netclickshop.eu\/slo\/wp-content\/uploads\/2019\/09\/barvanje_4-100x100.jpg 100w, https:\/\/netclickshop.eu\/slo\/wp-content\/uploads\/2019\/09\/barvanje_4-600x600.jpg 600w, https:\/\/netclickshop.eu\/slo\/wp-content\/uploads\/2019\/09\/barvanje_4-150x150.jpg 150w, https:\/\/netclickshop.eu\/slo\/wp-content\/uploads\/2019\/09\/barvanje_4-768x768.jpg 768w, https:\/\/netclickshop.eu\/slo\/wp-content\/uploads\/2019\/09\/barvanje_4-1024x1024.jpg 1024w, https:\/\/netclickshop.eu\/slo\/wp-content\/uploads\/2019\/09\/barvanje_4.jpg 1500w\" sizes=\"(max-width: 500px) 100vw, 500px\" \/><\/p>\n<p style=\"text-align: center;\">S setom za pleskanje Vivo Paint lahko steno prepleskate v 5 minutah, celo sobo pa v samo 20 minutah. Zakaj bi pla\u010devali ve\u010d sto evrov za profesionalne pleskarje, ko lahko enak rezultat dose\u017eete tudi sami s setom za pleskanje Vivo Paint.<\/p>\n<p><img class=\"alignnone size-medium wp-image-13622 aligncenter\" src=\"https:\/\/slo.netclickshop.eu\/wp-content\/uploads\/2019\/09\/barvanje_5-slo-500x500.jpg\" alt=\"\" width=\"500\" height=\"500\" \/><\/p>\n<h4 style=\"text-align: center;\">V KOMPLETU DOBITE:<\/h4>\n<ul>\n<li style=\"text-align: center;\">velik valj\u010dek,<\/li>\n<li style=\"text-align: center;\">nastavek za robove (okrog stikal, letvic, oken, &#8230;),<\/li>\n<li style=\"text-align: center;\">pripomo\u010dek za pleskanje vogalov,<\/li>\n<li style=\"text-align: center;\">posodo za nalivanje barve,<\/li>\n<li style=\"text-align: center;\">pladenj za odlaganje valj\u010dka.<\/li>\n<\/ul>\n<p><img class=\"alignnone size-medium wp-image-13623 aligncenter\" src=\"https:\/\/slo.netclickshop.eu\/wp-content\/uploads\/2019\/09\/barvanje_6-500x500.jpg\" alt=\"\" width=\"500\" height=\"500\" srcset=\"https:\/\/netclickshop.eu\/slo\/wp-content\/uploads\/2019\/09\/barvanje_6-500x500.jpg 500w, https:\/\/netclickshop.eu\/slo\/wp-content\/uploads\/2019\/09\/barvanje_6-300x300.jpg 300w, https:\/\/netclickshop.eu\/slo\/wp-content\/uploads\/2019\/09\/barvanje_6-100x100.jpg 100w, https:\/\/netclickshop.eu\/slo\/wp-content\/uploads\/2019\/09\/barvanje_6-600x600.jpg 600w, https:\/\/netclickshop.eu\/slo\/wp-content\/uploads\/2019\/09\/barvanje_6-150x150.jpg 150w, https:\/\/netclickshop.eu\/slo\/wp-content\/uploads\/2019\/09\/barvanje_6-768x768.jpg 768w, https:\/\/netclickshop.eu\/slo\/wp-content\/uploads\/2019\/09\/barvanje_6.jpg 1000w\" sizes=\"(max-width: 500px) 100vw, 500px\" \/><\/p>\n<h4 style=\"text-align: center;\">MNENJA NA\u0160IH KUPCEV<\/h4>\n<p><img class=\"alignnone size-medium wp-image-13622 aligncenter\" src=\"https:\/\/slo.netclickshop.eu\/wp-content\/uploads\/2019\/09\/plesk-500x400.jpg\" alt=\"\" width=\"500\" height=\"500\" \/><\/p>\n","protected":false},"excerpt":{"rendered":"<p>PREPLESKAJTE STANOVANJE SAMI Obi\u010dajno pleskanje stanovanja pri pleskarju vas bo stalo od 300\u20ac naprej. Zakaj ne bi prepleskali va\u0161ega stanovanja ali sobe kar sami? 5-DELNI SET ZA PLESKANJE VIVO PAINT Prepleskajte steno, sobo ali celo stanovanje v rekordnem \u010dasu brez kapljanja in \u0161kropljenja barve. To vam omogo\u010da na\u0161 5-delni set za pleskanje Vivo Paint. ENOSTAVNA &hellip;<\/p>\n<p class=\"read-more\"> <a class=\"\" href=\"https:\/\/netclickshop.eu\/slo\/izdelek\/5-delni-set-za-pleskanje-vivo-paint\/\"> <span class=\"screen-reader-text\">5-delni set za pleskanje Vivo Paint<\/span> Read More &raquo;<\/a><\/p>\n","protected":false},"featured_media":13619,"template":"","meta":[],"_links":{"self":[{"href":"https:\/\/netclickshop.eu\/slo\/wp-json\/wp\/v2\/product\/13618"}],"collection":[{"href":"https:\/\/netclickshop.eu\/slo\/wp-json\/wp\/v2\/product"}],"about":[{"href":"https:\/\/netclickshop.eu\/slo\/wp-json\/wp\/v2\/types\/product"}],"version-history":[{"count":0,"href":"https:\/\/netclickshop.eu\/slo\/wp-json\/wp\/v2\/product\/13618\/revisions"}],"wp:featuredmedia":[{"embeddable":true,"href":"https:\/\/netclickshop.eu\/slo\/wp-json\/wp\/v2\/media\/13619"}],"wp:attachment":[{"href":"https:\/\/netclickshop.eu\/slo\/wp-json\/wp\/v2\/media?parent=13618"}],"curies":[{"name":"wp","href":"https:\/\/api.w.org\/{rel}","templated":true}]}}