{"id":14009,"date":"2019-10-07T09:03:46","date_gmt":"2019-10-07T09:03:46","guid":{"rendered":"http:\/\/slo.best4home.eu\/?post_type=product&#038;p=14009"},"modified":"2020-06-09T11:46:38","modified_gmt":"2020-06-09T11:46:38","slug":"serum-za-obraz-beauty-face","status":"publish","type":"product","link":"https:\/\/netclickshop.eu\/slo\/izdelek\/serum-za-obraz-beauty-face\/","title":{"rendered":"Serum za obraz Beauty Face"},"content":{"rendered":"<h4 style=\"text-align: center;\">SERUM, KI BO POMLADIL VA\u0160 VIDEZ<\/h4>\n<p style=\"text-align: center;\">Serum Beauty Face je bogate \u017eametne teksture in se prilagodi ko\u017ei takoj po nanosu.<\/p>\n<p><img class=\"size-medium wp-image-14010 aligncenter\" src=\"https:\/\/slo.netclickshop.eu\/wp-content\/uploads\/2019\/10\/serum_obraz-467x500.jpg\" alt=\"\" width=\"467\" height=\"500\" srcset=\"https:\/\/netclickshop.eu\/slo\/wp-content\/uploads\/2019\/10\/serum_obraz-467x500.jpg 467w, https:\/\/netclickshop.eu\/slo\/wp-content\/uploads\/2019\/10\/serum_obraz-600x642.jpg 600w, https:\/\/netclickshop.eu\/slo\/wp-content\/uploads\/2019\/10\/serum_obraz-768x822.jpg 768w, https:\/\/netclickshop.eu\/slo\/wp-content\/uploads\/2019\/10\/serum_obraz-957x1024.jpg 957w, https:\/\/netclickshop.eu\/slo\/wp-content\/uploads\/2019\/10\/serum_obraz.jpg 1000w\" sizes=\"(max-width: 467px) 100vw, 467px\" \/><\/p>\n<p style=\"text-align: center;\">Serum je obogaten z organskim ekstraktom ginsenga, ki ko\u017ei izbolj\u0161a tonus, jo regenerira ter jo naredi bolj energi\u010dno. Ker me\u0161anica sestavin vsebuje tudi vitamin C je kozmeti\u010dni serum mo\u010dno antioksidativno sredstvo ter deluje dobro proti staranju.<\/p>\n<p><img class=\"size-medium wp-image-14011 aligncenter\" src=\"https:\/\/slo.netclickshop.eu\/wp-content\/uploads\/2019\/10\/serum_obraz_1-500x500.jpg\" alt=\"\" width=\"500\" height=\"500\" srcset=\"https:\/\/netclickshop.eu\/slo\/wp-content\/uploads\/2019\/10\/serum_obraz_1-500x500.jpg 500w, https:\/\/netclickshop.eu\/slo\/wp-content\/uploads\/2019\/10\/serum_obraz_1-300x300.jpg 300w, https:\/\/netclickshop.eu\/slo\/wp-content\/uploads\/2019\/10\/serum_obraz_1-100x100.jpg 100w, https:\/\/netclickshop.eu\/slo\/wp-content\/uploads\/2019\/10\/serum_obraz_1-600x600.jpg 600w, https:\/\/netclickshop.eu\/slo\/wp-content\/uploads\/2019\/10\/serum_obraz_1-150x150.jpg 150w, https:\/\/netclickshop.eu\/slo\/wp-content\/uploads\/2019\/10\/serum_obraz_1-768x768.jpg 768w, https:\/\/netclickshop.eu\/slo\/wp-content\/uploads\/2019\/10\/serum_obraz_1.jpg 960w\" sizes=\"(max-width: 500px) 100vw, 500px\" \/><\/p>\n<p style=\"text-align: center;\">Vsebuje tudi ekstrakt acai jagod, ki so obogatene z vitaminom C, ko\u017eo pa neguje, jo naredi mehko ter gladko. Poseben kompleks aktivnih sestavin pomaga pri zadr\u017eevanju vla\u017enosti in ima po\u017eivljajo\u010d u\u010dinek.<\/p>\n<p style=\"text-align: center;\"><strong>Klju\u010dne koristi:<\/strong><br \/>\n&#8211; pomaga pri vla\u017eenju in negovanju ko\u017ee<br \/>\n&#8211; spodbujaj zdrav sijaj ko\u017ee<\/p>\n<p style=\"text-align: center;\">\n<p style=\"text-align: center;\"><strong>Uporaba:<\/strong><br \/>\nPred uporabo dobro pretresi. Nekaj kapljic seruma vmasiraj v ko\u017eo. Za najbolj\u0161e rezultate uporabljaj zjutraj in zve\u010der.<\/p>\n","protected":false},"excerpt":{"rendered":"<p>SERUM, KI BO POMLADIL VA\u0160 VIDEZ Serum Beauty Face je bogate \u017eametne teksture in se prilagodi ko\u017ei takoj po nanosu. Serum je obogaten z organskim ekstraktom ginsenga, ki ko\u017ei izbolj\u0161a tonus, jo regenerira ter jo naredi bolj energi\u010dno. Ker me\u0161anica sestavin vsebuje tudi vitamin C je kozmeti\u010dni serum mo\u010dno antioksidativno sredstvo ter deluje dobro proti &hellip;<\/p>\n<p class=\"read-more\"> <a class=\"\" href=\"https:\/\/netclickshop.eu\/slo\/izdelek\/serum-za-obraz-beauty-face\/\"> <span class=\"screen-reader-text\">Serum za obraz Beauty Face<\/span> Read More &raquo;<\/a><\/p>\n","protected":false},"featured_media":14010,"template":"","meta":[],"_links":{"self":[{"href":"https:\/\/netclickshop.eu\/slo\/wp-json\/wp\/v2\/product\/14009"}],"collection":[{"href":"https:\/\/netclickshop.eu\/slo\/wp-json\/wp\/v2\/product"}],"about":[{"href":"https:\/\/netclickshop.eu\/slo\/wp-json\/wp\/v2\/types\/product"}],"version-history":[{"count":0,"href":"https:\/\/netclickshop.eu\/slo\/wp-json\/wp\/v2\/product\/14009\/revisions"}],"wp:featuredmedia":[{"embeddable":true,"href":"https:\/\/netclickshop.eu\/slo\/wp-json\/wp\/v2\/media\/14010"}],"wp:attachment":[{"href":"https:\/\/netclickshop.eu\/slo\/wp-json\/wp\/v2\/media?parent=14009"}],"curies":[{"name":"wp","href":"https:\/\/api.w.org\/{rel}","templated":true}]}}