{"id":14170,"date":"2019-11-03T17:07:01","date_gmt":"2019-11-03T17:07:01","guid":{"rendered":"http:\/\/slo.best4home.eu\/?post_type=product&#038;p=14170"},"modified":"2020-08-20T11:45:04","modified_gmt":"2020-08-20T11:45:04","slug":"vodoodporen-lepilni-trak-za-kopalnico-in-kuhinjo","status":"publish","type":"product","link":"https:\/\/netclickshop.eu\/slo\/izdelek\/vodoodporen-lepilni-trak-za-kopalnico-in-kuhinjo\/","title":{"rendered":"Vodoodporen lepilni trak za kopalnico in kuhinjo"},"content":{"rendered":"<h4 style=\"text-align: center;\">100% VODOODPOREN TRAK<\/h4>\n<p style=\"text-align: center;\">Lepilni trak je popolnoma vodoodporen, odporen proti \u010distilnim sredstvom. Odlikuje ga trajna elasti\u010dnost. Primeren je za uporabo v kuhinji ali kopalnici. V paketu dobite 320cm traku.<\/p>\n<p><img class=\"aligncenter wp-image-14171 size-medium\" src=\"https:\/\/slo.netclickshop.eu\/wp-content\/uploads\/2019\/11\/gif-trak.gif\" alt=\"\" width=\"400\" height=\"400\" \/><br \/>\n<\/br><\/p>\n<h4 style=\"text-align: center;\">ENOSTAVNA NAMESTITEV<\/h4>\n<p style=\"text-align: center;\">Lepilni trak je popolnoma enostavno namestiti. Enostavno ga odre\u017eete na \u017eeleno dol\u017eino, odlepite za\u0161\u010ditni premaz in ga nalepite na rob med kuhinjo in pomivalnim koritom ali v kopalnici med plo\u0161\u010dicami in tu\u0161em ali strani\u0161\u010dem.<\/p>\n<p><img class=\"size-medium wp-image-14175 aligncenter\" src=\"https:\/\/slo.netclickshop.eu\/wp-content\/uploads\/2019\/11\/trak9.jpg\" alt=\"\" width=\"500\" height=\"500\" \/><br \/>\n<\/br><\/p>\n<h4 style=\"text-align: center;\">MO\u010cAN MATERIAL<\/h4>\n<p style=\"text-align: center;\">Na\u0161 vodoodporen lepilni trak je izdelan iz visokokakovostnega materiala, je okolju prijazen in netoksi\u010den. Odlikuje ga mo\u010dnej\u0161a lepljivost in adhezija kot tradicionalne PVC lepilne trakove. Je posodobljena razli\u010dica primerna za kuhinjsko pomivalno korito, kopalnico, WC, kad ali tu\u0161.<\/p>\n<p><img class=\"aligncenter wp-image-14171 size-medium\" src=\"https:\/\/slo.netclickshop.eu\/wp-content\/uploads\/2019\/11\/rekl1.jpg\" alt=\"\" width=\"500\" height=\"500\" \/><br \/>\n<img class=\"size-medium wp-image-14174 aligncenter\" src=\"https:\/\/slo.netclickshop.eu\/wp-content\/uploads\/2019\/11\/lepilni_trak_fuge_5-1-497x500.jpg\" alt=\"\" width=\"497\" height=\"500\" srcset=\"https:\/\/netclickshop.eu\/slo\/wp-content\/uploads\/2019\/11\/lepilni_trak_fuge_5-1.jpg 497w, https:\/\/netclickshop.eu\/slo\/wp-content\/uploads\/2019\/11\/lepilni_trak_fuge_5-1-100x100.jpg 100w, https:\/\/netclickshop.eu\/slo\/wp-content\/uploads\/2019\/11\/lepilni_trak_fuge_5-1-150x150.jpg 150w, https:\/\/netclickshop.eu\/slo\/wp-content\/uploads\/2019\/11\/lepilni_trak_fuge_5-1-416x419.jpg 416w\" sizes=\"(max-width: 497px) 100vw, 497px\" \/><br \/>\n<\/br><\/p>\n<h4 style=\"text-align: center;\">NAVODILA ZA UPORABO:<\/h4>\n<p style=\"text-align: center;\">1. Pred pri\u010detkom dela temeljito o\u010distite povr\u0161ino in poskrbite, da je suha, pred namestitvijo pa odstranite kakr\u0161no koli obstoje\u010do silikonsko tesnilo.<br \/>\n2. Prosimo, da gume segrejete s su\u0161ilcem za lase za bolj\u0161o lepljivost pred uporabo.<br \/>\n3. Lahko se nanese na plosko in gladko povr\u0161ino, kot so plo\u0161\u010dice, marmor, steklo, lakirani les itd..<br \/>\n4. Najbolj\u0161a je sobna temperatura okrog 25 stopinj Celzija. Ne bo dobro, \u010de je prehladno.<br \/>\n5. Po namestitvi trdno pritisnite trak, da zagotovite tesno tesnjenje in po\u010dakajte pribli\u017eno 10-24 ur za uporabo.<br \/>\n6. \u010ce je treba izdelek prilepiti v 90-stopinjski koti\u010dek, ga razre\u017eite na 45 stopinj (prikaz na hrbtni strani paketa izdelkov).<\/p>\n<p><img class=\"size-medium wp-image-14175 aligncenter\" src=\"https:\/\/slo.netclickshop.eu\/wp-content\/uploads\/2019\/11\/lepilni_trak_fuge_7a-500x500.jpg\" alt=\"\" width=\"500\" height=\"500\" \/><\/p>\n<p style=\"text-align: center;\">V paketu dobite kar <strong>3,2 m<\/strong> lepilnega traku.<\/p>\n<p><\/br><\/p>\n<h4 style=\"text-align: center;\">ZELO SMO VESELI VA\u0160IH MNENJ \ud83d\udc4d\ud83e\udd29<\/h4>\n<p><img class=\"size-medium wp-image-14175 aligncenter\" src=\"https:\/\/slo.netclickshop.eu\/wp-content\/uploads\/2019\/11\/zasc-trak-slo-500x1646.jpg\" alt=\"\" width=\"500\" height=\"1646\" \/><\/p>\n","protected":false},"excerpt":{"rendered":"<p>100% VODOODPOREN TRAK Lepilni trak je popolnoma vodoodporen, odporen proti \u010distilnim sredstvom. Odlikuje ga trajna elasti\u010dnost. Primeren je za uporabo v kuhinji ali kopalnici. V paketu dobite 320cm traku. ENOSTAVNA NAMESTITEV Lepilni trak je popolnoma enostavno namestiti. Enostavno ga odre\u017eete na \u017eeleno dol\u017eino, odlepite za\u0161\u010ditni premaz in ga nalepite na rob med kuhinjo in pomivalnim &hellip;<\/p>\n<p class=\"read-more\"> <a class=\"\" href=\"https:\/\/netclickshop.eu\/slo\/izdelek\/vodoodporen-lepilni-trak-za-kopalnico-in-kuhinjo\/\"> <span class=\"screen-reader-text\">Vodoodporen lepilni trak za kopalnico in kuhinjo<\/span> Read More &raquo;<\/a><\/p>\n","protected":false},"featured_media":14171,"template":"","meta":[],"_links":{"self":[{"href":"https:\/\/netclickshop.eu\/slo\/wp-json\/wp\/v2\/product\/14170"}],"collection":[{"href":"https:\/\/netclickshop.eu\/slo\/wp-json\/wp\/v2\/product"}],"about":[{"href":"https:\/\/netclickshop.eu\/slo\/wp-json\/wp\/v2\/types\/product"}],"version-history":[{"count":0,"href":"https:\/\/netclickshop.eu\/slo\/wp-json\/wp\/v2\/product\/14170\/revisions"}],"wp:featuredmedia":[{"embeddable":true,"href":"https:\/\/netclickshop.eu\/slo\/wp-json\/wp\/v2\/media\/14171"}],"wp:attachment":[{"href":"https:\/\/netclickshop.eu\/slo\/wp-json\/wp\/v2\/media?parent=14170"}],"curies":[{"name":"wp","href":"https:\/\/api.w.org\/{rel}","templated":true}]}}