{"id":14195,"date":"2019-11-04T07:36:39","date_gmt":"2019-11-04T07:36:39","guid":{"rendered":"http:\/\/slo.best4home.eu\/?post_type=product&#038;p=14195"},"modified":"2020-12-01T08:49:02","modified_gmt":"2020-12-01T08:49:02","slug":"vlazilec-zraka-b4h","status":"publish","type":"product","link":"https:\/\/netclickshop.eu\/slo\/izdelek\/vlazilec-zraka-b4h\/","title":{"rendered":"Vla\u017eilec zraka"},"content":{"rendered":"<h4 style=\"text-align: center;\">ZA DODATNO UDOBJE VA\u0160EGA DOMA<\/h4>\n<p style=\"text-align: center;\">Imate v va\u0161em prostoru nezdrav, neprijeten ali suh zrak? Vas pogosto pestijo te\u017eave zaradi sezonskih alergij? Poskrbite, da bo va\u0161 bivalni prostor v zimskih mesecih prijeten za bivanje, zrak pa sve\u017e kljub zimski kurjavi.<\/p>\n<p style=\"text-align: center;\"><img class=\"alignnone size-medium wp-image-29734\" src=\"https:\/\/slo.netclickshop.eu\/wp-content\/uploads\/2019\/11\/vlazilec_novi_gif-2-427x500.gif\" alt=\"\" width=\"427\" height=\"500\" srcset=\"https:\/\/netclickshop.eu\/slo\/wp-content\/uploads\/2019\/11\/vlazilec_novi_gif-2-427x500.gif 427w, https:\/\/netclickshop.eu\/slo\/wp-content\/uploads\/2019\/11\/vlazilec_novi_gif-2-600x703.gif 600w\" sizes=\"(max-width: 427px) 100vw, 427px\" \/><\/p>\n<h4 style=\"text-align: center;\">POSKRBITE ZA PRIJETNEJ\u0160E BIVANJE<\/h4>\n<p style=\"text-align: center;\">\u2714 O\u010disti zrak, ga razku\u017ei in na \u017eeljo odi\u0161avi<br \/>\n\u2714 Kompakten in eleganten dizajn<br \/>\n\u2714 Tiho, nemote\u010de delovanje<br \/>\n\u2714 Preprosta uporaba in vzdr\u017eevanje<\/p>\n<p>&nbsp;<\/p>\n<p style=\"text-align: center;\"><strong>Aromati\u010dni vla\u017eilec zraka vam bo olaj\u0161al bivanje<\/strong>\u00a0v prostoru, saj uravnava zdrav in prijeten zrak v sobi.<\/p>\n<p><img class=\"alignnone size-medium wp-image-29725 aligncenter\" src=\"https:\/\/slo.netclickshop.eu\/wp-content\/uploads\/2019\/11\/vlazilec_novi_5-500x500.jpg\" alt=\"\" width=\"500\" height=\"500\" srcset=\"https:\/\/netclickshop.eu\/slo\/wp-content\/uploads\/2019\/11\/vlazilec_novi_5-500x500.jpg 500w, https:\/\/netclickshop.eu\/slo\/wp-content\/uploads\/2019\/11\/vlazilec_novi_5-300x300.jpg 300w, https:\/\/netclickshop.eu\/slo\/wp-content\/uploads\/2019\/11\/vlazilec_novi_5-100x100.jpg 100w, https:\/\/netclickshop.eu\/slo\/wp-content\/uploads\/2019\/11\/vlazilec_novi_5-600x600.jpg 600w, https:\/\/netclickshop.eu\/slo\/wp-content\/uploads\/2019\/11\/vlazilec_novi_5-1024x1024.jpg 1024w, https:\/\/netclickshop.eu\/slo\/wp-content\/uploads\/2019\/11\/vlazilec_novi_5-150x150.jpg 150w, https:\/\/netclickshop.eu\/slo\/wp-content\/uploads\/2019\/11\/vlazilec_novi_5-768x768.jpg 768w, https:\/\/netclickshop.eu\/slo\/wp-content\/uploads\/2019\/11\/vlazilec_novi_5.jpg 1500w\" sizes=\"(max-width: 500px) 100vw, 500px\" \/><\/p>\n<h4 style=\"text-align: center;\">ENOSTAVNA UPORABA<\/h4>\n<p style=\"text-align: center;\">Aromati\u010dni vla\u017eilec naredi zrak bolj prijeten alergikom, saj vla\u017ei proctor, v katerem deluje. Vla\u017eilec vla\u017ei prostor od 12 do 20 m\u00b2 (odvisno od odprtosti prostora).<\/p>\n<p><img class=\"alignnone size-medium wp-image-29726 aligncenter\" src=\"https:\/\/slo.netclickshop.eu\/wp-content\/uploads\/2019\/11\/vlazilec_novi_6-500x500.jpg\" alt=\"\" width=\"500\" height=\"500\" srcset=\"https:\/\/netclickshop.eu\/slo\/wp-content\/uploads\/2019\/11\/vlazilec_novi_6-500x500.jpg 500w, https:\/\/netclickshop.eu\/slo\/wp-content\/uploads\/2019\/11\/vlazilec_novi_6-300x300.jpg 300w, https:\/\/netclickshop.eu\/slo\/wp-content\/uploads\/2019\/11\/vlazilec_novi_6-100x100.jpg 100w, https:\/\/netclickshop.eu\/slo\/wp-content\/uploads\/2019\/11\/vlazilec_novi_6-600x600.jpg 600w, https:\/\/netclickshop.eu\/slo\/wp-content\/uploads\/2019\/11\/vlazilec_novi_6-1024x1024.jpg 1024w, https:\/\/netclickshop.eu\/slo\/wp-content\/uploads\/2019\/11\/vlazilec_novi_6-150x150.jpg 150w, https:\/\/netclickshop.eu\/slo\/wp-content\/uploads\/2019\/11\/vlazilec_novi_6-768x768.jpg 768w, https:\/\/netclickshop.eu\/slo\/wp-content\/uploads\/2019\/11\/vlazilec_novi_6.jpg 1500w\" sizes=\"(max-width: 500px) 100vw, 500px\" \/><\/p>\n<h4 style=\"text-align: center;\">MODEREN DIZAJN<\/h4>\n<p style=\"text-align: center;\">Izdelek je modernega videza, poleg tega pa vla\u017ei prostor na osnovi vode ali aromati\u010dnih olj. Vla\u017eilec zraka ima prostornino 180 ml, kar zado\u0161\u010da za delovanje do 6 ur.\u00a0 Ko napravi zmanjka vode, se le-ta <u>sama varnostno izklopi.<\/u><\/p>\n<p><img class=\"alignnone size-medium wp-image-29727 aligncenter\" src=\"https:\/\/slo.netclickshop.eu\/wp-content\/uploads\/2019\/11\/vlazilec_novi_4-500x500.jpg\" alt=\"\" width=\"500\" height=\"500\" srcset=\"https:\/\/netclickshop.eu\/slo\/wp-content\/uploads\/2019\/11\/vlazilec_novi_4-500x500.jpg 500w, https:\/\/netclickshop.eu\/slo\/wp-content\/uploads\/2019\/11\/vlazilec_novi_4-300x300.jpg 300w, https:\/\/netclickshop.eu\/slo\/wp-content\/uploads\/2019\/11\/vlazilec_novi_4-100x100.jpg 100w, https:\/\/netclickshop.eu\/slo\/wp-content\/uploads\/2019\/11\/vlazilec_novi_4-600x600.jpg 600w, https:\/\/netclickshop.eu\/slo\/wp-content\/uploads\/2019\/11\/vlazilec_novi_4-1024x1024.jpg 1024w, https:\/\/netclickshop.eu\/slo\/wp-content\/uploads\/2019\/11\/vlazilec_novi_4-150x150.jpg 150w, https:\/\/netclickshop.eu\/slo\/wp-content\/uploads\/2019\/11\/vlazilec_novi_4-768x768.jpg 768w, https:\/\/netclickshop.eu\/slo\/wp-content\/uploads\/2019\/11\/vlazilec_novi_4.jpg 1500w\" sizes=\"(max-width: 500px) 100vw, 500px\" \/><\/p>\n<h4 style=\"text-align: center;\">\ud83d\udc9a HVALA ZA ZAUPANJE \ud83d\udc9a<\/h4>\n<h4 style=\"text-align: center;\">RADI PREBIRAMO VA\u0160E KOMENTARJE \ud83d\ude0d<\/h4>\n<p><img class=\"alignnone size-medium wp-image-25249 aligncenter\" src=\"https:\/\/slo.netclickshop.eu\/wp-content\/uploads\/2019\/11\/Mnenja1-slo-472-223.jpg\" alt=\"\" width=\"472\" height=\"223\" \/><br \/>\n<img class=\"alignnone size-medium wp-image-25249 aligncenter\" src=\"https:\/\/slo.netclickshop.eu\/wp-content\/uploads\/2019\/11\/Mnenja3-slo-472-223.jpg\" alt=\"\" width=\"472\" height=\"223\" \/><br \/>\n<img class=\"alignnone size-medium wp-image-25249 aligncenter\" src=\"https:\/\/slo.netclickshop.eu\/wp-content\/uploads\/2019\/11\/Mnenja2-slo-472-223.jpg\" alt=\"\" width=\"472\" height=\"223\" \/><\/p>\n","protected":false},"excerpt":{"rendered":"<p>ZA DODATNO UDOBJE VA\u0160EGA DOMA Imate v va\u0161em prostoru nezdrav, neprijeten ali suh zrak? Vas pogosto pestijo te\u017eave zaradi sezonskih alergij? Poskrbite, da bo va\u0161 bivalni prostor v zimskih mesecih prijeten za bivanje, zrak pa sve\u017e kljub zimski kurjavi. POSKRBITE ZA PRIJETNEJ\u0160E BIVANJE \u2714 O\u010disti zrak, ga razku\u017ei in na \u017eeljo odi\u0161avi \u2714 Kompakten in &hellip;<\/p>\n<p class=\"read-more\"> <a class=\"\" href=\"https:\/\/netclickshop.eu\/slo\/izdelek\/vlazilec-zraka-b4h\/\"> <span class=\"screen-reader-text\">Vla\u017eilec zraka<\/span> Read More &raquo;<\/a><\/p>\n","protected":false},"featured_media":29731,"template":"","meta":[],"_links":{"self":[{"href":"https:\/\/netclickshop.eu\/slo\/wp-json\/wp\/v2\/product\/14195"}],"collection":[{"href":"https:\/\/netclickshop.eu\/slo\/wp-json\/wp\/v2\/product"}],"about":[{"href":"https:\/\/netclickshop.eu\/slo\/wp-json\/wp\/v2\/types\/product"}],"version-history":[{"count":0,"href":"https:\/\/netclickshop.eu\/slo\/wp-json\/wp\/v2\/product\/14195\/revisions"}],"wp:featuredmedia":[{"embeddable":true,"href":"https:\/\/netclickshop.eu\/slo\/wp-json\/wp\/v2\/media\/29731"}],"wp:attachment":[{"href":"https:\/\/netclickshop.eu\/slo\/wp-json\/wp\/v2\/media?parent=14195"}],"curies":[{"name":"wp","href":"https:\/\/api.w.org\/{rel}","templated":true}]}}