{"id":14209,"date":"2019-11-04T10:52:31","date_gmt":"2019-11-04T10:52:31","guid":{"rendered":"http:\/\/slo.best4home.eu\/?post_type=product&#038;p=14209"},"modified":"2020-06-09T11:44:26","modified_gmt":"2020-06-09T11:44:26","slug":"naslonjalo-b4h","status":"publish","type":"product","link":"https:\/\/netclickshop.eu\/slo\/izdelek\/naslonjalo-b4h\/","title":{"rendered":"Naslonjalo B4H"},"content":{"rendered":"<h4 style=\"text-align: center;\">ZA VSE, KI SEDITE NA DELOVNEM MESTU<\/h4>\n<p style=\"text-align: center;\">Ergonomsko naslonjalo za hrbet B4H je narejeno iz okvirja in mre\u017eice ter nudi hrbtu v ledvenem delu odli\u010dno oporo, hkrati pa je lahko in zato prenosno. Mi\u0161ice se krepijo in hrbet je spro\u0161\u010den.<\/p>\n<p><img class=\"alignnone size-full wp-image-14210 aligncenter\" src=\"https:\/\/slo.netclickshop.eu\/wp-content\/uploads\/2019\/11\/sedenje_1-slo.jpg\" alt=\"\" width=\"478\" height=\"478\" \/><\/p>\n<p style=\"text-align: center;\">\u00a0Uporabljate ga lahko doma, kjer vam bo nudil oporo na va\u0161em najljub\u0161em stolu ali pa v pisarni ali na poti z avtomobilom.<\/p>\n<p><img class=\"alignnone size-medium wp-image-14211 aligncenter\" src=\"https:\/\/slo.netclickshop.eu\/wp-content\/uploads\/2019\/11\/naslonjalo-slo.jpg\" alt=\"\" width=\"500\" height=\"500\" \/><\/p>\n<h4 style=\"text-align: center;\">OMOGO\u010cA PRIJETNO KRO\u017dENJE ZRAKA<\/h4>\n<p style=\"text-align: center;\">Naslonjalo je \u0161e posebej priporo\u010dljivo za tiste, ki se pri\u010dnejo hitro potiti v hrbet, saj omogo\u010da dihanje ko\u017ee in vam tako ne bo v kri\u017e nikoli ve\u010d vro\u010de.<\/p>\n<p><img class=\"alignnone size-medium wp-image-14213 aligncenter\" src=\"https:\/\/slo.netclickshop.eu\/wp-content\/uploads\/2019\/11\/sedenje_6-slo-500x500.jpg\" alt=\"\" width=\"500\" height=\"500\" \/><\/p>\n<h4 style=\"text-align: center;\">UNIVERZALNA VELIKOST<\/h4>\n<p style=\"text-align: center;\">Prilega se na vsak stol. Namestitev pa je z elastiko povsem enostavna.<\/p>\n<p><img class=\"alignnone size-medium wp-image-14212 aligncenter\" src=\"https:\/\/slo.netclickshop.eu\/wp-content\/uploads\/2019\/11\/sedenje_4-slo.jpg\" alt=\"\" width=\"500\" height=\"500\" \/><\/p>\n<p style=\"text-align: center;\">Fina mre\u017ea omogo\u010da dobro prezra\u010devanje in prijetno hlajenje. Tudi za v avto, avtodom ali na drug sede\u017e.<\/p>\n<h4 style=\"text-align: center;\">MNENJA KUPCEV<\/h4>\n<p><img class=\"alignnone size-medium wp-image-14213 aligncenter\" src=\"https:\/\/slo.netclickshop.eu\/wp-content\/uploads\/2019\/11\/naslonjalo-slo-mnenja.jpg\" alt=\"\" width=\"500\" height=\"430\" \/><\/p>\n","protected":false},"excerpt":{"rendered":"<p>ZA VSE, KI SEDITE NA DELOVNEM MESTU Ergonomsko naslonjalo za hrbet B4H je narejeno iz okvirja in mre\u017eice ter nudi hrbtu v ledvenem delu odli\u010dno oporo, hkrati pa je lahko in zato prenosno. Mi\u0161ice se krepijo in hrbet je spro\u0161\u010den. \u00a0Uporabljate ga lahko doma, kjer vam bo nudil oporo na va\u0161em najljub\u0161em stolu ali pa &hellip;<\/p>\n<p class=\"read-more\"> <a class=\"\" href=\"https:\/\/netclickshop.eu\/slo\/izdelek\/naslonjalo-b4h\/\"> <span class=\"screen-reader-text\">Naslonjalo B4H<\/span> Read More &raquo;<\/a><\/p>\n","protected":false},"featured_media":14210,"template":"","meta":[],"_links":{"self":[{"href":"https:\/\/netclickshop.eu\/slo\/wp-json\/wp\/v2\/product\/14209"}],"collection":[{"href":"https:\/\/netclickshop.eu\/slo\/wp-json\/wp\/v2\/product"}],"about":[{"href":"https:\/\/netclickshop.eu\/slo\/wp-json\/wp\/v2\/types\/product"}],"version-history":[{"count":0,"href":"https:\/\/netclickshop.eu\/slo\/wp-json\/wp\/v2\/product\/14209\/revisions"}],"wp:featuredmedia":[{"embeddable":true,"href":"https:\/\/netclickshop.eu\/slo\/wp-json\/wp\/v2\/media\/14210"}],"wp:attachment":[{"href":"https:\/\/netclickshop.eu\/slo\/wp-json\/wp\/v2\/media?parent=14209"}],"curies":[{"name":"wp","href":"https:\/\/api.w.org\/{rel}","templated":true}]}}