{"id":14626,"date":"2019-12-03T09:02:00","date_gmt":"2019-12-03T09:02:00","guid":{"rendered":"http:\/\/slo.best4home.eu\/?post_type=product&#038;p=14626"},"modified":"2021-04-15T07:07:53","modified_gmt":"2021-04-15T07:07:53","slug":"naprava-tens-b4h","status":"publish","type":"product","link":"https:\/\/netclickshop.eu\/slo\/izdelek\/naprava-tens-b4h\/","title":{"rendered":"Masa\u017eni aparat in elektrostimulator TENS"},"content":{"rendered":"<h4 style=\"text-align: center;\">ZA\u017dIVITE BREZ BOLE\u010cIN<\/h4>\n<p style=\"text-align: center;\">Naprava TENS vam bo pomagala pri bole\u010dinah v mi\u0161icah in sklepih ter pri regeneraciji. Laj\u0161a tegobe povezane z dolgotrajnim sedenjem ali stanjem.<\/p>\n<p><img class=\"alignnone size-medium wp-image-14628 aligncenter\" src=\"https:\/\/slo.netclickshop.eu\/wp-content\/uploads\/2019\/12\/tens_2-500x394.jpg\" alt=\"\" width=\"500\" height=\"394\" srcset=\"https:\/\/netclickshop.eu\/slo\/wp-content\/uploads\/2019\/12\/tens_2-500x394.jpg 500w, https:\/\/netclickshop.eu\/slo\/wp-content\/uploads\/2019\/12\/tens_2-416x327.jpg 416w, https:\/\/netclickshop.eu\/slo\/wp-content\/uploads\/2019\/12\/tens_2.jpg 526w\" sizes=\"(max-width: 500px) 100vw, 500px\" \/><\/p>\n<h4 style=\"text-align: center;\">ENOSTAVNA UPORABA<\/h4>\n<p style=\"text-align: center;\"><strong>Digitalna tehnologija<\/strong> v napravi prena\u0161a fizi\u010dne faktorje, ki so potrebni za telo v natan\u010dnih digitalnih signalih in izvaja celovito terapijo telesa. Na ta na\u010din je natan\u010dnost terapije pove\u010dana in u\u010dinki terapije se zvi\u0161ajo.<\/p>\n<p><img class=\"alignnone size-medium wp-image-16794 aligncenter\" src=\"https:\/\/slo.netclickshop.eu\/wp-content\/uploads\/2019\/12\/gif-tens.gif\" alt=\"\" width=\"500\" height=\"281\" \/><\/p>\n<h4 style=\"text-align: center;\">BLAGODEJNI U\u010cINKI<\/h4>\n<p style=\"text-align: center;\">\u2714 Laj\u0161a bole\u010dine<br \/>\n\u2714 Krepi mobilnost<br \/>\n\u2714 Izbolj\u0161a pretok krvi<br \/>\n\u2714 Spro\u0161\u010da in odstrani mi\u0161i\u010dno napetost<\/p>\n<h4 style=\"text-align: center;\">\u00a0POSEBNO SE PRIPORO\u010cA<\/h4>\n<p style=\"text-align: center;\">Za podro\u010dje kolen, komolcev, ramen, kri\u017ea in hrbta.<\/p>\n<p><img class=\"alignnone size-medium wp-image-16795 aligncenter\" src=\"https:\/\/slo.netclickshop.eu\/wp-content\/uploads\/2019\/12\/gif2-tens.gif\" alt=\"\" width=\"500\" height=\"281\" \/><\/p>\n<p style=\"text-align: center;\">\u2714 Izdelano iz kvalitetne ABS plastike<br \/>\n\u2714 Enostaven za uporabo<br \/>\n\u2714 Nizkofrekven\u010dna elektri\u010dna stimulacija<br \/>\n\u2714 8 programov<br \/>\n\u2714 10 stopinj intenzivnosti<br \/>\n\u2714 \u010casovnik<\/p>\n<p style=\"text-align: center;\"><strong>Velik LCD zaslon<\/strong> pomaga pri izpisu jakosti, funkcij in \u010dasa delovanja. Izpis je jasen in berljiv.<\/p>\n<p><img class=\"alignnone size-medium wp-image-14627 aligncenter\" src=\"https:\/\/slo.netclickshop.eu\/wp-content\/uploads\/2019\/12\/tens_1-500x397.jpg\" alt=\"\" width=\"500\" height=\"397\" srcset=\"https:\/\/netclickshop.eu\/slo\/wp-content\/uploads\/2019\/12\/tens_1-500x397.jpg 500w, https:\/\/netclickshop.eu\/slo\/wp-content\/uploads\/2019\/12\/tens_1-416x330.jpg 416w, https:\/\/netclickshop.eu\/slo\/wp-content\/uploads\/2019\/12\/tens_1.jpg 527w\" sizes=\"(max-width: 500px) 100vw, 500px\" \/><\/p>\n<p style=\"text-align: center;\"><strong>Komplet vsebuje:<\/strong><br \/>\n\u2714 Kabel za priklop terapevtskih elektrod<br \/>\n\u2714 Napravo z velikim LCD zaslonom<br \/>\n\u2714 4 elektrode, ki jih nalepite na telo<br \/>\n\u2714 4 prevodni gel obli\u017ei<br \/>\n\u2714 Baterija (2 x AAA, vklju\u010deno)<br \/>\n\u2714 3 W \/ 350 mA \/ 1-330 Hz<br \/>\n\u2714 Dimenzije pribli\u017eno: 8 x 10 x 2 cm<\/p>\n<p style=\"text-align: center;\"><strong>Valovanje<\/strong> omogo\u010da razli\u010dne vrste ob\u010dutkov med masa\u017eo, naj bodo to dolgi valovi, kratki, masa\u017eni valovi, akupunturni u\u010dinek, zbadanje, zategovanje ali &#8216;praskanje&#8217;.<\/p>\n<p><strong><img class=\"alignnone size-medium wp-image-14629 aligncenter\" src=\"https:\/\/slo.netclickshop.eu\/wp-content\/uploads\/2019\/12\/tens_3-500x397.jpg\" alt=\"\" width=\"500\" height=\"397\" srcset=\"https:\/\/netclickshop.eu\/slo\/wp-content\/uploads\/2019\/12\/tens_3-500x397.jpg 500w, https:\/\/netclickshop.eu\/slo\/wp-content\/uploads\/2019\/12\/tens_3-416x330.jpg 416w, https:\/\/netclickshop.eu\/slo\/wp-content\/uploads\/2019\/12\/tens_3.jpg 515w\" sizes=\"(max-width: 500px) 100vw, 500px\" \/><\/strong><\/p>\n<p>&nbsp;<\/p>\n","protected":false},"excerpt":{"rendered":"<p>ZA\u017dIVITE BREZ BOLE\u010cIN Naprava TENS vam bo pomagala pri bole\u010dinah v mi\u0161icah in sklepih ter pri regeneraciji. Laj\u0161a tegobe povezane z dolgotrajnim sedenjem ali stanjem. ENOSTAVNA UPORABA Digitalna tehnologija v napravi prena\u0161a fizi\u010dne faktorje, ki so potrebni za telo v natan\u010dnih digitalnih signalih in izvaja celovito terapijo telesa. Na ta na\u010din je natan\u010dnost terapije pove\u010dana &hellip;<\/p>\n<p class=\"read-more\"> <a class=\"\" href=\"https:\/\/netclickshop.eu\/slo\/izdelek\/naprava-tens-b4h\/\"> <span class=\"screen-reader-text\">Masa\u017eni aparat in elektrostimulator TENS<\/span> Read More &raquo;<\/a><\/p>\n","protected":false},"featured_media":16968,"template":"","meta":[],"_links":{"self":[{"href":"https:\/\/netclickshop.eu\/slo\/wp-json\/wp\/v2\/product\/14626"}],"collection":[{"href":"https:\/\/netclickshop.eu\/slo\/wp-json\/wp\/v2\/product"}],"about":[{"href":"https:\/\/netclickshop.eu\/slo\/wp-json\/wp\/v2\/types\/product"}],"version-history":[{"count":2,"href":"https:\/\/netclickshop.eu\/slo\/wp-json\/wp\/v2\/product\/14626\/revisions"}],"predecessor-version":[{"id":34345,"href":"https:\/\/netclickshop.eu\/slo\/wp-json\/wp\/v2\/product\/14626\/revisions\/34345"}],"wp:featuredmedia":[{"embeddable":true,"href":"https:\/\/netclickshop.eu\/slo\/wp-json\/wp\/v2\/media\/16968"}],"wp:attachment":[{"href":"https:\/\/netclickshop.eu\/slo\/wp-json\/wp\/v2\/media?parent=14626"}],"curies":[{"name":"wp","href":"https:\/\/api.w.org\/{rel}","templated":true}]}}