{"id":14722,"date":"2019-12-09T08:30:02","date_gmt":"2019-12-09T08:30:02","guid":{"rendered":"http:\/\/slo.best4home.eu\/?post_type=product&#038;p=14722"},"modified":"2020-06-09T11:41:24","modified_gmt":"2020-06-09T11:41:24","slug":"vlozki-za-cevlje-winter-walk","status":"publish","type":"product","link":"https:\/\/netclickshop.eu\/slo\/izdelek\/vlozki-za-cevlje-winter-walk\/","title":{"rendered":"Vlo\u017eki za \u010devlje Winter walk"},"content":{"rendered":"<h3 style=\"text-align: center;\">NAREDITE KONEC MRZLIM NOGAM<\/h3>\n<p style=\"text-align: center;\">Ta revolucionarni izdelek je bil razvit za ljudi, ki jih \u0161e posebej rado zebe v noge. Vlo\u017eki Winter walk <strong>masirajo va\u0161e noge<\/strong>, izbolj\u0161ujejo pretok krvi in so izjemno udobni.<\/p>\n<p><img class=\"aligncenter wp-image-14724 size-medium\" src=\"https:\/\/slo.netclickshop.eu\/wp-content\/uploads\/2019\/12\/termo_vlozki_3-500x500.jpg\" alt=\"\" width=\"500\" height=\"500\" srcset=\"https:\/\/netclickshop.eu\/slo\/wp-content\/uploads\/2019\/12\/termo_vlozki_3-500x500.jpg 500w, https:\/\/netclickshop.eu\/slo\/wp-content\/uploads\/2019\/12\/termo_vlozki_3-300x300.jpg 300w, https:\/\/netclickshop.eu\/slo\/wp-content\/uploads\/2019\/12\/termo_vlozki_3-100x100.jpg 100w, https:\/\/netclickshop.eu\/slo\/wp-content\/uploads\/2019\/12\/termo_vlozki_3-600x600.jpg 600w, https:\/\/netclickshop.eu\/slo\/wp-content\/uploads\/2019\/12\/termo_vlozki_3-150x150.jpg 150w, https:\/\/netclickshop.eu\/slo\/wp-content\/uploads\/2019\/12\/termo_vlozki_3-768x768.jpg 768w, https:\/\/netclickshop.eu\/slo\/wp-content\/uploads\/2019\/12\/termo_vlozki_3.jpg 1000w\" sizes=\"(max-width: 500px) 100vw, 500px\" \/><\/p>\n<h3 style=\"text-align: center;\">UNIVERZALNA VELIKOST<\/h3>\n<p style=\"text-align: center;\">Vlo\u017eki za \u010devlje Winter walk so narejeni tako, da so primerni za uporabo v vseh znamkah in modelih \u010devljev, prav tako so prilagodljive velikosti, saj jih povsem enostavno odre\u017eete s \u0161karjami na \u017eeleno velikost.<\/p>\n<p><img class=\"aligncenter wp-image-14725 size-medium\" src=\"https:\/\/slo.netclickshop.eu\/wp-content\/uploads\/2019\/12\/termo_vlozki_2-500x500.jpg\" alt=\"\" width=\"500\" height=\"500\" srcset=\"https:\/\/netclickshop.eu\/slo\/wp-content\/uploads\/2019\/12\/termo_vlozki_2-500x500.jpg 500w, https:\/\/netclickshop.eu\/slo\/wp-content\/uploads\/2019\/12\/termo_vlozki_2-300x300.jpg 300w, https:\/\/netclickshop.eu\/slo\/wp-content\/uploads\/2019\/12\/termo_vlozki_2-100x100.jpg 100w, https:\/\/netclickshop.eu\/slo\/wp-content\/uploads\/2019\/12\/termo_vlozki_2-600x600.jpg 600w, https:\/\/netclickshop.eu\/slo\/wp-content\/uploads\/2019\/12\/termo_vlozki_2-150x150.jpg 150w, https:\/\/netclickshop.eu\/slo\/wp-content\/uploads\/2019\/12\/termo_vlozki_2-768x768.jpg 768w, https:\/\/netclickshop.eu\/slo\/wp-content\/uploads\/2019\/12\/termo_vlozki_2.jpg 1000w\" sizes=\"(max-width: 500px) 100vw, 500px\" \/><\/p>\n<h3 style=\"text-align: center;\">NUDIJO IZJEMNO PODPORO VA\u0160IM STOPALOM<\/h3>\n<p style=\"text-align: center;\">Vlo\u017eki za \u010devlje Winter walk omogo\u010dajo odli\u010dno stabilnost in podporo va\u0161ih stopal.<\/p>\n<p><img class=\"alignnone size-medium wp-image-14726 aligncenter\" src=\"https:\/\/slo.netclickshop.eu\/wp-content\/uploads\/2019\/12\/termo_vlozki_4-500x500.jpg\" alt=\"\" width=\"500\" height=\"500\" srcset=\"https:\/\/netclickshop.eu\/slo\/wp-content\/uploads\/2019\/12\/termo_vlozki_4-500x500.jpg 500w, https:\/\/netclickshop.eu\/slo\/wp-content\/uploads\/2019\/12\/termo_vlozki_4-300x300.jpg 300w, https:\/\/netclickshop.eu\/slo\/wp-content\/uploads\/2019\/12\/termo_vlozki_4-100x100.jpg 100w, https:\/\/netclickshop.eu\/slo\/wp-content\/uploads\/2019\/12\/termo_vlozki_4-600x600.jpg 600w, https:\/\/netclickshop.eu\/slo\/wp-content\/uploads\/2019\/12\/termo_vlozki_4-150x150.jpg 150w, https:\/\/netclickshop.eu\/slo\/wp-content\/uploads\/2019\/12\/termo_vlozki_4-768x768.jpg 768w, https:\/\/netclickshop.eu\/slo\/wp-content\/uploads\/2019\/12\/termo_vlozki_4.jpg 1000w\" sizes=\"(max-width: 500px) 100vw, 500px\" \/><\/p>\n<h3 style=\"text-align: center;\"><strong>PRIMERNI ZA MO\u0160KE IN \u017dENSKE<br \/>\n<\/strong><\/h3>\n<p style=\"text-align: center;\">Vlo\u017eki so primerni tako za \u017eenske kot mo\u0161ke \u010devlje. So prilagodljive velikosti od 36-45.<\/p>\n<p><img class=\"alignnone size-medium wp-image-14727 aligncenter\" src=\"https:\/\/slo.netclickshop.eu\/wp-content\/uploads\/2019\/12\/termo_vlozki_1-500x500.jpg\" alt=\"\" width=\"500\" height=\"500\" srcset=\"https:\/\/netclickshop.eu\/slo\/wp-content\/uploads\/2019\/12\/termo_vlozki_1-500x500.jpg 500w, https:\/\/netclickshop.eu\/slo\/wp-content\/uploads\/2019\/12\/termo_vlozki_1-300x300.jpg 300w, https:\/\/netclickshop.eu\/slo\/wp-content\/uploads\/2019\/12\/termo_vlozki_1-100x100.jpg 100w, https:\/\/netclickshop.eu\/slo\/wp-content\/uploads\/2019\/12\/termo_vlozki_1-600x600.jpg 600w, https:\/\/netclickshop.eu\/slo\/wp-content\/uploads\/2019\/12\/termo_vlozki_1-150x150.jpg 150w, https:\/\/netclickshop.eu\/slo\/wp-content\/uploads\/2019\/12\/termo_vlozki_1-768x768.jpg 768w, https:\/\/netclickshop.eu\/slo\/wp-content\/uploads\/2019\/12\/termo_vlozki_1.jpg 1000w\" sizes=\"(max-width: 500px) 100vw, 500px\" \/><\/p>\n<p>&nbsp;<\/p>\n<p style=\"text-align: center;\"><strong>Lastnosti:<\/strong><\/p>\n<ul>\n<li style=\"text-align: center;\">Material: silikon, volna<\/li>\n<li style=\"text-align: center;\">Ortopedski vlo\u017eki<\/li>\n<li style=\"text-align: center;\">U\u010dinkovito bla\u017eijo bole\u010dine nog in stopal<\/li>\n<li style=\"text-align: center;\">Razbremenijo pritisk stopal<\/li>\n<li style=\"text-align: center;\">Prilagodljivi za vsak \u010develj in vsako stopalo<\/li>\n<li style=\"text-align: center;\">Primerni za mo\u0161ke in \u017eenske<\/li>\n<li style=\"text-align: center;\">Velikost je univerzalna: od 36-45<\/li>\n<\/ul>\n","protected":false},"excerpt":{"rendered":"<p>NAREDITE KONEC MRZLIM NOGAM Ta revolucionarni izdelek je bil razvit za ljudi, ki jih \u0161e posebej rado zebe v noge. Vlo\u017eki Winter walk masirajo va\u0161e noge, izbolj\u0161ujejo pretok krvi in so izjemno udobni. UNIVERZALNA VELIKOST Vlo\u017eki za \u010devlje Winter walk so narejeni tako, da so primerni za uporabo v vseh znamkah in modelih \u010devljev, prav &hellip;<\/p>\n<p class=\"read-more\"> <a class=\"\" href=\"https:\/\/netclickshop.eu\/slo\/izdelek\/vlozki-za-cevlje-winter-walk\/\"> <span class=\"screen-reader-text\">Vlo\u017eki za \u010devlje Winter walk<\/span> Read More &raquo;<\/a><\/p>\n","protected":false},"featured_media":14726,"template":"","meta":[],"_links":{"self":[{"href":"https:\/\/netclickshop.eu\/slo\/wp-json\/wp\/v2\/product\/14722"}],"collection":[{"href":"https:\/\/netclickshop.eu\/slo\/wp-json\/wp\/v2\/product"}],"about":[{"href":"https:\/\/netclickshop.eu\/slo\/wp-json\/wp\/v2\/types\/product"}],"version-history":[{"count":0,"href":"https:\/\/netclickshop.eu\/slo\/wp-json\/wp\/v2\/product\/14722\/revisions"}],"wp:featuredmedia":[{"embeddable":true,"href":"https:\/\/netclickshop.eu\/slo\/wp-json\/wp\/v2\/media\/14726"}],"wp:attachment":[{"href":"https:\/\/netclickshop.eu\/slo\/wp-json\/wp\/v2\/media?parent=14722"}],"curies":[{"name":"wp","href":"https:\/\/api.w.org\/{rel}","templated":true}]}}