{"id":14800,"date":"2019-12-13T15:33:52","date_gmt":"2019-12-13T15:33:52","guid":{"rendered":"http:\/\/slo.best4home.eu\/?post_type=product&#038;p=14800"},"modified":"2021-03-05T09:18:40","modified_gmt":"2021-03-05T09:18:40","slug":"solarna-tablica-s-hisno-stevilko-b4h","status":"publish","type":"product","link":"https:\/\/netclickshop.eu\/slo\/izdelek\/solarna-tablica-s-hisno-stevilko-b4h\/","title":{"rendered":"Solarna tablica s hi\u0161no \u0161tevilko"},"content":{"rendered":"<h4 style=\"text-align: center;\">POPESTRITE VIDEZ VA\u0160E HI\u0160E<\/h4>\n<p style=\"text-align: center;\">Z moderno solarno tablico s hi\u0161no \u0161tevilko boste osve\u017eili podobo va\u0161e hi\u0161e.<\/p>\n<p><img class=\"size-medium wp-image-14801 aligncenter\" src=\"https:\/\/slo.netclickshop.eu\/wp-content\/uploads\/2019\/12\/hisa_lucka_1-500x500.jpg\" alt=\"\" width=\"500\" height=\"500\" srcset=\"https:\/\/netclickshop.eu\/slo\/wp-content\/uploads\/2019\/12\/hisa_lucka_1-500x500.jpg 500w, https:\/\/netclickshop.eu\/slo\/wp-content\/uploads\/2019\/12\/hisa_lucka_1-300x300.jpg 300w, https:\/\/netclickshop.eu\/slo\/wp-content\/uploads\/2019\/12\/hisa_lucka_1-100x100.jpg 100w, https:\/\/netclickshop.eu\/slo\/wp-content\/uploads\/2019\/12\/hisa_lucka_1-600x600.jpg 600w, https:\/\/netclickshop.eu\/slo\/wp-content\/uploads\/2019\/12\/hisa_lucka_1-150x150.jpg 150w, https:\/\/netclickshop.eu\/slo\/wp-content\/uploads\/2019\/12\/hisa_lucka_1-768x768.jpg 768w, https:\/\/netclickshop.eu\/slo\/wp-content\/uploads\/2019\/12\/hisa_lucka_1.jpg 1024w\" sizes=\"(max-width: 500px) 100vw, 500px\" \/><br \/>\n<\/br><\/p>\n<h4 style=\"text-align: center;\">\u2705 100% VARNI NAKUP \u2705<\/h4>\n<p><img class=\"size-medium wp-image-14801 aligncenter\" src=\"https:\/\/slo.netclickshop.eu\/wp-content\/uploads\/2019\/12\/gif.gif\" alt=\"\" width=\"398\" height=\"224\" \/><br \/>\n<\/br><\/p>\n<h4 style=\"text-align: center;\">\u00a0PREPROSTA NAMESTITEV IN UPORABA<\/h4>\n<p style=\"text-align: center;\">Solarno svetlobno tablico namestite povsem preprosto. V steno oziroma na \u017eeleno povr\u0161ino zvrtate luknje in vstavite vijake, ki so prilo\u017eeni v paketu. Svetlobna tablica ima na hrbtni strani 2 luknici na kateri jo enostavno obesite na vijake.<\/p>\n<p><img class=\"alignnone size-medium wp-image-14803 aligncenter\" src=\"https:\/\/slo.netclickshop.eu\/wp-content\/uploads\/2019\/12\/hisa_lucka_7-500x500.jpg\" alt=\"\" width=\"500\" height=\"500\" srcset=\"https:\/\/netclickshop.eu\/slo\/wp-content\/uploads\/2019\/12\/hisa_lucka_7-500x500.jpg 500w, https:\/\/netclickshop.eu\/slo\/wp-content\/uploads\/2019\/12\/hisa_lucka_7-300x300.jpg 300w, https:\/\/netclickshop.eu\/slo\/wp-content\/uploads\/2019\/12\/hisa_lucka_7-100x100.jpg 100w, https:\/\/netclickshop.eu\/slo\/wp-content\/uploads\/2019\/12\/hisa_lucka_7-600x600.jpg 600w, https:\/\/netclickshop.eu\/slo\/wp-content\/uploads\/2019\/12\/hisa_lucka_7-150x150.jpg 150w, https:\/\/netclickshop.eu\/slo\/wp-content\/uploads\/2019\/12\/hisa_lucka_7-768x768.jpg 768w, https:\/\/netclickshop.eu\/slo\/wp-content\/uploads\/2019\/12\/hisa_lucka_7.jpg 1000w\" sizes=\"(max-width: 500px) 100vw, 500px\" \/><br \/>\n<\/br><\/p>\n<h4 style=\"text-align: center;\">SOLARNA TEHNOLOGIJA<\/h4>\n<p style=\"text-align: center;\">Solarna tablica ima vgrajene samopolnilne baterije, ki se avtomatsko polnijo na svetlobi. Vgrajen ima poseben senzor, ki zaznava dnevno in no\u010dno svetlobo, tako da se solarna tablica avtomatsko pri\u017ege, ko se zunaj stemni.<\/p>\n<p><img class=\"alignnone size-medium wp-image-14804 aligncenter\" src=\"https:\/\/slo.netclickshop.eu\/wp-content\/uploads\/2019\/12\/hisa_lucka_6-500x419.jpg\" alt=\"\" width=\"500\" height=\"419\" srcset=\"https:\/\/netclickshop.eu\/slo\/wp-content\/uploads\/2019\/12\/hisa_lucka_6-500x419.jpg 500w, https:\/\/netclickshop.eu\/slo\/wp-content\/uploads\/2019\/12\/hisa_lucka_6-600x503.jpg 600w, https:\/\/netclickshop.eu\/slo\/wp-content\/uploads\/2019\/12\/hisa_lucka_6-768x644.jpg 768w, https:\/\/netclickshop.eu\/slo\/wp-content\/uploads\/2019\/12\/hisa_lucka_6-1024x859.jpg 1024w, https:\/\/netclickshop.eu\/slo\/wp-content\/uploads\/2019\/12\/hisa_lucka_6.jpg 1192w\" sizes=\"(max-width: 500px) 100vw, 500px\" \/><br \/>\n<\/br><\/p>\n<h4 style=\"text-align: center;\">HI\u0160NA \u0160TEVILKA PO IZBIRI<\/h4>\n<p style=\"text-align: center;\">V paketu boste prejeli liste s samolepilnimi nalepkami z motivi \u010drk in \u0161tevilk, tako da boste sami nalepili \u017eeleno hi\u0161no \u0161tevilko. Povsem enostavno in v samo nekaj sekundah.<\/p>\n<p><img class=\"alignnone size-medium wp-image-14805 aligncenter\" src=\"https:\/\/slo.netclickshop.eu\/wp-content\/uploads\/2019\/12\/hisa_lucka_2-500x500.jpg\" alt=\"\" width=\"500\" height=\"500\" srcset=\"https:\/\/netclickshop.eu\/slo\/wp-content\/uploads\/2019\/12\/hisa_lucka_2-500x500.jpg 500w, https:\/\/netclickshop.eu\/slo\/wp-content\/uploads\/2019\/12\/hisa_lucka_2-300x300.jpg 300w, https:\/\/netclickshop.eu\/slo\/wp-content\/uploads\/2019\/12\/hisa_lucka_2-100x100.jpg 100w, https:\/\/netclickshop.eu\/slo\/wp-content\/uploads\/2019\/12\/hisa_lucka_2-600x600.jpg 600w, https:\/\/netclickshop.eu\/slo\/wp-content\/uploads\/2019\/12\/hisa_lucka_2-150x150.jpg 150w, https:\/\/netclickshop.eu\/slo\/wp-content\/uploads\/2019\/12\/hisa_lucka_2-768x768.jpg 768w, https:\/\/netclickshop.eu\/slo\/wp-content\/uploads\/2019\/12\/hisa_lucka_2.jpg 1024w\" sizes=\"(max-width: 500px) 100vw, 500px\" \/><br \/>\n<\/br><\/p>\n<h4 style=\"text-align: center;\">VISOKOKVALITETEN ALUMINIJ<\/h4>\n<p style=\"text-align: center;\">Svetlobna tablica je narejena iz visokokvalitetnega aluminija, ki ne rjavi, tako da je \u017eivljenjska doba izjemno dolga. Brez te\u017eav je tablica lahko izpostavljena soncu in de\u017eju, saj so materiali zelo kvalitetni in odporni na vse vremenske vplive.<\/p>\n<p><img class=\"alignnone size-medium wp-image-14806 aligncenter\" src=\"https:\/\/slo.netclickshop.eu\/wp-content\/uploads\/2019\/12\/hisa_lucka_4-500x500.jpg\" alt=\"\" width=\"500\" height=\"500\" srcset=\"https:\/\/netclickshop.eu\/slo\/wp-content\/uploads\/2019\/12\/hisa_lucka_4-500x500.jpg 500w, https:\/\/netclickshop.eu\/slo\/wp-content\/uploads\/2019\/12\/hisa_lucka_4-300x300.jpg 300w, https:\/\/netclickshop.eu\/slo\/wp-content\/uploads\/2019\/12\/hisa_lucka_4-100x100.jpg 100w, https:\/\/netclickshop.eu\/slo\/wp-content\/uploads\/2019\/12\/hisa_lucka_4-600x600.jpg 600w, https:\/\/netclickshop.eu\/slo\/wp-content\/uploads\/2019\/12\/hisa_lucka_4-150x150.jpg 150w, https:\/\/netclickshop.eu\/slo\/wp-content\/uploads\/2019\/12\/hisa_lucka_4-768x768.jpg 768w, https:\/\/netclickshop.eu\/slo\/wp-content\/uploads\/2019\/12\/hisa_lucka_4.jpg 1024w\" sizes=\"(max-width: 500px) 100vw, 500px\" \/><br \/>\n<\/br><\/p>\n<h4 style=\"text-align: center;\">\ud83d\udc4d HVALA ZA ZUPANJE \ud83d\udc4d<\/h4>\n<p><img class=\"alignnone size-medium wp-image-14805 aligncenter\" src=\"https:\/\/slo.netclickshop.eu\/wp-content\/uploads\/2019\/12\/best-slo.jpg\" alt=\"\" width=\"504\" height=\"371\" \/><br \/>\n<\/br><\/p>\n<h4 style=\"text-align: center;\">MNENJA NA\u0160IH KUPCEV<\/h4>\n<p><img class=\"alignnone size-medium wp-image-14806 aligncenter\" src=\"https:\/\/slo.netclickshop.eu\/wp-content\/uploads\/2019\/12\/mnenja-solar-SLO-500x1645-1.jpg\" alt=\"\" width=\"500\" height=\"1645\" \/><\/p>\n","protected":false},"excerpt":{"rendered":"<p>POPESTRITE VIDEZ VA\u0160E HI\u0160E Z moderno solarno tablico s hi\u0161no \u0161tevilko boste osve\u017eili podobo va\u0161e hi\u0161e. \u2705 100% VARNI NAKUP \u2705 \u00a0PREPROSTA NAMESTITEV IN UPORABA Solarno svetlobno tablico namestite povsem preprosto. V steno oziroma na \u017eeleno povr\u0161ino zvrtate luknje in vstavite vijake, ki so prilo\u017eeni v paketu. Svetlobna tablica ima na hrbtni strani 2 luknici &hellip;<\/p>\n<p class=\"read-more\"> <a class=\"\" href=\"https:\/\/netclickshop.eu\/slo\/izdelek\/solarna-tablica-s-hisno-stevilko-b4h\/\"> <span class=\"screen-reader-text\">Solarna tablica s hi\u0161no \u0161tevilko<\/span> Read More &raquo;<\/a><\/p>\n","protected":false},"featured_media":24817,"template":"","meta":[],"_links":{"self":[{"href":"https:\/\/netclickshop.eu\/slo\/wp-json\/wp\/v2\/product\/14800"}],"collection":[{"href":"https:\/\/netclickshop.eu\/slo\/wp-json\/wp\/v2\/product"}],"about":[{"href":"https:\/\/netclickshop.eu\/slo\/wp-json\/wp\/v2\/types\/product"}],"version-history":[{"count":0,"href":"https:\/\/netclickshop.eu\/slo\/wp-json\/wp\/v2\/product\/14800\/revisions"}],"wp:featuredmedia":[{"embeddable":true,"href":"https:\/\/netclickshop.eu\/slo\/wp-json\/wp\/v2\/media\/24817"}],"wp:attachment":[{"href":"https:\/\/netclickshop.eu\/slo\/wp-json\/wp\/v2\/media?parent=14800"}],"curies":[{"name":"wp","href":"https:\/\/api.w.org\/{rel}","templated":true}]}}