{"id":15762,"date":"2020-02-07T11:45:15","date_gmt":"2020-02-07T11:45:15","guid":{"rendered":"http:\/\/slo.best4home.eu\/?post_type=product&#038;p=15762"},"modified":"2021-04-15T07:06:56","modified_gmt":"2021-04-15T07:06:56","slug":"pametni-video-wifi-zvonec","status":"publish","type":"product","link":"https:\/\/netclickshop.eu\/slo\/izdelek\/pametni-video-wifi-zvonec\/","title":{"rendered":"Pametni video WIFI zvonec"},"content":{"rendered":"<h4 style=\"text-align: center;\">NAJ BO VARNOST VA\u0160EGA DOMA NA 1. MESTU<\/h4>\n<p style=\"text-align: center;\">Preprost in u\u010dinkovit hi\u0161ni zvonec, ki deluje tudi kot kamera, snemalnik, senzor gibanja in video-interkom, ki ga upravljate kar prek va\u0161ega mobilnega telefona s pomo\u010djo WIFI-ja. Postanite varni za zmerno ceno s pametnim hi\u0161nim zvoncem. Omogo\u010da povezavo z operacijskim sistemom Android (Samsung, Huawei) in iOS (iPhone).<\/p>\n<p><img class=\"size-medium wp-image-15763 aligncenter\" src=\"https:\/\/slo.netclickshop.eu\/wp-content\/uploads\/2020\/02\/last-2-500x560.jpg\" alt=\"\" width=\"500\" height=\"560\" \/><br \/>\n<img class=\"alignnone size-medium wp-image-15771 aligncenter\" src=\"https:\/\/slo.netclickshop.eu\/wp-content\/uploads\/2020\/02\/zvonec_7-1.jpg\" alt=\"\" width=\"500\" height=\"500\" \/><\/p>\n<h4 style=\"text-align: center;\">OMOGO\u010cA BREZ\u017dI\u010cNO POVEZAVO (WI-FI) Z VA\u0160IM PAMETNIM TELEFONOM<\/h4>\n<p style=\"text-align: center;\">Zvonec je atraktiven na pogled, enostaven za monta\u017eo in ima nizko porabo. Omogo\u010da <strong>brez\u017ei\u010dno povezavo z va\u0161im pametnim telefonom <\/strong>prek aplikacije, tako da lahko kadarkoli preverite kdo je pred vrati, z obiskovalcem pa se lahko tudi pogovarjate prek video klica. Zvonec posname video in slike s <strong>HD kamero<\/strong>, ki omogo\u010da tudi <strong>no\u010dno infrarde\u010de snemanje<\/strong>.<\/p>\n<p><img class=\"alignnone size-medium wp-image-15764 aligncenter\" src=\"https:\/\/slo.netclickshop.eu\/wp-content\/uploads\/2020\/02\/monitor.jpg\" alt=\"\" width=\"500\" height=\"500\" \/><\/p>\n<h4 style=\"text-align: center;\">VISOKOKVALITETEN, VE\u010cKRAT SVETOVNO NAGRAJEN IZDELEK<\/h4>\n<p style=\"text-align: center;\">Vgrajena kamera snema v HD kvaliteti in omogo\u010da \u0161irokokotno snemanje pod kotom do 170 stopinj.<\/p>\n<p><img class=\"alignnone size-medium wp-image-15764 aligncenter\" src=\"https:\/\/slo.netclickshop.eu\/wp-content\/uploads\/2020\/02\/cone-400x224.png\" alt=\"\" width=\"400\" height=\"224\" \/><\/p>\n<p style=\"text-align: center;\">Izdelan iz redno kvalitetnega materiala, ki je vodoodporen.<\/p>\n<p><img class=\"alignnone size-medium wp-image-15771 aligncenter\" src=\"https:\/\/slo.netclickshop.eu\/wp-content\/uploads\/2020\/02\/zvonec_12.jpg\" alt=\"\" width=\"500\" height=\"500\" \/><\/p>\n<h4 style=\"text-align: center;\">BODITE VARNI PRED NEZA\u017dELENIMI GOSTI KJERKOLI<\/h4>\n<p>Zvonec vas po telefonu obvesti o vsakem ne\u017eelenem gibanju in hitro lahko preko glasovnega sporo\u010dila od\u017eenete neza\u017eelene goste ne glede na va\u0161o trenutno lokacijo.<\/p>\n<div style=\"width: 500px;\" class=\"wp-video\"><!--[if lt IE 9]><script>document.createElement('video');<\/script><![endif]-->\n<video class=\"wp-video-shortcode\" id=\"video-15762-1\" width=\"500\" height=\"280\" poster=\"https:\/\/slo.best4home.eu\/wp-content\/uploads\/2020\/02\/cone-400x224.png\" preload=\"auto\" controls=\"controls\"><source type=\"video\/mp4\" src=\"https:\/\/slo.best4home.eu\/wp-content\/uploads\/2020\/02\/vlomilec-zvonec.mp4?_=1\" \/><a href=\"https:\/\/slo.best4home.eu\/wp-content\/uploads\/2020\/02\/vlomilec-zvonec.mp4\">https:\/\/slo.best4home.eu\/wp-content\/uploads\/2020\/02\/vlomilec-zvonec.mp4<\/a><\/video><\/div>\n<p>&nbsp;<\/p>\n<h4 style=\"text-align: center;\">IZREDNO ZMOGLJIVI WI-FI SENZOR<\/h4>\n<p style=\"text-align: center;\">Za \u0161e bolj komfortno uporabo pametnega zvonca je na voljo aplikacija. Vgrajen je super zmogljivi WI-FI senzor, ki omogo\u010da kvaliteten prenos informacij tudi prek \u017eeleznih, jeklenih vrat ali debelih zidanih sten.<\/p>\n<p><img class=\"size-medium wp-image-15765 aligncenter\" src=\"https:\/\/slo.netclickshop.eu\/wp-content\/uploads\/2020\/02\/paket-500x500.jpg\" alt=\"\" width=\"500\" height=\"500\" \/><\/p>\n<p style=\"text-align: center;\">Pametni zvonec se aktivira na gumb, na gibanje ali na daljavo preko aplikacije, tako boste <strong>vedno imeli nadzor nad dogajanjem okoli va\u0161e hi\u0161e<\/strong>. Pono\u010di se z gibanjem aktivira infrarde\u010da HD kamera, ki posname dogajanje in vam avtomatsko po\u0161lje opozorilo na mobilni telefon.<\/p>\n<p><img class=\"alignnone size-medium wp-image-15766 aligncenter\" src=\"https:\/\/slo.netclickshop.eu\/wp-content\/uploads\/2020\/02\/INfra-zvonec.jpg\" alt=\"\" width=\"500\" height=\"500\" \/><\/p>\n<h4 style=\"text-align: center;\">PRIMEREN TAKO ZA DOMA\u010cO HI\u0160O KOT ZA PODJETJA IN POSLOVNE PROSTORE<\/h4>\n<p style=\"text-align: center;\">Vizualno dovr\u0161en zvonec poleg uporabe v <strong>stanovanjskih objektih<\/strong> re\u0161uje tudi probleme poslovnih prostorov oziroma\u00a0<strong>podjetij<\/strong>, v katerih zaposleni pogosto zapu\u0161\u010dajo svoje delovno mesto, saj omogo\u010da dvosmerno komunikacijo z obiskovalcem pred vhodom.<\/p>\n<p><img class=\"size-medium wp-image-15763 aligncenter\" src=\"https:\/\/slo.netclickshop.eu\/wp-content\/uploads\/2020\/02\/zvonec_3-500x500.jpg\" alt=\"\" width=\"500\" height=\"500\" srcset=\"https:\/\/netclickshop.eu\/slo\/wp-content\/uploads\/2020\/02\/zvonec_3-500x500.jpg 500w, https:\/\/netclickshop.eu\/slo\/wp-content\/uploads\/2020\/02\/zvonec_3-300x300.jpg 300w, https:\/\/netclickshop.eu\/slo\/wp-content\/uploads\/2020\/02\/zvonec_3-100x100.jpg 100w, https:\/\/netclickshop.eu\/slo\/wp-content\/uploads\/2020\/02\/zvonec_3-600x599.jpg 600w, https:\/\/netclickshop.eu\/slo\/wp-content\/uploads\/2020\/02\/zvonec_3-150x150.jpg 150w, https:\/\/netclickshop.eu\/slo\/wp-content\/uploads\/2020\/02\/zvonec_3-768x767.jpg 768w, https:\/\/netclickshop.eu\/slo\/wp-content\/uploads\/2020\/02\/zvonec_3.jpg 1000w\" sizes=\"(max-width: 500px) 100vw, 500px\" \/><\/p>\n<h4 style=\"text-align: center;\">NE POTREBUJE ELEKTRI\u010cNEGA NAPAJANJA! ENOSTAVNO POLNENJE BATERIJE<\/h4>\n<p style=\"text-align: center;\">Pametni video zvonec za delovanje ne potrebuje direktnega napajanja, ker ima \u017ee vgrajeno baterijo. Vgrajena baterija bo dovolj za 3-4 tedne normalnega delovanja. Nekaj dni preden se izprazni boste dobili poziv, da je potrebno polnjenje. Hi\u0161ni zvonec je nato potrebno odstraniti in napolniti kot klasi\u010dni mobilni telefon.<\/p>\n<p><img class=\"alignnone size-medium wp-image-15770 aligncenter\" src=\"https:\/\/slo.netclickshop.eu\/wp-content\/uploads\/2020\/02\/instal.jpg\" alt=\"\" width=\"500\" height=\"500\" \/><\/p>\n<p style=\"text-align: center;\">Pametni zvonec se pove\u017ee na WI-FI signal va\u0161e hi\u0161e. <strong>Za optimalno delovanje je potrebna hitrost vsaj 1 Mbps<\/strong>, ki zagotavlja, da ne bo zamikov med pozivom na zvoncu in obvestilom na va\u0161em povezanem mobilnem telefonu.<\/p>\n<p><img class=\"alignnone size-medium wp-image-15770 aligncenter\" src=\"https:\/\/slo.netclickshop.eu\/wp-content\/uploads\/2020\/02\/zvonec_1-strazar.jpg\" alt=\"\" width=\"500\" height=\"500\" \/><br \/>\n&nbsp;<\/p>\n<p>&nbsp;<\/p>\n","protected":false},"excerpt":{"rendered":"<p>NAJ BO VARNOST VA\u0160EGA DOMA NA 1. MESTU Preprost in u\u010dinkovit hi\u0161ni zvonec, ki deluje tudi kot kamera, snemalnik, senzor gibanja in video-interkom, ki ga upravljate kar prek va\u0161ega mobilnega telefona s pomo\u010djo WIFI-ja. Postanite varni za zmerno ceno s pametnim hi\u0161nim zvoncem. Omogo\u010da povezavo z operacijskim sistemom Android (Samsung, Huawei) in iOS (iPhone). OMOGO\u010cA &hellip;<\/p>\n<p class=\"read-more\"> <a class=\"\" href=\"https:\/\/netclickshop.eu\/slo\/izdelek\/pametni-video-wifi-zvonec\/\"> <span class=\"screen-reader-text\">Pametni video WIFI zvonec<\/span> Read More &raquo;<\/a><\/p>\n","protected":false},"featured_media":15904,"template":"","meta":[],"_links":{"self":[{"href":"https:\/\/netclickshop.eu\/slo\/wp-json\/wp\/v2\/product\/15762"}],"collection":[{"href":"https:\/\/netclickshop.eu\/slo\/wp-json\/wp\/v2\/product"}],"about":[{"href":"https:\/\/netclickshop.eu\/slo\/wp-json\/wp\/v2\/types\/product"}],"version-history":[{"count":1,"href":"https:\/\/netclickshop.eu\/slo\/wp-json\/wp\/v2\/product\/15762\/revisions"}],"predecessor-version":[{"id":34344,"href":"https:\/\/netclickshop.eu\/slo\/wp-json\/wp\/v2\/product\/15762\/revisions\/34344"}],"wp:featuredmedia":[{"embeddable":true,"href":"https:\/\/netclickshop.eu\/slo\/wp-json\/wp\/v2\/media\/15904"}],"wp:attachment":[{"href":"https:\/\/netclickshop.eu\/slo\/wp-json\/wp\/v2\/media?parent=15762"}],"curies":[{"name":"wp","href":"https:\/\/api.w.org\/{rel}","templated":true}]}}