{"id":15858,"date":"2020-02-11T13:20:58","date_gmt":"2020-02-11T13:20:58","guid":{"rendered":"https:\/\/slo.best4home.eu\/?post_type=product&#038;p=15858"},"modified":"2020-06-09T10:19:05","modified_gmt":"2020-06-09T10:19:05","slug":"brezzicne-slusalke","status":"publish","type":"product","link":"https:\/\/netclickshop.eu\/slo\/izdelek\/brezzicne-slusalke\/","title":{"rendered":"Brez\u017ei\u010dne slu\u0161alke"},"content":{"rendered":"<h4 style=\"text-align: center;\">BREZ\u017dI\u010cNE SLU\u0160ALKE ZA VA\u0160 PAMETNI TELEFON<\/h4>\n<p style=\"text-align: center;\">Brez\u017ei\u010dne slu\u0161alke so odli\u010dne za poslu\u0161anje glasbe, sprejemanje klicev,&#8230; Zaradi svojega izvirnega in inovativnega dizajna so te\u00a0slu\u0161alke brez kabla\u00a0zelo udobne in priro\u010dne, ker omogo\u010dajo popolno svobodo premikanja.<\/p>\n<p><img class=\"alignnone size-full wp-image-17005 aligncenter\" src=\"https:\/\/slo.netclickshop.eu\/wp-content\/uploads\/2020\/02\/slusalke_gif.gif\" alt=\"\" width=\"464\" height=\"480\" \/><\/p>\n<h4 style=\"text-align: center;\">IZJEMNO VZDR\u017dLJIVE<\/h4>\n<p style=\"text-align: center;\">Slu\u0161alke zagotavljajo <strong>4 ur poslu\u0161anja<\/strong> \u2013 in do <strong>2 uri pogovora<\/strong> \u2013 vse to, s samo enim polnjenjem. V paketu dobite tudi polnilno ohi\u0161je v katerem boste lahko enostavno shranili va\u0161e slu\u0161alke in jih napolnili.<\/p>\n<p style=\"text-align: center;\"><strong>Potrebujete hitro polnjenje?<\/strong> Preprosto postavite slu\u0161alke nazaj v mini polnilno ohi\u0161je za 20 minut in va\u0161e slu\u0161alke se bodo napolnile toliko, da bodo vzdr\u017eale do 3 ure poslu\u0161anja in 1 uro pogovora.<\/p>\n<p><img class=\"size-medium wp-image-15860 aligncenter\" src=\"https:\/\/slo.netclickshop.eu\/wp-content\/uploads\/2020\/02\/slusalke_3-500x500.jpg\" alt=\"\" width=\"500\" height=\"500\" srcset=\"https:\/\/netclickshop.eu\/slo\/wp-content\/uploads\/2020\/02\/slusalke_3-500x500.jpg 500w, https:\/\/netclickshop.eu\/slo\/wp-content\/uploads\/2020\/02\/slusalke_3-300x300.jpg 300w, https:\/\/netclickshop.eu\/slo\/wp-content\/uploads\/2020\/02\/slusalke_3-100x100.jpg 100w, https:\/\/netclickshop.eu\/slo\/wp-content\/uploads\/2020\/02\/slusalke_3-600x600.jpg 600w, https:\/\/netclickshop.eu\/slo\/wp-content\/uploads\/2020\/02\/slusalke_3-150x150.jpg 150w, https:\/\/netclickshop.eu\/slo\/wp-content\/uploads\/2020\/02\/slusalke_3-768x768.jpg 768w, https:\/\/netclickshop.eu\/slo\/wp-content\/uploads\/2020\/02\/slusalke_3-1024x1024.jpg 1024w, https:\/\/netclickshop.eu\/slo\/wp-content\/uploads\/2020\/02\/slusalke_3.jpg 1500w\" sizes=\"(max-width: 500px) 100vw, 500px\" \/><br \/>\n<\/br><\/p>\n<h4 style=\"text-align: center;\">DELUJEJO NA VSEH PAMETNIH TELEFONIH<\/h4>\n<p style=\"text-align: center;\">Kompatibilna z vsemi telefoni, ki podpirajo Bluetooth povezavo, kot so Apple iPhoni, Android telefoni (Alcatel, BlackBerry, HTC, Huawei, Lenovo, LG, Microsoft, Motorola, Samsung, Sony, ZTE in drugi) ter Windows Phone. Povezovanje traja le nekaj sekund.<\/p>\n<p><img class=\"size-medium wp-image-15861 aligncenter\" src=\"https:\/\/slo.netclickshop.eu\/wp-content\/uploads\/2020\/02\/slusalke_8-500x452.jpg\" alt=\"\" width=\"500\" height=\"452\" srcset=\"https:\/\/netclickshop.eu\/slo\/wp-content\/uploads\/2020\/02\/slusalke_8-500x452.jpg 500w, https:\/\/netclickshop.eu\/slo\/wp-content\/uploads\/2020\/02\/slusalke_8-416x376.jpg 416w, https:\/\/netclickshop.eu\/slo\/wp-content\/uploads\/2020\/02\/slusalke_8.jpg 600w\" sizes=\"(max-width: 500px) 100vw, 500px\" \/><br \/>\n<\/br><\/p>\n<h4 style=\"text-align: center;\">MO\u017dNOST UPORABE PRI \u0160TEVILNIH AKTIVNOSTIH<\/h4>\n<p style=\"text-align: center;\">Brez\u017ei\u010dne slu\u0161alke so primerne za uporabo v slu\u017ebi na delovnem mestu, v avtomobilu, pri \u0161portnih aktivnostih, v fitnesu ali na potovanju.<\/p>\n<p><img class=\"alignnone size-medium wp-image-15862 aligncenter\" src=\"https:\/\/slo.netclickshop.eu\/wp-content\/uploads\/2020\/02\/slusalke_7-500x500.jpg\" alt=\"\" width=\"500\" height=\"500\" srcset=\"https:\/\/netclickshop.eu\/slo\/wp-content\/uploads\/2020\/02\/slusalke_7-500x500.jpg 500w, https:\/\/netclickshop.eu\/slo\/wp-content\/uploads\/2020\/02\/slusalke_7-300x300.jpg 300w, https:\/\/netclickshop.eu\/slo\/wp-content\/uploads\/2020\/02\/slusalke_7-100x100.jpg 100w, https:\/\/netclickshop.eu\/slo\/wp-content\/uploads\/2020\/02\/slusalke_7-600x600.jpg 600w, https:\/\/netclickshop.eu\/slo\/wp-content\/uploads\/2020\/02\/slusalke_7-150x150.jpg 150w, https:\/\/netclickshop.eu\/slo\/wp-content\/uploads\/2020\/02\/slusalke_7-768x768.jpg 768w, https:\/\/netclickshop.eu\/slo\/wp-content\/uploads\/2020\/02\/slusalke_7.jpg 1000w\" sizes=\"(max-width: 500px) 100vw, 500px\" \/><br \/>\n<\/br><\/p>\n<h4 style=\"text-align: center;\">ODLI\u010cNA KAKOVOST ZVOKA<\/h4>\n<p style=\"text-align: center;\">Visokokakovostni kristalno jasni zvok z vgrajeno tehnologijo zmanj\u0161evanja hrupa omogo\u010da, da se lahko posvetite poslu\u0161anju va\u0161e najljub\u0161e glasbe kjerkoli in kadarkoli.<\/p>\n<p><img class=\"size-medium wp-image-17004 aligncenter\" src=\"https:\/\/slo.netclickshop.eu\/wp-content\/uploads\/2020\/02\/slusalke_gif_2.gif\" alt=\"\" width=\"361\" height=\"361\" \/><br \/>\n<\/br><\/p>\n<p style=\"text-align: center;\"><strong>Navodila za uporabo brez\u017ei\u010dnih slu\u0161alk:<\/strong><br \/>\n \t\u2714 Pred prvo uporabo brez\u017ei\u010dne slu\u0161alke napolnite do konca.<br \/>\n \t\u2714 Slu\u0161alki vzemite iz \u0161katlice, ko le \u0161e na eni sveti lu\u010dka pomeni, da sta slu\u0161alki povezani.<br \/>\n \t\u2714 Pove\u017eite slu\u0161alke preko bluetooth-a s svojo napravo.<br \/>\n \t\u2714 Slu\u0161alke nato vstavite v uho in poslu\u0161ajte.<br \/>\n \t\u2714 Uporabljate lahko enostavno upravljanje na dotik. En dotik pomeni pavzo\/start. Dva dotika pomenita upravljanje glasnosti. Trije dotiki pa naprej\/nazaj.<br \/>\n \t\u2714 \u010ce slu\u0161alke pribli\u017eate telefonu, se vam na prikazovalniku poka\u017ee kapaciteta baterije.\n<\/p>\n<p><img class=\"size-medium wp-image-15864 aligncenter\" src=\"https:\/\/slo.netclickshop.eu\/wp-content\/uploads\/2020\/02\/slusalke_2-500x500.jpg\" alt=\"\" width=\"500\" height=\"500\" srcset=\"https:\/\/netclickshop.eu\/slo\/wp-content\/uploads\/2020\/02\/slusalke_2-500x500.jpg 500w, https:\/\/netclickshop.eu\/slo\/wp-content\/uploads\/2020\/02\/slusalke_2-300x300.jpg 300w, https:\/\/netclickshop.eu\/slo\/wp-content\/uploads\/2020\/02\/slusalke_2-100x100.jpg 100w, https:\/\/netclickshop.eu\/slo\/wp-content\/uploads\/2020\/02\/slusalke_2-600x600.jpg 600w, https:\/\/netclickshop.eu\/slo\/wp-content\/uploads\/2020\/02\/slusalke_2-150x150.jpg 150w, https:\/\/netclickshop.eu\/slo\/wp-content\/uploads\/2020\/02\/slusalke_2-768x768.jpg 768w, https:\/\/netclickshop.eu\/slo\/wp-content\/uploads\/2020\/02\/slusalke_2.jpg 1001w\" sizes=\"(max-width: 500px) 100vw, 500px\" \/><br \/>\n<\/br><\/p>\n<h4 style=\"text-align: center;\">\ud83d\udc4d 100% VARNI NAKUP \ud83d\udc4d<\/h4>\n<h4 style=\"text-align: center;\">ZELO SMO VESELI VA\u0160IH SLIK \ud83d\ude42<\/h4>\n<p><img class=\"aligncenter wp-image-8286\" src=\"https:\/\/slo.netclickshop.eu\/wp-content\/uploads\/2020\/02\/mnenja-500x1740-SLO2.jpg\" alt=\"\" width=\"500\" height=\"1740\" \/><\/p>\n","protected":false},"excerpt":{"rendered":"<p>BREZ\u017dI\u010cNE SLU\u0160ALKE ZA VA\u0160 PAMETNI TELEFON Brez\u017ei\u010dne slu\u0161alke so odli\u010dne za poslu\u0161anje glasbe, sprejemanje klicev,&#8230; Zaradi svojega izvirnega in inovativnega dizajna so te\u00a0slu\u0161alke brez kabla\u00a0zelo udobne in priro\u010dne, ker omogo\u010dajo popolno svobodo premikanja. IZJEMNO VZDR\u017dLJIVE Slu\u0161alke zagotavljajo 4 ur poslu\u0161anja \u2013 in do 2 uri pogovora \u2013 vse to, s samo enim polnjenjem. V paketu &hellip;<\/p>\n<p class=\"read-more\"> <a class=\"\" href=\"https:\/\/netclickshop.eu\/slo\/izdelek\/brezzicne-slusalke\/\"> <span class=\"screen-reader-text\">Brez\u017ei\u010dne slu\u0161alke<\/span> Read More &raquo;<\/a><\/p>\n","protected":false},"featured_media":18077,"template":"","meta":[],"_links":{"self":[{"href":"https:\/\/netclickshop.eu\/slo\/wp-json\/wp\/v2\/product\/15858"}],"collection":[{"href":"https:\/\/netclickshop.eu\/slo\/wp-json\/wp\/v2\/product"}],"about":[{"href":"https:\/\/netclickshop.eu\/slo\/wp-json\/wp\/v2\/types\/product"}],"version-history":[{"count":0,"href":"https:\/\/netclickshop.eu\/slo\/wp-json\/wp\/v2\/product\/15858\/revisions"}],"wp:featuredmedia":[{"embeddable":true,"href":"https:\/\/netclickshop.eu\/slo\/wp-json\/wp\/v2\/media\/18077"}],"wp:attachment":[{"href":"https:\/\/netclickshop.eu\/slo\/wp-json\/wp\/v2\/media?parent=15858"}],"curies":[{"name":"wp","href":"https:\/\/api.w.org\/{rel}","templated":true}]}}