{"id":16090,"date":"2020-03-03T11:10:11","date_gmt":"2020-03-03T11:10:11","guid":{"rendered":"https:\/\/slo.best4home.eu\/?post_type=product&#038;p=16090"},"modified":"2021-09-06T09:57:35","modified_gmt":"2021-09-06T09:57:35","slug":"pripomocek-za-oblikovanje-tort","status":"publish","type":"product","link":"https:\/\/netclickshop.eu\/slo\/izdelek\/pripomocek-za-oblikovanje-tort\/","title":{"rendered":"Pripomo\u010dek za oblikovanje tort 1+1 GRATIS"},"content":{"rendered":"<h4 style=\"text-align: center;\">V PAKETU PREJMETE KAR 2 OBLIKOVALCA ZA TORTE!<\/h4>\n<h4 style=\"text-align: center;\">\ud83c\udf70 PRIPOMO\u010cEK ZA OBLIKOVANJE TORT \ud83c\udf70<\/h4>\n<p><img class=\"aligncenter wp-image-15128\" src=\"https:\/\/slo.netclickshop.eu\/wp-content\/uploads\/2020\/03\/gif.gif\" alt=\"\" width=\"400\" height=\"400\" \/><\/p>\n<p style=\"text-align: center;\">Z na\u0161im pripomo\u010dkom za oblikovanje tort bo peka postala zabavnej\u0161a in polna veselja. Oblikovali boste lahko \u010dudovite torte kot pravi profesionalci v sla\u0161\u010di\u010darni.<\/p>\n<p><img class=\"size-medium wp-image-16091 aligncenter\" src=\"https:\/\/slo.netclickshop.eu\/wp-content\/uploads\/2020\/03\/torta_4-500x500.jpg\" alt=\"\" width=\"500\" height=\"500\" srcset=\"https:\/\/netclickshop.eu\/slo\/wp-content\/uploads\/2020\/03\/torta_4-500x500.jpg 500w, https:\/\/netclickshop.eu\/slo\/wp-content\/uploads\/2020\/03\/torta_4-300x300.jpg 300w, https:\/\/netclickshop.eu\/slo\/wp-content\/uploads\/2020\/03\/torta_4-100x100.jpg 100w, https:\/\/netclickshop.eu\/slo\/wp-content\/uploads\/2020\/03\/torta_4-600x600.jpg 600w, https:\/\/netclickshop.eu\/slo\/wp-content\/uploads\/2020\/03\/torta_4-150x150.jpg 150w, https:\/\/netclickshop.eu\/slo\/wp-content\/uploads\/2020\/03\/torta_4-768x768.jpg 768w, https:\/\/netclickshop.eu\/slo\/wp-content\/uploads\/2020\/03\/torta_4-1024x1024.jpg 1024w, https:\/\/netclickshop.eu\/slo\/wp-content\/uploads\/2020\/03\/torta_4.jpg 1500w\" sizes=\"(max-width: 500px) 100vw, 500px\" \/><\/p>\n<p style=\"text-align: center;\">Ne glede na to ali pe\u010dete za dru\u017eino, znance ali izdelujete torte po naro\u010dilu, je ta dvojni obrezovalnik torte obvezen v va\u0161em predalu za peko tort. Z gladilko lahko zgladite premaz bodisi na vrhu, bodisi samo ob strani, hkrati pa lahko na torti naredite super gladke robove.<\/p>\n<p><img class=\"alignnone size-medium wp-image-16093 aligncenter\" src=\"https:\/\/slo.netclickshop.eu\/wp-content\/uploads\/2020\/03\/torta_3-500x500.jpg\" alt=\"\" width=\"500\" height=\"500\" srcset=\"https:\/\/netclickshop.eu\/slo\/wp-content\/uploads\/2020\/03\/torta_3-500x500.jpg 500w, https:\/\/netclickshop.eu\/slo\/wp-content\/uploads\/2020\/03\/torta_3-300x300.jpg 300w, https:\/\/netclickshop.eu\/slo\/wp-content\/uploads\/2020\/03\/torta_3-100x100.jpg 100w, https:\/\/netclickshop.eu\/slo\/wp-content\/uploads\/2020\/03\/torta_3-600x600.jpg 600w, https:\/\/netclickshop.eu\/slo\/wp-content\/uploads\/2020\/03\/torta_3-150x150.jpg 150w, https:\/\/netclickshop.eu\/slo\/wp-content\/uploads\/2020\/03\/torta_3-768x768.jpg 768w, https:\/\/netclickshop.eu\/slo\/wp-content\/uploads\/2020\/03\/torta_3-1024x1024.jpg 1024w, https:\/\/netclickshop.eu\/slo\/wp-content\/uploads\/2020\/03\/torta_3.jpg 1500w\" sizes=\"(max-width: 500px) 100vw, 500px\" \/><\/p>\n<h4 style=\"text-align: center;\">\ud83c\udf82 ENOSTAVNO BOSTE OBLIKOVALI \u010cUDOVITE TORTE \ud83c\udf82<\/h4>\n<p style=\"text-align: center;\">Gladilka je varna za pomivalni stroj, kljub temu pa priporo\u010damo ro\u010dno pranje.<\/p>\n<p><img class=\"alignnone size-medium wp-image-16094 aligncenter\" src=\"https:\/\/slo.netclickshop.eu\/wp-content\/uploads\/2020\/03\/torta_8-500x500.jpg\" alt=\"\" width=\"500\" height=\"500\" srcset=\"https:\/\/netclickshop.eu\/slo\/wp-content\/uploads\/2020\/03\/torta_8-500x500.jpg 500w, https:\/\/netclickshop.eu\/slo\/wp-content\/uploads\/2020\/03\/torta_8-300x300.jpg 300w, https:\/\/netclickshop.eu\/slo\/wp-content\/uploads\/2020\/03\/torta_8-100x100.jpg 100w, https:\/\/netclickshop.eu\/slo\/wp-content\/uploads\/2020\/03\/torta_8-600x600.jpg 600w, https:\/\/netclickshop.eu\/slo\/wp-content\/uploads\/2020\/03\/torta_8-150x150.jpg 150w, https:\/\/netclickshop.eu\/slo\/wp-content\/uploads\/2020\/03\/torta_8-768x768.jpg 768w, https:\/\/netclickshop.eu\/slo\/wp-content\/uploads\/2020\/03\/torta_8.jpg 1001w\" sizes=\"(max-width: 500px) 100vw, 500px\" \/><\/p>\n<p style=\"text-align: center;\">Idealna za masleno kremo, ganache, kraljevsko glazuro (Royal icing), smetano itd.<\/p>\n<p><img class=\"alignnone size-medium wp-image-16095 aligncenter\" src=\"https:\/\/slo.netclickshop.eu\/wp-content\/uploads\/2020\/03\/torta_mnenje_2-500x479.jpg\" alt=\"\" width=\"500\" height=\"479\" srcset=\"https:\/\/netclickshop.eu\/slo\/wp-content\/uploads\/2020\/03\/torta_mnenje_2-500x479.jpg 500w, https:\/\/netclickshop.eu\/slo\/wp-content\/uploads\/2020\/03\/torta_mnenje_2-416x399.jpg 416w, https:\/\/netclickshop.eu\/slo\/wp-content\/uploads\/2020\/03\/torta_mnenje_2.jpg 504w\" sizes=\"(max-width: 500px) 100vw, 500px\" \/><\/p>\n<p style=\"text-align: center;\">Ergonomsko oblikovana s \u0161irokim dnom, kar omogo\u010da enostavno uporabo.<\/p>\n<ul>\n<li style=\"text-align: center;\">Povr\u0161ina za strganje pribli\u017eno 22 cm x 12,5 cm<\/li>\n<\/ul>\n<p><img class=\"alignnone size-medium wp-image-16096 aligncenter\" src=\"https:\/\/slo.netclickshop.eu\/wp-content\/uploads\/2020\/03\/torta_10-500x500-1.jpg\" alt=\"\" width=\"500\" height=\"365\" \/><\/p>\n<p style=\"text-align: center;\">\ud83c\udf70 PRIMERNO ZA OBLIKOVANJE OKROGLIH IN KVADRATNIH TORT \ud83c\udf70<\/p>\n<p><img class=\"size-medium wp-image-16097 aligncenter\" src=\"https:\/\/slo.netclickshop.eu\/wp-content\/uploads\/2020\/03\/torta_5-500x500.jpg\" alt=\"\" width=\"500\" height=\"500\" srcset=\"https:\/\/netclickshop.eu\/slo\/wp-content\/uploads\/2020\/03\/torta_5-500x500.jpg 500w, https:\/\/netclickshop.eu\/slo\/wp-content\/uploads\/2020\/03\/torta_5-300x300.jpg 300w, https:\/\/netclickshop.eu\/slo\/wp-content\/uploads\/2020\/03\/torta_5-100x100.jpg 100w, https:\/\/netclickshop.eu\/slo\/wp-content\/uploads\/2020\/03\/torta_5-600x600.jpg 600w, https:\/\/netclickshop.eu\/slo\/wp-content\/uploads\/2020\/03\/torta_5-150x150.jpg 150w, https:\/\/netclickshop.eu\/slo\/wp-content\/uploads\/2020\/03\/torta_5-768x768.jpg 768w, https:\/\/netclickshop.eu\/slo\/wp-content\/uploads\/2020\/03\/torta_5-1024x1024.jpg 1024w, https:\/\/netclickshop.eu\/slo\/wp-content\/uploads\/2020\/03\/torta_5.jpg 1500w\" sizes=\"(max-width: 500px) 100vw, 500px\" \/><\/p>\n<h4 style=\"text-align: center;\">\ud83d\udc9a 100% varni nakup \ud83d\udc9a<\/h4>\n<h4 style=\"text-align: center;\">RADI PREBIRAMO VA\u0160E KOMENTARJE \ud83d\ude0d<\/h4>\n<p><img class=\"size-medium wp-image-15757 aligncenter\" src=\"https:\/\/slo.netclickshop.eu\/wp-content\/uploads\/2020\/03\/SLO-FB-mnenja.jpg\" alt=\"\" width=\"500\" height=\"1353\" \/><\/p>\n<h4 style=\"text-align: center;\">ZELO SMO VESELI VA\u0160IH SLIK \ud83d\ude0d<\/h4>\n<p>&nbsp;<\/p>\n<div style=\"width: 400px; height: 400px; margin-right: auto; margin-left: auto;\"><\/div>\n","protected":false},"excerpt":{"rendered":"<p>V PAKETU PREJMETE KAR 2 OBLIKOVALCA ZA TORTE! \ud83c\udf70 PRIPOMO\u010cEK ZA OBLIKOVANJE TORT \ud83c\udf70 Z na\u0161im pripomo\u010dkom za oblikovanje tort bo peka postala zabavnej\u0161a in polna veselja. Oblikovali boste lahko \u010dudovite torte kot pravi profesionalci v sla\u0161\u010di\u010darni. Ne glede na to ali pe\u010dete za dru\u017eino, znance ali izdelujete torte po naro\u010dilu, je ta dvojni obrezovalnik &hellip;<\/p>\n<p class=\"read-more\"> <a class=\"\" href=\"https:\/\/netclickshop.eu\/slo\/izdelek\/pripomocek-za-oblikovanje-tort\/\"> <span class=\"screen-reader-text\">Pripomo\u010dek za oblikovanje tort 1+1 GRATIS<\/span> Read More &raquo;<\/a><\/p>\n","protected":false},"featured_media":16098,"template":"","meta":[],"_links":{"self":[{"href":"https:\/\/netclickshop.eu\/slo\/wp-json\/wp\/v2\/product\/16090"}],"collection":[{"href":"https:\/\/netclickshop.eu\/slo\/wp-json\/wp\/v2\/product"}],"about":[{"href":"https:\/\/netclickshop.eu\/slo\/wp-json\/wp\/v2\/types\/product"}],"version-history":[{"count":1,"href":"https:\/\/netclickshop.eu\/slo\/wp-json\/wp\/v2\/product\/16090\/revisions"}],"predecessor-version":[{"id":36413,"href":"https:\/\/netclickshop.eu\/slo\/wp-json\/wp\/v2\/product\/16090\/revisions\/36413"}],"wp:featuredmedia":[{"embeddable":true,"href":"https:\/\/netclickshop.eu\/slo\/wp-json\/wp\/v2\/media\/16098"}],"wp:attachment":[{"href":"https:\/\/netclickshop.eu\/slo\/wp-json\/wp\/v2\/media?parent=16090"}],"curies":[{"name":"wp","href":"https:\/\/api.w.org\/{rel}","templated":true}]}}