{"id":16543,"date":"2020-03-26T09:40:43","date_gmt":"2020-03-26T09:40:43","guid":{"rendered":"https:\/\/slo.best4home.eu\/?post_type=product&#038;p=16543"},"modified":"2020-11-20T21:20:01","modified_gmt":"2020-11-20T21:20:01","slug":"nastavljivo-kozmeticno-ogledalo-z-lucko","status":"publish","type":"product","link":"https:\/\/netclickshop.eu\/slo\/izdelek\/nastavljivo-kozmeticno-ogledalo-z-lucko\/","title":{"rendered":"Nastavljivo kozmeti\u010dno ogledalo z lu\u010dko"},"content":{"rendered":"<h4 style=\"text-align: center;\">VAKUMSKO OGLEDALO &#8211; BREZ VRTANJA<\/h4>\n<p style=\"text-align: center;\">Nastavljivo kozmeti\u010dno ogledalo za vsako kopalnico. Pritrdite ga lahko na katerokoli horizontalno ali vertikalno povr\u0161ino in obra\u010date v katerokoli smer. Osvetljeno je s prijetno LED svetlobo za kristalno jasen pogled in natan\u010den nanos li\u010dil, britje ali depilacijo.<\/p>\n<p><img class=\"alignnone size-full wp-image-16553 aligncenter\" src=\"https:\/\/slo.netclickshop.eu\/wp-content\/uploads\/2020\/03\/ogledalo_gif_2.gif\" alt=\"\" width=\"480\" height=\"480\" \/><\/p>\n<h4 style=\"text-align: center;\">ENOSTAVNA NAMESTITEV BREZ VRTANJA ALI LEPLJENJA<\/h4>\n<p style=\"text-align: center;\">Pritrjevanje ogledal obi\u010dajno zahteva vrtanje ali lepljenje na va\u0161e dragocene plo\u0161\u010dice. Pozabite na nepotrebne posege, nastavljivo kozmeti\u010dno ogledalo boste pritrdili z velikim vakuumskim priseskom na katerokoli gladko povr\u0161ino \u2013 naj bo to ogledalo, komoda ali miza. V samo nekaj sekundah bo trdno na svojem mestu.<\/p>\n<p><img class=\"alignnone size-full wp-image-16553 aligncenter\" src=\"https:\/\/slo.netclickshop.eu\/wp-content\/uploads\/2020\/03\/ogledalo_gif.gif\" alt=\"\" width=\"480\" height=\"270\" \/><\/p>\n<h4 style=\"text-align: center;\">10 KRATNA POVE\u010cAVA<\/h4>\n<p style=\"text-align: center;\">Z <strong>nastavljivim kozmeti\u010dnim ogledalom boste videli vsako podrobnost<\/strong>, vsako dla\u010dico in poro, zato boste lahko poskrbeli za popolno urejen videz. Nanos li\u010dil, vstavljanje le\u010d in urejanje obrvi ali brade zahtevajo veliko natan\u010dnost in hitro lahko pride do napak, sploh s slabim ogledalom. S pomo\u010djo kozmeti\u010dnega ogledala in <strong>njegove 10-kratne pove\u010dave<\/strong> boste vse to lahko opravili brez te\u017eav.<\/p>\n<p><img class=\"alignnone size-medium wp-image-16551 aligncenter\" src=\"https:\/\/slo.netclickshop.eu\/wp-content\/uploads\/2020\/03\/ogledalo_slo1_6-500x480.jpg\" alt=\"\" width=\"500\" height=\"480\" \/><\/p>\n<h4 style=\"text-align: center;\">NASTAVLJIVA JAKOST LED SVETLOBE<\/h4>\n<p style=\"text-align: center;\">Ve\u010dina kopalni\u0161ke osvetlitve ni optimalna in poskrbi za neza\u017eelene sence ter izgled, ki je druga\u010den kot ob dnevni svetlobi. Zahvaljujo\u010d <strong>mehki LED svetlobi s tremi nastavitvami svetlosti<\/strong> bo va\u0161 obraz osvetljen enakomerno, zato boste lahko natan\u010dno nanesli li\u010dila, odstranili \u0161e najmanj\u0161e neza\u017eelene dla\u010dice ali pa uredili brado kot v salonu.<\/p>\n<p><img class=\"alignnone size-medium wp-image-16548 aligncenter\" src=\"https:\/\/slo.netclickshop.eu\/wp-content\/uploads\/2020\/03\/ogledalo_2-500x500.jpg\" alt=\"\" width=\"500\" height=\"500\" srcset=\"https:\/\/netclickshop.eu\/slo\/wp-content\/uploads\/2020\/03\/ogledalo_2-500x500.jpg 500w, https:\/\/netclickshop.eu\/slo\/wp-content\/uploads\/2020\/03\/ogledalo_2-300x300.jpg 300w, https:\/\/netclickshop.eu\/slo\/wp-content\/uploads\/2020\/03\/ogledalo_2-100x100.jpg 100w, https:\/\/netclickshop.eu\/slo\/wp-content\/uploads\/2020\/03\/ogledalo_2-600x600.jpg 600w, https:\/\/netclickshop.eu\/slo\/wp-content\/uploads\/2020\/03\/ogledalo_2-150x150.jpg 150w, https:\/\/netclickshop.eu\/slo\/wp-content\/uploads\/2020\/03\/ogledalo_2-768x768.jpg 768w, https:\/\/netclickshop.eu\/slo\/wp-content\/uploads\/2020\/03\/ogledalo_2.jpg 1001w\" sizes=\"(max-width: 500px) 100vw, 500px\" \/><\/p>\n<h4 style=\"text-align: center;\">POSTAVITEV OGLEDALA JE POPOLNOMA PRILAGODLJIVA<\/h4>\n<p style=\"text-align: center;\">Nastavljivo kozmeti\u010dno ogledalo z lu\u010dko je prilagodljivo in fleksibilno \u2013 premika se v vseh smereh, zato ga boste lahko postavili tako, kot vam najbolj ustreza. Mo\u010dno dr\u017ealo se prav tako premika v vse smeri, zato se vam ne bo treba ve\u010d sklanjati nad umivalnik ali obra\u010dati, da bi ujeli najbolj\u0161o svetlobo.<\/p>\n<p><img class=\"alignnone size-medium wp-image-16549 aligncenter\" src=\"https:\/\/slo.netclickshop.eu\/wp-content\/uploads\/2020\/03\/ogledalo_4a-500x500.jpg\" alt=\"\" width=\"500\" height=\"500\" \/><\/p>\n<h4 style=\"text-align: center;\">\ud83d\udc9a LASTNOSTI \ud83d\udc9a<\/h4>\n<p><img class=\"alignnone size-medium wp-image-16549 aligncenter\" src=\"https:\/\/slo.netclickshop.eu\/wp-content\/uploads\/2020\/03\/Ogledalo-slo.jpg\" alt=\"\" width=\"500\" height=\"340\" \/><\/p>\n<h4 style=\"text-align: center;\">ZELO SMO VESELI VA\u0160IH KOMENTARJEV \ud83d\ude0d<\/h4>\n<p><img class=\"alignnone size-full wp-image-16550 aligncenter\" src=\"https:\/\/slo.netclickshop.eu\/wp-content\/uploads\/2020\/03\/ogledalo-mnenja-SLO-500x2225.jpg\" alt=\"\" width=\"500\" height=\"2225\" \/><\/p>\n","protected":false},"excerpt":{"rendered":"<p>VAKUMSKO OGLEDALO &#8211; BREZ VRTANJA Nastavljivo kozmeti\u010dno ogledalo za vsako kopalnico. Pritrdite ga lahko na katerokoli horizontalno ali vertikalno povr\u0161ino in obra\u010date v katerokoli smer. Osvetljeno je s prijetno LED svetlobo za kristalno jasen pogled in natan\u010den nanos li\u010dil, britje ali depilacijo. ENOSTAVNA NAMESTITEV BREZ VRTANJA ALI LEPLJENJA Pritrjevanje ogledal obi\u010dajno zahteva vrtanje ali lepljenje &hellip;<\/p>\n<p class=\"read-more\"> <a class=\"\" href=\"https:\/\/netclickshop.eu\/slo\/izdelek\/nastavljivo-kozmeticno-ogledalo-z-lucko\/\"> <span class=\"screen-reader-text\">Nastavljivo kozmeti\u010dno ogledalo z lu\u010dko<\/span> Read More &raquo;<\/a><\/p>\n","protected":false},"featured_media":16951,"template":"","meta":[],"_links":{"self":[{"href":"https:\/\/netclickshop.eu\/slo\/wp-json\/wp\/v2\/product\/16543"}],"collection":[{"href":"https:\/\/netclickshop.eu\/slo\/wp-json\/wp\/v2\/product"}],"about":[{"href":"https:\/\/netclickshop.eu\/slo\/wp-json\/wp\/v2\/types\/product"}],"version-history":[{"count":0,"href":"https:\/\/netclickshop.eu\/slo\/wp-json\/wp\/v2\/product\/16543\/revisions"}],"wp:featuredmedia":[{"embeddable":true,"href":"https:\/\/netclickshop.eu\/slo\/wp-json\/wp\/v2\/media\/16951"}],"wp:attachment":[{"href":"https:\/\/netclickshop.eu\/slo\/wp-json\/wp\/v2\/media?parent=16543"}],"curies":[{"name":"wp","href":"https:\/\/api.w.org\/{rel}","templated":true}]}}