{"id":16970,"date":"2020-04-08T09:33:08","date_gmt":"2020-04-08T09:33:08","guid":{"rendered":"https:\/\/slo.best4home.eu\/?post_type=product&#038;p=16970"},"modified":"2020-09-26T14:20:30","modified_gmt":"2020-09-26T14:20:30","slug":"igralna-podloga-in-vreca-za-shranjevanje-igrac-2-v-1","status":"publish","type":"product","link":"https:\/\/netclickshop.eu\/slo\/izdelek\/igralna-podloga-in-vreca-za-shranjevanje-igrac-2-v-1\/","title":{"rendered":"Igralna podloga in vre\u010da za shranjevanje igra\u010d 2 v 1"},"content":{"rendered":"<h4 style=\"text-align: center;\">IGRALNA PODLOGA IN VRE\u010cA ZA SHRANJEVANJE IGRA\u010c V ENEM<\/h4>\n<p style=\"text-align: center;\">Ali je tudi pri vas kaos z igra\u010dami? Igra\u010de le\u017eijo vsepovsod naokrog in vedno znova pod posteljo, na tleh ali v ko\u0161ari od psa i\u0161\u010dete najljub\u0161e igra\u010de va\u0161ega otroka. Pospravljanje otro\u0161ke sobe\u00a0verjetno \u0161e nikdar doslej ni bilo tako enostavno kot bo z igralno podlogo in vre\u010do za shranjevanje igra\u010d.<\/p>\n<p><img class=\"aligncenter wp-image-16971 size-medium\" src=\"https:\/\/slo.netclickshop.eu\/wp-content\/uploads\/2020\/04\/Gif1.gif\" alt=\"\" width=\"400\" height=\"400\" \/><\/p>\n<p><img class=\"aligncenter wp-image-16971 size-medium\" src=\"https:\/\/slo.netclickshop.eu\/wp-content\/uploads\/2020\/04\/igralna_podloga_4-487x500.jpg\" alt=\"\" width=\"487\" height=\"500\" srcset=\"https:\/\/netclickshop.eu\/slo\/wp-content\/uploads\/2020\/04\/igralna_podloga_4-487x500.jpg 487w, https:\/\/netclickshop.eu\/slo\/wp-content\/uploads\/2020\/04\/igralna_podloga_4-600x616.jpg 600w, https:\/\/netclickshop.eu\/slo\/wp-content\/uploads\/2020\/04\/igralna_podloga_4-768x788.jpg 768w, https:\/\/netclickshop.eu\/slo\/wp-content\/uploads\/2020\/04\/igralna_podloga_4.jpg 928w\" sizes=\"(max-width: 487px) 100vw, 487px\" \/><\/p>\n<h4 style=\"text-align: center;\">PRAKTI\u010cNA IN ENOSTAVNA UPORABA<\/h4>\n<p style=\"text-align: center;\">Izdelek \u00a0je odli\u010dna re\u0161itev, da bodo\u00a0Lego kocke in ostale igra\u010dke va\u0161ega mal\u010dka\u00a0vedno pospravljene in na enem mestu.\u00a0Vre\u010da za igra\u010de\u00a0je\u00a0vedno pri roki\u00a0in\u00a0pripravljena na pot. \u010ce greste na\u00a0obisk k starim star\u0161em,\u00a0prijateljem\u00a0ali pa bi se le\u00a0radi preselili v sosednjo sobo.<\/p>\n<p><img class=\"aligncenter wp-image-16972 size-medium\" src=\"https:\/\/slo.netclickshop.eu\/wp-content\/uploads\/2020\/04\/igralna_podloga_2-500x500.jpg\" alt=\"\" width=\"500\" height=\"500\" srcset=\"https:\/\/netclickshop.eu\/slo\/wp-content\/uploads\/2020\/04\/igralna_podloga_2-500x500.jpg 500w, https:\/\/netclickshop.eu\/slo\/wp-content\/uploads\/2020\/04\/igralna_podloga_2-300x300.jpg 300w, https:\/\/netclickshop.eu\/slo\/wp-content\/uploads\/2020\/04\/igralna_podloga_2-100x100.jpg 100w, https:\/\/netclickshop.eu\/slo\/wp-content\/uploads\/2020\/04\/igralna_podloga_2-600x600.jpg 600w, https:\/\/netclickshop.eu\/slo\/wp-content\/uploads\/2020\/04\/igralna_podloga_2-150x150.jpg 150w, https:\/\/netclickshop.eu\/slo\/wp-content\/uploads\/2020\/04\/igralna_podloga_2-768x768.jpg 768w, https:\/\/netclickshop.eu\/slo\/wp-content\/uploads\/2020\/04\/igralna_podloga_2.jpg 800w\" sizes=\"(max-width: 500px) 100vw, 500px\" \/><\/p>\n<h4 style=\"text-align: center;\">SVOBODA PRI IGRI<\/h4>\n<p style=\"text-align: center;\">Izdelek zdru\u017euje vso uporabnost igralne podlage in priro\u010dnost vre\u010de za shranjevanje igra\u010d v enem, poleg tega pa vam poenostavi opravilo pospravljanja raztresenih malih igra\u010d in njihovih delcev. Pustite otrokom, da se nemoteno in svobodno igrajo s svojimi kockami, lutkami, flumastri, vo\u0161\u010denkami, avtomobil\u010dki in vsemi ostalimi igra\u010dami, zaradi katerih je bil tak nered, da so vam v\u010dasih stale kocine pokonci.<\/p>\n<p><img class=\"alignnone size-full wp-image-16978 aligncenter\" src=\"https:\/\/slo.netclickshop.eu\/wp-content\/uploads\/2020\/04\/igralna_podloga_gif.gif\" alt=\"\" width=\"400\" height=\"400\" \/><\/p>\n<h4 style=\"text-align: center;\">UREJENI PROSTORI IN ZADOVOLJNI OTROCI<\/h4>\n<p style=\"text-align: center;\">Hitro, enostavno in zabavno do pospravljenega stanovanja! Izdelek je zaradi univerzalne in estetske oblike primerna za vsak prostor.\u00a0 Kvalitetna izdelava in zdravju prijazni materiali zagotavljajo, da se bodo va\u0161i otroci \u0161e dolgo in varno igrali na podlagi.<\/p>\n<p><img class=\"alignnone size-medium wp-image-16974 aligncenter\" src=\"https:\/\/slo.netclickshop.eu\/wp-content\/uploads\/2020\/04\/igralna_podloga-500x500.jpg\" alt=\"\" width=\"500\" height=\"500\" srcset=\"https:\/\/netclickshop.eu\/slo\/wp-content\/uploads\/2020\/04\/igralna_podloga-500x500.jpg 500w, https:\/\/netclickshop.eu\/slo\/wp-content\/uploads\/2020\/04\/igralna_podloga-300x300.jpg 300w, https:\/\/netclickshop.eu\/slo\/wp-content\/uploads\/2020\/04\/igralna_podloga-100x100.jpg 100w, https:\/\/netclickshop.eu\/slo\/wp-content\/uploads\/2020\/04\/igralna_podloga-600x600.jpg 600w, https:\/\/netclickshop.eu\/slo\/wp-content\/uploads\/2020\/04\/igralna_podloga-150x150.jpg 150w, https:\/\/netclickshop.eu\/slo\/wp-content\/uploads\/2020\/04\/igralna_podloga-768x768.jpg 768w, https:\/\/netclickshop.eu\/slo\/wp-content\/uploads\/2020\/04\/igralna_podloga.jpg 800w\" sizes=\"(max-width: 500px) 100vw, 500px\" \/><\/p>\n<p style=\"text-align: center;\">Vre\u010da za shranjevanje igra\u010d in igralna podlaga je\u00a0<strong>enostavna in u\u010dinkovita re\u0161itev.<\/strong>\u00a0Vanjo lahko shranite avtomobil\u010dke, kocke, pun\u010dke in druge igra\u010de.\u00a0<strong>Vre\u010da je hkrati tudi igralna podlaga<\/strong>. Vre\u010da vas bo spremljala povsod, na pla\u017ei, po\u010ditnicah, izletih ali na obisku pri starih star\u0161ih.<\/p>\n<p><img class=\"alignnone size-medium wp-image-16975 aligncenter\" src=\"https:\/\/slo.netclickshop.eu\/wp-content\/uploads\/2020\/04\/igralna_podloga_7-500x317.png\" alt=\"\" width=\"500\" height=\"317\" srcset=\"https:\/\/netclickshop.eu\/slo\/wp-content\/uploads\/2020\/04\/igralna_podloga_7-500x317.png 500w, https:\/\/netclickshop.eu\/slo\/wp-content\/uploads\/2020\/04\/igralna_podloga_7-600x380.png 600w, https:\/\/netclickshop.eu\/slo\/wp-content\/uploads\/2020\/04\/igralna_podloga_7.png 622w\" sizes=\"(max-width: 500px) 100vw, 500px\" \/><\/p>\n<p style=\"text-align: center;\">Vre\u010da je zelo trpe\u017eno zasnovana, izdelana iz najbolj\u00a0<strong>kakovostnega bomba\u017ea<\/strong>, ki je skladno s standardi prijazen do okolja.<\/p>\n<p style=\"text-align: center;\">Velikost: <strong>premer 140 cm<\/strong><\/p>\n<p style=\"text-align: center;\">Barva: <strong>modra<\/strong><\/p>\n<p><img class=\"alignnone size-medium wp-image-16976 aligncenter\" src=\"https:\/\/slo.netclickshop.eu\/wp-content\/uploads\/2020\/04\/igralna_podloga_6-500x332.png\" alt=\"\" width=\"500\" height=\"332\" srcset=\"https:\/\/netclickshop.eu\/slo\/wp-content\/uploads\/2020\/04\/igralna_podloga_6-500x332.png 500w, https:\/\/netclickshop.eu\/slo\/wp-content\/uploads\/2020\/04\/igralna_podloga_6-416x276.png 416w, https:\/\/netclickshop.eu\/slo\/wp-content\/uploads\/2020\/04\/igralna_podloga_6.png 600w\" sizes=\"(max-width: 500px) 100vw, 500px\" \/><\/p>\n","protected":false},"excerpt":{"rendered":"<p>IGRALNA PODLOGA IN VRE\u010cA ZA SHRANJEVANJE IGRA\u010c V ENEM Ali je tudi pri vas kaos z igra\u010dami? Igra\u010de le\u017eijo vsepovsod naokrog in vedno znova pod posteljo, na tleh ali v ko\u0161ari od psa i\u0161\u010dete najljub\u0161e igra\u010de va\u0161ega otroka. Pospravljanje otro\u0161ke sobe\u00a0verjetno \u0161e nikdar doslej ni bilo tako enostavno kot bo z igralno podlogo in vre\u010do &hellip;<\/p>\n<p class=\"read-more\"> <a class=\"\" href=\"https:\/\/netclickshop.eu\/slo\/izdelek\/igralna-podloga-in-vreca-za-shranjevanje-igrac-2-v-1\/\"> <span class=\"screen-reader-text\">Igralna podloga in vre\u010da za shranjevanje igra\u010d 2 v 1<\/span> Read More &raquo;<\/a><\/p>\n","protected":false},"featured_media":16971,"template":"","meta":[],"_links":{"self":[{"href":"https:\/\/netclickshop.eu\/slo\/wp-json\/wp\/v2\/product\/16970"}],"collection":[{"href":"https:\/\/netclickshop.eu\/slo\/wp-json\/wp\/v2\/product"}],"about":[{"href":"https:\/\/netclickshop.eu\/slo\/wp-json\/wp\/v2\/types\/product"}],"version-history":[{"count":0,"href":"https:\/\/netclickshop.eu\/slo\/wp-json\/wp\/v2\/product\/16970\/revisions"}],"wp:featuredmedia":[{"embeddable":true,"href":"https:\/\/netclickshop.eu\/slo\/wp-json\/wp\/v2\/media\/16971"}],"wp:attachment":[{"href":"https:\/\/netclickshop.eu\/slo\/wp-json\/wp\/v2\/media?parent=16970"}],"curies":[{"name":"wp","href":"https:\/\/api.w.org\/{rel}","templated":true}]}}