{"id":17455,"date":"2020-04-26T10:23:10","date_gmt":"2020-04-26T10:23:10","guid":{"rendered":"https:\/\/slo.best4home.eu\/?post_type=product&#038;p=17455"},"modified":"2021-09-06T09:48:53","modified_gmt":"2021-09-06T09:48:53","slug":"sonicna-narava-za-ciscenje-obraza","status":"publish","type":"product","link":"https:\/\/netclickshop.eu\/slo\/izdelek\/sonicna-narava-za-ciscenje-obraza\/","title":{"rendered":"Soni\u010dna naprava za \u010di\u0161\u010denje obraza 1+1 GRATIS"},"content":{"rendered":"<h4 style=\"text-align: center;\">V PAKETU PREJMETE KAR 2 NAPRAVI!<\/h4>\n<h4 style=\"text-align: center;\">NE\u010cISTO\u010cA NA OBRAZU<\/h4>\n<p style=\"text-align: center;\">Na na\u0161em obrazu se dnevno nabere ne\u010disto\u010da, zaradi katere nastajajo mozolji, ogrci in razni izpu\u0161\u010daji. Z odli\u010dno soni\u010dno napravo lahko vso ne\u010disto\u010do ne\u017eno odstranite in va\u0161a ko\u017ea bo spet sijala.<\/p>\n<p><img class=\"aligncenter wp-image-17459 size-full\" src=\"https:\/\/slo.netclickshop.eu\/wp-content\/uploads\/2020\/04\/gif-skin-sonic.gif\" alt=\"\" width=\"398\" height=\"224\" \/><\/p>\n<h4 style=\"text-align: center;\">NA ENOSTAVEN NA\u010cIN DO LEPE IN SIJO\u010cE KO\u017dE<\/h4>\n<p style=\"text-align: center;\">\u010ce \u017eelite o\u010distiti va\u0161 obraz na inovativen in 100% u\u010dinkovit na\u010din, s pomo\u010djo soni\u010dnih pulzacij, potem enostavno morate uporabiti ljubko in kompaktno napravo za soni\u010dno \u010di\u0161\u010denje obraza. Silikonska vlakna vam bodo pomagala ne\u017eno odstraniti umazanijo in odmrle ko\u017ene celice.<\/p>\n<p><img class=\"aligncenter wp-image-17459 size-full\" src=\"https:\/\/slo.netclickshop.eu\/wp-content\/uploads\/2020\/04\/sonic-1.jpg\" alt=\"\" width=\"400\" height=\"483\" \/><\/p>\n<h4 style=\"text-align: center;\">DO GLADKE KO\u017dE V SAMO 1 MINUTI!<\/h4>\n<p style=\"text-align: center;\">Se spra\u0161ujete, \u010de je to sploh mo\u017eno? Seveda JE! Povsem preprosto na va\u0161 obraz nanesite va\u0161o kremo za \u010di\u0161\u010denje, navla\u017eite va\u0161o soni\u010dno napravo in aktivirajte na\u010din \u010di\u0161\u010denja. Napravo ne\u017eno premikajte s kro\u017enimi gibi po obrazu 1 minuto. Izperite in posu\u0161ite obraz.<\/p>\n<p><img class=\"alignnone size-full wp-image-17463 aligncenter\" src=\"https:\/\/slo.netclickshop.eu\/wp-content\/uploads\/2020\/04\/sonic_gif_4.gif\" alt=\"\" width=\"360\" height=\"360\" \/><\/p>\n<h4 style=\"text-align: center;\">NAPRAVA JE PRIMERNA ZA VSAK TIP KO\u017dE<\/h4>\n<p style=\"text-align: center;\">Soni\u010dna naprava je dvoconska, kar pomeni, da je primerna za vse tipe ko\u017ee. Ne\u017enej\u0161e doti\u010dne to\u010dke so namenjene \u010di\u0161\u010denju ob\u010dutljivej\u0161e in normalne ko\u017ee na podro\u010djih lica in \u010dela, debelej\u0161a silikonska vlakna pa so namenjena globinskemu in preciznej\u0161emu \u010di\u0161\u010denju obraza.<\/p>\n<p><img class=\"alignnone size-medium wp-image-17457 aligncenter\" src=\"https:\/\/slo.netclickshop.eu\/wp-content\/uploads\/2020\/04\/scetine-slo.jpg\" alt=\"\" width=\"500\" height=\"500\" \/><\/p>\n<p style=\"text-align: center;\">Mehke \u0161\u010detine ne\u017eno o\u010distijo ko\u017eo.<\/p>\n<p><img class=\"aligncenter wp-image-17459 size-full\" src=\"https:\/\/slo.netclickshop.eu\/wp-content\/uploads\/2020\/04\/sonic_gif_2-1.gif\" alt=\"\" width=\"400\" height=\"400\" \/><\/p>\n<h4 style=\"text-align: center;\">POSKRBITE ZA KO\u017dO BREZ MOZOLJEV<\/h4>\n<p style=\"text-align: center;\">Bakterije, ki se \u010dez dan naberejo na obrazu, so popolno okolje za nastanek mozoljev in mastne ko\u017ee.<\/p>\n<p style=\"text-align: center;\">Z uporabo soni\u010dne naprave se boste od svojih te\u017eav poslovili.<\/p>\n<p><img class=\"alignnone size-medium wp-image-17457 aligncenter\" src=\"https:\/\/slo.netclickshop.eu\/wp-content\/uploads\/2020\/04\/koza-sonic1-slo.jpg\" alt=\"\" width=\"500\" height=\"442\" \/><\/p>\n<h4 style=\"text-align: center;\">NEKAJ DEJSTEV O NAPRAVI<\/h4>\n<p style=\"text-align: center;\">Soni\u010dne \u0161\u010detke za obraz sodijo med <strong>naj\u010distej\u0161e pripomo\u010dke za \u010di\u0161\u010denje<\/strong> in nego ko\u017ee in so bolj higieni\u010dne kot klasi\u010dne obrazne \u0161\u010detke.<\/p>\n<ul>\n<li style=\"text-align: center;\">97% poglobljeno \u010di\u0161\u010denje ko\u017ee<\/li>\n<li style=\"text-align: center;\">97% bolj gladka ko\u017ea<\/li>\n<li style=\"text-align: center;\">O\u010disti ko\u017eo in odstrani 99.5% umazanij in ostankov li\u010dil<\/li>\n<li style=\"text-align: center;\">Odstrani odmrle ko\u017ene celice in izbolj\u0161a absorpcijo izdelkov za nego ko\u017ee<\/li>\n<\/ul>\n<p><img class=\"size-medium wp-image-17483 aligncenter\" src=\"https:\/\/slo.netclickshop.eu\/wp-content\/uploads\/2020\/04\/sonic_7-459x500.jpg\" alt=\"\" width=\"459\" height=\"500\" srcset=\"https:\/\/netclickshop.eu\/slo\/wp-content\/uploads\/2020\/04\/sonic_7-459x500.jpg 459w, https:\/\/netclickshop.eu\/slo\/wp-content\/uploads\/2020\/04\/sonic_7-600x654.jpg 600w, https:\/\/netclickshop.eu\/slo\/wp-content\/uploads\/2020\/04\/sonic_7-768x837.jpg 768w, https:\/\/netclickshop.eu\/slo\/wp-content\/uploads\/2020\/04\/sonic_7-939x1024.jpg 939w, https:\/\/netclickshop.eu\/slo\/wp-content\/uploads\/2020\/04\/sonic_7.jpg 1000w\" sizes=\"(max-width: 459px) 100vw, 459px\" \/><\/p>\n<h4 style=\"text-align: center;\">\ud83d\udc9a HVALA ZA ZAUPANJE \ud83d\udc9a<\/h4>\n<p><img class=\"aligncenter wp-image-16682 size-medium\" src=\"https:\/\/slo.netclickshop.eu\/wp-content\/uploads\/2019\/10\/best-seller.jpg\" alt=\"\" width=\"504\" height=\"334\" \/><\/p>\n<h4 style=\"text-align: center;\">ZELO SMO VESELI VA\u0160IH MNENJ \ud83d\ude42<\/h4>\n<p><img class=\"alignnone size-medium wp-image-14008 aligncenter\" src=\"https:\/\/slo.netclickshop.eu\/wp-content\/uploads\/2020\/04\/soni-SLO-500x1160.jpg\" alt=\"\" width=\"500\" height=\"1160\" \/><\/p>\n","protected":false},"excerpt":{"rendered":"<p>V PAKETU PREJMETE KAR 2 NAPRAVI! NE\u010cISTO\u010cA NA OBRAZU Na na\u0161em obrazu se dnevno nabere ne\u010disto\u010da, zaradi katere nastajajo mozolji, ogrci in razni izpu\u0161\u010daji. Z odli\u010dno soni\u010dno napravo lahko vso ne\u010disto\u010do ne\u017eno odstranite in va\u0161a ko\u017ea bo spet sijala. NA ENOSTAVEN NA\u010cIN DO LEPE IN SIJO\u010cE KO\u017dE \u010ce \u017eelite o\u010distiti va\u0161 obraz na inovativen in &hellip;<\/p>\n<p class=\"read-more\"> <a class=\"\" href=\"https:\/\/netclickshop.eu\/slo\/izdelek\/sonicna-narava-za-ciscenje-obraza\/\"> <span class=\"screen-reader-text\">Soni\u010dna naprava za \u010di\u0161\u010denje obraza 1+1 GRATIS<\/span> Read More &raquo;<\/a><\/p>\n","protected":false},"featured_media":17542,"template":"","meta":[],"_links":{"self":[{"href":"https:\/\/netclickshop.eu\/slo\/wp-json\/wp\/v2\/product\/17455"}],"collection":[{"href":"https:\/\/netclickshop.eu\/slo\/wp-json\/wp\/v2\/product"}],"about":[{"href":"https:\/\/netclickshop.eu\/slo\/wp-json\/wp\/v2\/types\/product"}],"version-history":[{"count":1,"href":"https:\/\/netclickshop.eu\/slo\/wp-json\/wp\/v2\/product\/17455\/revisions"}],"predecessor-version":[{"id":36410,"href":"https:\/\/netclickshop.eu\/slo\/wp-json\/wp\/v2\/product\/17455\/revisions\/36410"}],"wp:featuredmedia":[{"embeddable":true,"href":"https:\/\/netclickshop.eu\/slo\/wp-json\/wp\/v2\/media\/17542"}],"wp:attachment":[{"href":"https:\/\/netclickshop.eu\/slo\/wp-json\/wp\/v2\/media?parent=17455"}],"curies":[{"name":"wp","href":"https:\/\/api.w.org\/{rel}","templated":true}]}}