{"id":17464,"date":"2020-04-26T11:14:18","date_gmt":"2020-04-26T11:14:18","guid":{"rendered":"https:\/\/slo.best4home.eu\/?post_type=product&#038;p=17464"},"modified":"2021-09-06T09:46:37","modified_gmt":"2021-09-06T09:46:37","slug":"losjon-za-porjavitev-telesa-brazilian-body","status":"publish","type":"product","link":"https:\/\/netclickshop.eu\/slo\/izdelek\/losjon-za-porjavitev-telesa-brazilian-body\/","title":{"rendered":"Samoporjavitveni losjon Brazilian Body 1+1 GRATIS"},"content":{"rendered":"<h4 style=\"text-align: center;\">V PAKETU PREJMETE KAR 2 LOSJONA!<\/h4>\n<h4 style=\"text-align: center;\">ZAPELJIVA PORJAVELA POLT BREZ \u0160KODLJIVEGA SON\u010cENJA<\/h4>\n<p style=\"text-align: center;\">Losjon Brazilian Body bo poskrbel pridobitev zagorele polti \u2013 ne glede na tip ko\u017ee. Z vsakodnevno uporabo losjona namesto va\u0161e vla\u017eilne kreme, boste postopoma rjaveli kar v udobju va\u0161ega doma &#8211; BEZ \u0161kodljivega son\u010denja! Formula losjona temelji na kombinaciji inovativnega sistema za porjavitev Golden Tan. Daje naraven in dolgotrajen postopen u\u010dinek porjavelosti, intenzivno vla\u017ei in <strong>ne pu\u0161\u010da made\u017eev in oran\u017ene podlage<\/strong>.<\/p>\n<p><img class=\"alignnone size-medium wp-image-17468 aligncenter\" src=\"https:\/\/slo.netclickshop.eu\/wp-content\/uploads\/2020\/04\/1320-smalllosjon1.jpg\" alt=\"\" width=\"400\" height=\"475\" \/><br \/>\n<img class=\"alignnone size-medium wp-image-17468 aligncenter\" src=\"https:\/\/slo.netclickshop.eu\/wp-content\/uploads\/2020\/04\/mnenjaZg-SLO-505x115.jpg\" alt=\"\" width=\"505\" height=\"115\" \/><br \/>\n<img class=\"alignnone size-medium wp-image-17468 aligncenter\" src=\"https:\/\/slo.netclickshop.eu\/wp-content\/uploads\/2020\/04\/fb-mnenje-NE\u0160E2.jpg\" alt=\"\" width=\"505\" height=\"105\" \/><\/p>\n<h4 style=\"text-align: center;\">Na\u0161 najbolj prodajan samoporjavitveni losjon Brazilian Body vam zagotavlja popolno naravno porjavelost ne glede na tip ko\u017ee, obenem pa hidrira in neguje va\u0161o ko\u017eo.<\/h4>\n<p style=\"text-align: center;\">\u2714 Ne povzro\u010da made\u017eev ali oran\u017ene podlage na telesu<br \/>\n\u2714 Odli\u010den za vse tipe ko\u017ee<br \/>\n\u2714 Hitro se vpije v ko\u017eo<br \/>\n\u2714 <strong>Ne pu\u0161\u010da made\u017eev na obleki<\/strong><br \/>\n\u2714 Spira se po\u010dasi in enakomerno<br \/>\n\u2714 Hidrira, neguje in <strong>nebe\u0161ko di\u0161i<\/strong><br \/>\n\u2714 200 ml<\/p>\n<p><img class=\"alignnone size-medium wp-image-17468 aligncenter\" src=\"https:\/\/slo.netclickshop.eu\/wp-content\/uploads\/2020\/04\/fb-mnenje-SLO.png\" alt=\"\" width=\"500\" height=\"169\" \/><\/p>\n<p><img class=\"alignnone size-medium wp-image-17469 aligncenter\" src=\"https:\/\/slo.netclickshop.eu\/wp-content\/uploads\/2020\/04\/sestav-slo.jpg\" alt=\"\" width=\"500\" height=\"530\" \/><\/p>\n<p style=\"text-align: center;\"><strong>Kompleks Golden Tan<\/strong> &#8211; temelji na naravnih bronastih sestavinah, zahvaljujo\u010d temu pa zagotavlja popoln naravni ten s prijetnim vonjem.<\/p>\n<p style=\"text-align: center;\"><strong>Kokosovo olje<\/strong> &#8211; dolgotrajno hidrira, meh\u010da in pomlajuje ko\u017eo.<\/p>\n<p style=\"text-align: center;\"><strong>Brazilsko olje<\/strong> &#8211; ko\u017eo globoko navla\u017ei in jo iz\u017eareva.<\/p>\n<p style=\"text-align: center;\"><strong>Kakavovo maslo<\/strong> &#8211; u\u010dinkovito obnavlja in ko\u017ei doda \u017eametno mehkobo.<\/p>\n<p><img class=\"alignnone size-medium wp-image-14008 aligncenter\" src=\"https:\/\/slo.netclickshop.eu\/wp-content\/uploads\/2020\/04\/fb-mnenje-sp2a.jpg\" alt=\"\" width=\"502\" height=\"206\" \/><\/p>\n<h4 style=\"text-align: center;\">Primerno za <b>VSE tipe ko\u017ee! <\/b>Kon\u010dno imamo lahko <b>VSI zagoret videz<\/b> brez \u0161kodljivega son\u010denja! \ud83d\ude0d<\/h4>\n<p><img class=\"aligncenter wp-image-17466 size-medium\" src=\"https:\/\/slo.netclickshop.eu\/wp-content\/uploads\/2020\/04\/ACS_0245-281x500.jpg\" alt=\"\" width=\"281\" height=\"500\" srcset=\"https:\/\/netclickshop.eu\/slo\/wp-content\/uploads\/2020\/04\/ACS_0245-281x500.jpg 281w, https:\/\/netclickshop.eu\/slo\/wp-content\/uploads\/2020\/04\/ACS_0245-600x1067.jpg 600w, https:\/\/netclickshop.eu\/slo\/wp-content\/uploads\/2020\/04\/ACS_0245-576x1024.jpg 576w, https:\/\/netclickshop.eu\/slo\/wp-content\/uploads\/2020\/04\/ACS_0245.jpg 750w\" sizes=\"(max-width: 281px) 100vw, 281px\" \/><br \/>\n<img class=\"alignnone size-medium wp-image-14008 aligncenter\" src=\"https:\/\/slo.netclickshop.eu\/wp-content\/uploads\/2020\/04\/fb-mnenje-sp3.jpg\" alt=\"\" width=\"500\" height=\"197\" \/><\/p>\n<p style=\"text-align: center;\"><strong>UPORABA IN NANOS LOSJONA:<\/strong><\/p>\n<p style=\"text-align: center;\"><span class=\"tlid-translation translation\" lang=\"sl\">Samoporjavitveni losjon Brazilian Body nanesite v tanki plasti in vtrite. Ker gre za losjon in ne agresivno kremo, rokavic ne potrebujete. <strong>Po uporabi pa si umijte roke, kot pri uporabi katere koli druge kreme.<\/strong><\/span><\/p>\n<p style=\"text-align: center;\">U\u010dinek porjavenja postopoma nara\u0161\u010da z dnevi uporabe in tako va\u0161a ko\u017ea na naraven na\u010din rjavi, brez agresivnega barvanja ko\u017ee, kot pri drugih samoporjavitvenih kremah. Losjon Brazilian Body shranjujte pri sobni temperaturi in ne izpostavljajte neposredni son\u010dni svetlobi.<\/p>\n<p style=\"text-align: center;\"><strong>Losjon lahko nanesete kadarkoli, najbolje pa po tu\u0161iranju. Glede na to, da zelo lepo di\u0161i, ga lahko nanesete tudi zjutraj in boste prijetno di\u0161ali \u010dez dan. Gre za losjon, ki postopoma rjavi va\u0161o ko\u017eo, hkrati pa ima tudi negovalne u\u010dinke. Res poudarjamo, da ne gre za kak\u0161no agresivno kremo, kjer je potrebna previdna uporaba, ampak ga lahko uporabljate kot vsako negovalno kremo, samo da vam ta hkrati \u0161e doda \u010dudovit porjavitveni u\u010dinek \ud83d\ude42<\/strong><\/p>\n<p><img class=\"alignnone size-medium wp-image-17467 aligncenter\" src=\"https:\/\/slo.netclickshop.eu\/wp-content\/uploads\/2020\/04\/brazilian_2-500x333.jpg\" alt=\"\" width=\"500\" height=\"333\" srcset=\"https:\/\/netclickshop.eu\/slo\/wp-content\/uploads\/2020\/04\/brazilian_2-500x333.jpg 500w, https:\/\/netclickshop.eu\/slo\/wp-content\/uploads\/2020\/04\/brazilian_2-600x400.jpg 600w, https:\/\/netclickshop.eu\/slo\/wp-content\/uploads\/2020\/04\/brazilian_2-768x512.jpg 768w, https:\/\/netclickshop.eu\/slo\/wp-content\/uploads\/2020\/04\/brazilian_2.jpg 1024w\" sizes=\"(max-width: 500px) 100vw, 500px\" \/><\/p>\n<p style=\"text-align: center;\">ODLI\u010cNI REZULTATI NA\u0160IH UPORABNIC \ud83d\ude0d<\/p>\n<p><img class=\"alignnone size-medium wp-image-17468 aligncenter\" src=\"https:\/\/slo.netclickshop.eu\/wp-content\/uploads\/2020\/04\/Sara-mnenje-508x140.jpg\" alt=\"\" width=\"508\" height=\"140\" \/><br \/>\n<img class=\"alignnone size-medium wp-image-17468 aligncenter\" src=\"https:\/\/slo.netclickshop.eu\/wp-content\/uploads\/2020\/04\/mnenjaZg2-SLO-505x100.jpg\" alt=\"\" width=\"505\" height=\"100\" \/><br \/>\n<img class=\"alignnone size-medium wp-image-17465 aligncenter\" src=\"https:\/\/slo.netclickshop.eu\/wp-content\/uploads\/2020\/04\/prej-potem.jpg\" alt=\"\" width=\"500\" height=\"773\" \/><\/p>\n<h4 style=\"text-align: center;\">Na kaj morate biti pozorni pri nakupu izdelka za hitrej\u0161o porjavitev?<\/h4>\n<p style=\"text-align: center;\">\u010ce kupujete izdelek za hitrej\u0161o porjavitev se <strong>izogibajte izdelkom, ki vsebujejo naftne derivate<\/strong>. To so vazelin, teko\u010di parafin in ostale sestavine, ki se skrivajo za imeni\u00a0<em>Vaselinum, Petrolatum, Parafinum liquidum, Petroleum \u2026<\/em><\/p>\n<p style=\"text-align: center;\"><strong>Naftni derivati<\/strong> velikokrat predstavljajo <strong>ve\u010d kot polovico celotne kreme<\/strong>! V na\u0161em losjonu jih <strong>NI!<\/strong><\/p>\n<p style=\"text-align: center;\">Njihov u\u010dinek na ko\u017ei pa<strong> ni<\/strong> ni\u010d kaj <strong>dobrodo\u0161el<\/strong>, saj <strong>ko\u017eo le zaprejo<\/strong> (naredijo neprepustno) in je ne \u00bbnahranijo\u00ab, saj <strong>ne vsebujejo<\/strong> ko\u017ei uporabnih <strong>hranil<\/strong>. Na\u0161 losjon je zato \u0161e posebej prijazen do ko\u017ee in na\u0161ega telesa \ud83d\ude42<\/p>\n<p><img class=\"alignnone size-medium wp-image-17468 aligncenter\" src=\"https:\/\/slo.netclickshop.eu\/wp-content\/uploads\/2020\/04\/fb-mnenje-sp2b-510x168.jpg\" alt=\"\" width=\"510\" height=\"168\" \/><\/p>\n<p><img class=\"alignnone size-medium wp-image-17468 aligncenter\" src=\"https:\/\/slo.netclickshop.eu\/wp-content\/uploads\/2020\/04\/u3.jpg\" alt=\"\" width=\"500\" height=\"530\" \/><\/p>\n<h4 style=\"text-align: center;\">Ustvarjeno iz <b>najbolj\u0161ih<\/b> sestavin, <b>ni testirano na \u017eivalih<\/b>! \ud83d\udc30<\/h4>\n<p>&nbsp;<\/p>\n<h4 style=\"text-align: center;\">\ud83d\udc9a 100% VARNI NAKUP \ud83d\udc9a<\/h4>\n<h4 style=\"text-align: center;\">RADI PREBIRAMO VA\u0160E KOMENTARJE \ud83d\ude0d<\/h4>\n<p><img class=\"alignnone size-medium wp-image-14008 aligncenter\" src=\"https:\/\/slo.netclickshop.eu\/wp-content\/uploads\/2020\/04\/fb-mnenje-sp4-505x99.jpg\" alt=\"\" width=\"505\" height=\"99\" \/><br \/>\n<img class=\"alignnone size-medium wp-image-14008 aligncenter\" src=\"https:\/\/slo.netclickshop.eu\/wp-content\/uploads\/2020\/04\/fb-mnenje-SLO-sp.png\" alt=\"\" width=\"500\" height=\"321\" \/><br \/>\n<img class=\"alignnone size-medium wp-image-14008 aligncenter\" src=\"https:\/\/slo.netclickshop.eu\/wp-content\/uploads\/2020\/04\/Fb-mnenja-spodaj-500-582.jpg\" alt=\"\" width=\"500\" height=\"582\" \/><br \/>\n<img class=\"alignnone size-medium wp-image-14008 aligncenter\" src=\"https:\/\/slo.netclickshop.eu\/wp-content\/uploads\/2020\/04\/fb-mnenje-sp4.jpg\" alt=\"\" width=\"510\" height=\"253\" \/><br \/>\n<img class=\"alignnone size-medium wp-image-17468 aligncenter\" src=\"https:\/\/slo.netclickshop.eu\/wp-content\/uploads\/2020\/04\/FB-mnenje-SLO2.png\" alt=\"\" width=\"504\" height=\"86\" \/><br \/>\n<img class=\"alignnone size-medium wp-image-17468 aligncenter\" src=\"https:\/\/slo.netclickshop.eu\/wp-content\/uploads\/2020\/04\/fb-mnenje-sp5-557x286.jpg\" alt=\"\" width=\"557\" height=\"286\" \/><br \/>\n<img class=\"alignnone size-medium wp-image-17468 aligncenter\" src=\"https:\/\/slo.netclickshop.eu\/wp-content\/uploads\/2020\/04\/fb-mnenje-sp-use-507x176.png\" alt=\"\" width=\"507\" height=\"176\" \/><\/p>\n<h4 style=\"text-align: center;\">ZELO SMO VESELI VA\u0160IH SLIK \ud83d\ude42<\/h4>\n<p><img class=\"alignnone size-medium wp-image-14008 aligncenter\" src=\"https:\/\/slo.netclickshop.eu\/wp-content\/uploads\/2020\/04\/mnenja-SLO-500x2105.jpg\" alt=\"\" width=\"500\" height=\"2105\" \/><\/p>\n","protected":false},"excerpt":{"rendered":"<p>V PAKETU PREJMETE KAR 2 LOSJONA! ZAPELJIVA PORJAVELA POLT BREZ \u0160KODLJIVEGA SON\u010cENJA Losjon Brazilian Body bo poskrbel pridobitev zagorele polti \u2013 ne glede na tip ko\u017ee. Z vsakodnevno uporabo losjona namesto va\u0161e vla\u017eilne kreme, boste postopoma rjaveli kar v udobju va\u0161ega doma &#8211; BEZ \u0161kodljivega son\u010denja! Formula losjona temelji na kombinaciji inovativnega sistema za porjavitev &hellip;<\/p>\n<p class=\"read-more\"> <a class=\"\" href=\"https:\/\/netclickshop.eu\/slo\/izdelek\/losjon-za-porjavitev-telesa-brazilian-body\/\"> <span class=\"screen-reader-text\">Samoporjavitveni losjon Brazilian Body 1+1 GRATIS<\/span> Read More &raquo;<\/a><\/p>\n","protected":false},"featured_media":17968,"template":"","meta":[],"_links":{"self":[{"href":"https:\/\/netclickshop.eu\/slo\/wp-json\/wp\/v2\/product\/17464"}],"collection":[{"href":"https:\/\/netclickshop.eu\/slo\/wp-json\/wp\/v2\/product"}],"about":[{"href":"https:\/\/netclickshop.eu\/slo\/wp-json\/wp\/v2\/types\/product"}],"version-history":[{"count":2,"href":"https:\/\/netclickshop.eu\/slo\/wp-json\/wp\/v2\/product\/17464\/revisions"}],"predecessor-version":[{"id":36409,"href":"https:\/\/netclickshop.eu\/slo\/wp-json\/wp\/v2\/product\/17464\/revisions\/36409"}],"wp:featuredmedia":[{"embeddable":true,"href":"https:\/\/netclickshop.eu\/slo\/wp-json\/wp\/v2\/media\/17968"}],"wp:attachment":[{"href":"https:\/\/netclickshop.eu\/slo\/wp-json\/wp\/v2\/media?parent=17464"}],"curies":[{"name":"wp","href":"https:\/\/api.w.org\/{rel}","templated":true}]}}