{"id":17577,"date":"2020-04-28T21:06:56","date_gmt":"2020-04-28T21:06:56","guid":{"rendered":"https:\/\/slo.best4home.eu\/?post_type=product&#038;p=17577"},"modified":"2020-06-09T10:16:26","modified_gmt":"2020-06-09T10:16:26","slug":"posoda-za-tocenje-hladnega-pijace","status":"publish","type":"product","link":"https:\/\/netclickshop.eu\/slo\/izdelek\/posoda-za-tocenje-hladnega-pijace\/","title":{"rendered":"Posoda za to\u010denje hladne pija\u010de"},"content":{"rendered":"<h4 style=\"text-align: center;\">U\u017dIVAJTE V HLADNEM TO\u010cENEM PIVU KAR DOMA<\/h4>\n<p style=\"text-align: center;\">Hladilna posoda je odli\u010dna za serviranje in hlajenje pija\u010d, saj ima v svoji notranjosti zaprt predal\u010dek za led, ki vsebino hladi, a je obenem ne razred\u010di. Primerna je za to\u010denje piva, vina, koktajlov, sokov in limonade.<\/p>\n<p><img class=\"aligncenter wp-image-17578\" src=\"https:\/\/slo.netclickshop.eu\/wp-content\/uploads\/2020\/04\/pivo_5-488x500.jpg\" alt=\"\" width=\"488\" height=\"500\" srcset=\"https:\/\/netclickshop.eu\/slo\/wp-content\/uploads\/2020\/04\/pivo_5-488x500.jpg 488w, https:\/\/netclickshop.eu\/slo\/wp-content\/uploads\/2020\/04\/pivo_5-600x614.jpg 600w, https:\/\/netclickshop.eu\/slo\/wp-content\/uploads\/2020\/04\/pivo_5-768x786.jpg 768w, https:\/\/netclickshop.eu\/slo\/wp-content\/uploads\/2020\/04\/pivo_5.jpg 955w\" sizes=\"(max-width: 488px) 100vw, 488px\" \/><\/p>\n<h4 style=\"text-align: center;\">HLADNA PIJA\u010cA TUDI DO 3 URE<\/h4>\n<p style=\"text-align: center;\">V notranji predal\u010dek nalo\u017eite ledene kocke in pivo bo ostalo hladno dolgo \u010dasa. Led s pokrovom enostavno zaprete in tako zadr\u017eite sve\u017eino in hladnost znotraj posode.<\/p>\n<p><img class=\"alignnone size-full wp-image-17579 aligncenter\" src=\"https:\/\/slo.netclickshop.eu\/wp-content\/uploads\/2020\/04\/pivo_9a.jpg\" alt=\"\" width=\"500\" height=\"460\" \/><\/p>\n<h4 style=\"text-align: center;\">DODELANA VISOKOKVALITETNA TO\u010cILNA PIPA<\/h4>\n<p style=\"text-align: center;\">To\u010dilna posoda ima vgrajeno kvalitetno pipo s pomo\u010djo katere boste lahko nato\u010dili hladno pivo povsem po va\u0161em okusu, s peno ali brez.<\/p>\n<p><img class=\"alignnone size-medium wp-image-17587 aligncenter\" src=\"https:\/\/slo.netclickshop.eu\/wp-content\/uploads\/2020\/04\/pivo-small.gif\" alt=\"\" width=\"400\" height=\"226\" \/><\/p>\n<h4 style=\"text-align: center;\">Lastnosti<\/h4>\n<p style=\"text-align: center;\">\u2714 Prostornina cca. 3,5 L<br \/>\n\u2714 Odstranljiv notranji predal\u010dek za led s pokrovom<br \/>\n\u2714 \u0160irina x Vi\u0161ina cca. 24 x 42 cm<br \/>\n\u2714 Udobna in priro\u010dna ro\u010dka za to\u010denje<\/p>\n<p>&nbsp;<\/p>\n<h4 style=\"text-align: center;\">HLADNEGA PIVA NE BO ZMANJKALO<\/h4>\n<p style=\"text-align: center;\">In \u017eur bo trajal do jutranjih ur \ud83d\ude0e\ud83e\udd29<\/p>\n<p><img class=\"alignnone size-medium wp-image-17587 aligncenter\" src=\"https:\/\/slo.netclickshop.eu\/wp-content\/uploads\/2020\/04\/pivo1.jpg\" alt=\"\" width=\"498\" height=\"498\" \/><\/p>\n<h4 style=\"text-align: center;\">TOP DARILO<\/h4>\n<p style=\"text-align: center;\">Ima prijatelj rojstni dan in nimate ideje? Kater mo\u0161ki ne bi bil navdu\u0161en nad celo posodo hladnega piva? \ud83d\ude0e\ud83d\ude0e<\/p>\n<p><img class=\"alignnone size-medium wp-image-17587 aligncenter\" src=\"https:\/\/slo.netclickshop.eu\/wp-content\/uploads\/2020\/04\/pivo2a.jpg\" alt=\"\" width=\"493\" height=\"493\" \/><\/p>\n","protected":false},"excerpt":{"rendered":"<p>U\u017dIVAJTE V HLADNEM TO\u010cENEM PIVU KAR DOMA Hladilna posoda je odli\u010dna za serviranje in hlajenje pija\u010d, saj ima v svoji notranjosti zaprt predal\u010dek za led, ki vsebino hladi, a je obenem ne razred\u010di. Primerna je za to\u010denje piva, vina, koktajlov, sokov in limonade. HLADNA PIJA\u010cA TUDI DO 3 URE V notranji predal\u010dek nalo\u017eite ledene kocke &hellip;<\/p>\n<p class=\"read-more\"> <a class=\"\" href=\"https:\/\/netclickshop.eu\/slo\/izdelek\/posoda-za-tocenje-hladnega-pijace\/\"> <span class=\"screen-reader-text\">Posoda za to\u010denje hladne pija\u010de<\/span> Read More &raquo;<\/a><\/p>\n","protected":false},"featured_media":17581,"template":"","meta":[],"_links":{"self":[{"href":"https:\/\/netclickshop.eu\/slo\/wp-json\/wp\/v2\/product\/17577"}],"collection":[{"href":"https:\/\/netclickshop.eu\/slo\/wp-json\/wp\/v2\/product"}],"about":[{"href":"https:\/\/netclickshop.eu\/slo\/wp-json\/wp\/v2\/types\/product"}],"version-history":[{"count":0,"href":"https:\/\/netclickshop.eu\/slo\/wp-json\/wp\/v2\/product\/17577\/revisions"}],"wp:featuredmedia":[{"embeddable":true,"href":"https:\/\/netclickshop.eu\/slo\/wp-json\/wp\/v2\/media\/17581"}],"wp:attachment":[{"href":"https:\/\/netclickshop.eu\/slo\/wp-json\/wp\/v2\/media?parent=17577"}],"curies":[{"name":"wp","href":"https:\/\/api.w.org\/{rel}","templated":true}]}}