{"id":18300,"date":"2020-05-19T12:03:47","date_gmt":"2020-05-19T12:03:47","guid":{"rendered":"https:\/\/slo.best4home.eu\/?post_type=product&#038;p=18300"},"modified":"2020-09-26T13:08:32","modified_gmt":"2020-09-26T13:08:32","slug":"pripomocek-za-pripravo-krofov-donutsov","status":"publish","type":"product","link":"https:\/\/netclickshop.eu\/slo\/izdelek\/pripomocek-za-pripravo-krofov-donutsov\/","title":{"rendered":"Pripomo\u010dek za pripravo DONUT krofov"},"content":{"rendered":"<h4 style=\"text-align: center;\">POPOLNI IN OKUSNI DONUTI KAR V UDOBJU VA\u0160EGA DOMA<\/h4>\n<p style=\"text-align: center;\">Inovativen pripomo\u010dek, ki s svojo unikatno zasnovo omogo\u010da preprosto izdelavo krofov &#8211; donutov. Poslovite se od zamudnega valjanja in oblikovanja mase. Testo le vlijete v aparat in \u017ee lahko pri\u010dnete z oblikovanjem &#8211; tako preprosto je!<\/p>\n<p><img class=\"size-full wp-image-18301 aligncenter\" src=\"https:\/\/slo.netclickshop.eu\/wp-content\/uploads\/2020\/05\/Gif-1.gif\" alt=\"\" width=\"450\" height=\"450\" \/><br \/>\n<img class=\"size-full wp-image-18301 aligncenter\" src=\"https:\/\/slo.netclickshop.eu\/wp-content\/uploads\/2020\/05\/SLO-mnenje-420x337.jpg\" alt=\"\" width=\"420\" height=\"337\" \/><\/p>\n<h4 style=\"text-align: center;\">ENOSTAVNA IN HITRA PRIPRAVA<\/h4>\n<p style=\"text-align: center;\">Z enim polnjenjem je mogo\u010de oblikovati do 24 krofov. Pripomo\u010dek se odli\u010dno obnese tudi pri peki pala\u010dink. Priprava in peka krofov s tem pripomo\u010dkom bo hitra in preprosta.<\/p>\n<p><img class=\"size-medium wp-image-18302 aligncenter\" src=\"https:\/\/slo.netclickshop.eu\/wp-content\/uploads\/2020\/05\/donut_1-500x500.jpg\" alt=\"\" width=\"500\" height=\"500\" srcset=\"https:\/\/netclickshop.eu\/slo\/wp-content\/uploads\/2020\/05\/donut_1-500x500.jpg 500w, https:\/\/netclickshop.eu\/slo\/wp-content\/uploads\/2020\/05\/donut_1-300x300.jpg 300w, https:\/\/netclickshop.eu\/slo\/wp-content\/uploads\/2020\/05\/donut_1-100x100.jpg 100w, https:\/\/netclickshop.eu\/slo\/wp-content\/uploads\/2020\/05\/donut_1-600x600.jpg 600w, https:\/\/netclickshop.eu\/slo\/wp-content\/uploads\/2020\/05\/donut_1-150x150.jpg 150w, https:\/\/netclickshop.eu\/slo\/wp-content\/uploads\/2020\/05\/donut_1-768x768.jpg 768w, https:\/\/netclickshop.eu\/slo\/wp-content\/uploads\/2020\/05\/donut_1.jpg 1000w\" sizes=\"(max-width: 500px) 100vw, 500px\" \/><\/p>\n<h4 style=\"text-align: center;\">OTROCI BODO NAVDU\u0160ENI<\/h4>\n<p style=\"text-align: center;\">Poskrbite za novost na seznamu va\u0161ih sladic in razveselite va\u0161e najdra\u017eje s pripravo okusnih donutov.<\/p>\n<p><img class=\"size-medium wp-image-18305 aligncenter\" src=\"https:\/\/slo.netclickshop.eu\/wp-content\/uploads\/2020\/05\/donut_2-500x500.jpg\" alt=\"\" width=\"500\" height=\"500\" srcset=\"https:\/\/netclickshop.eu\/slo\/wp-content\/uploads\/2020\/05\/donut_2-500x500.jpg 500w, https:\/\/netclickshop.eu\/slo\/wp-content\/uploads\/2020\/05\/donut_2-300x300.jpg 300w, https:\/\/netclickshop.eu\/slo\/wp-content\/uploads\/2020\/05\/donut_2-100x100.jpg 100w, https:\/\/netclickshop.eu\/slo\/wp-content\/uploads\/2020\/05\/donut_2-600x600.jpg 600w, https:\/\/netclickshop.eu\/slo\/wp-content\/uploads\/2020\/05\/donut_2-150x150.jpg 150w, https:\/\/netclickshop.eu\/slo\/wp-content\/uploads\/2020\/05\/donut_2-768x768.jpg 768w, https:\/\/netclickshop.eu\/slo\/wp-content\/uploads\/2020\/05\/donut_2.jpg 1000w\" sizes=\"(max-width: 500px) 100vw, 500px\" \/><\/p>\n<h4 style=\"text-align: center;\">HVALA TAMARI ZA MNENJE \ud83e\udd70<\/h4>\n<p><img class=\"size-medium wp-image-18302 aligncenter\" src=\"https:\/\/slo.netclickshop.eu\/wp-content\/uploads\/2020\/05\/Tamara-mnenje.jpg\" alt=\"\" width=\"500\" height=\"729\" \/><\/p>\n<h4 style=\"text-align: center;\">KUHARICE PRIPORO\u010cAJO TA RECEPT \ud83d\ude42<\/h4>\n<p style=\"text-align: center;\">&#8211; 250g moke<br \/>\n&#8211; 20 g masla (stopite na nizki temperaturi)<br \/>\n&#8211; 1,5 dl mleka<br \/>\n&#8211; 60g sladkorja (po \u017eelji tudi manj)<br \/>\n&#8211; 1 jajce<br \/>\n&#8211; 10g pecilnega pra\u0161ka<br \/>\n&#8211; 1 paketek vanilij sladkorja<br \/>\n&#8211; \u0161\u010depec soli<\/p>\n<p>Zme\u0161ajte vse sestavine, pustite stati 10 min in \u017ee lahko pri\u010dnete s peko. Donut krofe s pomo\u010djo na\u0161ega super pripomo\u010dka enostavno ocvrete v vro\u010dem olju. Pe\u010dene donute polo\u017eite na papirnato brisa\u010do in jih okrasite po \u017eelji \ud83d\ude42<\/p>\n<p><img class=\"alignnone size-full wp-image-18306 aligncenter\" src=\"https:\/\/slo.netclickshop.eu\/wp-content\/uploads\/2020\/05\/donut1.jpg\" alt=\"\" width=\"500\" height=\"500\" \/><\/p>\n<h4 style=\"text-align: center;\">\ud83d\udc9a HVALA ZA ZAUPANJE \ud83d\udc9a<\/h4>\n<h4 style=\"text-align: center;\">ZELO SMO VESELI VA\u0160IH SLIK \ud83d\ude42<\/h4>\n<p><img class=\"alignnone size-medium wp-image-14008 aligncenter\" src=\"https:\/\/slo.netclickshop.eu\/wp-content\/uploads\/2020\/05\/mnenja-mre\u017ea-SLO-500x1820.jpg\" alt=\"\" width=\"500\" height=\"1820\" \/><\/p>\n","protected":false},"excerpt":{"rendered":"<p>POPOLNI IN OKUSNI DONUTI KAR V UDOBJU VA\u0160EGA DOMA Inovativen pripomo\u010dek, ki s svojo unikatno zasnovo omogo\u010da preprosto izdelavo krofov &#8211; donutov. Poslovite se od zamudnega valjanja in oblikovanja mase. Testo le vlijete v aparat in \u017ee lahko pri\u010dnete z oblikovanjem &#8211; tako preprosto je! ENOSTAVNA IN HITRA PRIPRAVA Z enim polnjenjem je mogo\u010de oblikovati &hellip;<\/p>\n<p class=\"read-more\"> <a class=\"\" href=\"https:\/\/netclickshop.eu\/slo\/izdelek\/pripomocek-za-pripravo-krofov-donutsov\/\"> <span class=\"screen-reader-text\">Pripomo\u010dek za pripravo DONUT krofov<\/span> Read More &raquo;<\/a><\/p>\n","protected":false},"featured_media":18307,"template":"","meta":[],"_links":{"self":[{"href":"https:\/\/netclickshop.eu\/slo\/wp-json\/wp\/v2\/product\/18300"}],"collection":[{"href":"https:\/\/netclickshop.eu\/slo\/wp-json\/wp\/v2\/product"}],"about":[{"href":"https:\/\/netclickshop.eu\/slo\/wp-json\/wp\/v2\/types\/product"}],"version-history":[{"count":0,"href":"https:\/\/netclickshop.eu\/slo\/wp-json\/wp\/v2\/product\/18300\/revisions"}],"wp:featuredmedia":[{"embeddable":true,"href":"https:\/\/netclickshop.eu\/slo\/wp-json\/wp\/v2\/media\/18307"}],"wp:attachment":[{"href":"https:\/\/netclickshop.eu\/slo\/wp-json\/wp\/v2\/media?parent=18300"}],"curies":[{"name":"wp","href":"https:\/\/api.w.org\/{rel}","templated":true}]}}