{"id":18309,"date":"2020-05-19T13:13:44","date_gmt":"2020-05-19T13:13:44","guid":{"rendered":"https:\/\/slo.best4home.eu\/?post_type=product&#038;p=18309"},"modified":"2020-08-18T11:57:45","modified_gmt":"2020-08-18T11:57:45","slug":"fit-pripomocek-hulahop-360","status":"publish","type":"product","link":"https:\/\/netclickshop.eu\/slo\/izdelek\/fit-pripomocek-hulahop-360\/","title":{"rendered":"Pripomo\u010dek Hulahop za \u010dvrsto telo"},"content":{"rendered":"<h4 style=\"text-align: center;\">SVETOVNA NOVOST &#8211; HULAHOP OBRO\u010c 360<\/h4>\n<p style=\"text-align: center;\">Natrenirajte svoj trebuh in trebu\u0161ne mi\u0161ice s pomo\u010djo hulahop obro\u010da, ki nikoli ne pade na tla.<\/p>\n<p><img class=\"size-medium wp-image-18310 aligncenter\" src=\"https:\/\/slo.netclickshop.eu\/wp-content\/uploads\/2020\/05\/hulahop_1-500x429.jpg\" alt=\"\" width=\"500\" height=\"429\" srcset=\"https:\/\/netclickshop.eu\/slo\/wp-content\/uploads\/2020\/05\/hulahop_1-500x429.jpg 500w, https:\/\/netclickshop.eu\/slo\/wp-content\/uploads\/2020\/05\/hulahop_1-600x515.jpg 600w, https:\/\/netclickshop.eu\/slo\/wp-content\/uploads\/2020\/05\/hulahop_1-768x659.jpg 768w, https:\/\/netclickshop.eu\/slo\/wp-content\/uploads\/2020\/05\/hulahop_1-1024x879.jpg 1024w, https:\/\/netclickshop.eu\/slo\/wp-content\/uploads\/2020\/05\/hulahop_1.jpg 1049w\" sizes=\"(max-width: 500px) 100vw, 500px\" \/><br \/>\n<\/br><\/p>\n<h4 style=\"text-align: center;\">NAJPRILJUBLJENEJ\u0160I NA\u010cIN TRENIRANJA LETA 2020!<\/h4>\n<p style=\"text-align: center;\">Omogo\u010da vam treniranje trebu\u0161nih mi\u0161ic in bokov brez ro\u010dnega vrtenja obro\u010da. Centrifugalna sila magnetno kroglico v Hulahop obro\u010du samodejno zavrti.<\/p>\n<p><img class=\"alignnone size-full wp-image-18317 aligncenter\" src=\"https:\/\/slo.netclickshop.eu\/wp-content\/uploads\/2020\/05\/hulahop_gif_1.gif\" alt=\"\" width=\"478\" height=\"366\" \/><br \/>\n<\/br><\/p>\n<h4 style=\"text-align: center;\">VGRAJEN \u0160TEVEC<\/h4>\n<p style=\"text-align: center;\">Hulahop obro\u010d ima vgrajen \u0161tevec, ki bele\u017ei \u0161tevilo vrtljajev.<\/span> <span class=\"\" title=\"\">Spremljajte vsak trenutek in \u010das vadbe, tako da boste lahko \u0161e naprej izbolj\u0161evali va\u0161o telesno pripravljenost in obliko va\u0161e postave.<\/p>\n<p><img class=\"size-medium wp-image-18312 aligncenter\" src=\"https:\/\/slo.netclickshop.eu\/wp-content\/uploads\/2020\/05\/hulahop_3-500x418.jpg\" alt=\"\" width=\"500\" height=\"418\" srcset=\"https:\/\/netclickshop.eu\/slo\/wp-content\/uploads\/2020\/05\/hulahop_3-500x418.jpg 500w, https:\/\/netclickshop.eu\/slo\/wp-content\/uploads\/2020\/05\/hulahop_3-600x501.jpg 600w, https:\/\/netclickshop.eu\/slo\/wp-content\/uploads\/2020\/05\/hulahop_3-768x642.jpg 768w, https:\/\/netclickshop.eu\/slo\/wp-content\/uploads\/2020\/05\/hulahop_3.jpg 968w\" sizes=\"(max-width: 500px) 100vw, 500px\" \/><br \/>\n<\/br><\/p>\n<h4 style=\"text-align: center;\">POPOLNOMA PRILAGODLJIV<\/h4>\n<p style=\"text-align: center;\">Obro\u010d je popolnoma prilagodljiv obliki in velikosti va\u0161ega telesa.<\/p>\n<p><img class=\"size-medium wp-image-18316 aligncenter\" src=\"https:\/\/slo.netclickshop.eu\/wp-content\/uploads\/2020\/05\/hulahop_7-500x488.jpg\" alt=\"\" width=\"500\" height=\"488\" srcset=\"https:\/\/netclickshop.eu\/slo\/wp-content\/uploads\/2020\/05\/hulahop_7-500x488.jpg 500w, https:\/\/netclickshop.eu\/slo\/wp-content\/uploads\/2020\/05\/hulahop_7-600x585.jpg 600w, https:\/\/netclickshop.eu\/slo\/wp-content\/uploads\/2020\/05\/hulahop_7-768x749.jpg 768w, https:\/\/netclickshop.eu\/slo\/wp-content\/uploads\/2020\/05\/hulahop_7.jpg 972w\" sizes=\"(max-width: 500px) 100vw, 500px\" \/><br \/>\n<\/br><\/p>\n<h4 style=\"text-align: center;\">IZJEMNO U\u010cINKOVIT NA\u010cIN VADBE<\/h4>\n<p style=\"text-align: center;\">Trenirajte 1x na dan samo 30 minut in porabite kar 800 kalorij! Obro\u010d Hulahop 360 je u\u010dinkovitej\u0161i od teka, hoje in fitnesa!<\/p>\n<p><img class=\"size-medium wp-image-18314 aligncenter\" src=\"https:\/\/slo.netclickshop.eu\/wp-content\/uploads\/2020\/05\/hulahop_5-500x474.jpg\" alt=\"\" width=\"500\" height=\"474\" srcset=\"https:\/\/netclickshop.eu\/slo\/wp-content\/uploads\/2020\/05\/hulahop_5-500x474.jpg 500w, https:\/\/netclickshop.eu\/slo\/wp-content\/uploads\/2020\/05\/hulahop_5-600x568.jpg 600w, https:\/\/netclickshop.eu\/slo\/wp-content\/uploads\/2020\/05\/hulahop_5-768x727.jpg 768w, https:\/\/netclickshop.eu\/slo\/wp-content\/uploads\/2020\/05\/hulahop_5.jpg 1000w\" sizes=\"(max-width: 500px) 100vw, 500px\" \/><br \/>\n<\/br><\/p>\n<h4 style=\"text-align: center;\">ENOSTAVNA UPORABA<\/h4>\n<p style=\"text-align: center;\">Obro\u010d Hulahop je povsem preprost za uporabo. Vrtljivo \u017eogico samo rahlo zavrtite in \u017eoga bo prevzela in opravila ve\u010dino dela, medtem ko boste vi u\u017eivali v vadbi!<\/p>\n<p><img class=\"alignnone size-full wp-image-18320 aligncenter\" src=\"https:\/\/slo.netclickshop.eu\/wp-content\/uploads\/2020\/05\/hulahop_gif_2.gif\" alt=\"\" width=\"462\" height=\"480\" \/><\/p>\n","protected":false},"excerpt":{"rendered":"<p>SVETOVNA NOVOST &#8211; HULAHOP OBRO\u010c 360 Natrenirajte svoj trebuh in trebu\u0161ne mi\u0161ice s pomo\u010djo hulahop obro\u010da, ki nikoli ne pade na tla. NAJPRILJUBLJENEJ\u0160I NA\u010cIN TRENIRANJA LETA 2020! Omogo\u010da vam treniranje trebu\u0161nih mi\u0161ic in bokov brez ro\u010dnega vrtenja obro\u010da. Centrifugalna sila magnetno kroglico v Hulahop obro\u010du samodejno zavrti. VGRAJEN \u0160TEVEC Hulahop obro\u010d ima vgrajen \u0161tevec, ki &hellip;<\/p>\n<p class=\"read-more\"> <a class=\"\" href=\"https:\/\/netclickshop.eu\/slo\/izdelek\/fit-pripomocek-hulahop-360\/\"> <span class=\"screen-reader-text\">Pripomo\u010dek Hulahop za \u010dvrsto telo<\/span> Read More &raquo;<\/a><\/p>\n","protected":false},"featured_media":18311,"template":"","meta":[],"_links":{"self":[{"href":"https:\/\/netclickshop.eu\/slo\/wp-json\/wp\/v2\/product\/18309"}],"collection":[{"href":"https:\/\/netclickshop.eu\/slo\/wp-json\/wp\/v2\/product"}],"about":[{"href":"https:\/\/netclickshop.eu\/slo\/wp-json\/wp\/v2\/types\/product"}],"version-history":[{"count":0,"href":"https:\/\/netclickshop.eu\/slo\/wp-json\/wp\/v2\/product\/18309\/revisions"}],"wp:featuredmedia":[{"embeddable":true,"href":"https:\/\/netclickshop.eu\/slo\/wp-json\/wp\/v2\/media\/18311"}],"wp:attachment":[{"href":"https:\/\/netclickshop.eu\/slo\/wp-json\/wp\/v2\/media?parent=18309"}],"curies":[{"name":"wp","href":"https:\/\/api.w.org\/{rel}","templated":true}]}}