{"id":18600,"date":"2020-05-25T16:00:25","date_gmt":"2020-05-25T16:00:25","guid":{"rendered":"https:\/\/slo.best4home.eu\/?post_type=product&#038;p=18600"},"modified":"2020-06-09T10:15:11","modified_gmt":"2020-06-09T10:15:11","slug":"komplet-4-nadomestnih-glav-oral-b","status":"publish","type":"product","link":"https:\/\/netclickshop.eu\/slo\/izdelek\/komplet-4-nadomestnih-glav-oral-b\/","title":{"rendered":"Komplet 4 nadomestnih glav Oral B"},"content":{"rendered":"<h4 style=\"text-align: center;\">KOMPLET 4 NADOMESTNIH GLAV ZA \u0160\u010cETKE ORAL B<\/h4>\n<p style=\"text-align: center;\">Nadomestna glava Sensitive UltraThin je dobila navdih pri profesionalnih zobozdravnikih. Ima <strong>izjemno tanka in mehka vlakna<\/strong>, ki so ne\u017ena do dlesni, <strong>hkrati pa so<\/strong> nekompromisna do zobnih oblog. Sensi Ultrathin odstranjuje do 100\u00a0% ve\u010d zobnih oblog in <strong>zmanj\u0161uje vnetje dlesni<\/strong> do 100\u00a0% v\u00a0primerjavi z\u00a0obi\u010dajnimi ro\u010dnimi \u0161\u010detkami. Edinstvena <strong>kombinacija vlaken<\/strong> z\u00a0zaobljenimi konci in izredna tankost vlaken je razlog, zaradi katerega je Sensi Ultrathin odli\u010dna izbira za osebe z\u00a0<strong>ob\u010dutljivo ustno votlino<\/strong> in za vse, ki si \u017eelijo imeti \u010diste\u00a0zobe.<\/p>\n<h4 style=\"text-align: center;\"><img class=\"aligncenter wp-image-18601 size-medium\" src=\"https:\/\/slo.netclickshop.eu\/wp-content\/uploads\/2020\/05\/oralb_8-500x500.jpg\" alt=\"\" width=\"500\" height=\"500\" srcset=\"https:\/\/netclickshop.eu\/slo\/wp-content\/uploads\/2020\/05\/oralb_8-500x500.jpg 500w, https:\/\/netclickshop.eu\/slo\/wp-content\/uploads\/2020\/05\/oralb_8-300x300.jpg 300w, https:\/\/netclickshop.eu\/slo\/wp-content\/uploads\/2020\/05\/oralb_8-100x100.jpg 100w, https:\/\/netclickshop.eu\/slo\/wp-content\/uploads\/2020\/05\/oralb_8-600x600.jpg 600w, https:\/\/netclickshop.eu\/slo\/wp-content\/uploads\/2020\/05\/oralb_8-150x150.jpg 150w, https:\/\/netclickshop.eu\/slo\/wp-content\/uploads\/2020\/05\/oralb_8-768x768.jpg 768w, https:\/\/netclickshop.eu\/slo\/wp-content\/uploads\/2020\/05\/oralb_8-1024x1024.jpg 1024w, https:\/\/netclickshop.eu\/slo\/wp-content\/uploads\/2020\/05\/oralb_8.jpg 1500w\" sizes=\"(max-width: 500px) 100vw, 500px\" \/><\/h4>\n<p><\/br><\/p>\n<h4 style=\"text-align: center;\">U\u010cINKOVITA IN UGODNA RE\u0160ITEV<\/h4>\n<p style=\"text-align: center;\">\n \t\u2714 Odstrani do 100\u00a0% ve\u010d zobnih oblog, zato so dlesni bolj zdrave v\u00a0primerjavi z\u00a0obi\u010dajno ro\u010dno zobno\u00a0\u0161\u010detko<br \/>\n \t\u2714 <strong>Zmanj\u0161uje vnetje dlesni za 100\u00a0% v\u00a0primerjavi z\u00a0obi\u010dajno ro\u010dno zobno\u00a0\u0161\u010detko<\/strong><br \/>\n \t\u2714 Okrogla glava \u0161\u010detke v\u00a0kombinaciji z\u00a0izjemno mehkimi in tankimi vlakni za ne\u017eno \u010di\u0161\u010denje<br \/>\n \t\u2714 Oblikovano v\u00a0sodelovanju z\u00a0zobozdravniki<br \/>\n \t\u2714 <strong>V\u00a0pakiranju prejmete 4 kose nadomestnih glav<\/strong><br \/>\n \t<span style=\"color: #FF7F50\"><strong>\u2714 Izredno ugodna cena za kratek \u010das!!<\/strong><\/span>\n<\/p>\n<p><img class=\"alignnone size-medium wp-image-18602 aligncenter\" src=\"https:\/\/slo.netclickshop.eu\/wp-content\/uploads\/2020\/05\/oralb_6-500x500.jpg\" alt=\"\" width=\"500\" height=\"500\" srcset=\"https:\/\/netclickshop.eu\/slo\/wp-content\/uploads\/2020\/05\/oralb_6-500x500.jpg 500w, https:\/\/netclickshop.eu\/slo\/wp-content\/uploads\/2020\/05\/oralb_6-300x300.jpg 300w, https:\/\/netclickshop.eu\/slo\/wp-content\/uploads\/2020\/05\/oralb_6-100x100.jpg 100w, https:\/\/netclickshop.eu\/slo\/wp-content\/uploads\/2020\/05\/oralb_6-600x600.jpg 600w, https:\/\/netclickshop.eu\/slo\/wp-content\/uploads\/2020\/05\/oralb_6-150x150.jpg 150w, https:\/\/netclickshop.eu\/slo\/wp-content\/uploads\/2020\/05\/oralb_6-768x768.jpg 768w, https:\/\/netclickshop.eu\/slo\/wp-content\/uploads\/2020\/05\/oralb_6-1024x1024.jpg 1024w, https:\/\/netclickshop.eu\/slo\/wp-content\/uploads\/2020\/05\/oralb_6.jpg 1500w\" sizes=\"(max-width: 500px) 100vw, 500px\" \/><br \/>\n<\/br><\/p>\n<h4 style=\"text-align: center;\">NASTAVKI SO PRIMERNI ZA VE\u010cINO MODELOV ORAL B ZOBNIH \u0160\u010cETK<\/h4>\n<p style=\"text-align: center;\"><span style=\"color: #FF7F50\"><strong>Zdru\u017eljive so z vsemi Oral-B elektri\u010dnimi zobnimi \u0161\u010detkami, razen s soni\u010dno zobno \u0161\u010detko Panasonic Oral-B<\/strong><\/span><\/p>\n<p><img class=\"alignnone size-medium wp-image-18605 aligncenter\" src=\"https:\/\/slo.netclickshop.eu\/wp-content\/uploads\/2020\/05\/SLO-500-450.jpg\" alt=\"\" width=\"500\" height=\"450\" \/><br \/>\n<\/br><\/p>\n<h4 style=\"text-align: center;\">V PAKETU DOBITE 4 NADOMESTNE GLAVE<\/h4>\n<p style=\"text-align: center;\">Nadomestne glave za elektri\u010dno zobno \u0161\u010detko so odli\u010dna izbira za vse, ki imate Oral-B elektri\u010dno zobno \u0161\u010detko, saj pri nas dobite celo 4 nadomestne glave po zelo ugodni ceni.<\/p>\n<p style=\"text-align: center;\">Elektri\u010dne zobne \u0161\u010detke so odli\u010dna izbira za nego Va\u0161ih zob, ampak \u010dez \u010das se, kot na navadni \u0161\u010detki naberejo bakterije, ki so zelo nevarne za zdravje va\u0161ih zob in dlesni.<\/p>\n<p><img class=\"alignnone size-medium wp-image-18603 aligncenter\" src=\"https:\/\/slo.netclickshop.eu\/wp-content\/uploads\/2020\/05\/oralb_3-500x500.jpg\" alt=\"\" width=\"500\" height=\"500\" srcset=\"https:\/\/netclickshop.eu\/slo\/wp-content\/uploads\/2020\/05\/oralb_3-500x500.jpg 500w, https:\/\/netclickshop.eu\/slo\/wp-content\/uploads\/2020\/05\/oralb_3-300x300.jpg 300w, https:\/\/netclickshop.eu\/slo\/wp-content\/uploads\/2020\/05\/oralb_3-100x100.jpg 100w, https:\/\/netclickshop.eu\/slo\/wp-content\/uploads\/2020\/05\/oralb_3-600x600.jpg 600w, https:\/\/netclickshop.eu\/slo\/wp-content\/uploads\/2020\/05\/oralb_3-150x150.jpg 150w, https:\/\/netclickshop.eu\/slo\/wp-content\/uploads\/2020\/05\/oralb_3-768x768.jpg 768w, https:\/\/netclickshop.eu\/slo\/wp-content\/uploads\/2020\/05\/oralb_3-1024x1024.jpg 1024w, https:\/\/netclickshop.eu\/slo\/wp-content\/uploads\/2020\/05\/oralb_3.jpg 1500w\" sizes=\"(max-width: 500px) 100vw, 500px\" \/><br \/>\n<\/br><\/p>\n<p style=\"text-align: center;\">Glave na elektri\u010dnih zobnih \u0161\u010detkah je priporo\u010dljivo menjati na vsake 2 do 3 mesece, zato si omogo\u010dite zdrave zobe in redno menjavajte glave \u0161\u010detk tudi, \u010de na njej niso prisotni znaki izrabljenosti, saj so zagotovo prisotne bakterije, ki niso vidne na\u0161emu o\u010desu.<\/p>\n<p><img class=\"alignnone size-medium wp-image-18604 aligncenter\" src=\"https:\/\/slo.netclickshop.eu\/wp-content\/uploads\/2020\/05\/oral-SLO.jpg\" alt=\"\" width=\"500\" height=\"500\" \/><br \/>\n<\/br><\/p>\n<p style=\"text-align: center;\">Te nadomestne glave za elektri\u010dno zobno \u0161\u010detko, so iz zelo kakovostnega materiala, ki je okolju prijazen in Vam omogo\u010da ne\u017eno \u010di\u0161\u010denje zobnih oblog. Stranice na galvi so gumijaste, ne\u017ene in mehke ter se prilagajajo linijam Va\u0161ih zob in dlesni.<\/p>\n<p><\/br><\/p>\n<h4 style=\"text-align: center;\">\ud83d\udc9a 100% VARNI NAKUP \ud83d\udc9a<\/h4>\n<h4 style=\"text-align: center;\">RADI PREBIRAMO VA\u0160E ODZIVE \ud83d\ude0d<\/h4>\n<p><img class=\"alignnone size-medium wp-image-14008 aligncenter\" src=\"https:\/\/slo.netclickshop.eu\/wp-content\/uploads\/2020\/05\/mnenja-Oral-SLO-500x1090.jpg\" alt=\"\" width=\"500\" height=\"1090\" \/><\/p>\n","protected":false},"excerpt":{"rendered":"<p>KOMPLET 4 NADOMESTNIH GLAV ZA \u0160\u010cETKE ORAL B Nadomestna glava Sensitive UltraThin je dobila navdih pri profesionalnih zobozdravnikih. Ima izjemno tanka in mehka vlakna, ki so ne\u017ena do dlesni, hkrati pa so nekompromisna do zobnih oblog. Sensi Ultrathin odstranjuje do 100\u00a0% ve\u010d zobnih oblog in zmanj\u0161uje vnetje dlesni do 100\u00a0% v\u00a0primerjavi z\u00a0obi\u010dajnimi ro\u010dnimi \u0161\u010detkami. Edinstvena &hellip;<\/p>\n<p class=\"read-more\"> <a class=\"\" href=\"https:\/\/netclickshop.eu\/slo\/izdelek\/komplet-4-nadomestnih-glav-oral-b\/\"> <span class=\"screen-reader-text\">Komplet 4 nadomestnih glav Oral B<\/span> Read More &raquo;<\/a><\/p>\n","protected":false},"featured_media":18607,"template":"","meta":[],"_links":{"self":[{"href":"https:\/\/netclickshop.eu\/slo\/wp-json\/wp\/v2\/product\/18600"}],"collection":[{"href":"https:\/\/netclickshop.eu\/slo\/wp-json\/wp\/v2\/product"}],"about":[{"href":"https:\/\/netclickshop.eu\/slo\/wp-json\/wp\/v2\/types\/product"}],"version-history":[{"count":0,"href":"https:\/\/netclickshop.eu\/slo\/wp-json\/wp\/v2\/product\/18600\/revisions"}],"wp:featuredmedia":[{"embeddable":true,"href":"https:\/\/netclickshop.eu\/slo\/wp-json\/wp\/v2\/media\/18607"}],"wp:attachment":[{"href":"https:\/\/netclickshop.eu\/slo\/wp-json\/wp\/v2\/media?parent=18600"}],"curies":[{"name":"wp","href":"https:\/\/api.w.org\/{rel}","templated":true}]}}