{"id":19839,"date":"2020-06-14T09:54:37","date_gmt":"2020-06-14T09:54:37","guid":{"rendered":"https:\/\/slo.best4home.eu\/?post_type=product&#038;p=19839"},"modified":"2020-09-26T12:33:23","modified_gmt":"2020-09-26T12:33:23","slug":"komplet-za-oblikovanje-slascic","status":"publish","type":"product","link":"https:\/\/netclickshop.eu\/slo\/izdelek\/komplet-za-oblikovanje-slascic\/","title":{"rendered":"Komplet za oblikovanje sla\u0161\u010dic"},"content":{"rendered":"<h4 style=\"text-align: center;\">8 DELNI SET ZA OBLIKOVANJE SLA\u0160\u010cIC<\/h4>\n<p style=\"text-align: center;\">Sla\u0161\u010di\u010darji in tisti, ki se s sla\u0161\u010di\u010darstvom ukvarjajo ljubiteljsko, so ponoreli za tem kompletom cvetnih nastavkov, s katerimi delajo \u010dude\u017ee! Dekoriranje se lahko pri\u010dne! Dragi ljubitelji tort in peciva, v svoji kuhinji boste delali \u010duda in razmi\u0161ljati boste celo pri\u010deli o ustvarjanju lastnega posla.<\/p>\n<p><img class=\"alignnone size-full wp-image-19962 aligncenter\" src=\"https:\/\/slo.netclickshop.eu\/wp-content\/uploads\/2020\/06\/gif2.gif\" alt=\"\" width=\"500\" height=\"281\" \/><\/p>\n<h4 style=\"text-align: center;\">ZA LJUBITELJSKE IN PROFESIONALNE SLA\u0160\u010cI\u010cARJE<\/h4>\n<p style=\"text-align: center;\">Kako se bodo s tem magi\u010dnim kompletom razveselile \u017eenske, ki u\u017eivajo v dekoriranju svojih tort. Ne smemo pa zapostaviti mo\u0161kih sla\u0161\u010di\u010darjev, ki so pravi mojstri izdelave okraskov in dekoracij za torte. Cvetni komplet za dekoriranje bo njihova desna roka med dekoriranjem vrhunskih sla\u0161\u010dic.<\/p>\n<p><img class=\"alignnone size-medium wp-image-19958 aligncenter\" src=\"https:\/\/slo.netclickshop.eu\/wp-content\/uploads\/2020\/06\/Torta-slo.jpg\" alt=\"\" width=\"500\" height=\"500\" \/><\/p>\n<h4 style=\"text-align: center;\">ZA DELO S \u010cVRSTIMI KREMAMI<\/h4>\n<p style=\"text-align: center;\">Izrazite svojo ustvarjalnost v kuhinji s tem 8-delnim kompletom, s katerim boste izdelovali prekrasne mini cvetli\u010dne vrtove iz sla\u0161\u010di\u010darskih krem za dekoriranje. Za za\u010detek lahko izdelate masleno kremo, s katero napolnite vre\u010dico za kra\u0161enje, potem pa na vre\u010dico dodajate razli\u010dne nastavke in eksperimentirate!<\/p>\n<p><img class=\"alignnone size-medium wp-image-19959 aligncenter\" src=\"https:\/\/slo.netclickshop.eu\/wp-content\/uploads\/2020\/06\/torta_3-500x500.jpg\" alt=\"\" width=\"500\" height=\"500\" srcset=\"https:\/\/netclickshop.eu\/slo\/wp-content\/uploads\/2020\/06\/torta_3-500x500.jpg 500w, https:\/\/netclickshop.eu\/slo\/wp-content\/uploads\/2020\/06\/torta_3-300x300.jpg 300w, https:\/\/netclickshop.eu\/slo\/wp-content\/uploads\/2020\/06\/torta_3-100x100.jpg 100w, https:\/\/netclickshop.eu\/slo\/wp-content\/uploads\/2020\/06\/torta_3-600x600.jpg 600w, https:\/\/netclickshop.eu\/slo\/wp-content\/uploads\/2020\/06\/torta_3-150x150.jpg 150w, https:\/\/netclickshop.eu\/slo\/wp-content\/uploads\/2020\/06\/torta_3-768x768.jpg 768w, https:\/\/netclickshop.eu\/slo\/wp-content\/uploads\/2020\/06\/torta_3.jpg 1000w\" sizes=\"(max-width: 500px) 100vw, 500px\" \/><\/p>\n<h4 style=\"text-align: center;\">KAKOVOSTEN NERJAVE\u010c MATERIAL<\/h4>\n<p style=\"text-align: center;\">Nastavki v tem kompletu, ki so namenjeni izdelavi cvetov in listov za torte, kola\u010de, muffine in druge sla\u0161\u010dice, so izdelani iz kakovostnega nerjave\u010dega jekla. Lahko ste sigurni, da vam bodo dolgo slu\u017eili, prav tako kot prava sla\u0161\u010di\u010darska vre\u010dica za kra\u0161enje, ki se nahaja v tem kompletu. Sponki sta izdelani iz \u010dvrste plastike.<\/p>\n<p><img class=\"alignnone size-medium wp-image-19960 aligncenter\" src=\"https:\/\/slo.netclickshop.eu\/wp-content\/uploads\/2020\/06\/torta_2-500x494.jpg\" alt=\"\" width=\"500\" height=\"494\" srcset=\"https:\/\/netclickshop.eu\/slo\/wp-content\/uploads\/2020\/06\/torta_2-500x494.jpg 500w, https:\/\/netclickshop.eu\/slo\/wp-content\/uploads\/2020\/06\/torta_2-100x100.jpg 100w, https:\/\/netclickshop.eu\/slo\/wp-content\/uploads\/2020\/06\/torta_2-600x593.jpg 600w, https:\/\/netclickshop.eu\/slo\/wp-content\/uploads\/2020\/06\/torta_2-768x759.jpg 768w, https:\/\/netclickshop.eu\/slo\/wp-content\/uploads\/2020\/06\/torta_2-1024x1011.jpg 1024w, https:\/\/netclickshop.eu\/slo\/wp-content\/uploads\/2020\/06\/torta_2.jpg 1134w\" sizes=\"(max-width: 500px) 100vw, 500px\" \/><\/p>\n<h4 style=\"text-align: center;\">PRESENETITE SVOJE DRAGE<\/h4>\n<p style=\"text-align: center;\">Morate narediti torto ali kola\u010dke za otrokov rojstni dan, pa nimate pa idej, kako bi jih okrasili? Naj bo ta komplet va\u0161a kon\u010dna izbira. Tako slavljenec kot vsi prisotni bodo ostali brez besed, ko vidijo, kak\u0161en talent se skriva v vas.<\/p>\n<p><img class=\"alignnone size-full wp-image-19961 aligncenter\" src=\"https:\/\/slo.netclickshop.eu\/wp-content\/uploads\/2020\/06\/kolacki-gif.gif\" alt=\"\" width=\"500\" height=\"281\" \/><\/p>\n<h4 style=\"text-align: center;\">Na\u010din uporabe:<\/h4>\n<p style=\"text-align: center;\">Naredite masleno kremo za dekoracijo. Razdelite kremo v ve\u010d posod in dodajte barve za torte in pecivo. Dobre preme\u0161ajte. Pri\u010dvrstite nastavke za okra\u0161evanje na vre\u010dico s pomo\u010djo plasti\u010dnih sponk, ki se nahajajo v kompletu, dodajte kremo in izdelujte okraske. Okraski se morajo po izdelavi posu\u0161iti.<\/p>\n<p>&nbsp;<\/p>\n<p style=\"text-align: center;\"><strong>Recept za masleno kremo:<\/strong><\/p>\n<p style=\"text-align: center;\">\u2714 150 g masla<br \/>\n\u2714 350 g sladkorja v prahu<br \/>\n\u2714 50 ml sladke smetane<br \/>\n\u2714 20 ml vanilijevega ekstrakta.<\/p>\n<p style=\"text-align: center;\">Priprava: stol\u010dite maslo, dodajte sladkor v prahu, stepeno sladko smetano in vanilijev ekstrakt. Me\u0161ajte, dokler se vse sestavine dobro ne preme\u0161ajo in zdru\u017eijo. Razdelite ohlajeno kremo, dodajte barve po \u017eelji in napolnite vre\u010dico za okra\u0161evanje. Da, tako preprosto je!<\/p>\n<p><img class=\"alignnone size-medium wp-image-19957 aligncenter\" src=\"https:\/\/slo.netclickshop.eu\/wp-content\/uploads\/2020\/06\/torta_6-500x496.jpg\" alt=\"\" width=\"500\" height=\"496\" srcset=\"https:\/\/netclickshop.eu\/slo\/wp-content\/uploads\/2020\/06\/torta_6-500x496.jpg 500w, https:\/\/netclickshop.eu\/slo\/wp-content\/uploads\/2020\/06\/torta_6-100x100.jpg 100w, https:\/\/netclickshop.eu\/slo\/wp-content\/uploads\/2020\/06\/torta_6-600x595.jpg 600w, https:\/\/netclickshop.eu\/slo\/wp-content\/uploads\/2020\/06\/torta_6-150x150.jpg 150w, https:\/\/netclickshop.eu\/slo\/wp-content\/uploads\/2020\/06\/torta_6-768x762.jpg 768w, https:\/\/netclickshop.eu\/slo\/wp-content\/uploads\/2020\/06\/torta_6.jpg 972w\" sizes=\"(max-width: 500px) 100vw, 500px\" \/><\/p>\n<h4 style=\"text-align: center;\">ZELO SMO VESELI VA\u0160IH SLIK \ud83d\ude42<\/h4>\n<p><img class=\"alignnone size-medium wp-image-14008 aligncenter\" src=\"https:\/\/slo.netclickshop.eu\/wp-content\/uploads\/2020\/06\/Set-slo-500x1871.jpg\" alt=\"\" width=\"500\" height=\"1871\" \/><\/p>\n","protected":false},"excerpt":{"rendered":"<p>8 DELNI SET ZA OBLIKOVANJE SLA\u0160\u010cIC Sla\u0161\u010di\u010darji in tisti, ki se s sla\u0161\u010di\u010darstvom ukvarjajo ljubiteljsko, so ponoreli za tem kompletom cvetnih nastavkov, s katerimi delajo \u010dude\u017ee! Dekoriranje se lahko pri\u010dne! Dragi ljubitelji tort in peciva, v svoji kuhinji boste delali \u010duda in razmi\u0161ljati boste celo pri\u010deli o ustvarjanju lastnega posla. ZA LJUBITELJSKE IN PROFESIONALNE SLA\u0160\u010cI\u010cARJE &hellip;<\/p>\n<p class=\"read-more\"> <a class=\"\" href=\"https:\/\/netclickshop.eu\/slo\/izdelek\/komplet-za-oblikovanje-slascic\/\"> <span class=\"screen-reader-text\">Komplet za oblikovanje sla\u0161\u010dic<\/span> Read More &raquo;<\/a><\/p>\n","protected":false},"featured_media":19957,"template":"","meta":[],"_links":{"self":[{"href":"https:\/\/netclickshop.eu\/slo\/wp-json\/wp\/v2\/product\/19839"}],"collection":[{"href":"https:\/\/netclickshop.eu\/slo\/wp-json\/wp\/v2\/product"}],"about":[{"href":"https:\/\/netclickshop.eu\/slo\/wp-json\/wp\/v2\/types\/product"}],"version-history":[{"count":0,"href":"https:\/\/netclickshop.eu\/slo\/wp-json\/wp\/v2\/product\/19839\/revisions"}],"wp:featuredmedia":[{"embeddable":true,"href":"https:\/\/netclickshop.eu\/slo\/wp-json\/wp\/v2\/media\/19957"}],"wp:attachment":[{"href":"https:\/\/netclickshop.eu\/slo\/wp-json\/wp\/v2\/media?parent=19839"}],"curies":[{"name":"wp","href":"https:\/\/api.w.org\/{rel}","templated":true}]}}