{"id":19927,"date":"2020-06-14T10:24:57","date_gmt":"2020-06-14T10:24:57","guid":{"rendered":"https:\/\/slo.best4home.eu\/?post_type=product&#038;p=19927"},"modified":"2020-06-22T20:51:51","modified_gmt":"2020-06-22T20:51:51","slug":"posoda-za-vodo-za-zivali-pet-care","status":"publish","type":"product","link":"https:\/\/netclickshop.eu\/slo\/izdelek\/posoda-za-vodo-za-zivali-pet-care\/","title":{"rendered":"Posoda za vodo za \u017eivali Pet Care"},"content":{"rendered":"<h4 style=\"text-align: center;\">INOVATIVNA HLADILNA POSODA ZA VODO ZA VA\u0160E HI\u0160NE LJUBLJEN\u010cKE<\/h4>\n<p style=\"text-align: center;\">Hladilna posoda je Pet Care je v vro\u010dih poletnih mesecih nepogre\u0161ljiv pripomo\u010dek, ki zagotavlja primerno hladno vodo in hrano za va\u0161e hi\u0161ne ljubljen\u010dke. Posodo je mo\u017eno uporabljati tudi brez hladilnega vlo\u017eka in je povsem varna za pranje v pomivalnem stroju, saj je narejena iz trpe\u017ene plastike.<\/p>\n<p><img class=\"alignnone size-medium wp-image-19931 aligncenter\" src=\"https:\/\/slo.netclickshop.eu\/wp-content\/uploads\/2020\/06\/Kr1.jpg\" alt=\"\" width=\"500\" height=\"500\" \/><br \/>\n<\/br><\/p>\n<h4 style=\"text-align: center;\">DELUJE DO 8 UR<\/h4>\n<p style=\"text-align: center;\">Posoda Pet Care deluje kar do 8 ur, tudi v najbolj vro\u010dih poletnih dneh. Posebna termo izolacijska plastika omogo\u010da, da se vsebina v posodi ne segreje prehitro in na ta na\u010din poskrbi, da bo va\u0161 \u0161tirino\u017eni prijatelj imel na voljo vedno sve\u017eo in hladno vodo.<\/p>\n<p><img class=\"alignnone size-medium wp-image-19930 aligncenter\" src=\"https:\/\/slo.netclickshop.eu\/wp-content\/uploads\/2020\/06\/k2.jpg\" alt=\"\" width=\"500\" height=\"461\" \/><br \/>\n<\/br><\/p>\n<h4 style=\"text-align: center;\">NEDRSE\u010cA PODLAGA<\/h4>\n<p style=\"text-align: center;\">Posoda Pet Care je narejena tako, da ima na spodnjem delu posebno nedrse\u010do podlogo, tako da bo va\u0161 ku\u017eek imel posodo vedno na istem mestu, saj jo med pitjem ali hranjenjem ne bo mogel premikati naokoli.<\/p>\n<p><img class=\"alignnone size-medium wp-image-19932 aligncenter\" src=\"https:\/\/slo.netclickshop.eu\/wp-content\/uploads\/2020\/06\/k4-flip.jpg\" alt=\"\" width=\"400\" height=\"628\" \/><br \/>\n<\/br><\/p>\n<h4 style=\"text-align: center;\">PREPROSTA UPORABA<\/h4>\n<p style=\"text-align: center;\">Posoda Pet Care je povsem preprosta za uporabo. Notranji del posode, ki ima vgrajeno hladilno teko\u010dino se povsem preprosto odstrani, tako da se ga lahko brez te\u017eav da v va\u0161 zamrzovalnik. Ko je vsebina hladilne teko\u010dine dovolj ohlajena jo vstavimo v ohi\u0161je posode in napolnimo z vodo ali hrano va\u0161e hi\u0161nega ljubljen\u010dka.<\/p>\n<p><img class=\"alignnone size-medium wp-image-19933 aligncenter\" src=\"https:\/\/slo.netclickshop.eu\/wp-content\/uploads\/2020\/06\/SLO-bowl.jpg\" alt=\"\" width=\"500\" height=\"498\" \/><br \/>\n<\/br><\/p>\n<h4 style=\"text-align: center;\">SUPER IZDELEK<\/h4>\n<p style=\"text-align: center;\">\u2714 Va\u0161 hi\u0161ni ljubljen\u010dek bo vedno imel na voljo veliko sve\u017ee, hladne vode.<br \/>\n\u2714 Pet Care posoda ohranja vodo hladno in sve\u017eo 8 ur ali dlje.<br \/>\n\u2714 Nestrupeno jedro gela zamrzne v 2 urah in dr\u017ei dlje kot led.<br \/>\n\u2714 Skledo preprosto ohladite in napolnite z vodo.<br \/>\n\u2714 Posoda je kompaktna in odporna proti \u017eve\u010denju z nedrse\u010do podlago.<br \/>\n\u2714 Izdelek, ki ga morate imeti to poletje, \u010de \u017eelite, da va\u0161emu ljubljen\u010dku ne bo vro\u010de! <\/p>\n<p><img class=\"alignnone size-medium wp-image-19931 aligncenter\" src=\"https:\/\/slo.netclickshop.eu\/wp-content\/uploads\/2020\/06\/DOG-page.jpg\" alt=\"\" width=\"500\" height=\"500\" \/><br \/>\n<\/br><\/p>\n<h4 style=\"text-align: center;\">ZELO SMO VESELI VA\u0160IH SLIK \ud83d\ude42<\/h4>\n<p><img class=\"alignnone size-medium wp-image-14008 aligncenter\" src=\"https:\/\/slo.netclickshop.eu\/wp-content\/uploads\/2020\/06\/Mnenje-SLO-500x678.jpg\" alt=\"\" width=\"500\" height=\"678\" \/><br \/>\n<\/br><\/p>\n","protected":false},"excerpt":{"rendered":"<p>INOVATIVNA HLADILNA POSODA ZA VODO ZA VA\u0160E HI\u0160NE LJUBLJEN\u010cKE Hladilna posoda je Pet Care je v vro\u010dih poletnih mesecih nepogre\u0161ljiv pripomo\u010dek, ki zagotavlja primerno hladno vodo in hrano za va\u0161e hi\u0161ne ljubljen\u010dke. Posodo je mo\u017eno uporabljati tudi brez hladilnega vlo\u017eka in je povsem varna za pranje v pomivalnem stroju, saj je narejena iz trpe\u017ene plastike. &hellip;<\/p>\n<p class=\"read-more\"> <a class=\"\" href=\"https:\/\/netclickshop.eu\/slo\/izdelek\/posoda-za-vodo-za-zivali-pet-care\/\"> <span class=\"screen-reader-text\">Posoda za vodo za \u017eivali Pet Care<\/span> Read More &raquo;<\/a><\/p>\n","protected":false},"featured_media":19932,"template":"","meta":[],"_links":{"self":[{"href":"https:\/\/netclickshop.eu\/slo\/wp-json\/wp\/v2\/product\/19927"}],"collection":[{"href":"https:\/\/netclickshop.eu\/slo\/wp-json\/wp\/v2\/product"}],"about":[{"href":"https:\/\/netclickshop.eu\/slo\/wp-json\/wp\/v2\/types\/product"}],"version-history":[{"count":0,"href":"https:\/\/netclickshop.eu\/slo\/wp-json\/wp\/v2\/product\/19927\/revisions"}],"wp:featuredmedia":[{"embeddable":true,"href":"https:\/\/netclickshop.eu\/slo\/wp-json\/wp\/v2\/media\/19932"}],"wp:attachment":[{"href":"https:\/\/netclickshop.eu\/slo\/wp-json\/wp\/v2\/media?parent=19927"}],"curies":[{"name":"wp","href":"https:\/\/api.w.org\/{rel}","templated":true}]}}