{"id":19934,"date":"2020-06-14T10:53:43","date_gmt":"2020-06-14T10:53:43","guid":{"rendered":"https:\/\/slo.best4home.eu\/?post_type=product&#038;p=19934"},"modified":"2021-02-10T08:57:09","modified_gmt":"2021-02-10T08:57:09","slug":"elektricna-krtaca-za-cesanje-psa","status":"publish","type":"product","link":"https:\/\/netclickshop.eu\/slo\/izdelek\/elektricna-krtaca-za-cesanje-psa\/","title":{"rendered":"Elektri\u010dna krta\u010da za \u010desanje psa"},"content":{"rendered":"<h4 style=\"text-align: center;\">UREDITE DLAKO VA\u0160EGA \u0160TIRINO\u017dNEGA PRIJATELJA<\/h4>\n<p style=\"text-align: center;\">Ima va\u0161 pes te\u017eave z zavozlano dlako? Elektri\u010dna\u00a0krta\u010da za \u010desanje psa je inovativna, udobna in priro\u010dna krta\u010da, odli\u010dna za hi\u0161ne ljubljen\u010dke z dolgo dlako. Ne\u017eno raz\u010de\u0161e in prire\u017ee vozle, brez bole\u010dega vle\u010denja in puljenja dlak.<\/p>\n<p><img class=\"alignnone size-medium wp-image-19935 aligncenter\" src=\"https:\/\/slo.netclickshop.eu\/wp-content\/uploads\/2020\/06\/Gif.gif\" alt=\"\" width=\"398\" height=\"224\" \/><\/p>\n<h4 style=\"text-align: center;\">ENOSTAVNA IN NEBOLE\u010cA ZA VA\u0160EGA KU\u017dKA<\/h4>\n<p style=\"text-align: center;\">Elektri\u010dna krta\u010da je povsem preprosta za uporabo in nebole\u010da za va\u0161ega ku\u017eka. S pomo\u010djo posebne SOFT-CARE tehnologija prirezovanja vozlov omogo\u010da, da bo dlaka va\u0161ega psa \u017ee po nekaj \u010desanjih sijo\u010da in povsem brez vozlov.<\/p>\n<p><img class=\"alignnone size-medium wp-image-19938 aligncenter\" src=\"https:\/\/slo.netclickshop.eu\/wp-content\/uploads\/2020\/06\/\u010desanje_pes_2-476x500.jpg\" alt=\"\" width=\"476\" height=\"500\" srcset=\"https:\/\/netclickshop.eu\/slo\/wp-content\/uploads\/2020\/06\/\u010desanje_pes_2-476x500.jpg 476w, https:\/\/netclickshop.eu\/slo\/wp-content\/uploads\/2020\/06\/\u010desanje_pes_2-600x631.jpg 600w, https:\/\/netclickshop.eu\/slo\/wp-content\/uploads\/2020\/06\/\u010desanje_pes_2-768x807.jpg 768w, https:\/\/netclickshop.eu\/slo\/wp-content\/uploads\/2020\/06\/\u010desanje_pes_2-974x1024.jpg 974w, https:\/\/netclickshop.eu\/slo\/wp-content\/uploads\/2020\/06\/\u010desanje_pes_2.jpg 1427w\" sizes=\"(max-width: 476px) 100vw, 476px\" \/><\/p>\n<h4 style=\"text-align: center;\">KVALITETNA IZDELAVA<\/h4>\n<p style=\"text-align: center;\">Elektri\u010dna krta\u010da je izdelana iz kvalitetna ABS plastike, ki omogo\u010da dolgo \u017eivljensko dobo in odpornost na udarce. Rezila so narejena iz nerjave\u010de jekla in prirezujejo dlako s pomo\u010djo posebne SOFT-CARE tehnologije, kar omogo\u010da povsem nebole\u010de \u010desanje.<\/p>\n<p><img class=\"alignnone size-medium wp-image-19939 aligncenter\" src=\"https:\/\/slo.netclickshop.eu\/wp-content\/uploads\/2020\/06\/\u010desanje_pes_3-500x474.jpg\" alt=\"\" width=\"500\" height=\"474\" srcset=\"https:\/\/netclickshop.eu\/slo\/wp-content\/uploads\/2020\/06\/\u010desanje_pes_3-500x474.jpg 500w, https:\/\/netclickshop.eu\/slo\/wp-content\/uploads\/2020\/06\/\u010desanje_pes_3-600x569.jpg 600w, https:\/\/netclickshop.eu\/slo\/wp-content\/uploads\/2020\/06\/\u010desanje_pes_3-768x729.jpg 768w, https:\/\/netclickshop.eu\/slo\/wp-content\/uploads\/2020\/06\/\u010desanje_pes_3.jpg 800w\" sizes=\"(max-width: 500px) 100vw, 500px\" \/><\/p>\n<h4 style=\"text-align: center;\">UNIVERZALNA KRTA\u010cA ZA VSE PASME PSOV<\/h4>\n<p style=\"text-align: center;\">Krta\u010da je primerna za \u010disto vse pasme psov, ne glede na velikost.<\/p>\n<p><img class=\"alignnone size-full wp-image-19941 aligncenter\" src=\"https:\/\/slo.netclickshop.eu\/wp-content\/uploads\/2020\/06\/\u010desanje_pes_gif.gif\" alt=\"\" width=\"480\" height=\"240\" \/><\/p>\n<h4 style=\"text-align: center;\">HITRO DELOVANJE<\/h4>\n<p style=\"text-align: center;\">\u2714 Takoj odstranite vozle in zaplete iz dlake va\u0161ega ljubljen\u010dka, ne da bi vlekli, bole\u010dine ali stresa.<br \/>\n\u2714 Elektri\u010dni vrtljivi rezili odstranjujejo vozle s pritiskom na gumb.<br \/>\n\u2714 Z enim mobilnim orodjem zamenja stare krta\u010de, krta\u010dke in pripomo\u010dke.<br \/>\n\u2714 Tako enostavno in enostavno \u010di\u0161\u010denje postane va\u0161e najljub\u0161e orodje za odstranjevanje dlak za hi\u0161ne ljubljen\u010dke.<\/p>\n<p><img class=\"alignnone size-medium wp-image-19956 aligncenter\" src=\"https:\/\/slo.netclickshop.eu\/wp-content\/uploads\/2020\/06\/Screenshot_2020-06-14-Hirundo\u00ae-Knot-Out-Electric-Pet-Grooming-Comb-500x500.png\" alt=\"\" width=\"500\" height=\"500\" srcset=\"https:\/\/netclickshop.eu\/slo\/wp-content\/uploads\/2020\/06\/Screenshot_2020-06-14-Hirundo\u00ae-Knot-Out-Electric-Pet-Grooming-Comb-500x500.png 500w, https:\/\/netclickshop.eu\/slo\/wp-content\/uploads\/2020\/06\/Screenshot_2020-06-14-Hirundo\u00ae-Knot-Out-Electric-Pet-Grooming-Comb-300x300.png 300w, https:\/\/netclickshop.eu\/slo\/wp-content\/uploads\/2020\/06\/Screenshot_2020-06-14-Hirundo\u00ae-Knot-Out-Electric-Pet-Grooming-Comb-100x100.png 100w, https:\/\/netclickshop.eu\/slo\/wp-content\/uploads\/2020\/06\/Screenshot_2020-06-14-Hirundo\u00ae-Knot-Out-Electric-Pet-Grooming-Comb-600x600.png 600w, https:\/\/netclickshop.eu\/slo\/wp-content\/uploads\/2020\/06\/Screenshot_2020-06-14-Hirundo\u00ae-Knot-Out-Electric-Pet-Grooming-Comb-150x150.png 150w, https:\/\/netclickshop.eu\/slo\/wp-content\/uploads\/2020\/06\/Screenshot_2020-06-14-Hirundo\u00ae-Knot-Out-Electric-Pet-Grooming-Comb-768x768.png 768w, https:\/\/netclickshop.eu\/slo\/wp-content\/uploads\/2020\/06\/Screenshot_2020-06-14-Hirundo\u00ae-Knot-Out-Electric-Pet-Grooming-Comb.png 791w\" sizes=\"(max-width: 500px) 100vw, 500px\" \/><\/p>\n","protected":false},"excerpt":{"rendered":"<p>UREDITE DLAKO VA\u0160EGA \u0160TIRINO\u017dNEGA PRIJATELJA Ima va\u0161 pes te\u017eave z zavozlano dlako? Elektri\u010dna\u00a0krta\u010da za \u010desanje psa je inovativna, udobna in priro\u010dna krta\u010da, odli\u010dna za hi\u0161ne ljubljen\u010dke z dolgo dlako. Ne\u017eno raz\u010de\u0161e in prire\u017ee vozle, brez bole\u010dega vle\u010denja in puljenja dlak. ENOSTAVNA IN NEBOLE\u010cA ZA VA\u0160EGA KU\u017dKA Elektri\u010dna krta\u010da je povsem preprosta za uporabo in nebole\u010da &hellip;<\/p>\n<p class=\"read-more\"> <a class=\"\" href=\"https:\/\/netclickshop.eu\/slo\/izdelek\/elektricna-krtaca-za-cesanje-psa\/\"> <span class=\"screen-reader-text\">Elektri\u010dna krta\u010da za \u010desanje psa<\/span> Read More &raquo;<\/a><\/p>\n","protected":false},"featured_media":19944,"template":"","meta":[],"_links":{"self":[{"href":"https:\/\/netclickshop.eu\/slo\/wp-json\/wp\/v2\/product\/19934"}],"collection":[{"href":"https:\/\/netclickshop.eu\/slo\/wp-json\/wp\/v2\/product"}],"about":[{"href":"https:\/\/netclickshop.eu\/slo\/wp-json\/wp\/v2\/types\/product"}],"version-history":[{"count":0,"href":"https:\/\/netclickshop.eu\/slo\/wp-json\/wp\/v2\/product\/19934\/revisions"}],"wp:featuredmedia":[{"embeddable":true,"href":"https:\/\/netclickshop.eu\/slo\/wp-json\/wp\/v2\/media\/19944"}],"wp:attachment":[{"href":"https:\/\/netclickshop.eu\/slo\/wp-json\/wp\/v2\/media?parent=19934"}],"curies":[{"name":"wp","href":"https:\/\/api.w.org\/{rel}","templated":true}]}}