{"id":19987,"date":"2020-06-14T16:56:50","date_gmt":"2020-06-14T16:56:50","guid":{"rendered":"https:\/\/slo.best4home.eu\/?post_type=product&#038;p=19987"},"modified":"2020-06-15T17:52:35","modified_gmt":"2020-06-15T17:52:35","slug":"pametna-ura-perfect-time","status":"publish","type":"product","link":"https:\/\/netclickshop.eu\/slo\/izdelek\/pametna-ura-perfect-time\/","title":{"rendered":"Pametna ura Perfect Time"},"content":{"rendered":"<h4 style=\"text-align: center;\">MODNA IN VSESTRANSKO UPORABNA<\/h4>\n<p style=\"text-align: center;\">Pametna ura Perfect Time omogo\u010da brez\u017ei\u010dno povezavo Bluetooth, deluje kot \u0161tevec korakov in omogo\u010da povezovanje s pametnimi telefoni znamk Apple, Samsung, Android in HUAWEI.<\/p>\n<p style=\"text-align: center;\"><img class=\"alignnone size-medium wp-image-19988 aligncenter\" src=\"https:\/\/slo.netclickshop.eu\/wp-content\/uploads\/2020\/06\/pametna_ura_7-456x500.jpg\" alt=\"\" width=\"456\" height=\"500\" srcset=\"https:\/\/netclickshop.eu\/slo\/wp-content\/uploads\/2020\/06\/pametna_ura_7-456x500.jpg 456w, https:\/\/netclickshop.eu\/slo\/wp-content\/uploads\/2020\/06\/pametna_ura_7-600x658.jpg 600w, https:\/\/netclickshop.eu\/slo\/wp-content\/uploads\/2020\/06\/pametna_ura_7-768x843.jpg 768w, https:\/\/netclickshop.eu\/slo\/wp-content\/uploads\/2020\/06\/pametna_ura_7-933x1024.jpg 933w, https:\/\/netclickshop.eu\/slo\/wp-content\/uploads\/2020\/06\/pametna_ura_7.jpg 1317w\" sizes=\"(max-width: 456px) 100vw, 456px\" \/><\/p>\n<p><\/br><\/p>\n<h4 style=\"text-align: center;\">PRIMERNA ZA \u0160PORTNE AKTIVNOSTI<\/h4>\n<p style=\"text-align: center;\">Pametna ura z vodoodpornim barvnim zaslonom deluje tudi kot sledilnik \u0161portnih aktivnosti, ki meri sr\u010dni utrip<br \/>\nin bele\u017ei porabo kalorij. Sledilnik \u0161portnih aktivnosti podpira sistem GPS. Ura spremlja va\u0161 spanec, vas opozarja na klice in sporo\u010dila, odli\u010dna je tudi kot predvajalnik glasbe.<\/p>\n<p><img class=\"alignnone size-medium wp-image-19989 aligncenter\" src=\"https:\/\/slo.netclickshop.eu\/wp-content\/uploads\/2020\/06\/pametna_ura_5-500x500.jpg\" alt=\"\" width=\"500\" height=\"500\" srcset=\"https:\/\/netclickshop.eu\/slo\/wp-content\/uploads\/2020\/06\/pametna_ura_5-500x500.jpg 500w, https:\/\/netclickshop.eu\/slo\/wp-content\/uploads\/2020\/06\/pametna_ura_5-300x300.jpg 300w, https:\/\/netclickshop.eu\/slo\/wp-content\/uploads\/2020\/06\/pametna_ura_5-100x100.jpg 100w, https:\/\/netclickshop.eu\/slo\/wp-content\/uploads\/2020\/06\/pametna_ura_5-600x600.jpg 600w, https:\/\/netclickshop.eu\/slo\/wp-content\/uploads\/2020\/06\/pametna_ura_5-150x150.jpg 150w, https:\/\/netclickshop.eu\/slo\/wp-content\/uploads\/2020\/06\/pametna_ura_5-768x768.jpg 768w, https:\/\/netclickshop.eu\/slo\/wp-content\/uploads\/2020\/06\/pametna_ura_5.jpg 1000w\" sizes=\"(max-width: 500px) 100vw, 500px\" \/><br \/>\n<\/br><\/p>\n<h4 style=\"text-align: center;\">TEHNI\u010cNE SPECIFIKACIJE PAMETNE URE PERFECT TIME<\/h4>\n<p style=\"text-align: center;\">Preko Bluetooth povezave se pove\u017ee z vsemi pametnimi telefoni, sinhronizira imenik, omogo\u010da klicanje, poslu\u0161anje glasbe, fotografiranje in branje vseh sporo\u010dil. S pomo\u010djo pametne ure boste lahko imeli va\u0161 sr\u010dni utrip vedno pod nadzorom. Ura ima prav tako vgrajen poseben senzor s pomo\u010djo katerega boste lahko temeljito analizirali va\u0161 spanec.<\/p>\n<p><img class=\"alignnone size-medium wp-image-19990 aligncenter\" src=\"https:\/\/slo.netclickshop.eu\/wp-content\/uploads\/2020\/06\/pametna_ura_4-500x500.jpg\" alt=\"\" width=\"500\" height=\"500\" srcset=\"https:\/\/netclickshop.eu\/slo\/wp-content\/uploads\/2020\/06\/pametna_ura_4-500x500.jpg 500w, https:\/\/netclickshop.eu\/slo\/wp-content\/uploads\/2020\/06\/pametna_ura_4-300x300.jpg 300w, https:\/\/netclickshop.eu\/slo\/wp-content\/uploads\/2020\/06\/pametna_ura_4-100x100.jpg 100w, https:\/\/netclickshop.eu\/slo\/wp-content\/uploads\/2020\/06\/pametna_ura_4-600x600.jpg 600w, https:\/\/netclickshop.eu\/slo\/wp-content\/uploads\/2020\/06\/pametna_ura_4-150x150.jpg 150w, https:\/\/netclickshop.eu\/slo\/wp-content\/uploads\/2020\/06\/pametna_ura_4-768x768.jpg 768w, https:\/\/netclickshop.eu\/slo\/wp-content\/uploads\/2020\/06\/pametna_ura_4.jpg 1000w\" sizes=\"(max-width: 500px) 100vw, 500px\" \/><br \/>\n<\/br><\/p>\n<h4 style=\"text-align: center;\">IZJEMNO ZMOGLJIVA BATERIJA<\/h4>\n<p style=\"text-align: center;\">Ura se polni s pomo\u010djo USB kabla. Baterija je izjemno zmogljiva, tako da v stanju pripravljenosti z lahkoto zdr\u017ei tudi ve\u010d kot 14 dni.<\/p>\n<p><img class=\"alignnone size-medium wp-image-19991 aligncenter\" src=\"https:\/\/slo.netclickshop.eu\/wp-content\/uploads\/2020\/06\/pametna_ura_8-500x500.jpg\" alt=\"\" width=\"500\" height=\"500\" srcset=\"https:\/\/netclickshop.eu\/slo\/wp-content\/uploads\/2020\/06\/pametna_ura_8-500x500.jpg 500w, https:\/\/netclickshop.eu\/slo\/wp-content\/uploads\/2020\/06\/pametna_ura_8-300x300.jpg 300w, https:\/\/netclickshop.eu\/slo\/wp-content\/uploads\/2020\/06\/pametna_ura_8-100x100.jpg 100w, https:\/\/netclickshop.eu\/slo\/wp-content\/uploads\/2020\/06\/pametna_ura_8-600x600.jpg 600w, https:\/\/netclickshop.eu\/slo\/wp-content\/uploads\/2020\/06\/pametna_ura_8-150x150.jpg 150w, https:\/\/netclickshop.eu\/slo\/wp-content\/uploads\/2020\/06\/pametna_ura_8-768x768.jpg 768w, https:\/\/netclickshop.eu\/slo\/wp-content\/uploads\/2020\/06\/pametna_ura_8-1024x1024.jpg 1024w, https:\/\/netclickshop.eu\/slo\/wp-content\/uploads\/2020\/06\/pametna_ura_8.jpg 1500w\" sizes=\"(max-width: 500px) 100vw, 500px\" \/><br \/>\n<\/br><\/p>\n<h4 style=\"text-align: center;\">100% VODOODPORNA<\/h4>\n<p style=\"text-align: center;\">Ko jo nosite, zazna vsako va\u0161o aktivnosti in porabljene kalorije, kar lahko preverite v pripadajo\u010di aplikaciji. Ura je popolnoma vodoodporna, tako da jo lahko uporabljate tudi med plavanjem.<\/p>\n<p><img class=\"alignnone size-medium wp-image-19992 aligncenter\" src=\"https:\/\/slo.netclickshop.eu\/wp-content\/uploads\/2020\/06\/pametna_ura_9-500x500.jpg\" alt=\"\" width=\"500\" height=\"500\" srcset=\"https:\/\/netclickshop.eu\/slo\/wp-content\/uploads\/2020\/06\/pametna_ura_9-500x500.jpg 500w, https:\/\/netclickshop.eu\/slo\/wp-content\/uploads\/2020\/06\/pametna_ura_9-300x300.jpg 300w, https:\/\/netclickshop.eu\/slo\/wp-content\/uploads\/2020\/06\/pametna_ura_9-100x100.jpg 100w, https:\/\/netclickshop.eu\/slo\/wp-content\/uploads\/2020\/06\/pametna_ura_9-600x600.jpg 600w, https:\/\/netclickshop.eu\/slo\/wp-content\/uploads\/2020\/06\/pametna_ura_9-150x150.jpg 150w, https:\/\/netclickshop.eu\/slo\/wp-content\/uploads\/2020\/06\/pametna_ura_9-768x768.jpg 768w, https:\/\/netclickshop.eu\/slo\/wp-content\/uploads\/2020\/06\/pametna_ura_9-1024x1024.jpg 1024w, https:\/\/netclickshop.eu\/slo\/wp-content\/uploads\/2020\/06\/pametna_ura_9.jpg 1500w\" sizes=\"(max-width: 500px) 100vw, 500px\" \/><br \/>\n<\/br><\/p>\n<h4 style=\"text-align: center;\">LASTNOSTI<\/h4>\n<p style=\"text-align: center;\">\u2714 Mo\u017enost uporabe samostojno ali v povezavi s telefonom<br \/>\n\u2714 Kompatibilnost z iOS in Android operacijskim sistemom<br \/>\n\u2714 1x USB kabel za napajanje<br \/>\n\u2714 Zapakirana v kvalitetni, elegantni \u0161katli<br \/>\n\u2714 Bluetooth<br \/>\n\u2714 Video predvajalnik<br \/>\n\u2714 Kamera<br \/>\n\u2714 Predvajalnik glasbe<br \/>\n\u2714 Internet brskalnik<br \/>\n\u2714 Koledar<br \/>\n\u2714 Ra\u010dunalnik<br \/>\n\u2714 \u0160tetje korakov<br \/>\n\u2714 Merjenje kvalitete spanca<br \/>\n\u2714 In veliko ostalih funkcij: poraba kalorij, sinhronizacija SMS, telefonski imenik, Facebook, vgrajena kamera, alarm &#8230;<\/p>\n","protected":false},"excerpt":{"rendered":"<p>MODNA IN VSESTRANSKO UPORABNA Pametna ura Perfect Time omogo\u010da brez\u017ei\u010dno povezavo Bluetooth, deluje kot \u0161tevec korakov in omogo\u010da povezovanje s pametnimi telefoni znamk Apple, Samsung, Android in HUAWEI. PRIMERNA ZA \u0160PORTNE AKTIVNOSTI Pametna ura z vodoodpornim barvnim zaslonom deluje tudi kot sledilnik \u0161portnih aktivnosti, ki meri sr\u010dni utrip in bele\u017ei porabo kalorij. Sledilnik \u0161portnih aktivnosti &hellip;<\/p>\n<p class=\"read-more\"> <a class=\"\" href=\"https:\/\/netclickshop.eu\/slo\/izdelek\/pametna-ura-perfect-time\/\"> <span class=\"screen-reader-text\">Pametna ura Perfect Time<\/span> Read More &raquo;<\/a><\/p>\n","protected":false},"featured_media":19988,"template":"","meta":[],"_links":{"self":[{"href":"https:\/\/netclickshop.eu\/slo\/wp-json\/wp\/v2\/product\/19987"}],"collection":[{"href":"https:\/\/netclickshop.eu\/slo\/wp-json\/wp\/v2\/product"}],"about":[{"href":"https:\/\/netclickshop.eu\/slo\/wp-json\/wp\/v2\/types\/product"}],"version-history":[{"count":0,"href":"https:\/\/netclickshop.eu\/slo\/wp-json\/wp\/v2\/product\/19987\/revisions"}],"wp:featuredmedia":[{"embeddable":true,"href":"https:\/\/netclickshop.eu\/slo\/wp-json\/wp\/v2\/media\/19988"}],"wp:attachment":[{"href":"https:\/\/netclickshop.eu\/slo\/wp-json\/wp\/v2\/media?parent=19987"}],"curies":[{"name":"wp","href":"https:\/\/api.w.org\/{rel}","templated":true}]}}