{"id":21890,"date":"2020-07-17T12:31:23","date_gmt":"2020-07-17T12:31:23","guid":{"rendered":"https:\/\/slo.best4home.eu\/?post_type=product&#038;p=21890"},"modified":"2020-08-21T12:50:26","modified_gmt":"2020-08-21T12:50:26","slug":"prenosni-parni-likalnik","status":"publish","type":"product","link":"https:\/\/netclickshop.eu\/slo\/izdelek\/prenosni-parni-likalnik\/","title":{"rendered":"Prenosni parni likalnik"},"content":{"rendered":"<h4 style=\"text-align: center;\">VSESTRANSKO UPORABEN<\/h4>\n<p style=\"text-align: center;\">Parni likalnik poenostavlja likanje. Uporabljate ga lahko na 2 na\u010dina &#8211; ne le navpi\u010dno, kar je najpogostej\u0161i na\u010din, ampak tudi horizontalno, kar je velika prednost pred ostalimi parnimi likalniki. Opremljen je s sistemom proti pu\u0161\u010danju vode. Ta sistem prepre\u010duje kakr\u0161no koli kapljanje, ki bi lahko po\u0161kodovalo va\u0161a obla\u010dila.<\/p>\n<p><img class=\"alignnone size-full wp-image-21893 aligncenter\" src=\"https:\/\/slo.netclickshop.eu\/wp-content\/uploads\/2020\/07\/likalnik_gif_1.gif\" alt=\"\" width=\"320\" height=\"240\" \/><br \/>\n<\/br><\/p>\n<p style=\"text-align: center;\">\u010ce ste bili pred tem omejeni le z enim na\u010dinom uporabe, lahko zdaj likalnik popolnoma brez skrbi uporabljate na kav\u010dih ali le\u017ei\u0161\u010dih za ve\u010djo higieno ali odstranjevanje trdovratnih gub na obla\u010dilih.<\/p>\n<p><img class=\"alignnone size-medium wp-image-21891 aligncenter\" src=\"https:\/\/slo.netclickshop.eu\/wp-content\/uploads\/2020\/07\/likalnik_3-448x500.jpg\" alt=\"\" width=\"448\" height=\"500\" srcset=\"https:\/\/netclickshop.eu\/slo\/wp-content\/uploads\/2020\/07\/likalnik_3-448x500.jpg 448w, https:\/\/netclickshop.eu\/slo\/wp-content\/uploads\/2020\/07\/likalnik_3-600x670.jpg 600w, https:\/\/netclickshop.eu\/slo\/wp-content\/uploads\/2020\/07\/likalnik_3.jpg 705w\" sizes=\"(max-width: 448px) 100vw, 448px\" \/><br \/>\n<\/br><\/p>\n<h4 style=\"text-align: center;\">ZMOGLJIV IN PRIMEREN ZA POTOVANJA<\/h4>\n<p style=\"text-align: center;\">Odstranljiv rezervoar lahko vsebuje do 280 ml vode in ponuja do 20 minut neprekinjenega delovanja, zato je idealen za vsakodnevno uporabo. Z dvema mo\u017enostma nastavitve mo\u010di pare se parni likalnik prilagodi vsaki nalogi, pri kateri potrebujete paro.<\/p>\n<p><img class=\"alignnone size-medium wp-image-21892 aligncenter\" src=\"https:\/\/slo.netclickshop.eu\/wp-content\/uploads\/2020\/07\/likalnik_6-500x500.jpg\" alt=\"\" width=\"500\" height=\"500\" srcset=\"https:\/\/netclickshop.eu\/slo\/wp-content\/uploads\/2020\/07\/likalnik_6-500x500.jpg 500w, https:\/\/netclickshop.eu\/slo\/wp-content\/uploads\/2020\/07\/likalnik_6-300x300.jpg 300w, https:\/\/netclickshop.eu\/slo\/wp-content\/uploads\/2020\/07\/likalnik_6-100x100.jpg 100w, https:\/\/netclickshop.eu\/slo\/wp-content\/uploads\/2020\/07\/likalnik_6-150x150.jpg 150w, https:\/\/netclickshop.eu\/slo\/wp-content\/uploads\/2020\/07\/likalnik_6-416x417.jpg 416w, https:\/\/netclickshop.eu\/slo\/wp-content\/uploads\/2020\/07\/likalnik_6.jpg 601w\" sizes=\"(max-width: 500px) 100vw, 500px\" \/><br \/>\n<\/br><\/p>\n<p style=\"text-align: center;\">Na voljo je v kompaktni velikosti, je prenosljiv in preprost za shranjevanje kjerkoli &#8211; doma ali na potovanju. A naj vas njegova velikost ne zavede &#8211; \u0161e vedno dobite konstantno do 25 g\/min pare in temperature od 170\u00b0 do 210\u00b0 C!<\/p>\n<p><img class=\"alignnone size-medium wp-image-21896 aligncenter\" src=\"https:\/\/slo.netclickshop.eu\/wp-content\/uploads\/2020\/07\/likalnik_2-500x414.jpg\" alt=\"\" width=\"500\" height=\"414\" srcset=\"https:\/\/netclickshop.eu\/slo\/wp-content\/uploads\/2020\/07\/likalnik_2-500x414.jpg 500w, https:\/\/netclickshop.eu\/slo\/wp-content\/uploads\/2020\/07\/likalnik_2-600x497.jpg 600w, https:\/\/netclickshop.eu\/slo\/wp-content\/uploads\/2020\/07\/likalnik_2-768x636.jpg 768w, https:\/\/netclickshop.eu\/slo\/wp-content\/uploads\/2020\/07\/likalnik_2.jpg 830w\" sizes=\"(max-width: 500px) 100vw, 500px\" \/><br \/>\n<\/br><\/p>\n<h4 style=\"text-align: center;\">PRIRO\u010cEN IN ENOSTAVEN ZA UPORABO<\/h4>\n<p style=\"text-align: center;\">Parni likalnik ima aluminijasto likalno plo\u0161\u010do s kerami\u010dno povr\u0161ino, ki ne zagotavlja samo odli\u010dnega zadr\u017eevanja toplote ampak tudi enakomerno porazdelitev. \u0160iroka parna glava pokriva obse\u017eno obmo\u010dje tkanine, tako da boste lahko videti dobro v najkraj\u0161em mo\u017enem \u010dasu.<\/p>\n<p><img class=\"alignnone size-medium wp-image-21894 aligncenter\" src=\"https:\/\/slo.netclickshop.eu\/wp-content\/uploads\/2020\/07\/likalnik_1-500x500.jpg\" alt=\"\" width=\"500\" height=\"500\" srcset=\"https:\/\/netclickshop.eu\/slo\/wp-content\/uploads\/2020\/07\/likalnik_1-500x500.jpg 500w, https:\/\/netclickshop.eu\/slo\/wp-content\/uploads\/2020\/07\/likalnik_1-300x300.jpg 300w, https:\/\/netclickshop.eu\/slo\/wp-content\/uploads\/2020\/07\/likalnik_1-100x100.jpg 100w, https:\/\/netclickshop.eu\/slo\/wp-content\/uploads\/2020\/07\/likalnik_1-600x600.jpg 600w, https:\/\/netclickshop.eu\/slo\/wp-content\/uploads\/2020\/07\/likalnik_1-150x150.jpg 150w, https:\/\/netclickshop.eu\/slo\/wp-content\/uploads\/2020\/07\/likalnik_1-768x768.jpg 768w, https:\/\/netclickshop.eu\/slo\/wp-content\/uploads\/2020\/07\/likalnik_1.jpg 797w\" sizes=\"(max-width: 500px) 100vw, 500px\" \/><br \/>\n<\/br><\/p>\n<h4 style=\"text-align: center;\">U\u010cINKOVITO DELOVANJE<\/h4>\n<p style=\"text-align: center;\">\u0160\u010detka za tkanine poskrbi za bolj\u0161o dostopnost pare v tkanino in za odli\u010dno odstranjevanje zbrane umazanije.<\/p>\n<p><img class=\"alignnone size-full wp-image-21895 aligncenter\" src=\"https:\/\/slo.netclickshop.eu\/wp-content\/uploads\/2020\/07\/likalnik_gif_3.gif\" alt=\"\" width=\"459\" height=\"459\" \/><\/p>\n","protected":false},"excerpt":{"rendered":"<p>VSESTRANSKO UPORABEN Parni likalnik poenostavlja likanje. Uporabljate ga lahko na 2 na\u010dina &#8211; ne le navpi\u010dno, kar je najpogostej\u0161i na\u010din, ampak tudi horizontalno, kar je velika prednost pred ostalimi parnimi likalniki. Opremljen je s sistemom proti pu\u0161\u010danju vode. Ta sistem prepre\u010duje kakr\u0161no koli kapljanje, ki bi lahko po\u0161kodovalo va\u0161a obla\u010dila. \u010ce ste bili pred tem &hellip;<\/p>\n<p class=\"read-more\"> <a class=\"\" href=\"https:\/\/netclickshop.eu\/slo\/izdelek\/prenosni-parni-likalnik\/\"> <span class=\"screen-reader-text\">Prenosni parni likalnik<\/span> Read More &raquo;<\/a><\/p>\n","protected":false},"featured_media":22211,"template":"","meta":[],"_links":{"self":[{"href":"https:\/\/netclickshop.eu\/slo\/wp-json\/wp\/v2\/product\/21890"}],"collection":[{"href":"https:\/\/netclickshop.eu\/slo\/wp-json\/wp\/v2\/product"}],"about":[{"href":"https:\/\/netclickshop.eu\/slo\/wp-json\/wp\/v2\/types\/product"}],"version-history":[{"count":0,"href":"https:\/\/netclickshop.eu\/slo\/wp-json\/wp\/v2\/product\/21890\/revisions"}],"wp:featuredmedia":[{"embeddable":true,"href":"https:\/\/netclickshop.eu\/slo\/wp-json\/wp\/v2\/media\/22211"}],"wp:attachment":[{"href":"https:\/\/netclickshop.eu\/slo\/wp-json\/wp\/v2\/media?parent=21890"}],"curies":[{"name":"wp","href":"https:\/\/api.w.org\/{rel}","templated":true}]}}