{"id":21901,"date":"2020-07-17T13:01:31","date_gmt":"2020-07-17T13:01:31","guid":{"rendered":"https:\/\/slo.best4home.eu\/?post_type=product&#038;p=21901"},"modified":"2020-08-09T06:44:13","modified_gmt":"2020-08-09T06:44:13","slug":"ultra-prekriven-tekoci-puder-perfect-skin","status":"publish","type":"product","link":"https:\/\/netclickshop.eu\/slo\/izdelek\/ultra-prekriven-tekoci-puder-perfect-skin\/","title":{"rendered":"Ultra prekriven teko\u010di puder Perfect Skin"},"content":{"rendered":"<h4 style=\"text-align: center;\">ULTRA PREKRIVEN PUDER ZA VSE TIPE KO\u017dE<\/h4>\n<p style=\"text-align: center;\"><strong>Perfect Skin <\/strong>je teko\u010da podlaga z visoko vsebnostjo pigmentov. Njena kremna tekstura brez vsebovanih konzervansov in klini\u010dno testirana teko\u010da podlaga prekrije skoraj vsako nepravilnost na ko\u017ei, izbolj\u0161a njen tonus, pokrije dobesedno vse napake in nepravilnosti ter ji doda svilnato gladek zaklju\u010dek.<\/p>\n<p><img class=\"alignnone size-medium wp-image-21902 aligncenter\" src=\"https:\/\/slo.netclickshop.eu\/wp-content\/uploads\/2020\/07\/puder_1-500x431.jpg\" alt=\"\" width=\"500\" height=\"431\" srcset=\"https:\/\/netclickshop.eu\/slo\/wp-content\/uploads\/2020\/07\/puder_1-500x431.jpg 500w, https:\/\/netclickshop.eu\/slo\/wp-content\/uploads\/2020\/07\/puder_1-600x517.jpg 600w, https:\/\/netclickshop.eu\/slo\/wp-content\/uploads\/2020\/07\/puder_1.jpg 646w\" sizes=\"(max-width: 500px) 100vw, 500px\" \/><br \/>\n<\/br><\/p>\n<h3 style=\"text-align: center;\">Zakaj izbrati ultra prekriven puder Perfect Skin?<\/h3>\n<p style=\"text-align: center;\">Perfect Skin je v svetu najbolj iskana podlaga ravno zaradi svoje <strong>vsestranskosti<\/strong>:<\/p>\n<p style=\"text-align: center;\"> \t\u2714 Je vodoodporen<br \/>\n \t\u2714 Hipoalergen<br \/>\n \t\u2714 Klini\u010dno testiran<br \/>\n \t\u2714 Brez parabenov<\/p>\n<p><\/br><\/p>\n<p style=\"text-align: center;\">Primeren je za <strong>vse tipe ko\u017ee<\/strong>, tudi za ob\u010dutljive. Va\u0161o ko\u017eo poleg vsega na\u0161tetega varuje tudi pred \u0161kodljivimi vplivi narave. Zaradi svojih odli\u010dnih lastnosti in trajnosti ga \u0161e danes uporabljajo profesionalni make-up umetniki za fotografske ali filmske posnetke, modeliranje, prazni\u010dne prilo\u017enosti itd.<\/p>\n<p><img class=\"alignnone size-medium wp-image-21903 aligncenter\" src=\"https:\/\/slo.netclickshop.eu\/wp-content\/uploads\/2020\/07\/puder_gif-500x281.gif\" alt=\"\" width=\"500\" height=\"281\" srcset=\"https:\/\/netclickshop.eu\/slo\/wp-content\/uploads\/2020\/07\/puder_gif-500x281.gif 500w, https:\/\/netclickshop.eu\/slo\/wp-content\/uploads\/2020\/07\/puder_gif-600x338.gif 600w\" sizes=\"(max-width: 500px) 100vw, 500px\" \/><br \/>\n<\/br><\/p>\n<h4 style=\"text-align: center;\">UPORABA<\/h4>\n<p style=\"text-align: center;\">Teko\u010do podlago z gobico ali \u010dopi\u010dem enakomerno razporedite po celotni povr\u0161ini obraza. Pazite na koli\u010dino teko\u010de podlage, saj lahko zelo hitro dose\u017eemo ravno nasprotni u\u010dinek kot bi si ga sicer \u017eeleli.<\/p>\n","protected":false},"excerpt":{"rendered":"<p>ULTRA PREKRIVEN PUDER ZA VSE TIPE KO\u017dE Perfect Skin je teko\u010da podlaga z visoko vsebnostjo pigmentov. Njena kremna tekstura brez vsebovanih konzervansov in klini\u010dno testirana teko\u010da podlaga prekrije skoraj vsako nepravilnost na ko\u017ei, izbolj\u0161a njen tonus, pokrije dobesedno vse napake in nepravilnosti ter ji doda svilnato gladek zaklju\u010dek. Zakaj izbrati ultra prekriven puder Perfect Skin? &hellip;<\/p>\n<p class=\"read-more\"> <a class=\"\" href=\"https:\/\/netclickshop.eu\/slo\/izdelek\/ultra-prekriven-tekoci-puder-perfect-skin\/\"> <span class=\"screen-reader-text\">Ultra prekriven teko\u010di puder Perfect Skin<\/span> Read More &raquo;<\/a><\/p>\n","protected":false},"featured_media":21904,"template":"","meta":[],"_links":{"self":[{"href":"https:\/\/netclickshop.eu\/slo\/wp-json\/wp\/v2\/product\/21901"}],"collection":[{"href":"https:\/\/netclickshop.eu\/slo\/wp-json\/wp\/v2\/product"}],"about":[{"href":"https:\/\/netclickshop.eu\/slo\/wp-json\/wp\/v2\/types\/product"}],"version-history":[{"count":0,"href":"https:\/\/netclickshop.eu\/slo\/wp-json\/wp\/v2\/product\/21901\/revisions"}],"wp:featuredmedia":[{"embeddable":true,"href":"https:\/\/netclickshop.eu\/slo\/wp-json\/wp\/v2\/media\/21904"}],"wp:attachment":[{"href":"https:\/\/netclickshop.eu\/slo\/wp-json\/wp\/v2\/media?parent=21901"}],"curies":[{"name":"wp","href":"https:\/\/api.w.org\/{rel}","templated":true}]}}