{"id":22051,"date":"2020-07-21T07:22:24","date_gmt":"2020-07-21T07:22:24","guid":{"rendered":"https:\/\/slo.best4home.eu\/?post_type=product&#038;p=22051"},"modified":"2021-09-06T09:44:07","modified_gmt":"2021-09-06T09:44:07","slug":"silikonska-brisaca-za-prhanje","status":"publish","type":"product","link":"https:\/\/netclickshop.eu\/slo\/izdelek\/silikonska-brisaca-za-prhanje\/","title":{"rendered":"Silikonska krta\u010da za prhanje 1+1 GRATIS"},"content":{"rendered":"<h4 style=\"text-align: center;\">V PAKETU PREJMETE KAR 2 KRTA\u010cI!<\/h4>\n<h4 style=\"text-align: center;\">TEMELJITO O\u010cISTITE TE\u017dKO DOSTOPNE DELE TELESA<\/h4>\n<p style=\"text-align: center;\">Ta te\u017eko dostopna mesta v\u010dasih izjemno te\u017eko dose\u017eemo in sedaj imamo za vas re\u0161itev. O\u010distite va\u0161 hrbet s to silikonsko krta\u010do za prhanje in ga ohranite \u010distega! \u010cisti pore, odstranjuje umazanijo, odmrlo ko\u017eo ter ko\u017eo naredi bolj gladko.<\/p>\n<p><img class=\"alignnone size-full wp-image-22053 aligncenter\" src=\"https:\/\/slo.netclickshop.eu\/wp-content\/uploads\/2020\/07\/silikon_krtaca_gif_2.gif\" alt=\"\" width=\"360\" height=\"480\" \/><br \/>\n<img class=\"alignnone size-full wp-image-22053 aligncenter\" src=\"https:\/\/slo.netclickshop.eu\/wp-content\/uploads\/2020\/07\/fb-mnenje1-556x207.jpg\" alt=\"\" width=\"556\" height=\"207\" \/><\/p>\n<h4 style=\"text-align: center;\">KVALITETNA IZDELAVA<\/h4>\n<p style=\"text-align: center;\">Krta\u010da za prhanje je narejena iz silikona, ki je primeren za prehrano, ki ni \u0161kodljiv in <strong>je okolju prijazen, brez BPA in brez \u0161kodljivih snovi<\/strong>. Odporen je na visoke temperature, je varen in trajen.<\/p>\n<p><img class=\"alignnone size-medium wp-image-22054 aligncenter\" src=\"https:\/\/slo.netclickshop.eu\/wp-content\/uploads\/2020\/07\/Raztez.gif\" alt=\"\" width=\"426\" height=\"426\" \/><\/p>\n<h4 style=\"text-align: center;\">PRIMEREN ZA VSE TIPE KO\u017dE<\/h4>\n<p style=\"text-align: center;\">Silikonska krta\u010da za prhanje je primerna za razli\u010dne ljudi, otroke, starej\u0161e, mo\u0161ke ali \u017eenske. Za uporabo na zunanjih delih telesa &#8211; rokah, nogah, prsih, hrbtu, stopalih.<\/p>\n<p><img class=\"alignnone size-full wp-image-22056 aligncenter\" src=\"https:\/\/slo.netclickshop.eu\/wp-content\/uploads\/2020\/07\/silikon_krtaca_gif.gif\" alt=\"\" width=\"500\" height=\"500\" \/><br \/>\n<img class=\"alignnone size-full wp-image-22056 aligncenter\" src=\"https:\/\/slo.netclickshop.eu\/wp-content\/uploads\/2020\/07\/fb-mnenje3-557x94-1.jpg\" alt=\"\" width=\"557\" height=\"94\" \/><\/p>\n<h4 style=\"text-align: center;\">NE\u017dNO \u010cISTI PORE IN VA\u0160O KO\u017dO<\/h4>\n<p style=\"text-align: center;\">Ne\u017ene silikonske konice poskrbijo za vsakodnevni piling va\u0161ega telesa, ter odvajanje odmrlih ko\u017enih celic.<\/p>\n<p><img class=\"alignnone size-medium wp-image-22057 aligncenter\" src=\"https:\/\/slo.netclickshop.eu\/wp-content\/uploads\/2020\/07\/rezultati-slo-500x339.jpg\" alt=\"\" width=\"500\" height=\"339\" \/><\/p>\n<h4 style=\"text-align: center;\">OBOJESTRANSKA UPORABA<\/h4>\n<p style=\"text-align: center;\">Uporablja se lahko za \u010di\u0161\u010denje hrbta, rok, obraza ali nog.<\/p>\n<p><img class=\"alignnone size-medium wp-image-22055 aligncenter\" src=\"https:\/\/slo.netclickshop.eu\/wp-content\/uploads\/2020\/07\/silikon_krtaca_8-500x498.jpg\" alt=\"\" width=\"500\" height=\"498\" srcset=\"https:\/\/netclickshop.eu\/slo\/wp-content\/uploads\/2020\/07\/silikon_krtaca_8-500x498.jpg 500w, https:\/\/netclickshop.eu\/slo\/wp-content\/uploads\/2020\/07\/silikon_krtaca_8-300x300.jpg 300w, https:\/\/netclickshop.eu\/slo\/wp-content\/uploads\/2020\/07\/silikon_krtaca_8-100x100.jpg 100w, https:\/\/netclickshop.eu\/slo\/wp-content\/uploads\/2020\/07\/silikon_krtaca_8-600x597.jpg 600w, https:\/\/netclickshop.eu\/slo\/wp-content\/uploads\/2020\/07\/silikon_krtaca_8-150x150.jpg 150w, https:\/\/netclickshop.eu\/slo\/wp-content\/uploads\/2020\/07\/silikon_krtaca_8-768x764.jpg 768w, https:\/\/netclickshop.eu\/slo\/wp-content\/uploads\/2020\/07\/silikon_krtaca_8-1024x1019.jpg 1024w, https:\/\/netclickshop.eu\/slo\/wp-content\/uploads\/2020\/07\/silikon_krtaca_8.jpg 1200w\" sizes=\"(max-width: 500px) 100vw, 500px\" \/><br \/>\n<img class=\"alignnone size-full wp-image-22056 aligncenter\" src=\"https:\/\/slo.netclickshop.eu\/wp-content\/uploads\/2020\/07\/fb-mnenje2-555x91-1.jpg\" alt=\"\" width=\"555\" height=\"91\" \/><\/p>\n<h4 style=\"text-align: center;\">ENOSTAVNA UPORABA NA TE\u017dKO DOSTOPNIH MESTIH<\/h4>\n<p style=\"text-align: center;\">Silikonsko krta\u010do za prhanje boste brez te\u017eav in bole\u010din uporabljali za prhanje na te\u017eko dostopnih delih telesa, kot so recimo podplati ali hrbet. Povsem enostavno, hitro in brez bole\u010din!<\/p>\n<p><img class=\"alignnone size-full wp-image-22059 aligncenter\" src=\"https:\/\/slo.netclickshop.eu\/wp-content\/uploads\/2020\/07\/silikon_krtaca_gif_3.gif\" alt=\"\" width=\"400\" height=\"400\" \/><\/p>\n","protected":false},"excerpt":{"rendered":"<p>V PAKETU PREJMETE KAR 2 KRTA\u010cI! TEMELJITO O\u010cISTITE TE\u017dKO DOSTOPNE DELE TELESA Ta te\u017eko dostopna mesta v\u010dasih izjemno te\u017eko dose\u017eemo in sedaj imamo za vas re\u0161itev. O\u010distite va\u0161 hrbet s to silikonsko krta\u010do za prhanje in ga ohranite \u010distega! \u010cisti pore, odstranjuje umazanijo, odmrlo ko\u017eo ter ko\u017eo naredi bolj gladko. KVALITETNA IZDELAVA Krta\u010da za prhanje &hellip;<\/p>\n<p class=\"read-more\"> <a class=\"\" href=\"https:\/\/netclickshop.eu\/slo\/izdelek\/silikonska-brisaca-za-prhanje\/\"> <span class=\"screen-reader-text\">Silikonska krta\u010da za prhanje 1+1 GRATIS<\/span> Read More &raquo;<\/a><\/p>\n","protected":false},"featured_media":22060,"template":"","meta":[],"_links":{"self":[{"href":"https:\/\/netclickshop.eu\/slo\/wp-json\/wp\/v2\/product\/22051"}],"collection":[{"href":"https:\/\/netclickshop.eu\/slo\/wp-json\/wp\/v2\/product"}],"about":[{"href":"https:\/\/netclickshop.eu\/slo\/wp-json\/wp\/v2\/types\/product"}],"version-history":[{"count":1,"href":"https:\/\/netclickshop.eu\/slo\/wp-json\/wp\/v2\/product\/22051\/revisions"}],"predecessor-version":[{"id":36408,"href":"https:\/\/netclickshop.eu\/slo\/wp-json\/wp\/v2\/product\/22051\/revisions\/36408"}],"wp:featuredmedia":[{"embeddable":true,"href":"https:\/\/netclickshop.eu\/slo\/wp-json\/wp\/v2\/media\/22060"}],"wp:attachment":[{"href":"https:\/\/netclickshop.eu\/slo\/wp-json\/wp\/v2\/media?parent=22051"}],"curies":[{"name":"wp","href":"https:\/\/api.w.org\/{rel}","templated":true}]}}