{"id":22077,"date":"2020-07-21T09:22:08","date_gmt":"2020-07-21T09:22:08","guid":{"rendered":"https:\/\/slo.best4home.eu\/?post_type=product&#038;p=22077"},"modified":"2020-10-06T09:57:11","modified_gmt":"2020-10-06T09:57:11","slug":"naprava-za-graviranje","status":"publish","type":"product","link":"https:\/\/netclickshop.eu\/slo\/izdelek\/naprava-za-graviranje\/","title":{"rendered":"Naprava za graviranje"},"content":{"rendered":"<h4 style=\"text-align: center;\"><strong>GRAVIRAJTE V RAZLI\u010cNE MATERIALE<\/strong><\/h4>\n<p style=\"text-align: center;\">Svojo umetni\u0161ko du\u0161o zlijte na steklo, les, kamen, kovino, porcelan, plastiko, glino ali keramiko. Napravo za graviranje lahko uporabite z malce domi\u0161ljije na vseh na\u0161tetih materialih.<\/p>\n<p><img class=\"alignnone size-medium wp-image-22079 aligncenter\" src=\"https:\/\/slo.netclickshop.eu\/wp-content\/uploads\/2020\/07\/61acdyz-3vL._AC_SL1000_.jpg\" alt=\"\" width=\"500\" height=\"500\" \/><\/p>\n<h4 style=\"text-align: center;\"><strong>TRDA DIAMANTNA KONICA<\/strong><\/h4>\n<p style=\"text-align: center;\">Izjemno zanesljiva in mo\u010dna konica iz trde kovine in diamantne prevleke vam bo omogo\u010dila, da boste \u017eeljen vzorec ali napis vgravirali natan\u010dno in profesionalno.<\/p>\n<p><img class=\"alignnone size-full wp-image-22080 aligncenter\" src=\"https:\/\/slo.netclickshop.eu\/wp-content\/uploads\/2020\/07\/graviranje_gif_1.gif\" alt=\"\" width=\"354\" height=\"354\" \/><\/p>\n<h4 style=\"text-align: center;\"><strong>UNIKATNO DARILO<\/strong><\/h4>\n<p style=\"text-align: center;\">Personalizirajte predmete po va\u0161ih \u017eeljah in ustvarite pre\u010dudovito darilo, ki bo presenetilo in osupnilo prav vsakogar.<\/p>\n<p><img class=\"size-medium wp-image-22082 aligncenter\" src=\"https:\/\/slo.netclickshop.eu\/wp-content\/uploads\/2020\/07\/graviranje_1-1a.jpg\" alt=\"\" width=\"500\" height=\"500\" \/><\/p>\n<h4 style=\"text-align: center;\"><strong>VE\u010cNAMENSKA UPORABA<\/strong><\/h4>\n<p style=\"text-align: center;\">Vgravirajte in polep\u0161ajte svoje klju\u010de, nakit, obeske, skodelice, okvirje, steklenice, vaze, pohi\u0161tvo, posode ali stekla na oknih.<\/p>\n<p><img class=\"alignnone size-full wp-image-22083 aligncenter\" src=\"https:\/\/slo.netclickshop.eu\/wp-content\/uploads\/2020\/07\/graviranje_gif.gif\" alt=\"\" width=\"354\" height=\"354\" \/><\/p>\n<h4 style=\"text-align: center;\"><strong>ODLI\u010cNO ZA VSE KREATIVNE DU\u0160E<\/strong><\/h4>\n<p style=\"text-align: center;\">Prepustite se domi\u0161ljiji in ozna\u010dite va\u0161e predmete ali vgravirajte posvetilo v \u017eelene predmete. Kreativnost ne pozna meja.<\/p>\n<p style=\"text-align: center;\"><strong>Lastnosti:<\/strong><\/p>\n<p style=\"text-align: center;\">\u2714 Material: HIPS<br \/>\n\u2714 Pripomo\u010dek za graviranje<br \/>\n\u2714 Omogo\u010da graviranje na steklo, les, keramiko, kovino,\u00a0glino, plastiko,\u00a0 \u2026<br \/>\n\u2714 Trda in zanesljiva konica z diamantno prevleko<br \/>\n\u2714 Enostavna uporaba<br \/>\n\u2714 Ve\u010dnamenska uporaba<br \/>\n\u2714 Baterija: 2 x AA (nista prilo\u017eeni)<br \/>\n\u2714 Dimenzije: na sliki<br \/>\n\u2714 Barva: belo-modra<\/p>\n","protected":false},"excerpt":{"rendered":"<p>GRAVIRAJTE V RAZLI\u010cNE MATERIALE Svojo umetni\u0161ko du\u0161o zlijte na steklo, les, kamen, kovino, porcelan, plastiko, glino ali keramiko. Napravo za graviranje lahko uporabite z malce domi\u0161ljije na vseh na\u0161tetih materialih. TRDA DIAMANTNA KONICA Izjemno zanesljiva in mo\u010dna konica iz trde kovine in diamantne prevleke vam bo omogo\u010dila, da boste \u017eeljen vzorec ali napis vgravirali natan\u010dno &hellip;<\/p>\n<p class=\"read-more\"> <a class=\"\" href=\"https:\/\/netclickshop.eu\/slo\/izdelek\/naprava-za-graviranje\/\"> <span class=\"screen-reader-text\">Naprava za graviranje<\/span> Read More &raquo;<\/a><\/p>\n","protected":false},"featured_media":22084,"template":"","meta":[],"_links":{"self":[{"href":"https:\/\/netclickshop.eu\/slo\/wp-json\/wp\/v2\/product\/22077"}],"collection":[{"href":"https:\/\/netclickshop.eu\/slo\/wp-json\/wp\/v2\/product"}],"about":[{"href":"https:\/\/netclickshop.eu\/slo\/wp-json\/wp\/v2\/types\/product"}],"version-history":[{"count":0,"href":"https:\/\/netclickshop.eu\/slo\/wp-json\/wp\/v2\/product\/22077\/revisions"}],"wp:featuredmedia":[{"embeddable":true,"href":"https:\/\/netclickshop.eu\/slo\/wp-json\/wp\/v2\/media\/22084"}],"wp:attachment":[{"href":"https:\/\/netclickshop.eu\/slo\/wp-json\/wp\/v2\/media?parent=22077"}],"curies":[{"name":"wp","href":"https:\/\/api.w.org\/{rel}","templated":true}]}}