{"id":23252,"date":"2020-08-17T08:28:35","date_gmt":"2020-08-17T08:28:35","guid":{"rendered":"https:\/\/slo.best4home.eu\/?post_type=product&#038;p=23252"},"modified":"2021-04-10T07:23:45","modified_gmt":"2021-04-10T07:23:45","slug":"set-za-barvanje-86-delni","status":"publish","type":"product","link":"https:\/\/netclickshop.eu\/slo\/izdelek\/set-za-barvanje-86-delni\/","title":{"rendered":"Set za barvanje 1+1 GRATIS"},"content":{"rendered":"<h3 style=\"text-align: center;\">PREBUDITE USTVARJALNOST V VA\u0160EM OTROKU<\/h3>\n<p style=\"text-align: center;\">VSE V ENEM PAKETU &#8211; umetni\u0161ki komplet vklju\u010duje: 24 barvic, 24 barvnih svin\u010dnikov, 24 vodnih barvic, 24 oljnih pastel, 12 akvarelnih barv, 2 sponki, paleto, \u010dopi\u010d, svin\u010dnik, \u0161il\u010dek, radirko, ravnilo, gobo in \u0161karje.<\/p>\n<p><img class=\"alignnone size-medium wp-image-23253 aligncenter\" src=\"https:\/\/slo.netclickshop.eu\/wp-content\/uploads\/2020\/08\/set_barvanje_5-400x500.jpg\" alt=\"\" width=\"400\" height=\"500\" srcset=\"https:\/\/netclickshop.eu\/slo\/wp-content\/uploads\/2020\/08\/set_barvanje_5-400x500.jpg 400w, https:\/\/netclickshop.eu\/slo\/wp-content\/uploads\/2020\/08\/set_barvanje_5-600x750.jpg 600w, https:\/\/netclickshop.eu\/slo\/wp-content\/uploads\/2020\/08\/set_barvanje_5-768x960.jpg 768w, https:\/\/netclickshop.eu\/slo\/wp-content\/uploads\/2020\/08\/set_barvanje_5.jpg 789w\" sizes=\"(max-width: 400px) 100vw, 400px\" \/><\/p>\n<h3 style=\"text-align: center;\">POSEBNO PAKIRANJE<\/h3>\n<p style=\"text-align: center;\">Paket je edinstven \u017ee zaradi lepe torbice v katero so pakirane barvice in ostali slikarski pripomo\u010dki. V paketu dobite 1+1 GRATIS.<\/p>\n<p><img class=\"alignnone size-medium wp-image-23254 aligncenter\" src=\"https:\/\/slo.netclickshop.eu\/wp-content\/uploads\/2020\/08\/set_barvanje_1-500x439.jpg\" alt=\"\" width=\"500\" height=\"439\" srcset=\"https:\/\/netclickshop.eu\/slo\/wp-content\/uploads\/2020\/08\/set_barvanje_1-500x439.jpg 500w, https:\/\/netclickshop.eu\/slo\/wp-content\/uploads\/2020\/08\/set_barvanje_1-600x527.jpg 600w, https:\/\/netclickshop.eu\/slo\/wp-content\/uploads\/2020\/08\/set_barvanje_1-768x675.jpg 768w, https:\/\/netclickshop.eu\/slo\/wp-content\/uploads\/2020\/08\/set_barvanje_1-1024x900.jpg 1024w, https:\/\/netclickshop.eu\/slo\/wp-content\/uploads\/2020\/08\/set_barvanje_1.jpg 1498w\" sizes=\"(max-width: 500px) 100vw, 500px\" \/><\/p>\n<h3 style=\"text-align: center;\">VARNA UPORABA<\/h3>\n<p style=\"text-align: center;\">Varnost otrok je vedno na prvem mestu. Vse barvice in pripomo\u010dki so izdelani iz visoko kakovostnih in 100% netoksi\u010dnih materialov. Izpolnjujejo ameri\u0161ke in evropske standarde igra\u010d.<\/p>\n<p><img class=\"size-medium wp-image-23255 aligncenter\" src=\"https:\/\/slo.netclickshop.eu\/wp-content\/uploads\/2020\/08\/set_barvanje_7-500x500.jpg\" alt=\"\" width=\"500\" height=\"500\" srcset=\"https:\/\/netclickshop.eu\/slo\/wp-content\/uploads\/2020\/08\/set_barvanje_7-500x500.jpg 500w, https:\/\/netclickshop.eu\/slo\/wp-content\/uploads\/2020\/08\/set_barvanje_7-300x300.jpg 300w, https:\/\/netclickshop.eu\/slo\/wp-content\/uploads\/2020\/08\/set_barvanje_7-100x100.jpg 100w, https:\/\/netclickshop.eu\/slo\/wp-content\/uploads\/2020\/08\/set_barvanje_7-600x600.jpg 600w, https:\/\/netclickshop.eu\/slo\/wp-content\/uploads\/2020\/08\/set_barvanje_7-150x150.jpg 150w, https:\/\/netclickshop.eu\/slo\/wp-content\/uploads\/2020\/08\/set_barvanje_7-768x768.jpg 768w, https:\/\/netclickshop.eu\/slo\/wp-content\/uploads\/2020\/08\/set_barvanje_7-1024x1024.jpg 1024w, https:\/\/netclickshop.eu\/slo\/wp-content\/uploads\/2020\/08\/set_barvanje_7.jpg 1500w\" sizes=\"(max-width: 500px) 100vw, 500px\" \/><\/p>\n<h3 style=\"text-align: center;\">ODLI\u010cNA IDEJA ZA DARILO<\/h3>\n<p style=\"text-align: center;\">Umetni\u0161ki komplet je lahko najbolj\u0161e darilo za otroke, ki se lahko zabavajo na umetni\u0161ki na\u010din, hkrati pa izbolj\u0161ajo svoje ro\u010dne spretnosti. Lahko je popolno navdihujo\u010de darilo za male umetnike.<\/p>\n<p><img class=\"alignnone size-medium wp-image-23256 aligncenter\" src=\"https:\/\/slo.netclickshop.eu\/wp-content\/uploads\/2020\/08\/Set-gif.gif\" alt=\"\" width=\"320\" height=\"320\" \/><\/p>\n<h3 style=\"text-align: center;\">\u00a0PREBUDITE KREATIVNOST VA\u0160EGA OTROKA<\/h3>\n<p style=\"text-align: center;\">Va\u0161 otrok bo navdu\u0161en nad setom za barvanje in bo dobil \u0161e ve\u010dje veselje do risanja in umetni\u0161kega ustvarjanja.<\/p>\n<p><img class=\"alignnone size-medium wp-image-23257 aligncenter\" src=\"https:\/\/slo.netclickshop.eu\/wp-content\/uploads\/2020\/08\/S4-500.jpg\" alt=\"\" width=\"500\" height=\"375\" \/><br \/>\n<img class=\"alignnone size-medium wp-image-23257 aligncenter\" src=\"https:\/\/slo.netclickshop.eu\/wp-content\/uploads\/2020\/08\/SLO-set.jpg\" alt=\"\" width=\"500\" height=\"510\" \/><\/p>\n","protected":false},"excerpt":{"rendered":"<p>PREBUDITE USTVARJALNOST V VA\u0160EM OTROKU VSE V ENEM PAKETU &#8211; umetni\u0161ki komplet vklju\u010duje: 24 barvic, 24 barvnih svin\u010dnikov, 24 vodnih barvic, 24 oljnih pastel, 12 akvarelnih barv, 2 sponki, paleto, \u010dopi\u010d, svin\u010dnik, \u0161il\u010dek, radirko, ravnilo, gobo in \u0161karje. POSEBNO PAKIRANJE Paket je edinstven \u017ee zaradi lepe torbice v katero so pakirane barvice in ostali slikarski &hellip;<\/p>\n<p class=\"read-more\"> <a class=\"\" href=\"https:\/\/netclickshop.eu\/slo\/izdelek\/set-za-barvanje-86-delni\/\"> <span class=\"screen-reader-text\">Set za barvanje 1+1 GRATIS<\/span> Read More &raquo;<\/a><\/p>\n","protected":false},"featured_media":23254,"template":"","meta":[],"_links":{"self":[{"href":"https:\/\/netclickshop.eu\/slo\/wp-json\/wp\/v2\/product\/23252"}],"collection":[{"href":"https:\/\/netclickshop.eu\/slo\/wp-json\/wp\/v2\/product"}],"about":[{"href":"https:\/\/netclickshop.eu\/slo\/wp-json\/wp\/v2\/types\/product"}],"version-history":[{"count":2,"href":"https:\/\/netclickshop.eu\/slo\/wp-json\/wp\/v2\/product\/23252\/revisions"}],"predecessor-version":[{"id":34217,"href":"https:\/\/netclickshop.eu\/slo\/wp-json\/wp\/v2\/product\/23252\/revisions\/34217"}],"wp:featuredmedia":[{"embeddable":true,"href":"https:\/\/netclickshop.eu\/slo\/wp-json\/wp\/v2\/media\/23254"}],"wp:attachment":[{"href":"https:\/\/netclickshop.eu\/slo\/wp-json\/wp\/v2\/media?parent=23252"}],"curies":[{"name":"wp","href":"https:\/\/api.w.org\/{rel}","templated":true}]}}