{"id":24537,"date":"2020-09-14T13:34:03","date_gmt":"2020-09-14T13:34:03","guid":{"rendered":"https:\/\/slo.best4home.eu\/?post_type=product&#038;p=24537"},"modified":"2021-09-06T09:38:24","modified_gmt":"2021-09-06T09:38:24","slug":"brusilnik-za-kosilnico","status":"publish","type":"product","link":"https:\/\/netclickshop.eu\/slo\/izdelek\/brusilnik-za-kosilnico\/","title":{"rendered":"Brusilnik za kosilnico 1+1 GRATIS"},"content":{"rendered":"<h4 style=\"text-align: center;\">V PAKETU PREJMETE KAR 2 BRUSILNIKA!<\/h4>\n<h4 style=\"text-align: center;\">POSKRBITE, DA BO VA\u0160A ZELENICA POPOLNO UREJENA<\/h4>\n<p style=\"text-align: center;\">Brusilnik rezil kosilnic je odli\u010dno orodje za vzdr\u017eevanje rezila va\u0161e kosilnice. Ta preprost in enostaven brusilnik za ostrenje uporablja vnaprej nastavljeno karbidno rezilo, da v samo nekaj minutah hitro postavi gladek in oster rob na no\u017eu va\u0161e kosilnice.<\/p>\n<p><img class=\"alignnone size-full wp-image-24538 aligncenter\" src=\"https:\/\/slo.netclickshop.eu\/wp-content\/uploads\/2020\/09\/kosilnica_noz_gif_2.gif\" alt=\"\" width=\"360\" height=\"360\" \/><br \/>\n<img class=\"alignnone size-full wp-image-24538 aligncenter\" src=\"https:\/\/slo.netclickshop.eu\/wp-content\/uploads\/2020\/09\/fb-mnenje-436x75-1-1.jpg\" alt=\"\" width=\"436\" height=\"75\" \/><\/p>\n<h4 style=\"text-align: center;\">NEM\u0160KA KVALITETA<\/h4>\n<p style=\"text-align: center;\">Brusilnik je zelo trpe\u017een in visokokakovosten in bo zagotovo zdr\u017eal dolgo in bo v veliko pomo\u010d za va\u0161o kosilnico. Rezila lahko enostavno in hitro nabrusite, s \u010dimer boste prihranili \u010das in energijo.<\/p>\n<p><img class=\"alignnone size-medium wp-image-24539 aligncenter\" src=\"https:\/\/slo.netclickshop.eu\/wp-content\/uploads\/2020\/09\/kosilnica_noz_1-500x500.jpg\" alt=\"\" width=\"500\" height=\"500\" srcset=\"https:\/\/netclickshop.eu\/slo\/wp-content\/uploads\/2020\/09\/kosilnica_noz_1-500x500.jpg 500w, https:\/\/netclickshop.eu\/slo\/wp-content\/uploads\/2020\/09\/kosilnica_noz_1-300x300.jpg 300w, https:\/\/netclickshop.eu\/slo\/wp-content\/uploads\/2020\/09\/kosilnica_noz_1-100x100.jpg 100w, https:\/\/netclickshop.eu\/slo\/wp-content\/uploads\/2020\/09\/kosilnica_noz_1-600x600.jpg 600w, https:\/\/netclickshop.eu\/slo\/wp-content\/uploads\/2020\/09\/kosilnica_noz_1-150x150.jpg 150w, https:\/\/netclickshop.eu\/slo\/wp-content\/uploads\/2020\/09\/kosilnica_noz_1-768x768.jpg 768w, https:\/\/netclickshop.eu\/slo\/wp-content\/uploads\/2020\/09\/kosilnica_noz_1.jpg 1000w\" sizes=\"(max-width: 500px) 100vw, 500px\" \/><br \/>\n<img class=\"alignnone size-full wp-image-24538 aligncenter\" src=\"https:\/\/slo.netclickshop.eu\/wp-content\/uploads\/2020\/09\/fb-mnenje-543x91-1.jpg\" alt=\"\" width=\"543\" height=\"91\" \/><\/p>\n<p style=\"text-align: center;\"><strong>Enostaven za uporabo<\/strong> &#8211; enostaven za namestitev in ustreza vsakemu vrtalniku.<br \/>\n<strong>\u0160iroka mo\u017enost uporabe<\/strong> &#8211; ustreza vsem modelom vrtalnikov in no\u017eev kosilnic.<br \/>\n<strong>La\u017eje delo in prihranek \u010dasa<\/strong> &#8211; 10-krat la\u017eje in hitreje dokon\u010dajte ko\u0161njo va\u0161e trate in prihranite \u010das in energijo.<br \/>\n<strong>Brezhibno ostrenje<\/strong> &#8211; rezilo va\u0161e kosilnice izostrite in zagotovite \u010dist rez za bolj zdravo trato.<br \/>\n<strong>Hitri rezultati<\/strong> &#8211; ostrenje je enostavno in hitro, rezultati pa hitro vidni.<\/p>\n<p><img class=\"alignnone size-full wp-image-24540 aligncenter\" src=\"https:\/\/slo.netclickshop.eu\/wp-content\/uploads\/2020\/09\/kosilnica_noz_gif_3.gif\" alt=\"\" width=\"360\" height=\"360\" \/><\/p>\n<h4 style=\"text-align: center;\">ENOSTAVNA UPORABA<\/h4>\n<p style=\"text-align: center;\">Ni vam treba uporabljati ro\u010dnega brusilnika, preprosto ga namestite na elektri\u010dni vrtalnik in bo deloval zelo dobro. Brusilnik za kosilnico je obvezno orodje za vsakega doma\u010dega mojstra.<\/p>\n<p><img class=\"alignnone size-medium wp-image-24542 aligncenter\" src=\"https:\/\/slo.netclickshop.eu\/wp-content\/uploads\/2020\/09\/kosilnica_noz_4-500x500.jpg\" alt=\"\" width=\"500\" height=\"500\" srcset=\"https:\/\/netclickshop.eu\/slo\/wp-content\/uploads\/2020\/09\/kosilnica_noz_4-500x500.jpg 500w, https:\/\/netclickshop.eu\/slo\/wp-content\/uploads\/2020\/09\/kosilnica_noz_4-300x300.jpg 300w, https:\/\/netclickshop.eu\/slo\/wp-content\/uploads\/2020\/09\/kosilnica_noz_4-100x100.jpg 100w, https:\/\/netclickshop.eu\/slo\/wp-content\/uploads\/2020\/09\/kosilnica_noz_4-600x600.jpg 600w, https:\/\/netclickshop.eu\/slo\/wp-content\/uploads\/2020\/09\/kosilnica_noz_4-150x150.jpg 150w, https:\/\/netclickshop.eu\/slo\/wp-content\/uploads\/2020\/09\/kosilnica_noz_4-768x768.jpg 768w, https:\/\/netclickshop.eu\/slo\/wp-content\/uploads\/2020\/09\/kosilnica_noz_4.jpg 1001w\" sizes=\"(max-width: 500px) 100vw, 500px\" \/><\/p>\n<h4 style=\"text-align: center;\">\ud83d\udcaa NAJBOLJ PRODAJAN IZDELEK \ud83d\udcaa<\/h4>\n<p><img class=\"aligncenter wp-image-16682 size-medium\" src=\"https:\/\/slo.netclickshop.eu\/wp-content\/uploads\/2020\/03\/SLO-tlak.jpg\" alt=\"\" width=\"504\" height=\"387\" \/><\/p>\n<h4 style=\"text-align: center;\">\u2705 100% VARNI NAKUP \u2705<\/h4>\n<h4 style=\"text-align: center;\">ZELO SMO VESELI VA\u0160IH KOMENTARJEV \ud83d\ude0d<\/h4>\n","protected":false},"excerpt":{"rendered":"<p>V PAKETU PREJMETE KAR 2 BRUSILNIKA! POSKRBITE, DA BO VA\u0160A ZELENICA POPOLNO UREJENA Brusilnik rezil kosilnic je odli\u010dno orodje za vzdr\u017eevanje rezila va\u0161e kosilnice. Ta preprost in enostaven brusilnik za ostrenje uporablja vnaprej nastavljeno karbidno rezilo, da v samo nekaj minutah hitro postavi gladek in oster rob na no\u017eu va\u0161e kosilnice. NEM\u0160KA KVALITETA Brusilnik je &hellip;<\/p>\n<p class=\"read-more\"> <a class=\"\" href=\"https:\/\/netclickshop.eu\/slo\/izdelek\/brusilnik-za-kosilnico\/\"> <span class=\"screen-reader-text\">Brusilnik za kosilnico 1+1 GRATIS<\/span> Read More &raquo;<\/a><\/p>\n","protected":false},"featured_media":24541,"template":"","meta":[],"_links":{"self":[{"href":"https:\/\/netclickshop.eu\/slo\/wp-json\/wp\/v2\/product\/24537"}],"collection":[{"href":"https:\/\/netclickshop.eu\/slo\/wp-json\/wp\/v2\/product"}],"about":[{"href":"https:\/\/netclickshop.eu\/slo\/wp-json\/wp\/v2\/types\/product"}],"version-history":[{"count":2,"href":"https:\/\/netclickshop.eu\/slo\/wp-json\/wp\/v2\/product\/24537\/revisions"}],"predecessor-version":[{"id":36404,"href":"https:\/\/netclickshop.eu\/slo\/wp-json\/wp\/v2\/product\/24537\/revisions\/36404"}],"wp:featuredmedia":[{"embeddable":true,"href":"https:\/\/netclickshop.eu\/slo\/wp-json\/wp\/v2\/media\/24541"}],"wp:attachment":[{"href":"https:\/\/netclickshop.eu\/slo\/wp-json\/wp\/v2\/media?parent=24537"}],"curies":[{"name":"wp","href":"https:\/\/api.w.org\/{rel}","templated":true}]}}