{"id":25112,"date":"2020-09-25T06:57:16","date_gmt":"2020-09-25T06:57:16","guid":{"rendered":"https:\/\/slo.best4home.eu\/?post_type=product&#038;p=25112"},"modified":"2020-10-21T10:13:51","modified_gmt":"2020-10-21T10:13:51","slug":"vrtni-sveder-za-obdelovanje-zemlje","status":"publish","type":"product","link":"https:\/\/netclickshop.eu\/slo\/izdelek\/vrtni-sveder-za-obdelovanje-zemlje\/","title":{"rendered":"Vrtni sveder za obdelovanje zemlje"},"content":{"rendered":"<h4 style=\"text-align: center;\">OBVEZNA OPREMA ZA VSE VRTNARJE<\/h4>\n<p style=\"text-align: center;\">Odli\u010dno orodje za vse vrtnarje. Kopanje lukenj za sajenje je veliko hitrej\u0161e in enostavnej\u0161e kot mu\u010denje z motiko ali lopato, zemlja postane rahla, zato jo je enostavno obdelovati.<\/p>\n<p><img class=\"alignnone size-full wp-image-25114 aligncenter\" src=\"https:\/\/slo.netclickshop.eu\/wp-content\/uploads\/2020\/09\/zemlja_vrtanje_gif_2.gif\" alt=\"\" width=\"400\" height=\"400\" \/><br \/>\n&nbsp;<\/p>\n<h4 style=\"text-align: center;\">ENOSTAVNA UPORABA<\/h4>\n<p style=\"text-align: center;\">Vrtni sveder za obdelovanje zemlje je enostaven za uporabo &#8211; izdelan je iz trpe\u017enega jekla s sijajno \u010drno lakirano povr\u0161ino. Deluje z vsako vrtalno napravo. V nekaj minutah zvrtajte luknje, razrahljajte zemljo ali posadite na stotine \u010debulic.<\/p>\n<p><img class=\"alignnone size-medium wp-image-25115 aligncenter\" src=\"https:\/\/slo.netclickshop.eu\/wp-content\/uploads\/2020\/09\/zemlja_vrtanje_33-500x492.jpg\" alt=\"\" width=\"500\" height=\"492\" srcset=\"https:\/\/netclickshop.eu\/slo\/wp-content\/uploads\/2020\/09\/zemlja_vrtanje_33-500x492.jpg 500w, https:\/\/netclickshop.eu\/slo\/wp-content\/uploads\/2020\/09\/zemlja_vrtanje_33-600x591.jpg 600w, https:\/\/netclickshop.eu\/slo\/wp-content\/uploads\/2020\/09\/zemlja_vrtanje_33-1024x1008.jpg 1024w, https:\/\/netclickshop.eu\/slo\/wp-content\/uploads\/2020\/09\/zemlja_vrtanje_33-768x756.jpg 768w, https:\/\/netclickshop.eu\/slo\/wp-content\/uploads\/2020\/09\/zemlja_vrtanje_33.jpg 1050w\" sizes=\"(max-width: 500px) 100vw, 500px\" \/><br \/>\n&nbsp;<\/p>\n<h4 style=\"text-align: center;\">VE\u010cNAMENSKO UPORABEN<\/h4>\n<p style=\"text-align: center;\">Vrtni sveder za obdelovanje zemlje se lahko uporablja ne samo za obdelavo \u010debulic krokusov, lon\u010dnic, dreves, cvetja, zelenjave, temve\u010d tudi za me\u0161anje semen, zemlje, gnojil in drugih kamnin. Z njim lahko celo namestite de\u017enike na pla\u017ei med po\u010ditnicami.<\/p>\n<p><img class=\"alignnone size-full wp-image-25116 aligncenter\" src=\"https:\/\/slo.netclickshop.eu\/wp-content\/uploads\/2020\/09\/zemlja_vrtanje_3.gif\" alt=\"\" width=\"480\" height=\"480\" \/><br \/>\n&nbsp;<\/p>\n<h4 style=\"text-align: center;\">KAKO DELUJE?<\/h4>\n<p style=\"text-align: center;\">Vrtni sveder za obdelovanje zemlje preprosto namestite na vrtalnik in zatisnete vijake. Sveder se prilega ve\u010dini brez\u017ei\u010dnih vrtalnikov.<\/p>\n<p>&nbsp;<\/p>\n<ul>\n<li style=\"text-align: center;\">Zrahlja zemljo, tako da imajo korenine bolj\u0161i stik s prstjo<\/li>\n<li style=\"text-align: center;\">Hitro skoplje luknje do 17 cm globoko in 4 cm \u0161iroko<\/li>\n<li style=\"text-align: center;\">Prilega se ve\u010dini vrtalnikov<\/li>\n<li style=\"text-align: center;\">Odli\u010dno orodje za izkopavanje plevela<\/li>\n<li style=\"text-align: center;\">Omogo\u010da hitro in enostavno vzdr\u017eevanje vrta<\/li>\n<li style=\"text-align: center;\">Kakovostno in trpe\u017eno orodje, ki vam bo slu\u017eilo \u0161e dolga leta<\/li>\n<\/ul>\n<p><img class=\"alignnone size-medium wp-image-25117 aligncenter\" src=\"https:\/\/slo.netclickshop.eu\/wp-content\/uploads\/2020\/09\/zemlja_vrtanje_2-500x500.jpg\" alt=\"\" width=\"500\" height=\"500\" srcset=\"https:\/\/netclickshop.eu\/slo\/wp-content\/uploads\/2020\/09\/zemlja_vrtanje_2-500x500.jpg 500w, https:\/\/netclickshop.eu\/slo\/wp-content\/uploads\/2020\/09\/zemlja_vrtanje_2-300x300.jpg 300w, https:\/\/netclickshop.eu\/slo\/wp-content\/uploads\/2020\/09\/zemlja_vrtanje_2-100x100.jpg 100w, https:\/\/netclickshop.eu\/slo\/wp-content\/uploads\/2020\/09\/zemlja_vrtanje_2-600x600.jpg 600w, https:\/\/netclickshop.eu\/slo\/wp-content\/uploads\/2020\/09\/zemlja_vrtanje_2-150x150.jpg 150w, https:\/\/netclickshop.eu\/slo\/wp-content\/uploads\/2020\/09\/zemlja_vrtanje_2-768x768.jpg 768w, https:\/\/netclickshop.eu\/slo\/wp-content\/uploads\/2020\/09\/zemlja_vrtanje_2.jpg 1001w\" sizes=\"(max-width: 500px) 100vw, 500px\" \/><\/p>\n","protected":false},"excerpt":{"rendered":"<p>OBVEZNA OPREMA ZA VSE VRTNARJE Odli\u010dno orodje za vse vrtnarje. Kopanje lukenj za sajenje je veliko hitrej\u0161e in enostavnej\u0161e kot mu\u010denje z motiko ali lopato, zemlja postane rahla, zato jo je enostavno obdelovati. &nbsp; ENOSTAVNA UPORABA Vrtni sveder za obdelovanje zemlje je enostaven za uporabo &#8211; izdelan je iz trpe\u017enega jekla s sijajno \u010drno lakirano &hellip;<\/p>\n<p class=\"read-more\"> <a class=\"\" href=\"https:\/\/netclickshop.eu\/slo\/izdelek\/vrtni-sveder-za-obdelovanje-zemlje\/\"> <span class=\"screen-reader-text\">Vrtni sveder za obdelovanje zemlje<\/span> Read More &raquo;<\/a><\/p>\n","protected":false},"featured_media":25118,"template":"","meta":[],"_links":{"self":[{"href":"https:\/\/netclickshop.eu\/slo\/wp-json\/wp\/v2\/product\/25112"}],"collection":[{"href":"https:\/\/netclickshop.eu\/slo\/wp-json\/wp\/v2\/product"}],"about":[{"href":"https:\/\/netclickshop.eu\/slo\/wp-json\/wp\/v2\/types\/product"}],"version-history":[{"count":0,"href":"https:\/\/netclickshop.eu\/slo\/wp-json\/wp\/v2\/product\/25112\/revisions"}],"wp:featuredmedia":[{"embeddable":true,"href":"https:\/\/netclickshop.eu\/slo\/wp-json\/wp\/v2\/media\/25118"}],"wp:attachment":[{"href":"https:\/\/netclickshop.eu\/slo\/wp-json\/wp\/v2\/media?parent=25112"}],"curies":[{"name":"wp","href":"https:\/\/api.w.org\/{rel}","templated":true}]}}