{"id":25120,"date":"2020-09-25T07:22:33","date_gmt":"2020-09-25T07:22:33","guid":{"rendered":"https:\/\/slo.best4home.eu\/?post_type=product&#038;p=25120"},"modified":"2021-04-07T15:18:16","modified_gmt":"2021-04-07T15:18:16","slug":"brusilnik-za-verige-motornih-zag","status":"publish","type":"product","link":"https:\/\/netclickshop.eu\/slo\/izdelek\/brusilnik-za-verige-motornih-zag\/","title":{"rendered":"Brusilnik za verige motornih \u017eag"},"content":{"rendered":"<h4 style=\"text-align: center;\">NABRUSITE VERIGO VA\u0160E MOTORNE \u017dAGE KAR DOMA<\/h4>\n<p style=\"text-align: center;\">Brusilnik za verige motornih \u017eag se uporablja za ro\u010dno bru\u0161enje verig motornih \u017eag vseh znamk in modelov.<\/p>\n<p><img class=\"alignnone size-full wp-image-25121 aligncenter\" src=\"https:\/\/slo.netclickshop.eu\/wp-content\/uploads\/2020\/09\/motorka_gif_2.gif\" alt=\"\" width=\"350\" height=\"330\" \/><\/p>\n<h4 style=\"text-align: center;\">KVALITETNA IZDELAVA<\/h4>\n<p style=\"text-align: center;\">\u00a0Brusilnik za ostrenje verige motorne \u017eage je narejen iz visokokakovostnega materiala. Naprava je enostavna za uporabo in se prilega vodilni palici za ostrenje verige va\u0161e motorne \u017eage.<\/p>\n<p><img class=\"alignnone size-medium wp-image-25122 aligncenter\" src=\"https:\/\/slo.netclickshop.eu\/wp-content\/uploads\/2020\/09\/motorka_2-500x461.jpg\" alt=\"\" width=\"500\" height=\"461\" srcset=\"https:\/\/netclickshop.eu\/slo\/wp-content\/uploads\/2020\/09\/motorka_2-500x461.jpg 500w, https:\/\/netclickshop.eu\/slo\/wp-content\/uploads\/2020\/09\/motorka_2-600x553.jpg 600w, https:\/\/netclickshop.eu\/slo\/wp-content\/uploads\/2020\/09\/motorka_2-768x708.jpg 768w, https:\/\/netclickshop.eu\/slo\/wp-content\/uploads\/2020\/09\/motorka_2.jpg 1000w\" sizes=\"(max-width: 500px) 100vw, 500px\" \/><\/p>\n<h4 style=\"text-align: center;\">ENOSTAVNA IN HITRA UPORABA<\/h4>\n<p style=\"text-align: center;\">Uporaba tega brusilnika za motorne \u017eage na nosilcih je izjemno preprosta. Verige vam ni treba odstraniti, tako da celoten postopek poteka izjemno hitro in zagotavlja enakomerno bru\u0161enje vseh zobov va\u0161e verige.<\/p>\n<p><img class=\"alignnone size-full wp-image-25123 aligncenter\" src=\"https:\/\/slo.netclickshop.eu\/wp-content\/uploads\/2020\/09\/motorka_gif_1.gif\" alt=\"\" width=\"350\" height=\"330\" \/><\/p>\n<h4 style=\"text-align: center;\">UNIVERZALNA VELIKOST<\/h4>\n<p style=\"text-align: center;\">Brusilnik za motorno \u017eago je primeren za vse velikosti verig.<\/p>\n<p><img class=\"alignnone size-full wp-image-25123 aligncenter\" src=\"https:\/\/slo.netclickshop.eu\/wp-content\/uploads\/2020\/09\/motorka_1-500x489.jpg\" alt=\"\" width=\"500\" height=\"489\" \/><\/p>\n","protected":false},"excerpt":{"rendered":"<p>NABRUSITE VERIGO VA\u0160E MOTORNE \u017dAGE KAR DOMA Brusilnik za verige motornih \u017eag se uporablja za ro\u010dno bru\u0161enje verig motornih \u017eag vseh znamk in modelov. KVALITETNA IZDELAVA \u00a0Brusilnik za ostrenje verige motorne \u017eage je narejen iz visokokakovostnega materiala. Naprava je enostavna za uporabo in se prilega vodilni palici za ostrenje verige va\u0161e motorne \u017eage. ENOSTAVNA IN &hellip;<\/p>\n<p class=\"read-more\"> <a class=\"\" href=\"https:\/\/netclickshop.eu\/slo\/izdelek\/brusilnik-za-verige-motornih-zag\/\"> <span class=\"screen-reader-text\">Brusilnik za verige motornih \u017eag<\/span> Read More &raquo;<\/a><\/p>\n","protected":false},"featured_media":25124,"template":"","meta":[],"_links":{"self":[{"href":"https:\/\/netclickshop.eu\/slo\/wp-json\/wp\/v2\/product\/25120"}],"collection":[{"href":"https:\/\/netclickshop.eu\/slo\/wp-json\/wp\/v2\/product"}],"about":[{"href":"https:\/\/netclickshop.eu\/slo\/wp-json\/wp\/v2\/types\/product"}],"version-history":[{"count":1,"href":"https:\/\/netclickshop.eu\/slo\/wp-json\/wp\/v2\/product\/25120\/revisions"}],"predecessor-version":[{"id":34111,"href":"https:\/\/netclickshop.eu\/slo\/wp-json\/wp\/v2\/product\/25120\/revisions\/34111"}],"wp:featuredmedia":[{"embeddable":true,"href":"https:\/\/netclickshop.eu\/slo\/wp-json\/wp\/v2\/media\/25124"}],"wp:attachment":[{"href":"https:\/\/netclickshop.eu\/slo\/wp-json\/wp\/v2\/media?parent=25120"}],"curies":[{"name":"wp","href":"https:\/\/api.w.org\/{rel}","templated":true}]}}