{"id":25244,"date":"2020-09-26T20:17:06","date_gmt":"2020-09-26T20:17:06","guid":{"rendered":"https:\/\/slo.best4home.eu\/?post_type=product&#038;p=25244"},"modified":"2021-09-06T09:30:35","modified_gmt":"2021-09-06T09:30:35","slug":"elektricna-vrtljiva-metlica-za-prah","status":"publish","type":"product","link":"https:\/\/netclickshop.eu\/slo\/izdelek\/elektricna-vrtljiva-metlica-za-prah\/","title":{"rendered":"Elektri\u010dna vrtljiva metlica za prah 1+1 GRATIS"},"content":{"rendered":"<h4 style=\"text-align: center;\">V PAKETU PREJMETE KAR 2 METLICI!<\/h4>\n<h4 style=\"text-align: center;\">O\u010cISTITE PRAH V VA\u0160EM DOMU<\/h4>\n<p style=\"text-align: center;\">Prah je povsod in medtem, ko je \u010di\u0161\u010denje s krpo in \u010distili dolgotrajno in zahtevno, je \u010di\u0161\u010denje z elektri\u010dnim vrtljivim omelom prava sprostitev in novost. O\u010distite prah iz va\u0161ega pohi\u0161tva v samo nekaj sekundah.<\/p>\n<p><img class=\"alignnone size-full wp-image-25245 aligncenter\" src=\"https:\/\/slo.netclickshop.eu\/wp-content\/uploads\/2020\/09\/Gif-1.gif\" alt=\"\" width=\"500\" height=\"281\" \/><\/p>\n<h4 style=\"text-align: center;\">HITRO IN ENOSTAVNO<\/h4>\n<p style=\"text-align: center;\">Ko ste pripravljeni na \u010di\u0161\u010denje prahu, samo pritisnite gumb in elektri\u010dno omelo se za\u010dne vrteti. Vse, kar morate storiti, je, da ga ne\u017eno premikate po pra\u0161ni povr\u0161ini. Elektri\u010dno omelo prakti\u010dno opravi delo namesto vas!<\/p>\n<p><img class=\"alignnone size-medium wp-image-25246 aligncenter\" src=\"https:\/\/slo.netclickshop.eu\/wp-content\/uploads\/2020\/09\/prah_krtaca_4-500x500.jpg\" alt=\"\" width=\"500\" height=\"500\" srcset=\"https:\/\/netclickshop.eu\/slo\/wp-content\/uploads\/2020\/09\/prah_krtaca_4-500x500.jpg 500w, https:\/\/netclickshop.eu\/slo\/wp-content\/uploads\/2020\/09\/prah_krtaca_4-300x300.jpg 300w, https:\/\/netclickshop.eu\/slo\/wp-content\/uploads\/2020\/09\/prah_krtaca_4-100x100.jpg 100w, https:\/\/netclickshop.eu\/slo\/wp-content\/uploads\/2020\/09\/prah_krtaca_4-600x600.jpg 600w, https:\/\/netclickshop.eu\/slo\/wp-content\/uploads\/2020\/09\/prah_krtaca_4-1024x1024.jpg 1024w, https:\/\/netclickshop.eu\/slo\/wp-content\/uploads\/2020\/09\/prah_krtaca_4-150x150.jpg 150w, https:\/\/netclickshop.eu\/slo\/wp-content\/uploads\/2020\/09\/prah_krtaca_4-768x768.jpg 768w, https:\/\/netclickshop.eu\/slo\/wp-content\/uploads\/2020\/09\/prah_krtaca_4.jpg 1500w\" sizes=\"(max-width: 500px) 100vw, 500px\" \/><br \/>\n<img class=\"alignnone size-full wp-image-25245 aligncenter\" src=\"https:\/\/slo.netclickshop.eu\/wp-content\/uploads\/2020\/10\/SL6.jpg\" alt=\"\" width=\"500\" height=\"500\" \/><\/p>\n<h4 style=\"text-align: center;\">PRIVLA\u010cI IN UJEME PRAH<\/h4>\n<p style=\"text-align: center;\">Ko uporabljate navadno krpo, krpo iz mikrovlaken se prah potiska naokoli. Vrne se v zrak ali pa pristane na drugi povr\u0161ini. Na\u0161e elektri\u010dno omelo ima posebne elektrostati\u010dno nabite \u0161\u010detine, ki pritegnejo in ujamejo prah. Odstranljiva glava za prah zadr\u017euje prah v \u0161\u010detinah, vse dokler mehkih \u0161\u010detin ne sperete.<\/p>\n<p><img class=\"alignnone size-full wp-image-25245 aligncenter\" src=\"https:\/\/slo.netclickshop.eu\/wp-content\/uploads\/2020\/09\/gif2-1.gif\" alt=\"\" width=\"400\" height=\"400\" \/><\/p>\n<h4 style=\"text-align: center;\">PRILAGODLJIVA ZASNOVA<\/h4>\n<p style=\"text-align: center;\">\u010ci\u0161\u010denje prahu v majhnih prostorih ali na majhnih predmetih je velik izziv. Skoraj nemogo\u010de je o\u010distiti \u017ealuzije in rolete ter pisarni\u0161ke povr\u0161ine, kot so tipkovnica, prenosnik in monitor. Izjemno mehke \u0161\u010detine ustrezajo va\u0161emu pohi\u0161tvu in katerikoli obliki. Odli\u010dno slu\u017ei, ko \u017eelite o\u010distiti te\u017eko dostopna obmo\u010dja, kot so vogali, razpoke in prostor med napravami.<\/p>\n<p><img class=\"alignnone size-medium wp-image-25248 aligncenter\" src=\"https:\/\/slo.netclickshop.eu\/wp-content\/uploads\/2020\/09\/prah_krtaca_5-500x500.jpg\" alt=\"\" width=\"500\" height=\"500\" srcset=\"https:\/\/netclickshop.eu\/slo\/wp-content\/uploads\/2020\/09\/prah_krtaca_5-500x500.jpg 500w, https:\/\/netclickshop.eu\/slo\/wp-content\/uploads\/2020\/09\/prah_krtaca_5-300x300.jpg 300w, https:\/\/netclickshop.eu\/slo\/wp-content\/uploads\/2020\/09\/prah_krtaca_5-100x100.jpg 100w, https:\/\/netclickshop.eu\/slo\/wp-content\/uploads\/2020\/09\/prah_krtaca_5-600x600.jpg 600w, https:\/\/netclickshop.eu\/slo\/wp-content\/uploads\/2020\/09\/prah_krtaca_5-1024x1024.jpg 1024w, https:\/\/netclickshop.eu\/slo\/wp-content\/uploads\/2020\/09\/prah_krtaca_5-150x150.jpg 150w, https:\/\/netclickshop.eu\/slo\/wp-content\/uploads\/2020\/09\/prah_krtaca_5-768x768.jpg 768w, https:\/\/netclickshop.eu\/slo\/wp-content\/uploads\/2020\/09\/prah_krtaca_5.jpg 1500w\" sizes=\"(max-width: 500px) 100vw, 500px\" \/><br \/>\n<img class=\"alignnone size-full wp-image-25245 aligncenter\" src=\"https:\/\/slo.netclickshop.eu\/wp-content\/uploads\/2020\/10\/SL7.jpg\" alt=\"\" width=\"500\" height=\"500\" \/><\/p>\n<h4 style=\"text-align: center;\">PO PRANJU KOT NOVO<\/h4>\n<p><img class=\"alignnone size-medium wp-image-25248 aligncenter\" src=\"https:\/\/slo.netclickshop.eu\/wp-content\/uploads\/2020\/10\/SL2.jpg\" alt=\"\" width=\"500\" height=\"500\" \/><br \/>\n<img class=\"alignnone size-medium wp-image-25248 aligncenter\" src=\"https:\/\/slo.netclickshop.eu\/wp-content\/uploads\/2020\/10\/Gif-clean.gif\" alt=\"\" width=\"500\" height=\"281\" \/><\/p>\n<p style=\"text-align: center;\">Izredno mehke glave za prah so ne\u017ene in primerne za vse povr\u0161ine. Prilagodijo se kakr\u0161ni koli obliki in prostoru, zaradi \u010desar je \u010di\u0161\u010denje va\u0161ega stanovanja veliko enostavneje. Elektri\u010dno omelo za \u010di\u0161\u010denje prahu deluje na baterije AA.<\/p>\n<p><img class=\"alignnone size-medium wp-image-25249 aligncenter\" src=\"https:\/\/slo.netclickshop.eu\/wp-content\/uploads\/2020\/09\/K3-last-slo.jpg\" alt=\"\" width=\"500\" height=\"393\" \/><\/p>\n","protected":false},"excerpt":{"rendered":"<p>V PAKETU PREJMETE KAR 2 METLICI! O\u010cISTITE PRAH V VA\u0160EM DOMU Prah je povsod in medtem, ko je \u010di\u0161\u010denje s krpo in \u010distili dolgotrajno in zahtevno, je \u010di\u0161\u010denje z elektri\u010dnim vrtljivim omelom prava sprostitev in novost. O\u010distite prah iz va\u0161ega pohi\u0161tva v samo nekaj sekundah. HITRO IN ENOSTAVNO Ko ste pripravljeni na \u010di\u0161\u010denje prahu, samo &hellip;<\/p>\n<p class=\"read-more\"> <a class=\"\" href=\"https:\/\/netclickshop.eu\/slo\/izdelek\/elektricna-vrtljiva-metlica-za-prah\/\"> <span class=\"screen-reader-text\">Elektri\u010dna vrtljiva metlica za prah 1+1 GRATIS<\/span> Read More &raquo;<\/a><\/p>\n","protected":false},"featured_media":25505,"template":"","meta":[],"_links":{"self":[{"href":"https:\/\/netclickshop.eu\/slo\/wp-json\/wp\/v2\/product\/25244"}],"collection":[{"href":"https:\/\/netclickshop.eu\/slo\/wp-json\/wp\/v2\/product"}],"about":[{"href":"https:\/\/netclickshop.eu\/slo\/wp-json\/wp\/v2\/types\/product"}],"version-history":[{"count":3,"href":"https:\/\/netclickshop.eu\/slo\/wp-json\/wp\/v2\/product\/25244\/revisions"}],"predecessor-version":[{"id":36403,"href":"https:\/\/netclickshop.eu\/slo\/wp-json\/wp\/v2\/product\/25244\/revisions\/36403"}],"wp:featuredmedia":[{"embeddable":true,"href":"https:\/\/netclickshop.eu\/slo\/wp-json\/wp\/v2\/media\/25505"}],"wp:attachment":[{"href":"https:\/\/netclickshop.eu\/slo\/wp-json\/wp\/v2\/media?parent=25244"}],"curies":[{"name":"wp","href":"https:\/\/api.w.org\/{rel}","templated":true}]}}