{"id":2529,"date":"2018-03-29T18:49:01","date_gmt":"2018-03-29T18:49:01","guid":{"rendered":"http:\/\/bluelemon.si\/izdelek\/rokavice-perfect-garden\/"},"modified":"2021-04-10T11:11:58","modified_gmt":"2021-04-10T11:11:58","slug":"rokavice-perfect-garden","status":"publish","type":"product","link":"https:\/\/netclickshop.eu\/slo\/izdelek\/rokavice-perfect-garden\/","title":{"rendered":"Rokavice s kremplji 1+1 GRATIS (2 para)"},"content":{"rendered":"<h3 style=\"text-align: center;\">VRTNE ROKAVICE PERFECT GARDEN<\/h3>\n<p style=\"text-align: center;\">Perfect Garden vrtne rokavice so narejene iz kakovostnih in trpe\u017enih materialov, kateri skupaj nadomestijo vsaj 5 vrtnih orodij na dosegu va\u0161e roke.<\/p>\n<p><img class=\"aligncenter wp-image-16071 size-medium\" src=\"https:\/\/slo.netclickshop.eu\/wp-content\/uploads\/2018\/03\/gif-delo.gif\" alt=\"\" width=\"398\" height=\"224\" \/><br \/>\n<img class=\"size-medium wp-image-16073 aligncenter\" src=\"https:\/\/slo.netclickshop.eu\/wp-content\/uploads\/2018\/03\/FB-mnenje-504x76.jpg\" alt=\"\" width=\"504\" height=\"76\" \/><\/p>\n<p style=\"text-align: center;\"><strong>Mo\u010dne a natan\u010dne<\/strong><br \/>\nPlasti\u010dni kremplji na eni roki omogo\u010dajo natan\u010dno kopanje in grabljenje, fina struktura iz lateksa, poliestra in polipropilena pa hkrati omogo\u010da vsa drobna opravila.<\/p>\n<p><img class=\"alignnone size-medium wp-image-16676 aligncenter\" src=\"https:\/\/slo.netclickshop.eu\/wp-content\/uploads\/2018\/03\/rokavice_vrt_gif_4-500x500.gif\" alt=\"\" width=\"500\" height=\"500\" srcset=\"https:\/\/netclickshop.eu\/slo\/wp-content\/uploads\/2018\/03\/rokavice_vrt_gif_4-500x500.gif 500w, https:\/\/netclickshop.eu\/slo\/wp-content\/uploads\/2018\/03\/rokavice_vrt_gif_4-300x300.gif 300w, https:\/\/netclickshop.eu\/slo\/wp-content\/uploads\/2018\/03\/rokavice_vrt_gif_4-100x100.gif 100w, https:\/\/netclickshop.eu\/slo\/wp-content\/uploads\/2018\/03\/rokavice_vrt_gif_4-150x150.gif 150w, https:\/\/netclickshop.eu\/slo\/wp-content\/uploads\/2018\/03\/rokavice_vrt_gif_4-416x416.gif 416w\" sizes=\"(max-width: 500px) 100vw, 500px\" \/><\/p>\n<p style=\"text-align: center;\"><strong>Vodoodporne in trpe\u017ene<\/strong><br \/>\nPerfect garden vrtne rokavice so vodoodporne, zato jih lahko uporabljate za vsa zunanja opravila.<\/p>\n<p><img class=\"size-medium wp-image-1063 aligncenter\" src=\"https:\/\/slo.netclickshop.eu\/wp-content\/uploads\/2018\/03\/pitc.jpg\" alt=\"\" width=\"436\" height=\"436\" \/><\/p>\n<p style=\"text-align: center;\"><strong>\u0160\u010ditijo va\u0161e roke pred trnji in \u017eulji<\/strong><\/p>\n<p style=\"text-align: center;\">Edinstvena kombinacija materialov omogo\u010da popolno vodoodpornost, trpe\u017eno za\u0161\u010dito va\u0161e ko\u017ee pred trnji in prepre\u010duje nastanek \u017euljev.<\/p>\n<p><img class=\"size-medium wp-image-16074 aligncenter\" src=\"https:\/\/slo.netclickshop.eu\/wp-content\/uploads\/2018\/03\/rokavice-647x647.jpg\" alt=\"\" width=\"500\" height=\"500\" \/><\/p>\n<p style=\"text-align: center;\"><strong>Nadomestijo vsaj 5 vrtnih orodij<\/strong><\/p>\n<p style=\"text-align: center;\">S Perfect Garden rokavicami lahko skoraj hkrati kopljete, grabite, rahljate, pulite, sadite, sejete, obirate,\u2026<br \/>\nvse z va\u0161imi rokami, skrbno za\u0161\u010ditenimi z vrhunskimi materiali.<\/p>\n<p><img class=\"size-medium wp-image-16072 aligncenter\" src=\"https:\/\/slo.netclickshop.eu\/wp-content\/uploads\/2018\/03\/rokavica_4-500x500.jpg\" alt=\"\" width=\"500\" height=\"500\" srcset=\"https:\/\/netclickshop.eu\/slo\/wp-content\/uploads\/2018\/03\/rokavica_4-500x500.jpg 500w, https:\/\/netclickshop.eu\/slo\/wp-content\/uploads\/2018\/03\/rokavica_4-300x300.jpg 300w, https:\/\/netclickshop.eu\/slo\/wp-content\/uploads\/2018\/03\/rokavica_4-100x100.jpg 100w, https:\/\/netclickshop.eu\/slo\/wp-content\/uploads\/2018\/03\/rokavica_4-600x600.jpg 600w, https:\/\/netclickshop.eu\/slo\/wp-content\/uploads\/2018\/03\/rokavica_4-150x150.jpg 150w, https:\/\/netclickshop.eu\/slo\/wp-content\/uploads\/2018\/03\/rokavica_4-768x768.jpg 768w, https:\/\/netclickshop.eu\/slo\/wp-content\/uploads\/2018\/03\/rokavica_4.jpg 1002w\" sizes=\"(max-width: 500px) 100vw, 500px\" \/><\/p>\n<p style=\"text-align: center;\"><strong>Omogo\u010dajo te\u017eja dela kar z rokami<\/strong><\/p>\n<p style=\"text-align: center;\">Inovativni plasti\u010dni kremplji na konicah prstov omogo\u010dajo vsa te\u017eja dela kar z va\u0161imi rokami. Kljub mo\u010dnim krempljem pa Perfect Garden rokavice vseeno omogo\u010dajo natan\u010dno in precizno vrtnarjenje.<\/p>\n<p><img class=\"size-full wp-image-16678 aligncenter\" src=\"https:\/\/slo.netclickshop.eu\/wp-content\/uploads\/2018\/03\/rokavice_vrt_gif_1.gif\" alt=\"\" width=\"480\" height=\"436\" \/><\/p>\n<p style=\"text-align: center;\"><strong>Kvalitetni materiali in izdelava<\/strong><\/p>\n<p style=\"text-align: center;\"><img class=\"size-medium wp-image-1065 aligncenter\" src=\"https:\/\/slo.netclickshop.eu\/wp-content\/uploads\/2018\/03\/500x500-mere.jpg\" alt=\"\" width=\"500\" height=\"500\" \/><\/p>\n<h4 style=\"text-align: center;\"><\/h4>\n<p>&nbsp;<\/p>\n","protected":false},"excerpt":{"rendered":"<p>VRTNE ROKAVICE PERFECT GARDEN Perfect Garden vrtne rokavice so narejene iz kakovostnih in trpe\u017enih materialov, kateri skupaj nadomestijo vsaj 5 vrtnih orodij na dosegu va\u0161e roke. Mo\u010dne a natan\u010dne Plasti\u010dni kremplji na eni roki omogo\u010dajo natan\u010dno kopanje in grabljenje, fina struktura iz lateksa, poliestra in polipropilena pa hkrati omogo\u010da vsa drobna opravila. Vodoodporne in trpe\u017ene &hellip;<\/p>\n<p class=\"read-more\"> <a class=\"\" href=\"https:\/\/netclickshop.eu\/slo\/izdelek\/rokavice-perfect-garden\/\"> <span class=\"screen-reader-text\">Rokavice s kremplji 1+1 GRATIS (2 para)<\/span> Read More &raquo;<\/a><\/p>\n","protected":false},"featured_media":16639,"template":"","meta":[],"_links":{"self":[{"href":"https:\/\/netclickshop.eu\/slo\/wp-json\/wp\/v2\/product\/2529"}],"collection":[{"href":"https:\/\/netclickshop.eu\/slo\/wp-json\/wp\/v2\/product"}],"about":[{"href":"https:\/\/netclickshop.eu\/slo\/wp-json\/wp\/v2\/types\/product"}],"version-history":[{"count":1,"href":"https:\/\/netclickshop.eu\/slo\/wp-json\/wp\/v2\/product\/2529\/revisions"}],"predecessor-version":[{"id":34221,"href":"https:\/\/netclickshop.eu\/slo\/wp-json\/wp\/v2\/product\/2529\/revisions\/34221"}],"wp:featuredmedia":[{"embeddable":true,"href":"https:\/\/netclickshop.eu\/slo\/wp-json\/wp\/v2\/media\/16639"}],"wp:attachment":[{"href":"https:\/\/netclickshop.eu\/slo\/wp-json\/wp\/v2\/media?parent=2529"}],"curies":[{"name":"wp","href":"https:\/\/api.w.org\/{rel}","templated":true}]}}