{"id":25605,"date":"2020-10-08T12:17:17","date_gmt":"2020-10-08T12:17:17","guid":{"rendered":"https:\/\/slo.best4home.eu\/?post_type=product&#038;p=25605"},"modified":"2021-04-07T15:09:43","modified_gmt":"2021-04-07T15:09:43","slug":"torba-za-nosenje-drv","status":"publish","type":"product","link":"https:\/\/netclickshop.eu\/slo\/izdelek\/torba-za-nosenje-drv\/","title":{"rendered":"Torba za no\u0161enje drv"},"content":{"rendered":"<h4 style=\"text-align: center;\">PRENA\u0160ANJE DRV ZA KURJAVO BREZ NAPORA<\/h4>\n<p style=\"text-align: center;\">Namensko zasnovana torba za prenos drv v hi\u0161o ali kurilnico je prakti\u010dne oblike z dvema ro\u010dajema in bo olaj\u0161ala prena\u0161anje ve\u010dje koli\u010dine drv za kurjenje iz enega mesta do va\u0161e pe\u010di ali kamina.<\/p>\n<p><img class=\"alignnone size-medium wp-image-25606 aligncenter\" src=\"https:\/\/slo.netclickshop.eu\/wp-content\/uploads\/2020\/10\/both-500.jpg\" alt=\"\" width=\"500\" height=\"333\" \/><\/p>\n<h4 style=\"text-align: center;\">PRIMERNO ZA PRENOS VE\u010cJE KOLI\u010cINE DRV<\/h4>\n<p style=\"text-align: center;\">S torbo za no\u0161enje drv boste prihranili veliko \u010dasa in prehojenih korakov, saj ima ta torba dovolj prostora za shranjevanje ve\u010dje koli\u010dine drv. Izdelana je iz vrhunskega materiala, odpornega na trganje in lu\u0161\u010denje.<\/p>\n<p><img class=\"alignnone size-medium wp-image-25608 aligncenter\" src=\"https:\/\/slo.netclickshop.eu\/wp-content\/uploads\/2020\/10\/drva_6-500x229.jpg\" alt=\"\" width=\"500\" height=\"229\" srcset=\"https:\/\/netclickshop.eu\/slo\/wp-content\/uploads\/2020\/10\/drva_6-500x229.jpg 500w, https:\/\/netclickshop.eu\/slo\/wp-content\/uploads\/2020\/10\/drva_6-600x275.jpg 600w, https:\/\/netclickshop.eu\/slo\/wp-content\/uploads\/2020\/10\/drva_6.jpg 624w\" sizes=\"(max-width: 500px) 100vw, 500px\" \/><\/p>\n<h4 style=\"text-align: center;\">BOLJ PRAKTI\u010cNO KOT POSODE IN VEDRA<\/h4>\n<p style=\"text-align: center;\">Poleg tega, da lepo izgleda ob kaminu, ta vre\u010da za razliko od plasti\u010dnih veder ne zajema veliko prostora. Ko torbe za no\u0161enje drv ne uporabljate jo lahko preprosto zvijete in shranite v predal.<\/p>\n<p><img class=\"alignnone size-medium wp-image-25609 aligncenter\" src=\"https:\/\/slo.netclickshop.eu\/wp-content\/uploads\/2020\/10\/drva_4-500x500.jpg\" alt=\"\" width=\"500\" height=\"500\" srcset=\"https:\/\/netclickshop.eu\/slo\/wp-content\/uploads\/2020\/10\/drva_4-500x500.jpg 500w, https:\/\/netclickshop.eu\/slo\/wp-content\/uploads\/2020\/10\/drva_4-300x300.jpg 300w, https:\/\/netclickshop.eu\/slo\/wp-content\/uploads\/2020\/10\/drva_4-100x100.jpg 100w, https:\/\/netclickshop.eu\/slo\/wp-content\/uploads\/2020\/10\/drva_4-600x600.jpg 600w, https:\/\/netclickshop.eu\/slo\/wp-content\/uploads\/2020\/10\/drva_4-150x150.jpg 150w, https:\/\/netclickshop.eu\/slo\/wp-content\/uploads\/2020\/10\/drva_4-768x768.jpg 768w, https:\/\/netclickshop.eu\/slo\/wp-content\/uploads\/2020\/10\/drva_4.jpg 1000w\" sizes=\"(max-width: 500px) 100vw, 500px\" \/><\/p>\n<h4 style=\"text-align: center;\">ENOSTAVNA UPORABA<\/h4>\n<p style=\"text-align: center;\">Torbo za no\u0161enje drv lahko uporabljate na dva na\u010dina. Lahko jo nosite v rokah ali pa jo preprosto obesite preko rame.<\/p>\n<p>\u00a0<img class=\"size-medium wp-image-25611 aligncenter\" src=\"https:\/\/slo.netclickshop.eu\/wp-content\/uploads\/2020\/10\/drva_7.jpg\" alt=\"\" width=\"500\" height=\"500\" srcset=\"https:\/\/netclickshop.eu\/slo\/wp-content\/uploads\/2020\/10\/drva_7.jpg 500w, https:\/\/netclickshop.eu\/slo\/wp-content\/uploads\/2020\/10\/drva_7-300x300.jpg 300w, https:\/\/netclickshop.eu\/slo\/wp-content\/uploads\/2020\/10\/drva_7-100x100.jpg 100w, https:\/\/netclickshop.eu\/slo\/wp-content\/uploads\/2020\/10\/drva_7-150x150.jpg 150w, https:\/\/netclickshop.eu\/slo\/wp-content\/uploads\/2020\/10\/drva_7-416x416.jpg 416w\" sizes=\"(max-width: 500px) 100vw, 500px\" \/><br \/>\n&nbsp;<\/p>\n","protected":false},"excerpt":{"rendered":"<p>PRENA\u0160ANJE DRV ZA KURJAVO BREZ NAPORA Namensko zasnovana torba za prenos drv v hi\u0161o ali kurilnico je prakti\u010dne oblike z dvema ro\u010dajema in bo olaj\u0161ala prena\u0161anje ve\u010dje koli\u010dine drv za kurjenje iz enega mesta do va\u0161e pe\u010di ali kamina. PRIMERNO ZA PRENOS VE\u010cJE KOLI\u010cINE DRV S torbo za no\u0161enje drv boste prihranili veliko \u010dasa in &hellip;<\/p>\n<p class=\"read-more\"> <a class=\"\" href=\"https:\/\/netclickshop.eu\/slo\/izdelek\/torba-za-nosenje-drv\/\"> <span class=\"screen-reader-text\">Torba za no\u0161enje drv<\/span> Read More &raquo;<\/a><\/p>\n","protected":false},"featured_media":25611,"template":"","meta":[],"_links":{"self":[{"href":"https:\/\/netclickshop.eu\/slo\/wp-json\/wp\/v2\/product\/25605"}],"collection":[{"href":"https:\/\/netclickshop.eu\/slo\/wp-json\/wp\/v2\/product"}],"about":[{"href":"https:\/\/netclickshop.eu\/slo\/wp-json\/wp\/v2\/types\/product"}],"version-history":[{"count":1,"href":"https:\/\/netclickshop.eu\/slo\/wp-json\/wp\/v2\/product\/25605\/revisions"}],"predecessor-version":[{"id":34109,"href":"https:\/\/netclickshop.eu\/slo\/wp-json\/wp\/v2\/product\/25605\/revisions\/34109"}],"wp:featuredmedia":[{"embeddable":true,"href":"https:\/\/netclickshop.eu\/slo\/wp-json\/wp\/v2\/media\/25611"}],"wp:attachment":[{"href":"https:\/\/netclickshop.eu\/slo\/wp-json\/wp\/v2\/media?parent=25605"}],"curies":[{"name":"wp","href":"https:\/\/api.w.org\/{rel}","templated":true}]}}