{"id":26170,"date":"2020-10-18T16:15:04","date_gmt":"2020-10-18T16:15:04","guid":{"rendered":"https:\/\/slo.best4home.eu\/?post_type=product&#038;p=26170"},"modified":"2021-07-19T09:02:07","modified_gmt":"2021-07-19T09:02:07","slug":"fitness-set-11-delni","status":"publish","type":"product","link":"https:\/\/netclickshop.eu\/slo\/izdelek\/fitness-set-11-delni\/","title":{"rendered":"Fitness set 11-delni"},"content":{"rendered":"<h4 style=\"text-align: center;\">TELOVADITE V ZAVETJU VA\u0160EGA DOMA<\/h4>\n<p style=\"text-align: center;\">Prilo\u017eeno prakti\u010dno dr\u017ealo za na vrata &#8211; telovadite lahko doma!<\/p>\n<p style=\"text-align: center;\">Primerno za mo\u0161ke in \u017eenske vseh starosti, ki i\u0161\u010dejo u\u010dinkovit na\u010din vadbe za kurjenje kalorij, krepitev mi\u0161ic in izgubo ma\u0161\u010dob \u2013 kar od doma. Ne glede na to, ali ste za\u010detnik ali izku\u0161eni fitnes navdu\u0161enec, ki \u017eeli u\u010dinkovitej\u0161o vadbo, boste s tem vsestranskim setom za vadbo dosegli hitrej\u0161e in u\u010dinkovitej\u0161e rezultate!<\/p>\n<p><img class=\"alignnone size-full wp-image-26171 aligncenter\" src=\"https:\/\/slo.netclickshop.eu\/wp-content\/uploads\/2020\/10\/fitnes_set_gif_2.gif\" alt=\"\" width=\"480\" height=\"480\" \/><br \/>\n<img class=\"alignnone size-full wp-image-26171 aligncenter\" src=\"https:\/\/slo.netclickshop.eu\/wp-content\/uploads\/2020\/10\/fb-slo-453x116-1.jpg\" alt=\"\" width=\"453\" height=\"116\" \/><\/p>\n<h4 style=\"text-align: center;\">VSESTRANSKO UPORABEN FITNES SET<\/h4>\n<p style=\"text-align: center;\">Zahvaljujo\u010d vsestranski uporabi lahko raz\u0161irite svojo vadbo tako v fitnesu kot v udobju lastnega doma. Celoten set lahko preprosto pospravite v torbo za no\u0161enje in vadbo opravite, kjerkoli vam ustreza.<\/p>\n<p><img class=\"alignnone size-medium wp-image-26172 aligncenter\" src=\"https:\/\/slo.netclickshop.eu\/wp-content\/uploads\/2020\/10\/fitnes_set_2a-500x500-1.jpg\" alt=\"\" width=\"500\" height=\"500\" \/><br \/>\n<img class=\"alignnone size-full wp-image-26171 aligncenter\" src=\"https:\/\/slo.netclickshop.eu\/wp-content\/uploads\/2020\/10\/fb-slo-455x94-1.jpg\" alt=\"\" width=\"455\" height=\"94\" \/><\/p>\n<p>&nbsp;<\/p>\n<h4 style=\"text-align: center;\"><strong>PRILAGODITE SET ELASTIK GLEDE NA VA\u0160O ZMOGLJIVOST<br \/>\n<\/strong><\/h4>\n<p style=\"text-align: center;\">Vsaka vadba odvisno od mi\u0161ic, ki jih trenirate, zahteva druga\u010dno obremenitev. Na\u0161 fitnes set z 11 kosi vam omogo\u010da, da obremenitev z dodajanjem trakov na penaste ro\u010daje prilagodite tako, da bo zna\u0161ala od 5 kg do 45 kg.<\/p>\n<p><img class=\"alignnone size-medium wp-image-26173 aligncenter\" src=\"https:\/\/slo.netclickshop.eu\/wp-content\/uploads\/2020\/10\/teza1b.jpg\" alt=\"\" width=\"500\" height=\"332\" \/><br \/>\n<img class=\"alignnone size-medium wp-image-26173 aligncenter\" src=\"https:\/\/slo.netclickshop.eu\/wp-content\/uploads\/2020\/10\/rocaji1.jpg\" alt=\"\" width=\"500\" height=\"322\" \/><\/p>\n<h4 style=\"text-align: center;\">TRENING ZA VSE MI\u0160I\u010cNE SKUPINE, TUDI ZA ZADNJICO!<\/h4>\n<p style=\"text-align: center;\">Z njim lahko izvajate \u0161irok niz vzdr\u017eljivostnih vaj za toniranje mi\u0161ic prsnega ko\u0161a in trebuha, bicepsov in tricepsov, stegenskih in me\u010dnih mi\u0161ic, zadnjice, ramenskega obro\u010da in hrbta. Komplet je odli\u010den dodatek k va\u0161em najljub\u0161em treningu, raztezanju, vadbi za mo\u010d, pilatesu ali jogi.<\/p>\n<p><img class=\"alignnone size-full wp-image-26175 aligncenter\" src=\"https:\/\/slo.netclickshop.eu\/wp-content\/uploads\/2020\/10\/fitnes_set_gif.gif\" alt=\"\" width=\"480\" height=\"270\" \/><\/p>\n<h4 style=\"text-align: center;\"><strong>FITNES SET JE PRIMEREN ZA ZA\u010cETNIKE KOT ZA IZKU\u0160ENE \u0160PORTNIKE<\/strong><\/h4>\n<p style=\"text-align: center;\">Set je primeren za katerokoli raven telesne pripravljenosti, saj si lahko intenzivnost treninga zlahka prilagajate z izmenjavo in kombiniranjem trakov razli\u010dnih barv. Ne glede na to, ali se s \u0161portom ukvarjate redno in \u017eelite malce popestriti svoj trening, ste za\u010detnik ali ob\u010dasni telovadec, ki i\u0161\u010de u\u010dinkovitej\u0161e na\u010dine vadbe \u2013 vsestranski komplet nudi pester nabor vaj in hitre rezultate.<\/p>\n<p><img class=\"alignnone size-full wp-image-26176 aligncenter\" src=\"https:\/\/slo.netclickshop.eu\/wp-content\/uploads\/2020\/10\/fitnes_set_gif_1.gif\" alt=\"\" width=\"480\" height=\"269\" \/><\/p>\n<p style=\"text-align: center;\"><strong>Lastnosti:<br \/>\n<\/strong>\u2013 11-delni telovadni set z elasti\u010dnimi trakovi, ki se razlikujejo po te\u017eavnosti<br \/>\n\u2013 s prakti\u010dnim dr\u017ealom za na vrata<br \/>\n\u2013 odli\u010dna alternativa ute\u017eem in tradicionalnim vadbenim napravam<br \/>\n\u2013 primeren za mo\u0161ke in \u017eenske, za\u010detnike in izku\u0161ene \u0161portnike<br \/>\n\u2013 enostavno prilagajanje intenzivnosti vadbe z menjavo in kombinacijo trakov<br \/>\n\u2013 omogo\u010da izvajanje vaj za vse mi\u0161i\u010dne skupine<br \/>\n\u2013 odli\u010den dodatek k treningu<br \/>\n\u2013 kompakten in prenosen set<br \/>\n\u2013 s priro\u010dno vre\u010dko za shranjevanje<\/p>\n","protected":false},"excerpt":{"rendered":"<p>TELOVADITE V ZAVETJU VA\u0160EGA DOMA Prilo\u017eeno prakti\u010dno dr\u017ealo za na vrata &#8211; telovadite lahko doma! Primerno za mo\u0161ke in \u017eenske vseh starosti, ki i\u0161\u010dejo u\u010dinkovit na\u010din vadbe za kurjenje kalorij, krepitev mi\u0161ic in izgubo ma\u0161\u010dob \u2013 kar od doma. Ne glede na to, ali ste za\u010detnik ali izku\u0161eni fitnes navdu\u0161enec, ki \u017eeli u\u010dinkovitej\u0161o vadbo, boste &hellip;<\/p>\n<p class=\"read-more\"> <a class=\"\" href=\"https:\/\/netclickshop.eu\/slo\/izdelek\/fitness-set-11-delni\/\"> <span class=\"screen-reader-text\">Fitness set 11-delni<\/span> Read More &raquo;<\/a><\/p>\n","protected":false},"featured_media":26173,"template":"","meta":[],"_links":{"self":[{"href":"https:\/\/netclickshop.eu\/slo\/wp-json\/wp\/v2\/product\/26170"}],"collection":[{"href":"https:\/\/netclickshop.eu\/slo\/wp-json\/wp\/v2\/product"}],"about":[{"href":"https:\/\/netclickshop.eu\/slo\/wp-json\/wp\/v2\/types\/product"}],"version-history":[{"count":1,"href":"https:\/\/netclickshop.eu\/slo\/wp-json\/wp\/v2\/product\/26170\/revisions"}],"predecessor-version":[{"id":34105,"href":"https:\/\/netclickshop.eu\/slo\/wp-json\/wp\/v2\/product\/26170\/revisions\/34105"}],"wp:featuredmedia":[{"embeddable":true,"href":"https:\/\/netclickshop.eu\/slo\/wp-json\/wp\/v2\/media\/26173"}],"wp:attachment":[{"href":"https:\/\/netclickshop.eu\/slo\/wp-json\/wp\/v2\/media?parent=26170"}],"curies":[{"name":"wp","href":"https:\/\/api.w.org\/{rel}","templated":true}]}}