{"id":26844,"date":"2020-11-02T10:57:14","date_gmt":"2020-11-02T10:57:14","guid":{"rendered":"https:\/\/slo.best4home.eu\/?post_type=product&#038;p=26844"},"modified":"2021-09-06T09:20:04","modified_gmt":"2021-09-06T09:20:04","slug":"pripomocek-za-izdelavo-croissantov","status":"publish","type":"product","link":"https:\/\/netclickshop.eu\/slo\/izdelek\/pripomocek-za-izdelavo-croissantov\/","title":{"rendered":"Pripomo\u010dek za izdelavo croissantov 1 + 1 GRATIS"},"content":{"rendered":"<h4 style=\"text-align: center;\">PRIPOMO\u010cEK ZA PRIPRAVO POPOLNIH CROISSANTOV<\/h4>\n<p style=\"text-align: center;\">Pripomo\u010dek za pripravo croissantov omogo\u010da rezanje testa v razli\u010dne oblike za izdelavo slastnega peciva. Z eno samo potezo boste ustvarili \u0161tevilne trikotnike za izdelavo okusnih doma\u010dih roglji\u010dkov.<\/p>\n<p><img class=\"alignnone size-medium wp-image-26845 aligncenter\" src=\"https:\/\/slo.netclickshop.eu\/wp-content\/uploads\/2020\/11\/rogljicek_1-500x360.jpg\" alt=\"\" width=\"500\" height=\"360\" srcset=\"https:\/\/netclickshop.eu\/slo\/wp-content\/uploads\/2020\/11\/rogljicek_1-500x360.jpg 500w, https:\/\/netclickshop.eu\/slo\/wp-content\/uploads\/2020\/11\/rogljicek_1-600x432.jpg 600w, https:\/\/netclickshop.eu\/slo\/wp-content\/uploads\/2020\/11\/rogljicek_1-768x553.jpg 768w, https:\/\/netclickshop.eu\/slo\/wp-content\/uploads\/2020\/11\/rogljicek_1.jpg 822w\" sizes=\"(max-width: 500px) 100vw, 500px\" \/><\/p>\n<h4 style=\"text-align: center;\">PREPROSTA UPORABA<\/h4>\n<p style=\"text-align: center;\">V samo nekaj hitrih in enostavnih potegih do izrezanih trikotnikov za preko doma\u010dih croissantov. Povsem preprosto in primerno za vse ljubiteljske peke doma\u010dih dobrot.<\/p>\n<p><img class=\"alignnone size-full wp-image-26846 aligncenter\" src=\"https:\/\/slo.netclickshop.eu\/wp-content\/uploads\/2020\/11\/rogljicek_gif.gif\" alt=\"\" width=\"480\" height=\"480\" \/><\/p>\n<h4 style=\"text-align: center;\">RECEPT ZA OKUSNE ROGLJI\u010cKE<\/h4>\n<p style=\"text-align: center;\">Sestavine za 16 kva\u0161enih roglji\u010dkov:<br \/>\n\ud83e\udd50 300 g gladke bele moke tip 500<br \/>\n\ud83e\udd50 zavoj\u010dek suhega kvasa (7 g)<br \/>\n\ud83e\udd50 1 \u017eli\u010dka sladkorja<br \/>\n\ud83e\udd50 1 zavoj\u010dek vaniljevega sladkorja z burbonsko vaniljo<br \/>\n\ud83e\udd50 2 jedilni \u017elici olja<br \/>\n\ud83e\udd50 1\/4 \u017eli\u010dke soli<br \/>\n\ud83e\udd50 220 ml mla\u010dnega mleka<br \/>\n\ud83e\udd50 mleko ali jajce za premaz<br \/>\n\ud83e\udd50 malo moke za posip delovne povr\u0161ine<\/p>\n<p>&nbsp;<\/p>\n<h4 style=\"text-align: center;\">NAVODILA<\/h4>\n<p><img class=\"alignnone size-full wp-image-26846 aligncenter\" src=\"https:\/\/slo.netclickshop.eu\/wp-content\/uploads\/2020\/11\/navod-SLO.jpg\" alt=\"\" width=\"500\" height=\"457\" \/><\/p>\n<p style=\"text-align: center;\">Sladki nadevi:<br \/>\n\ud83c\udf53 marmelada (naj bo \u010dim bolj trda, da med peko ne bo tekla)<br \/>\n\ud83c\udf6b \u010dokoladni namazi (npr. Nutella, Kokos Lino Lada, \u2026.)<br \/>\n\ud83c\udf69 sladkor v prahu za posip (ni obvezen)<\/p>\n<p><img class=\"alignnone size-full wp-image-26846 aligncenter\" src=\"https:\/\/slo.netclickshop.eu\/wp-content\/uploads\/2020\/11\/sugar.jpg\" alt=\"\" width=\"500\" height=\"630\" \/><\/p>\n<p style=\"text-align: center;\">Slani nadevi, ko so roglji\u010dki pe\u010deni:<br \/>\n\ud83e\udd6a vse vrste salam, sirov, zelenjave&#8230;<\/p>\n<p><img class=\"alignnone size-full wp-image-26846 aligncenter\" src=\"https:\/\/slo.netclickshop.eu\/wp-content\/uploads\/2020\/11\/4-cross.jpg\" alt=\"\" width=\"499\" height=\"330\" \/><\/p>\n<h4 style=\"text-align: center;\">ENOSTAVNO, HITRO IN PREPROSTO!<\/h4>\n<p style=\"text-align: center;\">Popolni doma\u010di roglji\u010dki v samo nekaj minutah. Predlog za serviranje: po \u017eelji lahko napolnite croissante z marmelado ali \u010dokolado. Pred za\u010detkom peke prema\u017eite testo z jajcem, da bodo zlato rjave barve!<\/p>\n<p><img class=\"alignnone size-full wp-image-26848 aligncenter\" src=\"https:\/\/slo.netclickshop.eu\/wp-content\/uploads\/2020\/11\/rogljicek_gif_1.gif\" alt=\"\" width=\"480\" height=\"270\" \/><\/p>\n<h4 style=\"text-align: center;\">PREPROSTO \u010cI\u0160\u010cENJE V POMIVALNEM STROJU<\/h4>\n<p style=\"text-align: center;\">V primerjavi z igelnimi pripomo\u010dki je ta izdelek zelo enostaven za \u010di\u0161\u010denje, neposredno pod vodo ali v pomivalnem stroju.<\/p>\n<p><img class=\"alignnone size-medium wp-image-26847 aligncenter\" src=\"https:\/\/slo.netclickshop.eu\/wp-content\/uploads\/2020\/11\/rogljicek_2-500x387.jpg\" alt=\"\" width=\"500\" height=\"387\" srcset=\"https:\/\/netclickshop.eu\/slo\/wp-content\/uploads\/2020\/11\/rogljicek_2-500x387.jpg 500w, https:\/\/netclickshop.eu\/slo\/wp-content\/uploads\/2020\/11\/rogljicek_2-600x464.jpg 600w, https:\/\/netclickshop.eu\/slo\/wp-content\/uploads\/2020\/11\/rogljicek_2-768x594.jpg 768w, https:\/\/netclickshop.eu\/slo\/wp-content\/uploads\/2020\/11\/rogljicek_2.jpg 818w\" sizes=\"(max-width: 500px) 100vw, 500px\" \/><\/p>\n<h4 style=\"text-align: center;\">\ud83d\udc9a HVALA ZA ZAUPANJE \ud83d\udc9a<\/h4>\n<h4 style=\"text-align: center;\">RADI PREBIRAMO VA\u0160E KOMENTARJE \ud83d\ude0d<\/h4>\n<p><img class=\"alignnone size-medium wp-image-25249 aligncenter\" src=\"https:\/\/slo.netclickshop.eu\/wp-content\/uploads\/2020\/11\/MnenjeSLO1-472x389-1.jpg\" alt=\"\" width=\"472\" height=\"389\" \/><br \/>\n<img class=\"alignnone size-medium wp-image-25249 aligncenter\" src=\"https:\/\/slo.netclickshop.eu\/wp-content\/uploads\/2020\/11\/MnenjeSLO2-472x389-1.jpg\" alt=\"\" width=\"472\" height=\"389\" \/><br \/>\n<img class=\"alignnone size-medium wp-image-25249 aligncenter\" src=\"https:\/\/slo.netclickshop.eu\/wp-content\/uploads\/2020\/11\/MnenjeSLO3-472x389-1.jpg\" alt=\"\" width=\"472\" height=\"389\" \/><\/p>\n","protected":false},"excerpt":{"rendered":"<p>PRIPOMO\u010cEK ZA PRIPRAVO POPOLNIH CROISSANTOV Pripomo\u010dek za pripravo croissantov omogo\u010da rezanje testa v razli\u010dne oblike za izdelavo slastnega peciva. Z eno samo potezo boste ustvarili \u0161tevilne trikotnike za izdelavo okusnih doma\u010dih roglji\u010dkov. PREPROSTA UPORABA V samo nekaj hitrih in enostavnih potegih do izrezanih trikotnikov za preko doma\u010dih croissantov. Povsem preprosto in primerno za vse ljubiteljske &hellip;<\/p>\n<p class=\"read-more\"> <a class=\"\" href=\"https:\/\/netclickshop.eu\/slo\/izdelek\/pripomocek-za-izdelavo-croissantov\/\"> <span class=\"screen-reader-text\">Pripomo\u010dek za izdelavo croissantov 1 + 1 GRATIS<\/span> Read More &raquo;<\/a><\/p>\n","protected":false},"featured_media":26849,"template":"","meta":[],"_links":{"self":[{"href":"https:\/\/netclickshop.eu\/slo\/wp-json\/wp\/v2\/product\/26844"}],"collection":[{"href":"https:\/\/netclickshop.eu\/slo\/wp-json\/wp\/v2\/product"}],"about":[{"href":"https:\/\/netclickshop.eu\/slo\/wp-json\/wp\/v2\/types\/product"}],"version-history":[{"count":1,"href":"https:\/\/netclickshop.eu\/slo\/wp-json\/wp\/v2\/product\/26844\/revisions"}],"predecessor-version":[{"id":36400,"href":"https:\/\/netclickshop.eu\/slo\/wp-json\/wp\/v2\/product\/26844\/revisions\/36400"}],"wp:featuredmedia":[{"embeddable":true,"href":"https:\/\/netclickshop.eu\/slo\/wp-json\/wp\/v2\/media\/26849"}],"wp:attachment":[{"href":"https:\/\/netclickshop.eu\/slo\/wp-json\/wp\/v2\/media?parent=26844"}],"curies":[{"name":"wp","href":"https:\/\/api.w.org\/{rel}","templated":true}]}}