{"id":27664,"date":"2020-11-11T12:30:18","date_gmt":"2020-11-11T12:30:18","guid":{"rendered":"https:\/\/slo.best4home.eu\/?post_type=product&#038;p=27664"},"modified":"2021-09-06T09:25:37","modified_gmt":"2021-09-06T09:25:37","slug":"31-delni-set-natancnih-izvijacev","status":"publish","type":"product","link":"https:\/\/netclickshop.eu\/slo\/izdelek\/31-delni-set-natancnih-izvijacev\/","title":{"rendered":"31 delni set natan\u010dnih izvija\u010dev 1 + 1 GRATIS"},"content":{"rendered":"<h4 style=\"text-align: center;\">OBVEZNA OPREMA ZA VSAK DOM &#8211; 30 IZVIJA\u010cEV V ENEM!<\/h4>\n<p style=\"text-align: center;\">V vsakem domu so potrebna manj\u0161a popravila ali pa je potrebno kaj privija\u010diti ali sestaviti. Na\u0161 31 delni set preciznih izvija\u010dev je primeren za vsako opravilo, saj vsebuje prav vse mo\u017ene nastavke.<\/p>\n<p><img class=\"alignnone size-full wp-image-27668 aligncenter\" src=\"https:\/\/slo.netclickshop.eu\/wp-content\/uploads\/2020\/11\/ezgif.com-video-to-gif.gif\" alt=\"\" width=\"400\" height=\"400\" \/><\/p>\n<h4 class=\"font_large color em-padding\" style=\"text-align: center;\">NAJ VAS NIKOLI VE\u010c NE PRESENETI NEMOGO\u010c VIJAK<\/h4>\n<p style=\"text-align: center;\">Elektronika v na\u0161ih domovih je znana po ne\u0161tetih razli\u010dnih vijakih z nemogo\u010dimi glavami. Nikoli ve\u010d ne skrbite glede tega, saj komplet natan\u010dnih izvija\u010dev vsebuje kar 30 nastavkov za izvija\u010d! Med drugim vsebuje <strong>7 navadnih nastavkov razli\u010dnih velikosti, 4 kri\u017ene nastavke, 8 torks nastavkov, 6 imbus nastavkov, dva trikotna, &#8230;<\/strong><\/p>\n<p><img class=\"aligncenter wp-image-27666 size-medium\" src=\"https:\/\/slo.netclickshop.eu\/wp-content\/uploads\/2020\/11\/izvijaci_7-500x500.jpg\" alt=\"\" width=\"500\" height=\"500\" srcset=\"https:\/\/netclickshop.eu\/slo\/wp-content\/uploads\/2020\/11\/izvijaci_7-500x500.jpg 500w, https:\/\/netclickshop.eu\/slo\/wp-content\/uploads\/2020\/11\/izvijaci_7-300x300.jpg 300w, https:\/\/netclickshop.eu\/slo\/wp-content\/uploads\/2020\/11\/izvijaci_7-100x100.jpg 100w, https:\/\/netclickshop.eu\/slo\/wp-content\/uploads\/2020\/11\/izvijaci_7-600x600.jpg 600w, https:\/\/netclickshop.eu\/slo\/wp-content\/uploads\/2020\/11\/izvijaci_7-150x150.jpg 150w, https:\/\/netclickshop.eu\/slo\/wp-content\/uploads\/2020\/11\/izvijaci_7-768x768.jpg 768w, https:\/\/netclickshop.eu\/slo\/wp-content\/uploads\/2020\/11\/izvijaci_7.jpg 1000w\" sizes=\"(max-width: 500px) 100vw, 500px\" \/><\/p>\n<h4 style=\"text-align: center;\">PREDNOSTI IN LASTNOSTI IZDELKA<\/h4>\n<ul>\n<li style=\"text-align: center;\">30 nastavkov za izvija\u010d<\/li>\n<li style=\"text-align: center;\">Pripomo\u010dki za delo z elektronskimi napravam<\/li>\n<li style=\"text-align: center;\">Priro\u010dna \u0161katlica za shranjevanje<\/li>\n<li style=\"text-align: center;\">Kvalitetno in udobno dr\u017ealo izvija\u010da<\/li>\n<li style=\"text-align: center;\">Dolga \u017eivljenjska doba orodja<\/li>\n<\/ul>\n<p><img class=\"size-medium wp-image-27667 aligncenter\" src=\"https:\/\/slo.netclickshop.eu\/wp-content\/uploads\/2020\/11\/izvijaci_6-500x463.jpg\" alt=\"\" width=\"500\" height=\"463\" srcset=\"https:\/\/netclickshop.eu\/slo\/wp-content\/uploads\/2020\/11\/izvijaci_6-500x463.jpg 500w, https:\/\/netclickshop.eu\/slo\/wp-content\/uploads\/2020\/11\/izvijaci_6-600x556.jpg 600w, https:\/\/netclickshop.eu\/slo\/wp-content\/uploads\/2020\/11\/izvijaci_6-768x711.jpg 768w, https:\/\/netclickshop.eu\/slo\/wp-content\/uploads\/2020\/11\/izvijaci_6.jpg 961w\" sizes=\"(max-width: 500px) 100vw, 500px\" \/><\/p>\n<h4 style=\"text-align: center;\"><span class=\"VIiyi\" lang=\"sl\"><span class=\"JLqJ4b ChMk0b\" data-language-for-alternatives=\"sl\" data-language-to-translate-into=\"auto\" data-phrase-index=\"2\">PRENOSNO IN LAHKO ZA UPORABO <\/span><\/span><\/h4>\n<p style=\"text-align: center;\"><span class=\"VIiyi\" lang=\"sl\"><span class=\"JLqJ4b ChMk0b\" data-language-for-alternatives=\"sl\" data-language-to-translate-into=\"auto\" data-phrase-index=\"2\">31 delni set natan\u010dnih izvija\u010dev je zelo lahek in zaradi priro\u010dnega in kompaktnega ohi\u0161ja prakti\u010den za shranjevanje. Hranite ga lahko v avtu, v predalu doma in celo v prtljagi, ko potujete, ne da bi vam bilo treba skrbeti za prostor.<br \/>\n<\/span><\/span><\/p>\n<p><img class=\"alignnone size-medium wp-image-27669 aligncenter\" src=\"https:\/\/slo.netclickshop.eu\/wp-content\/uploads\/2020\/11\/izvijaci_5-500x500.jpg\" alt=\"\" width=\"500\" height=\"500\" srcset=\"https:\/\/netclickshop.eu\/slo\/wp-content\/uploads\/2020\/11\/izvijaci_5-500x500.jpg 500w, https:\/\/netclickshop.eu\/slo\/wp-content\/uploads\/2020\/11\/izvijaci_5-300x300.jpg 300w, https:\/\/netclickshop.eu\/slo\/wp-content\/uploads\/2020\/11\/izvijaci_5-100x100.jpg 100w, https:\/\/netclickshop.eu\/slo\/wp-content\/uploads\/2020\/11\/izvijaci_5-600x600.jpg 600w, https:\/\/netclickshop.eu\/slo\/wp-content\/uploads\/2020\/11\/izvijaci_5-150x150.jpg 150w, https:\/\/netclickshop.eu\/slo\/wp-content\/uploads\/2020\/11\/izvijaci_5-768x768.jpg 768w, https:\/\/netclickshop.eu\/slo\/wp-content\/uploads\/2020\/11\/izvijaci_5.jpg 1000w\" sizes=\"(max-width: 500px) 100vw, 500px\" \/><\/p>\n<h4 style=\"text-align: center;\"><span class=\"VIiyi\" lang=\"sl\"><span class=\"JLqJ4b ChMk0b\" data-language-for-alternatives=\"sl\" data-language-to-translate-into=\"auto\" data-phrase-index=\"4\">ERGONOMSKI DIZAJN\u00a0<\/span><\/span><\/h4>\n<p style=\"text-align: center;\"><span class=\"VIiyi\" lang=\"sl\"><span class=\"JLqJ4b ChMk0b\" data-language-for-alternatives=\"sl\" data-language-to-translate-into=\"auto\" data-phrase-index=\"4\"> Profesionalni 31 delni komplet natan\u010dnih izvija\u010dev je ergonomsko oblikovan. Odlikuje ga ro\u010daj proti drsenju, ki je vrhunske kakovosti in zagotavlja udobno dr\u017eanje tudi med dolgotrajno uporabo.<\/span><\/span><\/p>\n<p><img class=\"size-medium wp-image-27670 aligncenter\" src=\"https:\/\/slo.netclickshop.eu\/wp-content\/uploads\/2020\/11\/izvijaci_4-500x500.jpg\" alt=\"\" width=\"500\" height=\"500\" srcset=\"https:\/\/netclickshop.eu\/slo\/wp-content\/uploads\/2020\/11\/izvijaci_4-500x500.jpg 500w, https:\/\/netclickshop.eu\/slo\/wp-content\/uploads\/2020\/11\/izvijaci_4-300x300.jpg 300w, https:\/\/netclickshop.eu\/slo\/wp-content\/uploads\/2020\/11\/izvijaci_4-100x100.jpg 100w, https:\/\/netclickshop.eu\/slo\/wp-content\/uploads\/2020\/11\/izvijaci_4-600x600.jpg 600w, https:\/\/netclickshop.eu\/slo\/wp-content\/uploads\/2020\/11\/izvijaci_4-150x150.jpg 150w, https:\/\/netclickshop.eu\/slo\/wp-content\/uploads\/2020\/11\/izvijaci_4-768x768.jpg 768w, https:\/\/netclickshop.eu\/slo\/wp-content\/uploads\/2020\/11\/izvijaci_4.jpg 1000w\" sizes=\"(max-width: 500px) 100vw, 500px\" \/><\/p>\n","protected":false},"excerpt":{"rendered":"<p>OBVEZNA OPREMA ZA VSAK DOM &#8211; 30 IZVIJA\u010cEV V ENEM! V vsakem domu so potrebna manj\u0161a popravila ali pa je potrebno kaj privija\u010diti ali sestaviti. Na\u0161 31 delni set preciznih izvija\u010dev je primeren za vsako opravilo, saj vsebuje prav vse mo\u017ene nastavke. NAJ VAS NIKOLI VE\u010c NE PRESENETI NEMOGO\u010c VIJAK Elektronika v na\u0161ih domovih je &hellip;<\/p>\n<p class=\"read-more\"> <a class=\"\" href=\"https:\/\/netclickshop.eu\/slo\/izdelek\/31-delni-set-natancnih-izvijacev\/\"> <span class=\"screen-reader-text\">31 delni set natan\u010dnih izvija\u010dev 1 + 1 GRATIS<\/span> Read More &raquo;<\/a><\/p>\n","protected":false},"featured_media":27665,"template":"","meta":[],"_links":{"self":[{"href":"https:\/\/netclickshop.eu\/slo\/wp-json\/wp\/v2\/product\/27664"}],"collection":[{"href":"https:\/\/netclickshop.eu\/slo\/wp-json\/wp\/v2\/product"}],"about":[{"href":"https:\/\/netclickshop.eu\/slo\/wp-json\/wp\/v2\/types\/product"}],"version-history":[{"count":1,"href":"https:\/\/netclickshop.eu\/slo\/wp-json\/wp\/v2\/product\/27664\/revisions"}],"predecessor-version":[{"id":36401,"href":"https:\/\/netclickshop.eu\/slo\/wp-json\/wp\/v2\/product\/27664\/revisions\/36401"}],"wp:featuredmedia":[{"embeddable":true,"href":"https:\/\/netclickshop.eu\/slo\/wp-json\/wp\/v2\/media\/27665"}],"wp:attachment":[{"href":"https:\/\/netclickshop.eu\/slo\/wp-json\/wp\/v2\/media?parent=27664"}],"curies":[{"name":"wp","href":"https:\/\/api.w.org\/{rel}","templated":true}]}}