{"id":28443,"date":"2020-11-21T07:14:44","date_gmt":"2020-11-21T07:14:44","guid":{"rendered":"https:\/\/slo.best4home.eu\/?post_type=product&#038;p=28443"},"modified":"2020-11-28T16:37:13","modified_gmt":"2020-11-28T16:37:13","slug":"otroski-leseni-ksilofon","status":"publish","type":"product","link":"https:\/\/netclickshop.eu\/slo\/izdelek\/otroski-leseni-ksilofon\/","title":{"rendered":"Otro\u0161ki leseni ksilofon"},"content":{"rendered":"<h4 style=\"text-align: center;\">POU\u010cNA LESENA IGRA\u010cA ZA VSAKEGA OTROKA<\/h4>\n<p style=\"text-align: center;\">Pravilni razvoj sluha je izjemno pomembna faza odra\u0161\u010danja. Ksilofon je varna igra\u010da za otroke in razvija njihovo sposobnost poslu\u0161anja. Leseni ksilofon je igra\u010da, ki najmlaj\u0161ih otrok ne u\u010di samo osnovnih lestvic in glasbe, temve\u010d jih tudi u\u010di spretnosti prepoznavanja zvokov. Ta barvit ksilofon je idealen, da otrok dobi ob\u010dutek za ritem.<\/p>\n<p><img class=\"alignnone size-medium wp-image-28446 aligncenter\" src=\"https:\/\/slo.netclickshop.eu\/wp-content\/uploads\/2020\/11\/ksilofon_2-486x500.jpg\" alt=\"\" width=\"486\" height=\"500\" srcset=\"https:\/\/netclickshop.eu\/slo\/wp-content\/uploads\/2020\/11\/ksilofon_2-486x500.jpg 486w, https:\/\/netclickshop.eu\/slo\/wp-content\/uploads\/2020\/11\/ksilofon_2-600x618.jpg 600w, https:\/\/netclickshop.eu\/slo\/wp-content\/uploads\/2020\/11\/ksilofon_2-995x1024.jpg 995w, https:\/\/netclickshop.eu\/slo\/wp-content\/uploads\/2020\/11\/ksilofon_2-768x791.jpg 768w, https:\/\/netclickshop.eu\/slo\/wp-content\/uploads\/2020\/11\/ksilofon_2.jpg 1364w\" sizes=\"(max-width: 486px) 100vw, 486px\" \/><\/p>\n<h4 style=\"text-align: center;\">KVALITETNA IZDELAVA<\/h4>\n<p style=\"text-align: center;\">Ksilofon je izdelan iz visokokakovostnega in okolju prijaznega materiala, ki ne vsebuje BPA, svinca, ftalata ali zunanjih premazov, kar je popolnoma varno za otroke. Dolgo obstojna lesena podlaga bo poskrbela, da bodo otroci vedno navdu\u0161eni nad igro. Svojim glasbenikom za\u010detnikom predstavite glasbo tako, da jih nau\u010dite igrati to \u010dudovito glasbeno igra\u010do.<\/p>\n<p><img class=\"alignnone size-medium wp-image-28445 aligncenter\" src=\"https:\/\/slo.netclickshop.eu\/wp-content\/uploads\/2020\/11\/ksilofon_3-500x500.jpg\" alt=\"\" width=\"500\" height=\"500\" srcset=\"https:\/\/netclickshop.eu\/slo\/wp-content\/uploads\/2020\/11\/ksilofon_3-500x500.jpg 500w, https:\/\/netclickshop.eu\/slo\/wp-content\/uploads\/2020\/11\/ksilofon_3-300x300.jpg 300w, https:\/\/netclickshop.eu\/slo\/wp-content\/uploads\/2020\/11\/ksilofon_3-100x100.jpg 100w, https:\/\/netclickshop.eu\/slo\/wp-content\/uploads\/2020\/11\/ksilofon_3-600x600.jpg 600w, https:\/\/netclickshop.eu\/slo\/wp-content\/uploads\/2020\/11\/ksilofon_3-1024x1024.jpg 1024w, https:\/\/netclickshop.eu\/slo\/wp-content\/uploads\/2020\/11\/ksilofon_3-150x150.jpg 150w, https:\/\/netclickshop.eu\/slo\/wp-content\/uploads\/2020\/11\/ksilofon_3-768x768.jpg 768w, https:\/\/netclickshop.eu\/slo\/wp-content\/uploads\/2020\/11\/ksilofon_3.jpg 1500w\" sizes=\"(max-width: 500px) 100vw, 500px\" \/><\/p>\n<h4 style=\"text-align: center;\">ENOSTAVNA UPORABA PRIMERNA ZA VSAKEGA OTROKA<\/h4>\n<p style=\"text-align: center;\">Za ustvarjanje zvoka je treba udariti na mavri\u010dni ksilofon z leseno pali\u010dico. Vsaka vrstica ustvari druga\u010dno noto in zvok, glasnost pa je odvisna od mo\u010di udarjanja. Ksilofon je odli\u010dna ideja za igranje pou\u010dne igre skupaj z otroki. Gladki robovi pisanega ksilofona zagotavljajo varnost tudi najmlaj\u0161im otrokom.<\/p>\n<p><img class=\"alignnone size-medium wp-image-28447 aligncenter\" src=\"https:\/\/slo.netclickshop.eu\/wp-content\/uploads\/2020\/11\/ksilofon_4-500x500.jpg\" alt=\"\" width=\"500\" height=\"500\" srcset=\"https:\/\/netclickshop.eu\/slo\/wp-content\/uploads\/2020\/11\/ksilofon_4-500x500.jpg 500w, https:\/\/netclickshop.eu\/slo\/wp-content\/uploads\/2020\/11\/ksilofon_4-300x300.jpg 300w, https:\/\/netclickshop.eu\/slo\/wp-content\/uploads\/2020\/11\/ksilofon_4-100x100.jpg 100w, https:\/\/netclickshop.eu\/slo\/wp-content\/uploads\/2020\/11\/ksilofon_4-600x600.jpg 600w, https:\/\/netclickshop.eu\/slo\/wp-content\/uploads\/2020\/11\/ksilofon_4-1024x1024.jpg 1024w, https:\/\/netclickshop.eu\/slo\/wp-content\/uploads\/2020\/11\/ksilofon_4-150x150.jpg 150w, https:\/\/netclickshop.eu\/slo\/wp-content\/uploads\/2020\/11\/ksilofon_4-768x768.jpg 768w, https:\/\/netclickshop.eu\/slo\/wp-content\/uploads\/2020\/11\/ksilofon_4.jpg 1500w\" sizes=\"(max-width: 500px) 100vw, 500px\" \/><\/p>\n<h4 style=\"text-align: center;\">ENA IZMED NAJBOLJ POU\u010cNIH IGRA\u010c<\/h4>\n<p style=\"text-align: center;\">Znanstveno dokazano je, da je leseni ksilofon igra\u010da, ki ne samo, da poskrbi, da \u010das prijetno mine, temve\u010d tudi otroke u\u010di. Ta glasbeni mini in\u0161trument bo otrok lahko igral sam, s skupino prijateljev iste starosti ali s star\u0161i. Leseni ksilofon je pou\u010dna igra\u010da, ki bi jo moral imeti vsak otrok.<\/p>\n<div style=\"width: 640px;\" class=\"wp-video\"><!--[if lt IE 9]><script>document.createElement('video');<\/script><![endif]-->\n<video class=\"wp-video-shortcode\" id=\"video-28443-1\" width=\"640\" height=\"352\" autoplay=\"1\" preload=\"metadata\" controls=\"controls\"><source type=\"video\/mp4\" src=\"https:\/\/slo.best4home.eu\/wp-content\/uploads\/2020\/11\/y2mate.com-Baby-Shark-xylophone-edition_360p.mp4?_=1\" \/><a href=\"https:\/\/slo.best4home.eu\/wp-content\/uploads\/2020\/11\/y2mate.com-Baby-Shark-xylophone-edition_360p.mp4\">https:\/\/slo.best4home.eu\/wp-content\/uploads\/2020\/11\/y2mate.com-Baby-Shark-xylophone-edition_360p.mp4<\/a><\/video><\/div>\n<p>&nbsp;<\/p>\n<h4 style=\"text-align: center;\">PRI\u010cARAJTE NASMEH NA OBRAZ VA\u0160EGA OTROKA Z NJEGOVO NAJLJUB\u0160O MELODIJO<\/h4>\n<p style=\"text-align: center;\">Igranje na ksilofon je tudi dober uvod v u\u010denje novih motori\u010dnih sposobnosti, spomina in koncentracije. Mavri\u010dni ksilofon je tudi odli\u010den izdelek s pomo\u010djo katerega bo otrok razvijal svoje potrpljenje. To bo \u0161e posebej idealno darilo za otroke, ki svoje glasbene dogodiv\u0161\u010dine \u0161ele za\u010denjajo. Popoln prvi in\u0161trument, ki otroka uvede v svet zvokov in ga bo v naslednjih letih navdu\u0161il s strastjo do glasbe.<\/p>\n<p><img class=\"alignnone size-medium wp-image-28449 aligncenter\" src=\"https:\/\/slo.netclickshop.eu\/wp-content\/uploads\/2020\/11\/ksilofon_5-500x500.jpg\" alt=\"\" width=\"500\" height=\"500\" srcset=\"https:\/\/netclickshop.eu\/slo\/wp-content\/uploads\/2020\/11\/ksilofon_5-500x500.jpg 500w, https:\/\/netclickshop.eu\/slo\/wp-content\/uploads\/2020\/11\/ksilofon_5-300x300.jpg 300w, https:\/\/netclickshop.eu\/slo\/wp-content\/uploads\/2020\/11\/ksilofon_5-100x100.jpg 100w, https:\/\/netclickshop.eu\/slo\/wp-content\/uploads\/2020\/11\/ksilofon_5-600x600.jpg 600w, https:\/\/netclickshop.eu\/slo\/wp-content\/uploads\/2020\/11\/ksilofon_5-1024x1024.jpg 1024w, https:\/\/netclickshop.eu\/slo\/wp-content\/uploads\/2020\/11\/ksilofon_5-150x150.jpg 150w, https:\/\/netclickshop.eu\/slo\/wp-content\/uploads\/2020\/11\/ksilofon_5-768x768.jpg 768w, https:\/\/netclickshop.eu\/slo\/wp-content\/uploads\/2020\/11\/ksilofon_5.jpg 1200w\" sizes=\"(max-width: 500px) 100vw, 500px\" \/><\/p>\n<p style=\"text-align: center;\"><strong>SPECIFIKACIJE<\/strong> &#8211; dimenzija (dol\u017eina \/ \u0161irina \/ vi\u0161ina): 24 cm \/ 12,5 cm \/ 3 cm, dol\u017eina palic: 16 cm. Komplet vsebuje: mavri\u010dni ksilofon + 2 palici.<\/p>\n","protected":false},"excerpt":{"rendered":"<p>POU\u010cNA LESENA IGRA\u010cA ZA VSAKEGA OTROKA Pravilni razvoj sluha je izjemno pomembna faza odra\u0161\u010danja. Ksilofon je varna igra\u010da za otroke in razvija njihovo sposobnost poslu\u0161anja. Leseni ksilofon je igra\u010da, ki najmlaj\u0161ih otrok ne u\u010di samo osnovnih lestvic in glasbe, temve\u010d jih tudi u\u010di spretnosti prepoznavanja zvokov. Ta barvit ksilofon je idealen, da otrok dobi ob\u010dutek &hellip;<\/p>\n<p class=\"read-more\"> <a class=\"\" href=\"https:\/\/netclickshop.eu\/slo\/izdelek\/otroski-leseni-ksilofon\/\"> <span class=\"screen-reader-text\">Otro\u0161ki leseni ksilofon<\/span> Read More &raquo;<\/a><\/p>\n","protected":false},"featured_media":28446,"template":"","meta":[],"_links":{"self":[{"href":"https:\/\/netclickshop.eu\/slo\/wp-json\/wp\/v2\/product\/28443"}],"collection":[{"href":"https:\/\/netclickshop.eu\/slo\/wp-json\/wp\/v2\/product"}],"about":[{"href":"https:\/\/netclickshop.eu\/slo\/wp-json\/wp\/v2\/types\/product"}],"version-history":[{"count":0,"href":"https:\/\/netclickshop.eu\/slo\/wp-json\/wp\/v2\/product\/28443\/revisions"}],"wp:featuredmedia":[{"embeddable":true,"href":"https:\/\/netclickshop.eu\/slo\/wp-json\/wp\/v2\/media\/28446"}],"wp:attachment":[{"href":"https:\/\/netclickshop.eu\/slo\/wp-json\/wp\/v2\/media?parent=28443"}],"curies":[{"name":"wp","href":"https:\/\/api.w.org\/{rel}","templated":true}]}}