{"id":30375,"date":"2020-12-04T07:11:58","date_gmt":"2020-12-04T07:11:58","guid":{"rendered":"https:\/\/slo.best4home.eu\/?post_type=product&#038;p=30375"},"modified":"2020-12-16T20:13:37","modified_gmt":"2020-12-16T20:13:37","slug":"visece-drzalo-za-vrecke","status":"publish","type":"product","link":"https:\/\/netclickshop.eu\/slo\/izdelek\/visece-drzalo-za-vrecke\/","title":{"rendered":"Vise\u010de dr\u017ealo za vre\u010dke"},"content":{"rendered":"<h4 style=\"text-align: center;\">PRAKTI\u010cNO DR\u017dALO ZA VRE\u010cKE &#8211; OBVEZEN IZDELEK ZA VSAKO GOSPODINJSTVO<\/h4>\n<p style=\"text-align: center;\">Se vam pogosto zdi, da imate v kuhinji ali med kuhanja kak\u0161no roko premalo? Va\u0161 odgovor je zagotovo DA. Brez skrbi, to se dogaja prav vsem. Z na\u0161im vise\u010dim dr\u017ealom za vre\u010dke boste re\u0161ili to te\u017eavo, vse bo postalo enostavnej\u0161e.<\/p>\n<p><img class=\"size-full wp-image-30379 aligncenter\" src=\"https:\/\/slo.netclickshop.eu\/wp-content\/uploads\/2020\/12\/drzalo_gif.gif\" alt=\"\" width=\"480\" height=\"480\" \/><\/p>\n<p>&nbsp;<\/p>\n<h4 style=\"text-align: center;\">ENOSTAVNA NAMESTITEV BREZ VRTANJA ALI VIJA\u010cENJE<\/h4>\n<p style=\"text-align: center;\">Vise\u010de dr\u017ealo za vre\u010de za smeti s kavlji lahko pritrdite povsem enostavno in hitro, na vsa vrata ali predale. Dr\u017ealo lahko uporabite tudi na prostem npr. pri peki na \u017earu. Izdelek je izjemno prakti\u010den in vam bo pomagal, da boste prihranili veliko prostora ter \u017eivcev, po vrhu vsega pa bo va\u0161 prostor v kuhinji \u010dist in urejen.<\/p>\n<p><img class=\"alignnone size-medium wp-image-30380 aligncenter\" src=\"https:\/\/slo.netclickshop.eu\/wp-content\/uploads\/2020\/12\/drzalo_4-500x500.jpg\" alt=\"\" width=\"500\" height=\"500\" srcset=\"https:\/\/netclickshop.eu\/slo\/wp-content\/uploads\/2020\/12\/drzalo_4-500x500.jpg 500w, https:\/\/netclickshop.eu\/slo\/wp-content\/uploads\/2020\/12\/drzalo_4-300x300.jpg 300w, https:\/\/netclickshop.eu\/slo\/wp-content\/uploads\/2020\/12\/drzalo_4-100x100.jpg 100w, https:\/\/netclickshop.eu\/slo\/wp-content\/uploads\/2020\/12\/drzalo_4-600x600.jpg 600w, https:\/\/netclickshop.eu\/slo\/wp-content\/uploads\/2020\/12\/drzalo_4-1024x1024.jpg 1024w, https:\/\/netclickshop.eu\/slo\/wp-content\/uploads\/2020\/12\/drzalo_4-150x150.jpg 150w, https:\/\/netclickshop.eu\/slo\/wp-content\/uploads\/2020\/12\/drzalo_4-768x768.jpg 768w, https:\/\/netclickshop.eu\/slo\/wp-content\/uploads\/2020\/12\/drzalo_4.jpg 1500w\" sizes=\"(max-width: 500px) 100vw, 500px\" \/><\/p>\n<h4 style=\"text-align: center;\">UNIVERZALNA IN VE\u010cNAMENSKA UPORABA<\/h4>\n<p style=\"text-align: center;\">V dr\u017ealu se lahko uporabljajo razli\u010dne vre\u010de za smeti, vre\u010dke za \u0161pecerijo, reciklirane vre\u010dke za smeti, plasti\u010dne vre\u010dke itd. Dr\u017ealo se lahko uporablja tudi za obe\u0161anje kuhinjskih brisa\u010d, predpasnikov.<\/p>\n<p><img class=\"alignnone size-medium wp-image-30381 aligncenter\" src=\"https:\/\/slo.netclickshop.eu\/wp-content\/uploads\/2020\/12\/drzalo_5-500x500.jpg\" alt=\"\" width=\"500\" height=\"500\" srcset=\"https:\/\/netclickshop.eu\/slo\/wp-content\/uploads\/2020\/12\/drzalo_5-500x500.jpg 500w, https:\/\/netclickshop.eu\/slo\/wp-content\/uploads\/2020\/12\/drzalo_5-300x300.jpg 300w, https:\/\/netclickshop.eu\/slo\/wp-content\/uploads\/2020\/12\/drzalo_5-100x100.jpg 100w, https:\/\/netclickshop.eu\/slo\/wp-content\/uploads\/2020\/12\/drzalo_5-600x600.jpg 600w, https:\/\/netclickshop.eu\/slo\/wp-content\/uploads\/2020\/12\/drzalo_5-1024x1024.jpg 1024w, https:\/\/netclickshop.eu\/slo\/wp-content\/uploads\/2020\/12\/drzalo_5-150x150.jpg 150w, https:\/\/netclickshop.eu\/slo\/wp-content\/uploads\/2020\/12\/drzalo_5-768x768.jpg 768w, https:\/\/netclickshop.eu\/slo\/wp-content\/uploads\/2020\/12\/drzalo_5.jpg 1500w\" sizes=\"(max-width: 500px) 100vw, 500px\" \/><\/p>\n<p style=\"text-align: center;\">NA\u0160E VISE\u010cE DR\u017dALO JE PRISOTNO \u017dE V VE\u010c KOT 12000 KUHINJAH PO CELOTNI DR\u017dAVI!<\/p>\n<p style=\"text-align: center;\">Vsi, ki kuhate in veste koliko priprave je potrebne za kuhanje enega kosila boste vedeli kako nepogre\u0161ljiv pripomo\u010dek je tako dr\u017ealo za vre\u010dke. Olupite \u010debulo in \u017ee lahko vr\u017eete odpadke v vre\u010dko, brez dotikanja in odpiranje ko\u0161a za smeti. Dr\u017ealo ima prilo\u017een tudi pokrov s popolnim tesnenjem, ki poskrbi, da bi iz vre\u010dke uhajal neprijeten vonj.<\/p>\n<p><img class=\"size-medium wp-image-30383 aligncenter\" src=\"https:\/\/slo.netclickshop.eu\/wp-content\/uploads\/2020\/12\/drzalo_2-500x500.jpg\" alt=\"\" width=\"500\" height=\"500\" srcset=\"https:\/\/netclickshop.eu\/slo\/wp-content\/uploads\/2020\/12\/drzalo_2-500x500.jpg 500w, https:\/\/netclickshop.eu\/slo\/wp-content\/uploads\/2020\/12\/drzalo_2-300x300.jpg 300w, https:\/\/netclickshop.eu\/slo\/wp-content\/uploads\/2020\/12\/drzalo_2-100x100.jpg 100w, https:\/\/netclickshop.eu\/slo\/wp-content\/uploads\/2020\/12\/drzalo_2-600x600.jpg 600w, https:\/\/netclickshop.eu\/slo\/wp-content\/uploads\/2020\/12\/drzalo_2-1024x1024.jpg 1024w, https:\/\/netclickshop.eu\/slo\/wp-content\/uploads\/2020\/12\/drzalo_2-150x150.jpg 150w, https:\/\/netclickshop.eu\/slo\/wp-content\/uploads\/2020\/12\/drzalo_2-768x768.jpg 768w, https:\/\/netclickshop.eu\/slo\/wp-content\/uploads\/2020\/12\/drzalo_2.jpg 1500w\" sizes=\"(max-width: 500px) 100vw, 500px\" \/><\/p>\n","protected":false},"excerpt":{"rendered":"<p>PRAKTI\u010cNO DR\u017dALO ZA VRE\u010cKE &#8211; OBVEZEN IZDELEK ZA VSAKO GOSPODINJSTVO Se vam pogosto zdi, da imate v kuhinji ali med kuhanja kak\u0161no roko premalo? Va\u0161 odgovor je zagotovo DA. Brez skrbi, to se dogaja prav vsem. Z na\u0161im vise\u010dim dr\u017ealom za vre\u010dke boste re\u0161ili to te\u017eavo, vse bo postalo enostavnej\u0161e. &nbsp; ENOSTAVNA NAMESTITEV BREZ VRTANJA &hellip;<\/p>\n<p class=\"read-more\"> <a class=\"\" href=\"https:\/\/netclickshop.eu\/slo\/izdelek\/visece-drzalo-za-vrecke\/\"> <span class=\"screen-reader-text\">Vise\u010de dr\u017ealo za vre\u010dke<\/span> Read More &raquo;<\/a><\/p>\n","protected":false},"featured_media":30384,"template":"","meta":[],"_links":{"self":[{"href":"https:\/\/netclickshop.eu\/slo\/wp-json\/wp\/v2\/product\/30375"}],"collection":[{"href":"https:\/\/netclickshop.eu\/slo\/wp-json\/wp\/v2\/product"}],"about":[{"href":"https:\/\/netclickshop.eu\/slo\/wp-json\/wp\/v2\/types\/product"}],"version-history":[{"count":0,"href":"https:\/\/netclickshop.eu\/slo\/wp-json\/wp\/v2\/product\/30375\/revisions"}],"wp:featuredmedia":[{"embeddable":true,"href":"https:\/\/netclickshop.eu\/slo\/wp-json\/wp\/v2\/media\/30384"}],"wp:attachment":[{"href":"https:\/\/netclickshop.eu\/slo\/wp-json\/wp\/v2\/media?parent=30375"}],"curies":[{"name":"wp","href":"https:\/\/api.w.org\/{rel}","templated":true}]}}