{"id":31852,"date":"2021-01-14T17:57:43","date_gmt":"2021-01-14T17:57:43","guid":{"rendered":"https:\/\/slo.netclickshop.eu\/?post_type=product&#038;p=31852"},"modified":"2021-01-14T17:57:43","modified_gmt":"2021-01-14T17:57:43","slug":"baterijska-pilica-za-kremplje","status":"publish","type":"product","link":"https:\/\/netclickshop.eu\/slo\/izdelek\/baterijska-pilica-za-kremplje\/","title":{"rendered":"Baterijska pilica za kremplje"},"content":{"rendered":"<h4 style=\"text-align: center;\">UREJENI KREMPLJI BREZ STRAHU IN BOLE\u010cIN<\/h4>\n<p style=\"text-align: center;\">Je za va\u0161ega doma\u010dega ljubljen\u010dka izjemno stresno kadar pride \u010das za kraj\u0161anje krempljev? Z baterijsko elektri\u010dno pilico bo odslej to opravilo prijetno za oba! Mo\u010dan brusilni kamen u\u010dinkovito odstrani odve\u010dno ro\u017eevino, tako da bodo kremplji va\u0161ega ku\u017eka ne\u017eno zaobljeni &#8211; brez strahu, da bi ranili ta\u010dko ali preve\u010d zastrigli v krempelj.<\/p>\n<p><img class=\"alignnone size-full wp-image-31853 aligncenter\" src=\"https:\/\/slo.netclickshop.eu\/wp-content\/uploads\/2021\/01\/kremplji_pila_gif.gif\" alt=\"\" width=\"480\" height=\"480\" \/><\/p>\n<h4 style=\"text-align: center;\">KVALITETNA IZDELAVA<\/h4>\n<p style=\"text-align: center;\">Pila je nadgrajena s posebno medeninasto gredjo, ki zadu\u0161i tresljaje in brnenje motorja. Pilili boste tiho in na nizkih vibracijah, tako se va\u0161 ljubljen\u010dek ne bo ve\u010d bal tega obveznega opravila, ki je del obvezne doma\u010de nege.<\/p>\n<p><img class=\"aligncenter wp-image-31854 size-medium\" src=\"https:\/\/slo.netclickshop.eu\/wp-content\/uploads\/2021\/01\/kremplji_4-500x500.jpg\" alt=\"\" width=\"500\" height=\"500\" srcset=\"https:\/\/netclickshop.eu\/slo\/wp-content\/uploads\/2021\/01\/kremplji_4-500x500.jpg 500w, https:\/\/netclickshop.eu\/slo\/wp-content\/uploads\/2021\/01\/kremplji_4-150x150.jpg 150w, https:\/\/netclickshop.eu\/slo\/wp-content\/uploads\/2021\/01\/kremplji_4-300x300.jpg 300w, https:\/\/netclickshop.eu\/slo\/wp-content\/uploads\/2021\/01\/kremplji_4-100x100.jpg 100w, https:\/\/netclickshop.eu\/slo\/wp-content\/uploads\/2021\/01\/kremplji_4.jpg 600w\" sizes=\"(max-width: 500px) 100vw, 500px\" \/><\/p>\n<h4 style=\"text-align: center;\"><small>ENOSTAVNA UPORABA<\/small><\/h4>\n<p>&nbsp;<\/p>\n<p style=\"text-align: center;\">Izberite primerno odprtino glede na velikost krempelj\u010dka va\u0161ega ljubljen\u010dka. Toplo priporo\u010damo, da pred in po opravilu va\u0161ega psa za vzpodbudo nagradite s pribolj\u0161kom. Z eno roko dr\u017eite pilico, z drugo pa ta\u010dko in krempelj, krempelj ne\u017eno vstavite v odprtino ter aktivirajte pilo, da za\u010dne brusiti. Obi\u010dajno zadostuje, da pilite vsak krempelj pribli\u017eno 5 sekund. Med piljenjem ne\u017eno premikajte krempelj, da ga mehko zaoblite. \u010ce \u017eelite krempelj samo zgladiti, spremenite naklon povr\u0161ine in postopek ponovite, a za kraj\u0161i \u010das.<\/p>\n<p><img class=\"alignnone size-medium wp-image-31855 aligncenter\" src=\"https:\/\/slo.netclickshop.eu\/wp-content\/uploads\/2021\/01\/kremplji_3-500x500.jpg\" alt=\"\" width=\"500\" height=\"500\" srcset=\"https:\/\/netclickshop.eu\/slo\/wp-content\/uploads\/2021\/01\/kremplji_3-500x500.jpg 500w, https:\/\/netclickshop.eu\/slo\/wp-content\/uploads\/2021\/01\/kremplji_3-150x150.jpg 150w, https:\/\/netclickshop.eu\/slo\/wp-content\/uploads\/2021\/01\/kremplji_3-768x768.jpg 768w, https:\/\/netclickshop.eu\/slo\/wp-content\/uploads\/2021\/01\/kremplji_3-300x300.jpg 300w, https:\/\/netclickshop.eu\/slo\/wp-content\/uploads\/2021\/01\/kremplji_3-600x600.jpg 600w, https:\/\/netclickshop.eu\/slo\/wp-content\/uploads\/2021\/01\/kremplji_3-100x100.jpg 100w, https:\/\/netclickshop.eu\/slo\/wp-content\/uploads\/2021\/01\/kremplji_3.jpg 1000w\" sizes=\"(max-width: 500px) 100vw, 500px\" \/><\/p>\n<h4 style=\"text-align: center;\">PRIMERNO ZA PSE IN MA\u010cKE<\/h4>\n<p>&nbsp;<\/p>\n<p style=\"text-align: center;\">Baterijska pilica za kremplje je primerna tako za pse kot za ma\u010dke. Brusilni kamen enostavno snamete in ga po uporabi o\u010distite z mehko brisa\u010do ali rob\u010dkom. Pilite lahko velike kremplje odraslega psa ali majhne, mehke krempeljce va\u0161ega mladi\u010dka.<\/p>\n<p><img class=\"alignnone size-medium wp-image-31856 aligncenter\" src=\"https:\/\/slo.netclickshop.eu\/wp-content\/uploads\/2021\/01\/kremplji_pila_1-500x500.jpg\" alt=\"\" width=\"500\" height=\"500\" srcset=\"https:\/\/netclickshop.eu\/slo\/wp-content\/uploads\/2021\/01\/kremplji_pila_1-500x500.jpg 500w, https:\/\/netclickshop.eu\/slo\/wp-content\/uploads\/2021\/01\/kremplji_pila_1-1024x1024.jpg 1024w, https:\/\/netclickshop.eu\/slo\/wp-content\/uploads\/2021\/01\/kremplji_pila_1-150x150.jpg 150w, https:\/\/netclickshop.eu\/slo\/wp-content\/uploads\/2021\/01\/kremplji_pila_1-768x768.jpg 768w, https:\/\/netclickshop.eu\/slo\/wp-content\/uploads\/2021\/01\/kremplji_pila_1-300x300.jpg 300w, https:\/\/netclickshop.eu\/slo\/wp-content\/uploads\/2021\/01\/kremplji_pila_1-600x600.jpg 600w, https:\/\/netclickshop.eu\/slo\/wp-content\/uploads\/2021\/01\/kremplji_pila_1-100x100.jpg 100w, https:\/\/netclickshop.eu\/slo\/wp-content\/uploads\/2021\/01\/kremplji_pila_1.jpg 1200w\" sizes=\"(max-width: 500px) 100vw, 500px\" \/><\/p>\n","protected":false},"excerpt":{"rendered":"<p>UREJENI KREMPLJI BREZ STRAHU IN BOLE\u010cIN Je za va\u0161ega doma\u010dega ljubljen\u010dka izjemno stresno kadar pride \u010das za kraj\u0161anje krempljev? Z baterijsko elektri\u010dno pilico bo odslej to opravilo prijetno za oba! Mo\u010dan brusilni kamen u\u010dinkovito odstrani odve\u010dno ro\u017eevino, tako da bodo kremplji va\u0161ega ku\u017eka ne\u017eno zaobljeni &#8211; brez strahu, da bi ranili ta\u010dko ali preve\u010d zastrigli &hellip;<\/p>\n<p class=\"read-more\"> <a class=\"\" href=\"https:\/\/netclickshop.eu\/slo\/izdelek\/baterijska-pilica-za-kremplje\/\"> <span class=\"screen-reader-text\">Baterijska pilica za kremplje<\/span> Read More &raquo;<\/a><\/p>\n","protected":false},"featured_media":31857,"template":"","meta":[],"_links":{"self":[{"href":"https:\/\/netclickshop.eu\/slo\/wp-json\/wp\/v2\/product\/31852"}],"collection":[{"href":"https:\/\/netclickshop.eu\/slo\/wp-json\/wp\/v2\/product"}],"about":[{"href":"https:\/\/netclickshop.eu\/slo\/wp-json\/wp\/v2\/types\/product"}],"version-history":[{"count":0,"href":"https:\/\/netclickshop.eu\/slo\/wp-json\/wp\/v2\/product\/31852\/revisions"}],"wp:featuredmedia":[{"embeddable":true,"href":"https:\/\/netclickshop.eu\/slo\/wp-json\/wp\/v2\/media\/31857"}],"wp:attachment":[{"href":"https:\/\/netclickshop.eu\/slo\/wp-json\/wp\/v2\/media?parent=31852"}],"curies":[{"name":"wp","href":"https:\/\/api.w.org\/{rel}","templated":true}]}}