{"id":31862,"date":"2021-01-14T19:09:50","date_gmt":"2021-01-14T19:09:50","guid":{"rendered":"https:\/\/slo.netclickshop.eu\/?post_type=product&#038;p=31862"},"modified":"2021-01-14T19:09:50","modified_gmt":"2021-01-14T19:09:50","slug":"komplet-rojstnodnevnih-balonov","status":"publish","type":"product","link":"https:\/\/netclickshop.eu\/slo\/izdelek\/komplet-rojstnodnevnih-balonov\/","title":{"rendered":"Komplet rojstnodnevnih balonov"},"content":{"rendered":"<h4 style=\"text-align: center;\">SVETOVNI TREND &#8211; KOMPLET ROSE GOLD ROJSTNODNEVNIH BALONOV<\/h4>\n<h4><\/h4>\n<p style=\"text-align: center;\">Rojstnodnevni komplet balonov v rose-gold barvah. To je najnovej\u0161i in najbolj vro\u010d svetovni trend. Komplet vam bo omogo\u010dil \u010dudovito dekoracijo za rojstnodnevno zabavo!<\/p>\n<p><img class=\"alignnone size-medium wp-image-31864 aligncenter\" src=\"https:\/\/slo.netclickshop.eu\/wp-content\/uploads\/2021\/01\/baloni_1-500x419.jpg\" alt=\"\" width=\"500\" height=\"419\" srcset=\"https:\/\/netclickshop.eu\/slo\/wp-content\/uploads\/2021\/01\/baloni_1-500x419.jpg 500w, https:\/\/netclickshop.eu\/slo\/wp-content\/uploads\/2021\/01\/baloni_1.jpg 596w\" sizes=\"(max-width: 500px) 100vw, 500px\" \/><\/p>\n<h4 style=\"text-align: center;\">2 MO\u017dNOSTI POLNJENJA<\/h4>\n<p>&nbsp;<\/p>\n<p style=\"text-align: center;\">Balone lahko napihnete z zrakom in sicer na 2 na\u010dina &#8211; v kompletu je tla\u010dilka, ki bo omogo\u010dila hitro napihovanje. Tla\u010dilka je dvostranska, kar pomeni, da vsako gibanje le-te (tako naprej kot nazaj) povzro\u010di, da se zrak potisne v balon. Posledi\u010dno tudi polnjenje ve\u010d balonov hkrati ne bo te\u017eavno. Druga mo\u017enost je uporaba helija &#8211; zaradi tega bodo baloni lebdeli v zraku.<\/p>\n<p><img class=\"alignnone size-medium wp-image-31868 aligncenter\" src=\"https:\/\/slo.netclickshop.eu\/wp-content\/uploads\/2021\/01\/baloni_5-500x432.jpg\" alt=\"\" width=\"500\" height=\"432\" srcset=\"https:\/\/netclickshop.eu\/slo\/wp-content\/uploads\/2021\/01\/baloni_5-500x432.jpg 500w, https:\/\/netclickshop.eu\/slo\/wp-content\/uploads\/2021\/01\/baloni_5.jpg 579w\" sizes=\"(max-width: 500px) 100vw, 500px\" \/><\/p>\n<p>&nbsp;<\/p>\n<h4 style=\"text-align: center;\">KONFETNI BALONI<\/h4>\n<p>&nbsp;<\/p>\n<p style=\"text-align: center;\">V kompletu boste prejeli tudi balone s konfeti na dnu. Te balone lahko poskusite naelektriti s katero koli tkanino ali lasmi &#8211; zahvaljujo\u010d temu boste dosegli u\u010dinek stati\u010dnega oprijema. Nato balon stresite ali podrgnite po gladki povr\u0161ini, npr. postelja, preproga, tako da so konfeti enakomerno razporejeni.<\/p>\n<p><img class=\"alignnone size-medium wp-image-31869 aligncenter\" src=\"https:\/\/slo.netclickshop.eu\/wp-content\/uploads\/2021\/01\/baloni_4-500x441.jpg\" alt=\"\" width=\"500\" height=\"441\" srcset=\"https:\/\/netclickshop.eu\/slo\/wp-content\/uploads\/2021\/01\/baloni_4-500x441.jpg 500w, https:\/\/netclickshop.eu\/slo\/wp-content\/uploads\/2021\/01\/baloni_4.jpg 567w\" sizes=\"(max-width: 500px) 100vw, 500px\" \/><\/p>\n<h4 style=\"text-align: center;\">\u010cUDOVIT ROJSTNODNEVNI KOMPLET VKLJU\u010cUJE VSE SPODAJ NA\u0160TETO IN OPISANO<\/h4>\n<p>&nbsp;<\/p>\n<p style=\"text-align: center;\">Komplet vklju\u010duje balone v obliki \u010drk za besedi HAPPY BIRTHDAY v rose-gold barvi, 8 prozornih balonov s konfeti v rose-gold barvi, 20 balonov v rjavi barvi, 8 rose-gold resic &#8211; z belim trakom, ki bo omogo\u010dil ustvarjanje venca, 2 balona v obliki srca v rose-gold barvi, 2 balona v obliki zvezde v rose-gold barvi in tla\u010dilko za napihovanje balonov.<\/p>\n<p style=\"text-align: center;\"><img class=\"alignnone size-medium wp-image-31873\" src=\"https:\/\/slo.netclickshop.eu\/wp-content\/uploads\/2021\/01\/baloni_2-500x239.jpg\" alt=\"\" width=\"500\" height=\"239\" srcset=\"https:\/\/netclickshop.eu\/slo\/wp-content\/uploads\/2021\/01\/baloni_2-500x239.jpg 500w, https:\/\/netclickshop.eu\/slo\/wp-content\/uploads\/2021\/01\/baloni_2-600x286.jpg 600w, https:\/\/netclickshop.eu\/slo\/wp-content\/uploads\/2021\/01\/baloni_2.jpg 750w\" sizes=\"(max-width: 500px) 100vw, 500px\" \/><\/p>\n<p>&nbsp;<\/p>\n<h4 style=\"text-align: center;\">SPECIFIKACIJA<\/h4>\n<p>Barva: rose-gold; mere \u010drk (dol\u017eina \/ \u0161irina \/ vi\u0161ina): 8\/30 \/ 30cm; mere sr\u010dkov (dol\u017eina \/ \u0161irina \/ vi\u0161ina): 15\/30 \/ 30cm; te\u017ea: 325g.<\/p>\n<p><img class=\"alignnone size-medium wp-image-31874 aligncenter\" src=\"https:\/\/slo.netclickshop.eu\/wp-content\/uploads\/2021\/01\/baloni_7-500x500.jpg\" alt=\"\" width=\"500\" height=\"500\" srcset=\"https:\/\/netclickshop.eu\/slo\/wp-content\/uploads\/2021\/01\/baloni_7-500x500.jpg 500w, https:\/\/netclickshop.eu\/slo\/wp-content\/uploads\/2021\/01\/baloni_7-1024x1024.jpg 1024w, https:\/\/netclickshop.eu\/slo\/wp-content\/uploads\/2021\/01\/baloni_7-150x150.jpg 150w, https:\/\/netclickshop.eu\/slo\/wp-content\/uploads\/2021\/01\/baloni_7-768x768.jpg 768w, https:\/\/netclickshop.eu\/slo\/wp-content\/uploads\/2021\/01\/baloni_7-300x300.jpg 300w, https:\/\/netclickshop.eu\/slo\/wp-content\/uploads\/2021\/01\/baloni_7-600x600.jpg 600w, https:\/\/netclickshop.eu\/slo\/wp-content\/uploads\/2021\/01\/baloni_7-100x100.jpg 100w, https:\/\/netclickshop.eu\/slo\/wp-content\/uploads\/2021\/01\/baloni_7.jpg 1100w\" sizes=\"(max-width: 500px) 100vw, 500px\" \/><\/p>\n<p>&nbsp;<\/p>\n","protected":false},"excerpt":{"rendered":"<p>SVETOVNI TREND &#8211; KOMPLET ROSE GOLD ROJSTNODNEVNIH BALONOV Rojstnodnevni komplet balonov v rose-gold barvah. To je najnovej\u0161i in najbolj vro\u010d svetovni trend. Komplet vam bo omogo\u010dil \u010dudovito dekoracijo za rojstnodnevno zabavo! 2 MO\u017dNOSTI POLNJENJA &nbsp; Balone lahko napihnete z zrakom in sicer na 2 na\u010dina &#8211; v kompletu je tla\u010dilka, ki bo omogo\u010dila hitro napihovanje. &hellip;<\/p>\n<p class=\"read-more\"> <a class=\"\" href=\"https:\/\/netclickshop.eu\/slo\/izdelek\/komplet-rojstnodnevnih-balonov\/\"> <span class=\"screen-reader-text\">Komplet rojstnodnevnih balonov<\/span> Read More &raquo;<\/a><\/p>\n","protected":false},"featured_media":31874,"template":"","meta":[],"_links":{"self":[{"href":"https:\/\/netclickshop.eu\/slo\/wp-json\/wp\/v2\/product\/31862"}],"collection":[{"href":"https:\/\/netclickshop.eu\/slo\/wp-json\/wp\/v2\/product"}],"about":[{"href":"https:\/\/netclickshop.eu\/slo\/wp-json\/wp\/v2\/types\/product"}],"version-history":[{"count":0,"href":"https:\/\/netclickshop.eu\/slo\/wp-json\/wp\/v2\/product\/31862\/revisions"}],"wp:featuredmedia":[{"embeddable":true,"href":"https:\/\/netclickshop.eu\/slo\/wp-json\/wp\/v2\/media\/31874"}],"wp:attachment":[{"href":"https:\/\/netclickshop.eu\/slo\/wp-json\/wp\/v2\/media?parent=31862"}],"curies":[{"name":"wp","href":"https:\/\/api.w.org\/{rel}","templated":true}]}}