{"id":6300,"date":"2019-01-10T16:28:11","date_gmt":"2019-01-10T16:28:11","guid":{"rendered":"http:\/\/bluelemon.si\/?post_type=product&#038;p=6300"},"modified":"2020-06-09T11:54:10","modified_gmt":"2020-06-09T11:54:10","slug":"posodica-magic-kids","status":"publish","type":"product","link":"https:\/\/netclickshop.eu\/slo\/izdelek\/posodica-magic-kids\/","title":{"rendered":"Posodica Magic Kids"},"content":{"rendered":"<h3 style=\"text-align: center;\">STAR\u0160I, VA\u0160E \u017dIVLJENJE BO ODSLEJ LA\u017dJE<\/h3>\n<h4 style=\"text-align: center;\">Posodica Magic Kids je narejena tako, da se nikoli ne prevrne. Odslej bo konec umazanih tal, mize in made\u017eev na obla\u010dilih va\u0161ega mal\u010dka.<\/h4>\n<p><img class=\"wp-image-6301 aligncenter\" src=\"https:\/\/slo.netclickshop.eu\/wp-content\/uploads\/2019\/01\/posodica_magic_kids_3.jpg\" alt=\"\" width=\"500\" height=\"500\" srcset=\"https:\/\/netclickshop.eu\/slo\/wp-content\/uploads\/2019\/01\/posodica_magic_kids_3.jpg 1000w, https:\/\/netclickshop.eu\/slo\/wp-content\/uploads\/2019\/01\/posodica_magic_kids_3-300x300.jpg 300w, https:\/\/netclickshop.eu\/slo\/wp-content\/uploads\/2019\/01\/posodica_magic_kids_3-100x100.jpg 100w, https:\/\/netclickshop.eu\/slo\/wp-content\/uploads\/2019\/01\/posodica_magic_kids_3-600x600.jpg 600w, https:\/\/netclickshop.eu\/slo\/wp-content\/uploads\/2019\/01\/posodica_magic_kids_3-150x150.jpg 150w, https:\/\/netclickshop.eu\/slo\/wp-content\/uploads\/2019\/01\/posodica_magic_kids_3-768x768.jpg 768w\" sizes=\"(max-width: 500px) 100vw, 500px\" \/><\/p>\n<h3 style=\"text-align: center;\">ENOSTAVNA UPORABA<\/h3>\n<h4 style=\"text-align: center;\">Posodico Magic Kids lahko tako kot vso ostalo posodo perete v pomivalnem stroju.<\/h4>\n<p><img class=\"wp-image-6302 aligncenter\" src=\"https:\/\/slo.netclickshop.eu\/wp-content\/uploads\/2019\/01\/posodica_magic_kids_2.jpg\" alt=\"\" width=\"500\" height=\"500\" srcset=\"https:\/\/netclickshop.eu\/slo\/wp-content\/uploads\/2019\/01\/posodica_magic_kids_2.jpg 1000w, https:\/\/netclickshop.eu\/slo\/wp-content\/uploads\/2019\/01\/posodica_magic_kids_2-300x300.jpg 300w, https:\/\/netclickshop.eu\/slo\/wp-content\/uploads\/2019\/01\/posodica_magic_kids_2-100x100.jpg 100w, https:\/\/netclickshop.eu\/slo\/wp-content\/uploads\/2019\/01\/posodica_magic_kids_2-600x600.jpg 600w, https:\/\/netclickshop.eu\/slo\/wp-content\/uploads\/2019\/01\/posodica_magic_kids_2-150x150.jpg 150w, https:\/\/netclickshop.eu\/slo\/wp-content\/uploads\/2019\/01\/posodica_magic_kids_2-768x768.jpg 768w\" sizes=\"(max-width: 500px) 100vw, 500px\" \/><\/p>\n<h3 style=\"text-align: center;\">INOVATIVNA RE\u0160ITEV &#8211; OTROCI JO OBO\u017dUJEJO<\/h3>\n<p><img class=\"wp-image-6303 aligncenter\" src=\"https:\/\/slo.netclickshop.eu\/wp-content\/uploads\/2019\/01\/posodica_magic_kids_1.jpg\" alt=\"\" width=\"500\" height=\"369\" srcset=\"https:\/\/netclickshop.eu\/slo\/wp-content\/uploads\/2019\/01\/posodica_magic_kids_1.jpg 1140w, https:\/\/netclickshop.eu\/slo\/wp-content\/uploads\/2019\/01\/posodica_magic_kids_1-600x443.jpg 600w, https:\/\/netclickshop.eu\/slo\/wp-content\/uploads\/2019\/01\/posodica_magic_kids_1-300x222.jpg 300w, https:\/\/netclickshop.eu\/slo\/wp-content\/uploads\/2019\/01\/posodica_magic_kids_1-768x567.jpg 768w, https:\/\/netclickshop.eu\/slo\/wp-content\/uploads\/2019\/01\/posodica_magic_kids_1-1024x756.jpg 1024w\" sizes=\"(max-width: 500px) 100vw, 500px\" \/><\/p>\n<p>&nbsp;<\/p>\n","protected":false},"excerpt":{"rendered":"<p>STAR\u0160I, VA\u0160E \u017dIVLJENJE BO ODSLEJ LA\u017dJE Posodica Magic Kids je narejena tako, da se nikoli ne prevrne. Odslej bo konec umazanih tal, mize in made\u017eev na obla\u010dilih va\u0161ega mal\u010dka. ENOSTAVNA UPORABA Posodico Magic Kids lahko tako kot vso ostalo posodo perete v pomivalnem stroju. INOVATIVNA RE\u0160ITEV &#8211; OTROCI JO OBO\u017dUJEJO &nbsp;<\/p>\n","protected":false},"featured_media":14045,"template":"","meta":[],"_links":{"self":[{"href":"https:\/\/netclickshop.eu\/slo\/wp-json\/wp\/v2\/product\/6300"}],"collection":[{"href":"https:\/\/netclickshop.eu\/slo\/wp-json\/wp\/v2\/product"}],"about":[{"href":"https:\/\/netclickshop.eu\/slo\/wp-json\/wp\/v2\/types\/product"}],"version-history":[{"count":0,"href":"https:\/\/netclickshop.eu\/slo\/wp-json\/wp\/v2\/product\/6300\/revisions"}],"wp:featuredmedia":[{"embeddable":true,"href":"https:\/\/netclickshop.eu\/slo\/wp-json\/wp\/v2\/media\/14045"}],"wp:attachment":[{"href":"https:\/\/netclickshop.eu\/slo\/wp-json\/wp\/v2\/media?parent=6300"}],"curies":[{"name":"wp","href":"https:\/\/api.w.org\/{rel}","templated":true}]}}