{"id":7211,"date":"2019-03-05T09:40:43","date_gmt":"2019-03-05T09:40:43","guid":{"rendered":"http:\/\/slo.best4home.eu\/?post_type=product&#038;p=7211"},"modified":"2021-04-15T07:17:15","modified_gmt":"2021-04-15T07:17:15","slug":"komplet-3-kapsul-za-veckratno-uporabo-vivo","status":"publish","type":"product","link":"https:\/\/netclickshop.eu\/slo\/izdelek\/komplet-3-kapsul-za-veckratno-uporabo-vivo\/","title":{"rendered":"Komplet 3 kapsul za ve\u010dkratno uporabo Dolce Gusto"},"content":{"rendered":"<h3 style=\"text-align: center;\">IZDELEK ZA VSAK DOM<\/h3>\n<p style=\"text-align: center;\">Vivo kapsule lahko uporabite v sistemih <strong>Dolce Gusto <\/strong>in so namenjene ve\u010dkratni uporabi. Vsaka kapsula se lahko uporabi vsaj <strong>100-krat<\/strong>. V kompletu dobite 3 kapsule.<\/p>\n<p><img class=\"wp-image-7212 aligncenter\" src=\"https:\/\/slo.netclickshop.eu\/wp-content\/uploads\/2019\/03\/3-kapsule.jpg\" alt=\"\" width=\"500\" height=\"500\" \/><\/p>\n<h4 style=\"text-align: center;\">PREPROSTA RE\u0160ITEV ZA ODLI\u010cNO DOMA\u010cO KAVO<\/h4>\n<p><img class=\"alignnone size-full wp-image-16818 aligncenter\" src=\"https:\/\/slo.netclickshop.eu\/wp-content\/uploads\/2019\/03\/dolce_gusto_gif_4.gif\" alt=\"\" width=\"400\" height=\"400\" \/><\/p>\n<h3 style=\"text-align: center;\">ENOSTAVNA IN POCENI RE\u0160ITEV<\/h3>\n<p style=\"text-align: center;\">Kapsulo Vivo preprosto odprete in napolnite z va\u0161o najljub\u0161o kavo, \u010dajem, vro\u010do \u010dokolado ali drugimi napitki v prahu. <strong>Kon\u010dno cenovno ugodna re\u0161itev<\/strong>, glede na drage originalne Dolce Gusto kapsule.<\/p>\n<p><img class=\"wp-image-7213 aligncenter\" src=\"https:\/\/slo.netclickshop.eu\/wp-content\/uploads\/2019\/03\/vivo_kapsule_2.jpg\" alt=\"\" width=\"500\" height=\"500\" srcset=\"https:\/\/netclickshop.eu\/slo\/wp-content\/uploads\/2019\/03\/vivo_kapsule_2.jpg 1200w, https:\/\/netclickshop.eu\/slo\/wp-content\/uploads\/2019\/03\/vivo_kapsule_2-300x300.jpg 300w, https:\/\/netclickshop.eu\/slo\/wp-content\/uploads\/2019\/03\/vivo_kapsule_2-100x100.jpg 100w, https:\/\/netclickshop.eu\/slo\/wp-content\/uploads\/2019\/03\/vivo_kapsule_2-600x600.jpg 600w, https:\/\/netclickshop.eu\/slo\/wp-content\/uploads\/2019\/03\/vivo_kapsule_2-150x150.jpg 150w, https:\/\/netclickshop.eu\/slo\/wp-content\/uploads\/2019\/03\/vivo_kapsule_2-768x768.jpg 768w, https:\/\/netclickshop.eu\/slo\/wp-content\/uploads\/2019\/03\/vivo_kapsule_2-1024x1024.jpg 1024w\" sizes=\"(max-width: 500px) 100vw, 500px\" \/><\/p>\n<h4 style=\"text-align: center;\">\ud83c\udf40 PRIJAZNO DO OKOLJA \ud83c\udf40<\/h4>\n<p style=\"text-align: center;\">Ve\u010dkratna uporaba kapsul je veliko prijaznej\u0161a do okolja, saj ustvari bistveno manj\u0161o koli\u010dino odpadkov kot kapsule za enkratno uporabo! \u010ce vsak dan popijete skodelico kave, vam bodo na\u0161e 3 kapsule slu\u017eile skoraj celo leto! U\u017eivajte v svoji skodelici kave z ob\u010dutkom, da ste naredili nekaj dobrega tudi za naravo.<\/p>\n<p>&nbsp;<\/p>\n<h4 style=\"text-align: center;\">KAPSULO O\u010cISTITE POVSEM ENOSTAVNO &#8211; OPERETE JO Z VODO<\/h4>\n<p><img class=\"alignnone size-full wp-image-16819 aligncenter\" src=\"https:\/\/slo.netclickshop.eu\/wp-content\/uploads\/2019\/03\/dolce_gusto_gif_3.gif\" alt=\"\" width=\"400\" height=\"224\" \/><\/p>\n<h4 style=\"text-align: center;\">\ud83d\udc9a HVALA ZA ZAUPANJE \ud83d\udc9a<\/h4>\n<p>&nbsp;<\/p>\n<h3 style=\"text-align: center;\">Primer uporabe<\/h3>\n<div style=\"width: 400px; height: 400px; margin-right: auto; margin-left: auto;\">\n<div style=\"width: 400px;\" class=\"wp-video\"><!--[if lt IE 9]><script>document.createElement('video');<\/script><![endif]-->\n<video class=\"wp-video-shortcode\" id=\"video-7211-1\" width=\"400\" height=\"400\" preload=\"auto\" controls=\"controls\"><source type=\"video\/mp4\" src=\"http:\/\/slo.best4home.eu\/wp-content\/uploads\/2019\/03\/vivo_kapule_video.mp4?_=1\" \/><a href=\"http:\/\/slo.best4home.eu\/wp-content\/uploads\/2019\/03\/vivo_kapule_video.mp4\">http:\/\/slo.best4home.eu\/wp-content\/uploads\/2019\/03\/vivo_kapule_video.mp4<\/a><\/video><\/div>\n<\/div>\n<p><img class=\"wp-image-7213 aligncenter\" src=\"https:\/\/slo.netclickshop.eu\/wp-content\/uploads\/2019\/03\/zdaj-kapsule.jpg\" alt=\"\" width=\"500\" height=\"420\" \/><\/p>\n","protected":false},"excerpt":{"rendered":"<p>IZDELEK ZA VSAK DOM Vivo kapsule lahko uporabite v sistemih Dolce Gusto in so namenjene ve\u010dkratni uporabi. Vsaka kapsula se lahko uporabi vsaj 100-krat. V kompletu dobite 3 kapsule. PREPROSTA RE\u0160ITEV ZA ODLI\u010cNO DOMA\u010cO KAVO ENOSTAVNA IN POCENI RE\u0160ITEV Kapsulo Vivo preprosto odprete in napolnite z va\u0161o najljub\u0161o kavo, \u010dajem, vro\u010do \u010dokolado ali drugimi napitki &hellip;<\/p>\n<p class=\"read-more\"> <a class=\"\" href=\"https:\/\/netclickshop.eu\/slo\/izdelek\/komplet-3-kapsul-za-veckratno-uporabo-vivo\/\"> <span class=\"screen-reader-text\">Komplet 3 kapsul za ve\u010dkratno uporabo Dolce Gusto<\/span> Read More &raquo;<\/a><\/p>\n","protected":false},"featured_media":7212,"template":"","meta":[],"_links":{"self":[{"href":"https:\/\/netclickshop.eu\/slo\/wp-json\/wp\/v2\/product\/7211"}],"collection":[{"href":"https:\/\/netclickshop.eu\/slo\/wp-json\/wp\/v2\/product"}],"about":[{"href":"https:\/\/netclickshop.eu\/slo\/wp-json\/wp\/v2\/types\/product"}],"version-history":[{"count":3,"href":"https:\/\/netclickshop.eu\/slo\/wp-json\/wp\/v2\/product\/7211\/revisions"}],"predecessor-version":[{"id":34348,"href":"https:\/\/netclickshop.eu\/slo\/wp-json\/wp\/v2\/product\/7211\/revisions\/34348"}],"wp:featuredmedia":[{"embeddable":true,"href":"https:\/\/netclickshop.eu\/slo\/wp-json\/wp\/v2\/media\/7212"}],"wp:attachment":[{"href":"https:\/\/netclickshop.eu\/slo\/wp-json\/wp\/v2\/media?parent=7211"}],"curies":[{"name":"wp","href":"https:\/\/api.w.org\/{rel}","templated":true}]}}