{"id":7751,"date":"2019-04-03T14:23:34","date_gmt":"2019-04-03T14:23:34","guid":{"rendered":"http:\/\/slo.best4home.eu\/?post_type=product&#038;p=7751"},"modified":"2020-07-21T07:43:53","modified_gmt":"2020-07-21T07:43:53","slug":"pripomocek-za-hojo-otrok-baby","status":"publish","type":"product","link":"https:\/\/netclickshop.eu\/slo\/izdelek\/pripomocek-za-hojo-otrok-baby\/","title":{"rendered":"Pripomo\u010dek za hojo otrok Baby"},"content":{"rendered":"<h3 style=\"text-align: center;\">BO VA\u0160 OTROK SKORAJ SHODIL IN BI MU PRI TEM RADI POMAGALI?<\/h3>\n<p style=\"text-align: center;\"><span class=\"k-960-h\"><span class=\"s1\">Privo\u0161\u010dite svojemu mal\u010dku le najbolj\u0161e. Pomagajte otroku do bolj\u0161e motorike \u0161e preden se sam postavi na noge z uporabo igre, izbolj\u0161ane koncentracije in brez dr\u017eanja za roke.<\/span><\/span><\/p>\n<p><img class=\"wp-image-7752 aligncenter\" src=\"https:\/\/slo.netclickshop.eu\/wp-content\/uploads\/2019\/04\/Otrok_1.jpg\" alt=\"\" width=\"400\" height=\"409\" srcset=\"https:\/\/netclickshop.eu\/slo\/wp-content\/uploads\/2019\/04\/Otrok_1.jpg 940w, https:\/\/netclickshop.eu\/slo\/wp-content\/uploads\/2019\/04\/Otrok_1-600x613.jpg 600w, https:\/\/netclickshop.eu\/slo\/wp-content\/uploads\/2019\/04\/Otrok_1-294x300.jpg 294w, https:\/\/netclickshop.eu\/slo\/wp-content\/uploads\/2019\/04\/Otrok_1-768x784.jpg 768w\" sizes=\"(max-width: 400px) 100vw, 400px\" \/><\/p>\n<h3 style=\"text-align: center;\">ENOSTAVNA UPORABA<\/h3>\n<p style=\"text-align: center;\">Namestitev pripomo\u010dka in njegova uporaba je povsem preprosta, tako da ga boste lahko brez te\u017eav uporabljali tudi, \u010de niste preve\u010d tehni\u010den tip \u010dloveka.<\/p>\n<p><img class=\"alignnone size-full wp-image-22061 aligncenter\" src=\"https:\/\/slo.netclickshop.eu\/wp-content\/uploads\/2019\/04\/hojica_gif.gif\" alt=\"\" width=\"480\" height=\"270\" \/><\/p>\n<h3 style=\"text-align: center;\">UNIVERZALNA VELIKOST<\/h3>\n<p style=\"text-align: center;\">Pripomo\u010dek za hojo Baby je univerzalne velikosti. S pomo\u010djo nastavljivih trakov boste velikost prilagajali glede na velikost va\u0161ega otroka.<\/p>\n<p><img class=\"wp-image-7754 aligncenter\" src=\"https:\/\/slo.netclickshop.eu\/wp-content\/uploads\/2019\/04\/Otrok_4.jpg\" alt=\"\" width=\"400\" height=\"400\" srcset=\"https:\/\/netclickshop.eu\/slo\/wp-content\/uploads\/2019\/04\/Otrok_4.jpg 1200w, https:\/\/netclickshop.eu\/slo\/wp-content\/uploads\/2019\/04\/Otrok_4-300x300.jpg 300w, https:\/\/netclickshop.eu\/slo\/wp-content\/uploads\/2019\/04\/Otrok_4-100x100.jpg 100w, https:\/\/netclickshop.eu\/slo\/wp-content\/uploads\/2019\/04\/Otrok_4-600x600.jpg 600w, https:\/\/netclickshop.eu\/slo\/wp-content\/uploads\/2019\/04\/Otrok_4-150x150.jpg 150w, https:\/\/netclickshop.eu\/slo\/wp-content\/uploads\/2019\/04\/Otrok_4-768x768.jpg 768w, https:\/\/netclickshop.eu\/slo\/wp-content\/uploads\/2019\/04\/Otrok_4-1024x1024.jpg 1024w\" sizes=\"(max-width: 400px) 100vw, 400px\" \/><\/p>\n<h3 style=\"text-align: center;\">OTROCI BODO VESELI IN SE BODO PREJ NAU\u010cILI PRVIH SAMOSTOJNIH KORAKOV<\/h3>\n<p><img class=\"wp-image-7755 size-full aligncenter\" src=\"https:\/\/slo.netclickshop.eu\/wp-content\/uploads\/2019\/04\/Otrok_3.jpg\" alt=\"\" width=\"300\" height=\"400\" srcset=\"https:\/\/netclickshop.eu\/slo\/wp-content\/uploads\/2019\/04\/Otrok_3.jpg 300w, https:\/\/netclickshop.eu\/slo\/wp-content\/uploads\/2019\/04\/Otrok_3-225x300.jpg 225w\" sizes=\"(max-width: 300px) 100vw, 300px\" \/><\/p>\n<h4 style=\"text-align: center;\">PREDNOSTI UPORABE:<\/h4>\n<ul>\n<li style=\"text-align: center;\">Dojen\u010dkom pomaga, da ostanejo na nogah, medtem ko se u\u010dijo hoditi<\/li>\n<li style=\"text-align: center;\">Prepre\u010duje, da bi otrok padel<\/li>\n<li style=\"text-align: center;\">Enostavno in brez strahu v rokah star\u0161ev<\/li>\n<li style=\"text-align: center;\">Udobno za dojen\u010dka<\/li>\n<\/ul>\n<h4 style=\"text-align: center;\">SPECIFIKACIJE:<\/h4>\n<p style=\"text-align: center;\">Starostni razpon: 10-24 mesecev<br \/>\nMaterial: bomba\u017e, poliester<br \/>\nNajve\u010dja te\u017ea otroka: 19 kg<\/p>\n","protected":false},"excerpt":{"rendered":"<p>BO VA\u0160 OTROK SKORAJ SHODIL IN BI MU PRI TEM RADI POMAGALI? Privo\u0161\u010dite svojemu mal\u010dku le najbolj\u0161e. Pomagajte otroku do bolj\u0161e motorike \u0161e preden se sam postavi na noge z uporabo igre, izbolj\u0161ane koncentracije in brez dr\u017eanja za roke. ENOSTAVNA UPORABA Namestitev pripomo\u010dka in njegova uporaba je povsem preprosta, tako da ga boste lahko brez &hellip;<\/p>\n<p class=\"read-more\"> <a class=\"\" href=\"https:\/\/netclickshop.eu\/slo\/izdelek\/pripomocek-za-hojo-otrok-baby\/\"> <span class=\"screen-reader-text\">Pripomo\u010dek za hojo otrok Baby<\/span> Read More &raquo;<\/a><\/p>\n","protected":false},"featured_media":7752,"template":"","meta":[],"_links":{"self":[{"href":"https:\/\/netclickshop.eu\/slo\/wp-json\/wp\/v2\/product\/7751"}],"collection":[{"href":"https:\/\/netclickshop.eu\/slo\/wp-json\/wp\/v2\/product"}],"about":[{"href":"https:\/\/netclickshop.eu\/slo\/wp-json\/wp\/v2\/types\/product"}],"version-history":[{"count":0,"href":"https:\/\/netclickshop.eu\/slo\/wp-json\/wp\/v2\/product\/7751\/revisions"}],"wp:featuredmedia":[{"embeddable":true,"href":"https:\/\/netclickshop.eu\/slo\/wp-json\/wp\/v2\/media\/7752"}],"wp:attachment":[{"href":"https:\/\/netclickshop.eu\/slo\/wp-json\/wp\/v2\/media?parent=7751"}],"curies":[{"name":"wp","href":"https:\/\/api.w.org\/{rel}","templated":true}]}}